{"id":491,"date":"2017-05-08T09:53:02","date_gmt":"2017-05-08T07:53:02","guid":{"rendered":"http:\/\/agora.xtec.cat\/cfabalaguer\/?page_id=491"},"modified":"2025-12-04T18:19:55","modified_gmt":"2025-12-04T17:19:55","slug":"qui-som","status":"publish","type":"page","link":"https:\/\/agora.xtec.cat\/cfabalaguer\/el-centre\/qui-som\/","title":{"rendered":"Qui som"},"content":{"rendered":"<h2 class=\"title\"><a href=\"http:\/\/www.escolamontroig.cat\/index.php\/home\/comunitat-educativa\/l-equip-educatiu-i-servei-extern\">EQUIP EDUCATIU I SERVEI EXTERN<\/a><\/h2>\n<div class=\"rt-article-icons\"><\/div>\n<h1 align=\"center\"><strong>PERSONAL DEL CENTRE\u00a0\u00a0<\/strong><\/h1>\n<h1 align=\"center\"><strong>\u00a0<\/strong><strong>\u00a0\u00a0\u00a0\u00a0\u00a0\u00a0\u00a0\u00a0\u00a0\u00a0\u00a0\u00a0\u00a0\u00a0\u00a0\u00a0\u00a0\u00a0\u00a0 <\/strong><\/h1>\n<p>A l\u2019escola hi treballem diferents professionals:<\/p>\n<ul>\n<li>Joan Moriana Rodr\u00edguez (coordinador de Societat de la Informaci\u00f3, tutor d&#8217;Instrumental-1, Castell\u00e0-2 i Competic Inicial)<\/li>\n<li>Robert Marsell\u00e9s Fontanet (coordinador de preparaci\u00f3 de proves d&#8217;acc\u00e9s a FP i tutor d&#8217;Angl\u00e8s-2 i 3)<\/li>\n<li>Miquel Molina Bofarull (Secretari i tutor de Castell\u00e0-1, Catal\u00e0-3 i Competic 1, 2 i 3)<\/li>\n<li>Joan R. Giribet Cu\u00f1at (Direcci\u00f3 i tutor d&#8217;Angl\u00e8s-1, Catal\u00e0-2 i Proves d&#8217;Acc\u00e9s a Grau Mig)<\/li>\n<li>Anah\u00ed Ant\u00f3n Santiago (coordinadora d&#8217;Ensenyaments Inicials i tutora de Castell\u00e0-2 i Instrumental-2)<\/li>\n<li>Judith Coma Civit (mestra d&#8217;Instrumental-2 i Castell\u00e0-2)<\/li>\n<li>Al\u00edcia Bernat Miron (auxiliar administrativa)<\/li>\n<li>Susanna (responsable de neteja)<\/li>\n<\/ul>\n","protected":false},"excerpt":{"rendered":"<p>EQUIP EDUCATIU I SERVEI EXTERN PERSONAL DEL CENTRE\u00a0\u00a0 \u00a0\u00a0\u00a0\u00a0\u00a0\u00a0\u00a0\u00a0\u00a0\u00a0\u00a0\u00a0\u00a0\u00a0\u00a0\u00a0\u00a0\u00a0\u00a0\u00a0 A l\u2019escola hi treballem diferents professionals: Joan Moriana Rodr\u00edguez (coordinador de Societat de la Informaci\u00f3, tutor d&#8217;Instrumental-1, Castell\u00e0-2 i Competic Inicial) Robert Marsell\u00e9s Fontanet (coordinador de preparaci\u00f3 de proves d&#8217;acc\u00e9s a FP i tutor d&#8217;Angl\u00e8s-2 i 3) Miquel Molina Bofarull (Secretari i tutor de Castell\u00e0-1, Catal\u00e0-3 [&hellip;]<\/p>\n","protected":false},"author":1,"featured_media":0,"parent":261,"menu_order":0,"comment_status":"closed","ping_status":"closed","template":"","meta":{"_bbp_topic_count":0,"_bbp_reply_count":0,"_bbp_total_topic_count":0,"_bbp_total_reply_count":0,"_bbp_voice_count":0,"_bbp_anonymous_reply_count":0,"_bbp_topic_count_hidden":0,"_bbp_reply_count_hidden":0,"_bbp_forum_subforum_count":0,"site-sidebar-layout":"default","site-content-layout":"","ast-site-content-layout":"default","site-content-style":"default","site-sidebar-style":"default","ast-global-header-display":"","ast-banner-title-visibility":"","ast-main-header-display":"","ast-hfb-above-header-display":"","ast-hfb-below-header-display":"","ast-hfb-mobile-header-display":"","site-post-title":"","ast-breadcrumbs-content":"","ast-featured-img":"","footer-sml-layout":"","theme-transparent-header-meta":"default","adv-header-id-meta":"","stick-header-meta":"","header-above-stick-meta":"","header-main-stick-meta":"","header-below-stick-meta":"","astra-migrate-meta-layouts":"set","ast-page-background-enabled":"default","ast-page-background-meta":{"desktop":{"background-color":"var(--ast-global-color-4)","background-image":"","background-repeat":"repeat","background-position":"center center","background-size":"auto","background-attachment":"scroll","background-type":"","background-media":"","overlay-type":"","overlay-color":"","overlay-opacity":"","overlay-gradient":""},"tablet":{"background-color":"","background-image":"","background-repeat":"repeat","background-position":"center center","background-size":"auto","background-attachment":"scroll","background-type":"","background-media":"","overlay-type":"","overlay-color":"","overlay-opacity":"","overlay-gradient":""},"mobile":{"background-color":"","background-image":"","background-repeat":"repeat","background-position":"center center","background-size":"auto","background-attachment":"scroll","background-type":"","background-media":"","overlay-type":"","overlay-color":"","overlay-opacity":"","overlay-gradient":""}},"ast-content-background-meta":{"desktop":{"background-color":"var(--ast-global-color-5)","background-image":"","background-repeat":"repeat","background-position":"center center","background-size":"auto","background-attachment":"scroll","background-type":"","background-media":"","overlay-type":"","overlay-color":"","overlay-opacity":"","overlay-gradient":""},"tablet":{"background-color":"var(--ast-global-color-5)","background-image":"","background-repeat":"repeat","background-position":"center center","background-size":"auto","background-attachment":"scroll","background-type":"","background-media":"","overlay-type":"","overlay-color":"","overlay-opacity":"","overlay-gradient":""},"mobile":{"background-color":"var(--ast-global-color-5)","background-image":"","background-repeat":"repeat","background-position":"center center","background-size":"auto","background-attachment":"scroll","background-type":"","background-media":"","overlay-type":"","overlay-color":"","overlay-opacity":"","overlay-gradient":""}},"footnotes":""},"class_list":["post-491","page","type-page","status-publish","hentry"],"post_mailing_queue_ids":[],"_links":{"self":[{"href":"https:\/\/agora.xtec.cat\/cfabalaguer\/wp-json\/wp\/v2\/pages\/491","targetHints":{"allow":["GET"]}}],"collection":[{"href":"https:\/\/agora.xtec.cat\/cfabalaguer\/wp-json\/wp\/v2\/pages"}],"about":[{"href":"https:\/\/agora.xtec.cat\/cfabalaguer\/wp-json\/wp\/v2\/types\/page"}],"author":[{"embeddable":true,"href":"https:\/\/agora.xtec.cat\/cfabalaguer\/wp-json\/wp\/v2\/users\/1"}],"replies":[{"embeddable":true,"href":"https:\/\/agora.xtec.cat\/cfabalaguer\/wp-json\/wp\/v2\/comments?post=491"}],"version-history":[{"count":7,"href":"https:\/\/agora.xtec.cat\/cfabalaguer\/wp-json\/wp\/v2\/pages\/491\/revisions"}],"predecessor-version":[{"id":2697,"href":"https:\/\/agora.xtec.cat\/cfabalaguer\/wp-json\/wp\/v2\/pages\/491\/revisions\/2697"}],"up":[{"embeddable":true,"href":"https:\/\/agora.xtec.cat\/cfabalaguer\/wp-json\/wp\/v2\/pages\/261"}],"wp:attachment":[{"href":"https:\/\/agora.xtec.cat\/cfabalaguer\/wp-json\/wp\/v2\/media?parent=491"}],"curies":[{"name":"wp","href":"https:\/\/api.w.org\/{rel}","templated":true}]}}