{"id":2756,"date":"2026-02-04T16:43:05","date_gmt":"2026-02-04T15:43:05","guid":{"rendered":"https:\/\/agora.xtec.cat\/cfabalaguer\/?page_id=2756"},"modified":"2026-04-09T17:07:39","modified_gmt":"2026-04-09T15:07:39","slug":"actes-del-curs-25-26","status":"publish","type":"page","link":"https:\/\/agora.xtec.cat\/cfabalaguer\/actes-del-curs-25-26\/","title":{"rendered":"Actes del curs 25\/26"},"content":{"rendered":"<p><strong>22 de setembre<\/strong>: Inici de curs<\/p>\n<p>\u27a1\u00a0Aula 1<\/p>\n<p>Setmana Europea de l\u2019Esport: del 23 al 30 de setembre<\/p>\n<p><strong>20 d\u2019octubre<\/strong>: PER UN PA\u00cdS QUE NO ABANDONA. Foment de la\u00a0<span class=\"il\">lectura<\/span>\u00a0en els cursos d\u2019Ensenyaments Instrumentals i els b\u00e0sics de lleng\u00fces aut\u00f2ctones.<\/p>\n<p>\u21d2 Aula 1<\/p>\n<p><strong>30 d\u2019octubre:\u00a0<\/strong>Castanyada, a partir de les 9:30 i durant tot el mat\u00ed<\/p>\n<p>Torrada de castanyes, taller de panellets, \u2026<\/p>\n<p><strong>Del 20 al 21 de novembre<\/strong>: Eleccions al Consell Escolar del centre<\/p>\n<p><strong>21 de novembre<\/strong>: Presentaci\u00f3 del Pla d\u2019emerg\u00e8ncia 25\/26<\/p>\n<p><strong>Del 24 al 27 de novembre<\/strong>: Yoconecto, Setmana sobre la prevenci\u00f3 d\u2019estafes a les xarxes i la seguretat.<\/p>\n<p>\u27a1\u00a0Aula 2 i Aula d\u2019inform\u00e0tica<\/p>\n<p><strong>25 de novembre: \u201cStop a la viol\u00e8ncia\u201d masclista. Actes del 25N<\/strong><\/p>\n<p>Propostes per al 25 de novembre. El CFA Balaguer s\u2019afegeix a la commemoraci\u00f3 del Dia Internacional per a l\u2019Eliminaci\u00f3 de la Viol\u00e8ncia contra les Dones.<\/p>\n<p>El director del centre participar\u00e0 a l\u2019acte institucional organitzat per la Paeria de Balaguer juntament amb el Consell Comarcal de la Noguera, on tindr\u00e0 lloc la lectura del manifest reafirmant la implicaci\u00f3 de la societat civil en la lluita contra la desigualtat de g\u00e8nere. Es contaran \u201cHist\u00f2ries que prenen la paraula\u201d: textos testimonials i peces liter\u00e0ries contempor\u00e0nies que esdevenen un clam compartit contra les viol\u00e8ncies masclistes i a favor dels drets de les dones.<\/p>\n<p><strong>Del 19 al 23 de gener:\u00a0<\/strong>A la biblioteca, curs d\u2019Intel\u00b7lig\u00e8ncia Artificial, de Fundaci\u00f3 Orange.<\/p>\n<p><strong>Dimarts 20 de gener:\u00a0<\/strong>De 10 a 12 del mat\u00ed, Visita al Centre d\u2019Or, de Balaguer, pels alumnes d\u2019Instrumental 2 i Castell\u00e0 2.<\/p>\n<p><strong>Dijous 22 de gener:\u00a0<\/strong>De 10 a 12 del mat\u00ed, Visita al Centre d\u2019Or, de Balaguer, pels alumnes d\u2019Instrumental 1 i Castell\u00e0 1.<\/p>\n<p><strong>Del 2 al 4 de febrer: <\/strong>Curs d&#8217;Intel\u00b7lig\u00e8ncia Artificial, de Fundaci\u00f3 Orange, de les 16:00 a les 19:00.<\/p>\n<p>\u27a1 Biblioteca<\/p>\n<p><strong>Del dilluns, 23 de febrer al dimecres, 25 de mar\u00e7: <\/strong>De 3 a 6 de la tarda, Curs \u201c<strong>Com trobar feina en el m\u00f3n digital\u201d,\u00a0<\/strong>a c\u00e0rrec de l\u2019entitat Cibervoluntarios.<\/p>\n<p>\u27a1 Biblioteca<\/p>\n<p>&nbsp;<\/p>\n<p>&nbsp;<\/p>\n<p>&nbsp;<\/p>\n","protected":false},"excerpt":{"rendered":"<p>22 de setembre: Inici de curs \u27a1\u00a0Aula 1 Setmana Europea de l\u2019Esport: del 23 al 30 de setembre 20 d\u2019octubre: PER UN PA\u00cdS QUE NO ABANDONA. Foment de la\u00a0lectura\u00a0en els cursos d\u2019Ensenyaments Instrumentals i els b\u00e0sics de lleng\u00fces aut\u00f2ctones. \u21d2 Aula 1 30 d\u2019octubre:\u00a0Castanyada, a partir de les 9:30 i durant tot el mat\u00ed Torrada [&hellip;]<\/p>\n","protected":false},"author":1,"featured_media":0,"parent":0,"menu_order":0,"comment_status":"closed","ping_status":"closed","template":"","meta":{"_bbp_topic_count":0,"_bbp_reply_count":0,"_bbp_total_topic_count":0,"_bbp_total_reply_count":0,"_bbp_voice_count":0,"_bbp_anonymous_reply_count":0,"_bbp_topic_count_hidden":0,"_bbp_reply_count_hidden":0,"_bbp_forum_subforum_count":0,"site-sidebar-layout":"default","site-content-layout":"","ast-site-content-layout":"default","site-content-style":"default","site-sidebar-style":"default","ast-global-header-display":"","ast-banner-title-visibility":"","ast-main-header-display":"","ast-hfb-above-header-display":"","ast-hfb-below-header-display":"","ast-hfb-mobile-header-display":"","site-post-title":"","ast-breadcrumbs-content":"","ast-featured-img":"","footer-sml-layout":"","theme-transparent-header-meta":"default","adv-header-id-meta":"","stick-header-meta":"","header-above-stick-meta":"","header-main-stick-meta":"","header-below-stick-meta":"","astra-migrate-meta-layouts":"set","ast-page-background-enabled":"default","ast-page-background-meta":{"desktop":{"background-color":"var(--ast-global-color-4)","background-image":"","background-repeat":"repeat","background-position":"center center","background-size":"auto","background-attachment":"scroll","background-type":"","background-media":"","overlay-type":"","overlay-color":"","overlay-opacity":"","overlay-gradient":""},"tablet":{"background-color":"","background-image":"","background-repeat":"repeat","background-position":"center center","background-size":"auto","background-attachment":"scroll","background-type":"","background-media":"","overlay-type":"","overlay-color":"","overlay-opacity":"","overlay-gradient":""},"mobile":{"background-color":"","background-image":"","background-repeat":"repeat","background-position":"center center","background-size":"auto","background-attachment":"scroll","background-type":"","background-media":"","overlay-type":"","overlay-color":"","overlay-opacity":"","overlay-gradient":""}},"ast-content-background-meta":{"desktop":{"background-color":"var(--ast-global-color-5)","background-image":"","background-repeat":"repeat","background-position":"center center","background-size":"auto","background-attachment":"scroll","background-type":"","background-media":"","overlay-type":"","overlay-color":"","overlay-opacity":"","overlay-gradient":""},"tablet":{"background-color":"var(--ast-global-color-5)","background-image":"","background-repeat":"repeat","background-position":"center center","background-size":"auto","background-attachment":"scroll","background-type":"","background-media":"","overlay-type":"","overlay-color":"","overlay-opacity":"","overlay-gradient":""},"mobile":{"background-color":"var(--ast-global-color-5)","background-image":"","background-repeat":"repeat","background-position":"center center","background-size":"auto","background-attachment":"scroll","background-type":"","background-media":"","overlay-type":"","overlay-color":"","overlay-opacity":"","overlay-gradient":""}},"footnotes":""},"class_list":["post-2756","page","type-page","status-publish","hentry"],"post_mailing_queue_ids":[],"_links":{"self":[{"href":"https:\/\/agora.xtec.cat\/cfabalaguer\/wp-json\/wp\/v2\/pages\/2756","targetHints":{"allow":["GET"]}}],"collection":[{"href":"https:\/\/agora.xtec.cat\/cfabalaguer\/wp-json\/wp\/v2\/pages"}],"about":[{"href":"https:\/\/agora.xtec.cat\/cfabalaguer\/wp-json\/wp\/v2\/types\/page"}],"author":[{"embeddable":true,"href":"https:\/\/agora.xtec.cat\/cfabalaguer\/wp-json\/wp\/v2\/users\/1"}],"replies":[{"embeddable":true,"href":"https:\/\/agora.xtec.cat\/cfabalaguer\/wp-json\/wp\/v2\/comments?post=2756"}],"version-history":[{"count":5,"href":"https:\/\/agora.xtec.cat\/cfabalaguer\/wp-json\/wp\/v2\/pages\/2756\/revisions"}],"predecessor-version":[{"id":2824,"href":"https:\/\/agora.xtec.cat\/cfabalaguer\/wp-json\/wp\/v2\/pages\/2756\/revisions\/2824"}],"wp:attachment":[{"href":"https:\/\/agora.xtec.cat\/cfabalaguer\/wp-json\/wp\/v2\/media?parent=2756"}],"curies":[{"name":"wp","href":"https:\/\/api.w.org\/{rel}","templated":true}]}}