{"id":2504,"date":"2025-03-31T19:33:04","date_gmt":"2025-03-31T17:33:04","guid":{"rendered":"https:\/\/agora.xtec.cat\/cfabalaguer\/?page_id=2504"},"modified":"2026-04-09T17:18:59","modified_gmt":"2026-04-09T15:18:59","slug":"agenda","status":"publish","type":"page","link":"https:\/\/agora.xtec.cat\/cfabalaguer\/el-centre\/agenda\/","title":{"rendered":"Agenda del CFA Balaguer"},"content":{"rendered":"<p>&nbsp;<\/p>\n<p>&nbsp;<\/p>\n<p style=\"text-align: center;\"><strong>PROPERS ACTES DEL CFA BALAGUER<\/strong><\/p>\n<p>&nbsp;<\/p>\n<p><strong>Del 13 al 17 d&#8217;abril: <\/strong><strong>Llibres per a compartir, hist\u00f2ries per a viure. <\/strong>Recollida de llibres en bon estat.<\/p>\n<p>\u27a1 Secretaria.<\/p>\n<p>&nbsp;<\/p>\n<p><strong>Divendres 17 d&#8217;abril<\/strong>: En commemoraci\u00f3 del Dia Internacional de l&#8217;Educaci\u00f3 F\u00edsica. Sortida al Monestir de les Franqueses, amb els alumnes del Cicle d&#8217;Activitats f\u00edsiques en el Medi Natural.<\/p>\n<p>\u27a1 Sortida de l&#8217;Estaci\u00f3 d&#8217;autobusos de Balaguer,<strong> a les 9 del mat\u00ed<\/strong>.<\/p>\n<p>&nbsp;<\/p>\n<p><strong>Dimecres 22 d&#8217;abril:\u00a0<\/strong><strong>II Festa del Llibre,\u00a0<\/strong>Festa de l&#8217;intercanvi de llibres<\/p>\n<p>\u27a1 Porxos del centre, <strong>durant tot el dia.<\/strong><\/p>\n<p>&nbsp;<\/p>\n<p><strong>Dimecres 22 d&#8217;abril, Tert\u00falia liter\u00e0ria &#8220;Escriure novel\u00b7la negra&#8221;<\/strong>, taula rodona amb els escriptors Joan Vicent Sampedro, Joan Biscarri, Fidel Le\u00f3n i David Marin.<\/p>\n<p>\u27a1 Aula 2, a les 5 de la tarda.<\/p>\n<p>&nbsp;<\/p>\n<p><strong>Dilluns 8 de juny:\u00a0<\/strong>Viatge final de curs a la Colonia G\u00fcell (Santa Coloma de Cervell\u00f3). Gimcana i activitats amb el CdA Can Santoi.<\/p>\n<p>&nbsp;<\/p>\n<p><strong>Del 19 al 29 de juny:\u00a0<\/strong>Preinscripci\u00f3 a tots els ensenyaments de les escoles d&#8217;adults.<\/p>\n<p>&nbsp;<\/p>\n<p><a href=\"https:\/\/agora.xtec.cat\/cfabalaguer\/actes-del-curs-25-26\/\" target=\"_blank\" rel=\"noopener\">\u00a0Actes fets del curs 25\/26<\/a><\/p>\n","protected":false},"excerpt":{"rendered":"<p>&nbsp; &nbsp; PROPERS ACTES DEL CFA BALAGUER &nbsp; Del 13 al 17 d&#8217;abril: Llibres per a compartir, hist\u00f2ries per a viure. Recollida de llibres en bon estat. \u27a1 Secretaria. &nbsp; Divendres 17 d&#8217;abril: En commemoraci\u00f3 del Dia Internacional de l&#8217;Educaci\u00f3 F\u00edsica. Sortida al Monestir de les Franqueses, amb els alumnes del Cicle d&#8217;Activitats f\u00edsiques en [&hellip;]<\/p>\n","protected":false},"author":1,"featured_media":0,"parent":261,"menu_order":0,"comment_status":"closed","ping_status":"closed","template":"","meta":{"_bbp_topic_count":0,"_bbp_reply_count":0,"_bbp_total_topic_count":0,"_bbp_total_reply_count":0,"_bbp_voice_count":0,"_bbp_anonymous_reply_count":0,"_bbp_topic_count_hidden":0,"_bbp_reply_count_hidden":0,"_bbp_forum_subforum_count":0,"site-sidebar-layout":"default","site-content-layout":"","ast-site-content-layout":"default","site-content-style":"default","site-sidebar-style":"default","ast-global-header-display":"","ast-banner-title-visibility":"","ast-main-header-display":"","ast-hfb-above-header-display":"","ast-hfb-below-header-display":"","ast-hfb-mobile-header-display":"","site-post-title":"","ast-breadcrumbs-content":"","ast-featured-img":"","footer-sml-layout":"","theme-transparent-header-meta":"default","adv-header-id-meta":"","stick-header-meta":"","header-above-stick-meta":"","header-main-stick-meta":"","header-below-stick-meta":"","astra-migrate-meta-layouts":"set","ast-page-background-enabled":"default","ast-page-background-meta":{"desktop":{"background-color":"var(--ast-global-color-4)","background-image":"","background-repeat":"repeat","background-position":"center center","background-size":"auto","background-attachment":"scroll","background-type":"","background-media":"","overlay-type":"","overlay-color":"","overlay-opacity":"","overlay-gradient":""},"tablet":{"background-color":"","background-image":"","background-repeat":"repeat","background-position":"center center","background-size":"auto","background-attachment":"scroll","background-type":"","background-media":"","overlay-type":"","overlay-color":"","overlay-opacity":"","overlay-gradient":""},"mobile":{"background-color":"","background-image":"","background-repeat":"repeat","background-position":"center center","background-size":"auto","background-attachment":"scroll","background-type":"","background-media":"","overlay-type":"","overlay-color":"","overlay-opacity":"","overlay-gradient":""}},"ast-content-background-meta":{"desktop":{"background-color":"var(--ast-global-color-5)","background-image":"","background-repeat":"repeat","background-position":"center center","background-size":"auto","background-attachment":"scroll","background-type":"","background-media":"","overlay-type":"","overlay-color":"","overlay-opacity":"","overlay-gradient":""},"tablet":{"background-color":"var(--ast-global-color-5)","background-image":"","background-repeat":"repeat","background-position":"center center","background-size":"auto","background-attachment":"scroll","background-type":"","background-media":"","overlay-type":"","overlay-color":"","overlay-opacity":"","overlay-gradient":""},"mobile":{"background-color":"var(--ast-global-color-5)","background-image":"","background-repeat":"repeat","background-position":"center center","background-size":"auto","background-attachment":"scroll","background-type":"","background-media":"","overlay-type":"","overlay-color":"","overlay-opacity":"","overlay-gradient":""}},"footnotes":""},"class_list":["post-2504","page","type-page","status-publish","hentry"],"post_mailing_queue_ids":[],"_links":{"self":[{"href":"https:\/\/agora.xtec.cat\/cfabalaguer\/wp-json\/wp\/v2\/pages\/2504","targetHints":{"allow":["GET"]}}],"collection":[{"href":"https:\/\/agora.xtec.cat\/cfabalaguer\/wp-json\/wp\/v2\/pages"}],"about":[{"href":"https:\/\/agora.xtec.cat\/cfabalaguer\/wp-json\/wp\/v2\/types\/page"}],"author":[{"embeddable":true,"href":"https:\/\/agora.xtec.cat\/cfabalaguer\/wp-json\/wp\/v2\/users\/1"}],"replies":[{"embeddable":true,"href":"https:\/\/agora.xtec.cat\/cfabalaguer\/wp-json\/wp\/v2\/comments?post=2504"}],"version-history":[{"count":6,"href":"https:\/\/agora.xtec.cat\/cfabalaguer\/wp-json\/wp\/v2\/pages\/2504\/revisions"}],"predecessor-version":[{"id":2826,"href":"https:\/\/agora.xtec.cat\/cfabalaguer\/wp-json\/wp\/v2\/pages\/2504\/revisions\/2826"}],"up":[{"embeddable":true,"href":"https:\/\/agora.xtec.cat\/cfabalaguer\/wp-json\/wp\/v2\/pages\/261"}],"wp:attachment":[{"href":"https:\/\/agora.xtec.cat\/cfabalaguer\/wp-json\/wp\/v2\/media?parent=2504"}],"curies":[{"name":"wp","href":"https:\/\/api.w.org\/{rel}","templated":true}]}}