{"id":1427,"date":"2020-10-15T18:12:44","date_gmt":"2020-10-15T16:12:44","guid":{"rendered":"http:\/\/agora.xtec.cat\/cfabalaguer\/?page_id=1427"},"modified":"2020-12-09T16:24:24","modified_gmt":"2020-12-09T15:24:24","slug":"coordinacio-dactivitats-empresarials","status":"publish","type":"page","link":"https:\/\/agora.xtec.cat\/cfabalaguer\/coordinacio-dactivitats-empresarials\/","title":{"rendered":"Coordinaci\u00f3 d&#8217;activitats empresarials"},"content":{"rendered":"<h2 id=\"h22\">Coordinaci\u00f3 amb empreses externes alienes<\/h2>\n<p>Les empreses externes alienes han de quedar registrades, quan es tingui coneixement de l&#8217;inici de l&#8217;activitat, en l&#8217;annex B emplenat, signat pel director i amb l&#8217;original registrat. La c\u00f2pia de l&#8217;<a href=\"https:\/\/documents.espai.educacio.gencat.cat\/FormularisModels\/PrevencioRiscosLaborals\/G438_006.pdf\" target=\"_blank\" rel=\"noopener noreferrer\">Annex B<\/a> (justificant de recepci\u00f3 de documents de coordinaci\u00f3 empresarial d&#8217;activitats no pr\u00f2pies) ha d&#8217;adjuntar la documentaci\u00f3 seg\u00fcent:<\/p>\n<ul>\n<li>Avaluaci\u00f3 de riscos laborals del centre de treball<\/li>\n<li><a href=\"https:\/\/documents.espai.educacio.gencat.cat\/FormularisModels\/PrevencioRiscosLaborals\/G438_007.pdf\" target=\"_blank\" rel=\"noopener noreferrer\">Annex C<\/a>\u00a0d&#8217;instruccions que cal seguir en cas d&#8217;emerg\u00e8ncia en el centre de treball, emplenat i signat per part del responsable del centre de treball.<\/li>\n<li><a href=\"https:\/\/documents.espai.educacio.gencat.cat\/FormularisModels\/PrevencioRiscosLaborals\/G438_008.pdf\" target=\"_blank\" rel=\"noopener noreferrer\">Annex D<\/a> d&#8217;acreditaci\u00f3 del compliment de la normativa vigent sobre coordinaci\u00f3 d&#8217;activitats empresarials. Aquest annex No l&#8217;ha d&#8217;emplenar el responsable del centre de treball; l&#8217;ha d&#8217;emplenar i signar el representant de l&#8217;empresa aliena.<\/li>\n<li><a href=\"https:\/\/documents.espai.educacio.gencat.cat\/FormularisModels\/PrevencioRiscosLaborals\/G438_009.pdf\" target=\"_blank\" rel=\"noopener noreferrer\">Annex E<\/a>\u00a0d&#8217;informaci\u00f3 dels riscos espec\u00edfics i de la planificaci\u00f3 de l&#8217;activitat no pr\u00f2pia. Aquest annex NO l&#8217;ha d&#8217;emplenar el responsable del centre de treball; l&#8217;haur\u00e0 d&#8217;emplenar i signar el representant de l&#8217;empresa aliena.<\/li>\n<\/ul>\n<h2 id=\"h23\">Lliurar la documentaci\u00f3 detallada a l&#8217;empresa<\/h2>\n<p>El responsable del centre de treball ha de lliurar presencialment, o per correu postal amb justificaci\u00f3 de recepci\u00f3, la documentaci\u00f3 detallada a l&#8217;empresa aliena que realitzar\u00e0 l&#8217;activitat no pr\u00f2pia.<\/p>\n<p>Es recomana que el responsable del centre de treball realitzi una primera reuni\u00f3 informativa amb l&#8217;empresa aliena que realitzar\u00e0 l&#8217;activitat pr\u00f2pia per formalitzar aquests annexes in situ.<\/p>\n<h2 id=\"h24\">Signar l&#8217;annex B i emplenar i signar els annexes D i E<\/h2>\n<p>El representant de l&#8217;empresa aliena que far\u00e0 l&#8217;activitat no pr\u00f2pia en el centre de treball ha de:<\/p>\n<ul>\n<li>Rebre la documentaci\u00f3 detallada en el primer pas.<\/li>\n<li>Signar les dues c\u00f2pies de l&#8217;<a href=\"https:\/\/documents.espai.educacio.gencat.cat\/FormularisModels\/PrevencioRiscosLaborals\/G438_006.pdf\" target=\"_blank\" rel=\"noopener noreferrer\">Annex B<\/a>\u00a0a l&#8217;espai habilitat.<\/li>\n<li>Guardar una c\u00f2pia de l&#8217;Annex B, l&#8217;Annex C\u00a0i l&#8217;avaluaci\u00f3 de riscos en un espai habilitat per arxivar la documentaci\u00f3 de Coordinaci\u00f3 d&#8217;Activitats Empresarials.<\/li>\n<li>Emplenar i signar l&#8217;<a href=\"https:\/\/documents.espai.educacio.gencat.cat\/FormularisModels\/PrevencioRiscosLaborals\/G438_008.pdf\" target=\"_blank\" rel=\"noopener noreferrer\">Annex D<\/a>.<\/li>\n<li>Emplenar i signar l&#8217;<a href=\"https:\/\/documents.espai.educacio.gencat.cat\/FormularisModels\/PrevencioRiscosLaborals\/G438_009.pdf\" target=\"_blank\" rel=\"noopener noreferrer\">Annex E<\/a>.<\/li>\n<\/ul>\n<h2 id=\"h25\">Lliurar la documentaci\u00f3 detallada<\/h2>\n<p>El representant de l&#8217;empresa aliena ha de lliurar presencialment, o per correu postal amb justificaci\u00f3 de recepci\u00f3,\u00a0al responsable del centre de treball:<\/p>\n<ul>\n<li>Una c\u00f2pia de l&#8217;<a href=\"https:\/\/documents.espai.educacio.gencat.cat\/FormularisModels\/PrevencioRiscosLaborals\/G438_006.pdf\" target=\"_blank\" rel=\"noopener noreferrer\">Annex B<\/a>\u00a0signada.<\/li>\n<li>Una c\u00f2pia de l&#8217;<a href=\"https:\/\/documents.espai.educacio.gencat.cat\/FormularisModels\/PrevencioRiscosLaborals\/G438_008.pdf\" target=\"_blank\" rel=\"noopener noreferrer\">Annex D<\/a>\u00a0emplenada i signada.<\/li>\n<li>Una c\u00f2pia de l&#8217;<a href=\"https:\/\/documents.espai.educacio.gencat.cat\/FormularisModels\/PrevencioRiscosLaborals\/G438_009.pdf\" target=\"_blank\" rel=\"noopener noreferrer\">Annex E<\/a>\u00a0emplenada i signada.<\/li>\n<\/ul>\n<h2 id=\"h26\">Recepcionar i supervisar l&#8217;anterior documentaci\u00f3 detallada<\/h2>\n<p>El responsable del centre de treball ha de rebre la documentaci\u00f3 detallada en el pas anterior, i l&#8217;ha de supervisar. En el cas que a la taula II i III de l&#8217;<a href=\"https:\/\/documents.espai.educacio.gencat.cat\/FormularisModels\/PrevencioRiscosLaborals\/G438_009.pdf\" target=\"_blank\" rel=\"noopener noreferrer\">Annex E<\/a>\u00a0s&#8217;informi que els riscos afecten als treballadors del centre de treball o de la pres\u00e8ncia de de p\u200broductes qu\u00edmics, cal que el responsable del centre de treball envi\u00ef l&#8217;<a href=\"https:\/\/documents.espai.educacio.gencat.cat\/FormularisModels\/PrevencioRiscosLaborals\/G438_009.pdf\" target=\"_blank\" rel=\"noopener noreferrer\">Annex E<\/a>\u00a0al Servei\/Secci\u00f3 de Prevenci\u00f3 de Riscos Laborals.<\/p>\n<p>Si el responsable del centre de treball no rep la documentaci\u00f3 detallada en el pas 5, l&#8217;ha de tornar a reclamar en una segona comunicaci\u00f3 en que ha de fer refer\u00e8ncia a la primera.<\/p>\n<h2 id=\"h27\">Proposta i informaci\u00f3 de mesures preventives<\/h2>\n<p>La Secci\u00f3\/Servei de Prevenci\u00f3 de Riscos laborals ha de donar resposta a l&#8217;annex E, si escau, tot proposant mesures preventives al centre de treball. El responsable del centre de treball, al seu torn, ha d&#8217;informar d&#8217;aquestes mesures al personal treballador afectat.<\/p>\n<h2 id=\"h28\">Arxivament de la documentaci\u00f3<\/h2>\n<p>El responsable del centre de treball ha de disposar d&#8217;un arxiu per guardar tota la documentaci\u00f3 referent a la coordinaci\u00f3 d&#8217;activitats empresarials,\u00a0<strong>durant un per\u00edode de 5 anys<\/strong>\u00a0(consultar l&#8217;apartat\u00a0<a href=\"http:\/\/educacio.gencat.cat\/portal\/page\/portal\/EducacioIntranet\/Inici\/GestioDocumental\/ArxiuCentres\" target=\"_blank\" rel=\"noopener noreferrer\">Arxiu dels centres<\/a>).<\/p>\n<p>&nbsp;<\/p>\n<p><a href=\"https:\/\/agora.xtec.cat\/cfabalaguer\/wp-content\/uploads\/usu748\/2020\/10\/Annex-B.pdf\">Annex B<\/a><\/p>\n<p><a href=\"https:\/\/agora.xtec.cat\/cfabalaguer\/wp-content\/uploads\/usu748\/2020\/10\/Annex-C.pdf\">Annex C<\/a><\/p>\n<p><a href=\"https:\/\/agora.xtec.cat\/cfabalaguer\/wp-content\/uploads\/usu748\/2020\/10\/Annex-D.pdf\">Annex D<\/a><\/p>\n<p><a href=\"https:\/\/agora.xtec.cat\/cfabalaguer\/wp-content\/uploads\/usu748\/2020\/10\/Annex-E.pdf\">Annex E<\/a><\/p>\n<p>&nbsp;<\/p>\n","protected":false},"excerpt":{"rendered":"<p>Coordinaci\u00f3 amb empreses externes alienes Les empreses externes alienes han de quedar registrades, quan es tingui coneixement de l&#8217;inici de l&#8217;activitat, en l&#8217;annex B emplenat, signat pel director i amb l&#8217;original registrat. La c\u00f2pia de l&#8217;Annex B (justificant de recepci\u00f3 de documents de coordinaci\u00f3 empresarial d&#8217;activitats no pr\u00f2pies) ha d&#8217;adjuntar la documentaci\u00f3 seg\u00fcent: Avaluaci\u00f3 de [&hellip;]<\/p>\n","protected":false},"author":1,"featured_media":0,"parent":0,"menu_order":0,"comment_status":"closed","ping_status":"closed","template":"","meta":{"_bbp_topic_count":0,"_bbp_reply_count":0,"_bbp_total_topic_count":0,"_bbp_total_reply_count":0,"_bbp_voice_count":0,"_bbp_anonymous_reply_count":0,"_bbp_topic_count_hidden":0,"_bbp_reply_count_hidden":0,"_bbp_forum_subforum_count":0,"site-sidebar-layout":"default","site-content-layout":"","ast-site-content-layout":"","site-content-style":"default","site-sidebar-style":"default","ast-global-header-display":"","ast-banner-title-visibility":"","ast-main-header-display":"","ast-hfb-above-header-display":"","ast-hfb-below-header-display":"","ast-hfb-mobile-header-display":"","site-post-title":"","ast-breadcrumbs-content":"","ast-featured-img":"","footer-sml-layout":"","theme-transparent-header-meta":"","adv-header-id-meta":"","stick-header-meta":"","header-above-stick-meta":"","header-main-stick-meta":"","header-below-stick-meta":"","astra-migrate-meta-layouts":"default","ast-page-background-enabled":"default","ast-page-background-meta":{"desktop":{"background-color":"var(--ast-global-color-4)","background-image":"","background-repeat":"repeat","background-position":"center center","background-size":"auto","background-attachment":"scroll","background-type":"","background-media":"","overlay-type":"","overlay-color":"","overlay-opacity":"","overlay-gradient":""},"tablet":{"background-color":"","background-image":"","background-repeat":"repeat","background-position":"center center","background-size":"auto","background-attachment":"scroll","background-type":"","background-media":"","overlay-type":"","overlay-color":"","overlay-opacity":"","overlay-gradient":""},"mobile":{"background-color":"","background-image":"","background-repeat":"repeat","background-position":"center center","background-size":"auto","background-attachment":"scroll","background-type":"","background-media":"","overlay-type":"","overlay-color":"","overlay-opacity":"","overlay-gradient":""}},"ast-content-background-meta":{"desktop":{"background-color":"var(--ast-global-color-5)","background-image":"","background-repeat":"repeat","background-position":"center center","background-size":"auto","background-attachment":"scroll","background-type":"","background-media":"","overlay-type":"","overlay-color":"","overlay-opacity":"","overlay-gradient":""},"tablet":{"background-color":"var(--ast-global-color-5)","background-image":"","background-repeat":"repeat","background-position":"center center","background-size":"auto","background-attachment":"scroll","background-type":"","background-media":"","overlay-type":"","overlay-color":"","overlay-opacity":"","overlay-gradient":""},"mobile":{"background-color":"var(--ast-global-color-5)","background-image":"","background-repeat":"repeat","background-position":"center center","background-size":"auto","background-attachment":"scroll","background-type":"","background-media":"","overlay-type":"","overlay-color":"","overlay-opacity":"","overlay-gradient":""}},"footnotes":""},"class_list":["post-1427","page","type-page","status-publish","hentry"],"post_mailing_queue_ids":[],"_links":{"self":[{"href":"https:\/\/agora.xtec.cat\/cfabalaguer\/wp-json\/wp\/v2\/pages\/1427","targetHints":{"allow":["GET"]}}],"collection":[{"href":"https:\/\/agora.xtec.cat\/cfabalaguer\/wp-json\/wp\/v2\/pages"}],"about":[{"href":"https:\/\/agora.xtec.cat\/cfabalaguer\/wp-json\/wp\/v2\/types\/page"}],"author":[{"embeddable":true,"href":"https:\/\/agora.xtec.cat\/cfabalaguer\/wp-json\/wp\/v2\/users\/1"}],"replies":[{"embeddable":true,"href":"https:\/\/agora.xtec.cat\/cfabalaguer\/wp-json\/wp\/v2\/comments?post=1427"}],"version-history":[{"count":2,"href":"https:\/\/agora.xtec.cat\/cfabalaguer\/wp-json\/wp\/v2\/pages\/1427\/revisions"}],"predecessor-version":[{"id":1469,"href":"https:\/\/agora.xtec.cat\/cfabalaguer\/wp-json\/wp\/v2\/pages\/1427\/revisions\/1469"}],"wp:attachment":[{"href":"https:\/\/agora.xtec.cat\/cfabalaguer\/wp-json\/wp\/v2\/media?parent=1427"}],"curies":[{"name":"wp","href":"https:\/\/api.w.org\/{rel}","templated":true}]}}