{"id":1242,"date":"2020-06-08T21:43:47","date_gmt":"2020-06-08T19:43:47","guid":{"rendered":"http:\/\/agora.xtec.cat\/cfabalaguer\/?page_id=1242"},"modified":"2025-09-10T19:03:59","modified_gmt":"2025-09-10T17:03:59","slug":"documents","status":"publish","type":"page","link":"https:\/\/agora.xtec.cat\/cfabalaguer\/documents\/","title":{"rendered":"Documents"},"content":{"rendered":"<p><a href=\"https:\/\/agora.xtec.cat\/cfabalaguer\/wp-content\/uploads\/usu748\/2024\/03\/Noves-NOFC-2023-CFA-Balaguer.pdf\">NOFC actualitzades 2022<\/a><\/p>\n<p><a href=\"https:\/\/agora.xtec.cat\/cfabalaguer\/wp-content\/uploads\/usu748\/2020\/06\/Autoritzaci\u00f3-d\u00fas-dimatges.pdf\">Autoritzaci\u00f3 d&#8217;\u00fas d&#8217;imatges<\/a><\/p>\n<p><a href=\"https:\/\/agora.xtec.cat\/cfabalaguer\/wp-content\/uploads\/usu748\/2020\/06\/Carta-de-comprom\u00eds-educatiu.pdf\">Carta de comprom\u00eds educatiu<\/a><\/p>\n<p><a href=\"https:\/\/agora.xtec.cat\/cfabalaguer\/wp-content\/uploads\/usu748\/2020\/06\/majors-de-18-anys-declaracio-responsable-alumne-1.pdf\">Declaraci\u00f3 responsable alumne major de 18 anys<\/a><\/p>\n<p><a href=\"https:\/\/agora.xtec.cat\/cfabalaguer\/wp-content\/uploads\/usu748\/2020\/06\/secundaria-menors-18-declaracio-alumne.pdf\">Declaraci\u00f3 responsable alumne menor de 18 anys<\/a><\/p>\n<p><a href=\"https:\/\/agora.xtec.cat\/cfabalaguer\/wp-content\/uploads\/usu748\/2020\/09\/Pla-Organitzaci\u00f3-B\u00e0sic-CFA-Balaguer-1.pdf\">Pla Organitzaci\u00f3 B\u00e0sic curs 2020\/2021<\/a><\/p>\n<p><a href=\"https:\/\/agora.xtec.cat\/cfabalaguer\/wp-content\/uploads\/usu748\/2020\/09\/Projecte-de-conviv\u00e8ncia-CFA-Balaguer.pdf\">Projecte de conviv\u00e8ncia<\/a><\/p>\n<p><a href=\"https:\/\/agora.xtec.cat\/cfabalaguer\/wp-content\/uploads\/usu748\/2020\/10\/Coordinaci\u00f3-dactivitats-empresarials-Covid-19.pdf\">Coordinaci\u00f3 d&#8217;activitats empresarials Covid-19<\/a><\/p>\n<p><a href=\"http:\/\/agora.xtec.cat\/cfabalaguer\/coordinacio-dactivitats-empresarials\/\">Coordinaci\u00f3 d&#8217;activitats empresarials<\/a><\/p>\n<p><a href=\"https:\/\/agora.xtec.cat\/cfabalaguer\/wp-content\/uploads\/usu748\/2025\/09\/PGA-25-26.pdf\">PGA 25-26<\/a><\/p>\n<p><a href=\"https:\/\/agora.xtec.cat\/cfabalaguer\/wp-content\/uploads\/usu748\/2024\/03\/PEC-CFA-Balaguer-2023.pdf\" target=\"_blank\" rel=\"noopener\">Projecte Educatiu de Centre (PEC)<\/a><\/p>\n<p><a href=\"https:\/\/agora.xtec.cat\/cfabalaguer\/general\/publicat-el-pla-de-benestar-i-convivencia-del-centre\/\">Infografia del Pla de Benestar i Conviv\u00e8ncia<\/a><\/p>\n<p><a href=\"https:\/\/agora.xtec.cat\/cfabalaguer\/wp-content\/uploads\/usu748\/2024\/03\/Pla-acollida-CFA-Balaguer.pdf\">Pla d&#8217;acollida de l&#8217;alumnat<\/a><\/p>\n<p><a href=\"https:\/\/agora.xtec.cat\/cfabalaguer\/wp-content\/uploads\/usu748\/2024\/03\/Pla-dacollida-CFA-Balaguer-professorat.pdf\">Pla d&#8217;acollida del professorat<\/a><\/p>\n<p><a href=\"https:\/\/agora.xtec.cat\/cfabalaguer\/wp-content\/uploads\/usu748\/2024\/03\/Projecte-linguistic-CFA-Balaguer-2019-1.pdf\">Projecte ling\u00fc\u00edstic<\/a><\/p>\n","protected":false},"excerpt":{"rendered":"<p>NOFC actualitzades 2022 Autoritzaci\u00f3 d&#8217;\u00fas d&#8217;imatges Carta de comprom\u00eds educatiu Declaraci\u00f3 responsable alumne major de 18 anys Declaraci\u00f3 responsable alumne menor de 18 anys Pla Organitzaci\u00f3 B\u00e0sic curs 2020\/2021 Projecte de conviv\u00e8ncia Coordinaci\u00f3 d&#8217;activitats empresarials Covid-19 Coordinaci\u00f3 d&#8217;activitats empresarials PGA 25-26 Projecte Educatiu de Centre (PEC) Infografia del Pla de Benestar i Conviv\u00e8ncia Pla d&#8217;acollida [&hellip;]<\/p>\n","protected":false},"author":1,"featured_media":0,"parent":0,"menu_order":0,"comment_status":"closed","ping_status":"closed","template":"","meta":{"_bbp_topic_count":0,"_bbp_reply_count":0,"_bbp_total_topic_count":0,"_bbp_total_reply_count":0,"_bbp_voice_count":0,"_bbp_anonymous_reply_count":0,"_bbp_topic_count_hidden":0,"_bbp_reply_count_hidden":0,"_bbp_forum_subforum_count":0,"site-sidebar-layout":"default","site-content-layout":"","ast-site-content-layout":"default","site-content-style":"default","site-sidebar-style":"default","ast-global-header-display":"","ast-banner-title-visibility":"","ast-main-header-display":"","ast-hfb-above-header-display":"","ast-hfb-below-header-display":"","ast-hfb-mobile-header-display":"","site-post-title":"","ast-breadcrumbs-content":"","ast-featured-img":"","footer-sml-layout":"","theme-transparent-header-meta":"default","adv-header-id-meta":"","stick-header-meta":"","header-above-stick-meta":"","header-main-stick-meta":"","header-below-stick-meta":"","astra-migrate-meta-layouts":"set","ast-page-background-enabled":"default","ast-page-background-meta":{"desktop":{"background-color":"var(--ast-global-color-4)","background-image":"","background-repeat":"repeat","background-position":"center center","background-size":"auto","background-attachment":"scroll","background-type":"","background-media":"","overlay-type":"","overlay-color":"","overlay-opacity":"","overlay-gradient":""},"tablet":{"background-color":"","background-image":"","background-repeat":"repeat","background-position":"center center","background-size":"auto","background-attachment":"scroll","background-type":"","background-media":"","overlay-type":"","overlay-color":"","overlay-opacity":"","overlay-gradient":""},"mobile":{"background-color":"","background-image":"","background-repeat":"repeat","background-position":"center center","background-size":"auto","background-attachment":"scroll","background-type":"","background-media":"","overlay-type":"","overlay-color":"","overlay-opacity":"","overlay-gradient":""}},"ast-content-background-meta":{"desktop":{"background-color":"var(--ast-global-color-5)","background-image":"","background-repeat":"repeat","background-position":"center center","background-size":"auto","background-attachment":"scroll","background-type":"","background-media":"","overlay-type":"","overlay-color":"","overlay-opacity":"","overlay-gradient":""},"tablet":{"background-color":"var(--ast-global-color-5)","background-image":"","background-repeat":"repeat","background-position":"center center","background-size":"auto","background-attachment":"scroll","background-type":"","background-media":"","overlay-type":"","overlay-color":"","overlay-opacity":"","overlay-gradient":""},"mobile":{"background-color":"var(--ast-global-color-5)","background-image":"","background-repeat":"repeat","background-position":"center center","background-size":"auto","background-attachment":"scroll","background-type":"","background-media":"","overlay-type":"","overlay-color":"","overlay-opacity":"","overlay-gradient":""}},"footnotes":""},"class_list":["post-1242","page","type-page","status-publish","hentry"],"post_mailing_queue_ids":[],"_links":{"self":[{"href":"https:\/\/agora.xtec.cat\/cfabalaguer\/wp-json\/wp\/v2\/pages\/1242","targetHints":{"allow":["GET"]}}],"collection":[{"href":"https:\/\/agora.xtec.cat\/cfabalaguer\/wp-json\/wp\/v2\/pages"}],"about":[{"href":"https:\/\/agora.xtec.cat\/cfabalaguer\/wp-json\/wp\/v2\/types\/page"}],"author":[{"embeddable":true,"href":"https:\/\/agora.xtec.cat\/cfabalaguer\/wp-json\/wp\/v2\/users\/1"}],"replies":[{"embeddable":true,"href":"https:\/\/agora.xtec.cat\/cfabalaguer\/wp-json\/wp\/v2\/comments?post=1242"}],"version-history":[{"count":6,"href":"https:\/\/agora.xtec.cat\/cfabalaguer\/wp-json\/wp\/v2\/pages\/1242\/revisions"}],"predecessor-version":[{"id":2625,"href":"https:\/\/agora.xtec.cat\/cfabalaguer\/wp-json\/wp\/v2\/pages\/1242\/revisions\/2625"}],"wp:attachment":[{"href":"https:\/\/agora.xtec.cat\/cfabalaguer\/wp-json\/wp\/v2\/media?parent=1242"}],"curies":[{"name":"wp","href":"https:\/\/api.w.org\/{rel}","templated":true}]}}