{"id":1173,"date":"2020-06-02T16:42:39","date_gmt":"2020-06-02T14:42:39","guid":{"rendered":"http:\/\/agora.xtec.cat\/cfabalaguer\/?page_id=1173"},"modified":"2020-06-02T16:42:39","modified_gmt":"2020-06-02T14:42:39","slug":"prova-de-nivell-dangles","status":"publish","type":"page","link":"https:\/\/agora.xtec.cat\/cfabalaguer\/prova-de-nivell-dangles\/","title":{"rendered":"Prova de nivell d&#8217;angl\u00e8s"},"content":{"rendered":"<p>Realitza la seg\u00fcent prova per saber el teu nivell d&#8217;angl\u00e8s, abans de fer la preinscripci\u00f3 al nostre centre.<\/p>\n<p>En cas de que et surti un nivell inferior a A1 inscriu-te a Angl\u00e8s-1<\/p>\n<p>Si et surt el nivell A1 incriu-te a Angl\u00e8s-2<\/p>\n<p>Si et surt el nivell A2 pots inscriure&#8217;t a Angl\u00e8s-3<\/p>\n<p>En cas de que et surti el nivell B-1 seria millor continuar els estudis d&#8217;angl\u00e8s en una Escola Oficial d&#8217;Idiomes.<\/p>\n<p><a href=\"https:\/\/www.englishtag.com\/tests\/level_test.asp\" target=\"_blank\" rel=\"noopener noreferrer\">Prova de nivell d&#8217;angl\u00e8s<\/a><\/p>\n","protected":false},"excerpt":{"rendered":"<p>Realitza la seg\u00fcent prova per saber el teu nivell d&#8217;angl\u00e8s, abans de fer la preinscripci\u00f3 al nostre centre. En cas de que et surti un nivell inferior a A1 inscriu-te a Angl\u00e8s-1 Si et surt el nivell A1 incriu-te a Angl\u00e8s-2 Si et surt el nivell A2 pots inscriure&#8217;t a Angl\u00e8s-3 En cas de que [&hellip;]<\/p>\n","protected":false},"author":1,"featured_media":0,"parent":0,"menu_order":0,"comment_status":"closed","ping_status":"closed","template":"","meta":{"_bbp_topic_count":0,"_bbp_reply_count":0,"_bbp_total_topic_count":0,"_bbp_total_reply_count":0,"_bbp_voice_count":0,"_bbp_anonymous_reply_count":0,"_bbp_topic_count_hidden":0,"_bbp_reply_count_hidden":0,"_bbp_forum_subforum_count":0,"site-sidebar-layout":"default","site-content-layout":"","ast-site-content-layout":"","site-content-style":"default","site-sidebar-style":"default","ast-global-header-display":"","ast-banner-title-visibility":"","ast-main-header-display":"","ast-hfb-above-header-display":"","ast-hfb-below-header-display":"","ast-hfb-mobile-header-display":"","site-post-title":"","ast-breadcrumbs-content":"","ast-featured-img":"","footer-sml-layout":"","theme-transparent-header-meta":"","adv-header-id-meta":"","stick-header-meta":"","header-above-stick-meta":"","header-main-stick-meta":"","header-below-stick-meta":"","astra-migrate-meta-layouts":"default","ast-page-background-enabled":"default","ast-page-background-meta":{"desktop":{"background-color":"var(--ast-global-color-4)","background-image":"","background-repeat":"repeat","background-position":"center center","background-size":"auto","background-attachment":"scroll","background-type":"","background-media":"","overlay-type":"","overlay-color":"","overlay-opacity":"","overlay-gradient":""},"tablet":{"background-color":"","background-image":"","background-repeat":"repeat","background-position":"center center","background-size":"auto","background-attachment":"scroll","background-type":"","background-media":"","overlay-type":"","overlay-color":"","overlay-opacity":"","overlay-gradient":""},"mobile":{"background-color":"","background-image":"","background-repeat":"repeat","background-position":"center center","background-size":"auto","background-attachment":"scroll","background-type":"","background-media":"","overlay-type":"","overlay-color":"","overlay-opacity":"","overlay-gradient":""}},"ast-content-background-meta":{"desktop":{"background-color":"var(--ast-global-color-5)","background-image":"","background-repeat":"repeat","background-position":"center center","background-size":"auto","background-attachment":"scroll","background-type":"","background-media":"","overlay-type":"","overlay-color":"","overlay-opacity":"","overlay-gradient":""},"tablet":{"background-color":"var(--ast-global-color-5)","background-image":"","background-repeat":"repeat","background-position":"center center","background-size":"auto","background-attachment":"scroll","background-type":"","background-media":"","overlay-type":"","overlay-color":"","overlay-opacity":"","overlay-gradient":""},"mobile":{"background-color":"var(--ast-global-color-5)","background-image":"","background-repeat":"repeat","background-position":"center center","background-size":"auto","background-attachment":"scroll","background-type":"","background-media":"","overlay-type":"","overlay-color":"","overlay-opacity":"","overlay-gradient":""}},"footnotes":""},"class_list":["post-1173","page","type-page","status-publish","hentry"],"post_mailing_queue_ids":[],"_links":{"self":[{"href":"https:\/\/agora.xtec.cat\/cfabalaguer\/wp-json\/wp\/v2\/pages\/1173","targetHints":{"allow":["GET"]}}],"collection":[{"href":"https:\/\/agora.xtec.cat\/cfabalaguer\/wp-json\/wp\/v2\/pages"}],"about":[{"href":"https:\/\/agora.xtec.cat\/cfabalaguer\/wp-json\/wp\/v2\/types\/page"}],"author":[{"embeddable":true,"href":"https:\/\/agora.xtec.cat\/cfabalaguer\/wp-json\/wp\/v2\/users\/1"}],"replies":[{"embeddable":true,"href":"https:\/\/agora.xtec.cat\/cfabalaguer\/wp-json\/wp\/v2\/comments?post=1173"}],"version-history":[{"count":1,"href":"https:\/\/agora.xtec.cat\/cfabalaguer\/wp-json\/wp\/v2\/pages\/1173\/revisions"}],"predecessor-version":[{"id":1174,"href":"https:\/\/agora.xtec.cat\/cfabalaguer\/wp-json\/wp\/v2\/pages\/1173\/revisions\/1174"}],"wp:attachment":[{"href":"https:\/\/agora.xtec.cat\/cfabalaguer\/wp-json\/wp\/v2\/media?parent=1173"}],"curies":[{"name":"wp","href":"https:\/\/api.w.org\/{rel}","templated":true}]}}