{"id":702,"date":"2020-06-08T12:32:37","date_gmt":"2020-06-08T10:32:37","guid":{"rendered":"https:\/\/agora.xtec.cat\/cfabadia\/?page_id=702"},"modified":"2024-07-04T11:23:20","modified_gmt":"2024-07-04T09:23:20","slug":"llengua-castellana-per-a-nouvinguts","status":"publish","type":"page","link":"https:\/\/agora.xtec.cat\/cfabadia\/ensenyaments\/ensenyaments-inicials-i-formacio-basica\/llengua-castellana-per-a-nouvinguts\/","title":{"rendered":"Llengua castellana per a nouvinguts"},"content":{"rendered":"<p>S\u2019imparteixen tres nivells.<\/p>\n<p><span class=\"titol\">Castell\u00e0 1 (inicial):<\/span> Va adre\u00e7at a persones que han arribat fa poc temps al pa\u00eds o tenen poques compet\u00e8ncies en llengua castellana. Es treballa fonamentalment la llengua oral.<\/p>\n<p><span class=\"titol\">Castell\u00e0 2 (b\u00e0sic):<\/span> Va adre\u00e7at a persones que han adquirit un domini m\u00ednim de llengua castellana, per\u00f2 els hi manquen encara compet\u00e8ncies comunicatives i flu\u00efdesa oral.<\/p>\n<p>Castell\u00e0 3 (intermedi): Va adre\u00e7at a persones que tenen compet\u00e8ncies comunicatives b\u00e0siques, per\u00f2 necessiten millorar-les, sobretot a nivell escrit.<\/p>\n<p>Els nivells 1, 2 i 3 corresponen als nivells A1, A2 i B1 del MECR (Marc europeu com\u00fa de refer\u00e8ncia per a les lleng\u00fces), respectivament.<\/p>\n","protected":false},"excerpt":{"rendered":"<p>S\u2019imparteixen tres nivells.<br \/>\nCastell\u00e0 1 (inicial): Va adre\u00e7at a persones que han arribat fa poc temps al pa\u00eds o tenen poques compet\u00e8ncies en llengua castellana. Es treballa fonamentalment la llengua oral.<br \/>\nCastell\u00e0 2 (b\u00e0sic): Va adre\u00e7at a persones que han adquirit un domini m\u00ednim de llengua castellana,&hellip;  <a href=\"https:\/\/agora.xtec.cat\/cfabadia\/ensenyaments\/ensenyaments-inicials-i-formacio-basica\/llengua-castellana-per-a-nouvinguts\/\" title=\"Read Llengua castellana per a nouvinguts\">Llegeix m\u00e9s\u00bb<\/a><\/p>\n","protected":false},"author":1,"featured_media":0,"parent":283,"menu_order":0,"comment_status":"closed","ping_status":"closed","template":"","meta":{"_bbp_topic_count":0,"_bbp_reply_count":0,"_bbp_total_topic_count":0,"_bbp_total_reply_count":0,"_bbp_voice_count":0,"_bbp_anonymous_reply_count":0,"_bbp_topic_count_hidden":0,"_bbp_reply_count_hidden":0,"_bbp_forum_subforum_count":0,"footnotes":""},"class_list":["post-702","page","type-page","status-publish","hentry"],"post_mailing_queue_ids":[],"_links":{"self":[{"href":"https:\/\/agora.xtec.cat\/cfabadia\/wp-json\/wp\/v2\/pages\/702","targetHints":{"allow":["GET"]}}],"collection":[{"href":"https:\/\/agora.xtec.cat\/cfabadia\/wp-json\/wp\/v2\/pages"}],"about":[{"href":"https:\/\/agora.xtec.cat\/cfabadia\/wp-json\/wp\/v2\/types\/page"}],"author":[{"embeddable":true,"href":"https:\/\/agora.xtec.cat\/cfabadia\/wp-json\/wp\/v2\/users\/1"}],"replies":[{"embeddable":true,"href":"https:\/\/agora.xtec.cat\/cfabadia\/wp-json\/wp\/v2\/comments?post=702"}],"version-history":[{"count":3,"href":"https:\/\/agora.xtec.cat\/cfabadia\/wp-json\/wp\/v2\/pages\/702\/revisions"}],"predecessor-version":[{"id":1177,"href":"https:\/\/agora.xtec.cat\/cfabadia\/wp-json\/wp\/v2\/pages\/702\/revisions\/1177"}],"up":[{"embeddable":true,"href":"https:\/\/agora.xtec.cat\/cfabadia\/wp-json\/wp\/v2\/pages\/283"}],"wp:attachment":[{"href":"https:\/\/agora.xtec.cat\/cfabadia\/wp-json\/wp\/v2\/media?parent=702"}],"curies":[{"name":"wp","href":"https:\/\/api.w.org\/{rel}","templated":true}]}}