{"id":265,"date":"2015-01-27T17:28:56","date_gmt":"2015-01-27T16:28:56","guid":{"rendered":"http:\/\/agora.xtec.cat\/cfabadia\/?page_id=265"},"modified":"2026-03-24T14:31:05","modified_gmt":"2026-03-24T13:31:05","slug":"organitzacio-interna","status":"publish","type":"page","link":"https:\/\/agora.xtec.cat\/cfabadia\/el-centre\/organitzacio-interna\/","title":{"rendered":"Qui som?"},"content":{"rendered":"<p>Mariona Linares Carret\u00e9: directora i docent de catal\u00e0, angl\u00e8s i GES a dist\u00e0ncia.<\/p>\n<p>Berta Ruiz Cuadros: docent de catal\u00e0, castell\u00e0 i competic<\/p>\n<p>Marta Torguet Guillamon: docent de catal\u00e0, castell\u00e0 i angl\u00e8s<\/p>\n<p>Mag\u00ed Querol Fontanals: administratiu<\/p>\n","protected":false},"excerpt":{"rendered":"<p>Mariona Linares Carret\u00e9: directora i docent de catal\u00e0, angl\u00e8s i GES a dist\u00e0ncia.<br \/>\nBerta Ruiz Cuadros: docent de catal\u00e0, castell\u00e0 i competic<br \/>\nMarta Torguet Guillamon: docent de catal\u00e0, castell\u00e0 i angl\u00e8s<br \/>\nMag\u00ed Querol Fontanals: administratiu<\/p>\n","protected":false},"author":1,"featured_media":0,"parent":261,"menu_order":40,"comment_status":"closed","ping_status":"closed","template":"page-templates\/side-menu.php","meta":{"_bbp_topic_count":0,"_bbp_reply_count":0,"_bbp_total_topic_count":0,"_bbp_total_reply_count":0,"_bbp_voice_count":0,"_bbp_anonymous_reply_count":0,"_bbp_topic_count_hidden":0,"_bbp_reply_count_hidden":0,"_bbp_forum_subforum_count":0,"footnotes":""},"class_list":["post-265","page","type-page","status-publish","hentry"],"post_mailing_queue_ids":[],"_links":{"self":[{"href":"https:\/\/agora.xtec.cat\/cfabadia\/wp-json\/wp\/v2\/pages\/265","targetHints":{"allow":["GET"]}}],"collection":[{"href":"https:\/\/agora.xtec.cat\/cfabadia\/wp-json\/wp\/v2\/pages"}],"about":[{"href":"https:\/\/agora.xtec.cat\/cfabadia\/wp-json\/wp\/v2\/types\/page"}],"author":[{"embeddable":true,"href":"https:\/\/agora.xtec.cat\/cfabadia\/wp-json\/wp\/v2\/users\/1"}],"replies":[{"embeddable":true,"href":"https:\/\/agora.xtec.cat\/cfabadia\/wp-json\/wp\/v2\/comments?post=265"}],"version-history":[{"count":6,"href":"https:\/\/agora.xtec.cat\/cfabadia\/wp-json\/wp\/v2\/pages\/265\/revisions"}],"predecessor-version":[{"id":1599,"href":"https:\/\/agora.xtec.cat\/cfabadia\/wp-json\/wp\/v2\/pages\/265\/revisions\/1599"}],"up":[{"embeddable":true,"href":"https:\/\/agora.xtec.cat\/cfabadia\/wp-json\/wp\/v2\/pages\/261"}],"wp:attachment":[{"href":"https:\/\/agora.xtec.cat\/cfabadia\/wp-json\/wp\/v2\/media?parent=265"}],"curies":[{"name":"wp","href":"https:\/\/api.w.org\/{rel}","templated":true}]}}