{"id":21,"date":"2014-09-17T16:14:14","date_gmt":"2014-09-17T16:14:14","guid":{"rendered":"http:\/\/agora.xtec.cat\/cfabadia\/?page_id=21"},"modified":"2019-01-17T17:21:38","modified_gmt":"2019-01-17T16:21:38","slug":"on-som","status":"publish","type":"page","link":"https:\/\/agora.xtec.cat\/cfabadia\/el-centre\/on-som\/","title":{"rendered":"On som"},"content":{"rendered":"<h2 style=\"color: #666666;\"><strong>CFA Badia del Vall\u00e8s<\/strong><\/h2>\n<p style=\"color: #666666;\"><span class=\"street-address\">Av. Costa Blava &#8211; edifici El Mol\u00ed 2a planta<\/span><br \/>\n<span class=\"postal-code\">08214<\/span>\u00a0<span class=\"locality\">Badia del Vall\u00e8s<\/span><\/p>\n<div class=\"tel\">93 693 26 20<\/div>\n<p>cfabadia@xtec.cat<\/p>\n<p><iframe loading=\"lazy\" style=\"border: 0;\" src=\"https:\/\/www.google.com\/maps\/embed?pb=!1m18!1m12!1m3!1d2987.9438497437573!2d2.1198062157295157!3d41.50549159662744!2m3!1f0!2f0!3f0!3m2!1i1024!2i768!4f13.1!3m3!1m2!1s0x12a495dbd776a697%3A0x4c9c4b352adb2b40!2sCentre+P%C3%BAblic+de+Formaci%C3%B3+de+Persones+Adultes+Badia+del+Vall%C3%A8s!5e0!3m2!1sca!2ses!4v1547139221888\" width=\"600\" height=\"450\" frameborder=\"0\" allowfullscreen=\"allowfullscreen\"><\/iframe><\/p>\n<p><strong>Com arribar-hi:<br \/>\n<\/strong><\/p>\n<ul>\n<li><a href=\"http:\/\/www.badiadelvalles.cat\/document.php?id=9\">En tren: Estaci\u00f3 Barber\u00e0 del Vall\u00e8s R4<\/a><\/li>\n<li><a href=\"http:\/\/www.badiadelvalles.cat\/document.php?id=9\">En bus: L\u00ednies A2, B1 i B4 de l&#8217;empresa Sarbus<\/a><\/li>\n<\/ul>\n","protected":false},"excerpt":{"rendered":"<p>CFA Badia del Vall\u00e8s<br \/>\nAv. Costa Blava &#8211; edifici El Mol\u00ed 2a planta<br \/>\n08214\u00a0Badia del Vall\u00e8s<br \/>\n93 693 26 20<br \/>\ncfabadia@xtec.cat<\/p>\n<p>Com arribar-hi:<\/p>\n<ul>\n<li><a href=\"http:\/\/www.badiadelvalles.cat\/document.php?id=9\">En tren: Estaci\u00f3 Barber\u00e0 del Vall\u00e8s R4<\/a><\/li>\n<li><a href=\"http:\/\/www.badiadelvalles.cat\/document.php?id=9\">En bus: L\u00ednies A2, B1 i B4 de l&#8217;empresa Sarbus<\/a><\/li>\n<\/ul>\n","protected":false},"author":1,"featured_media":0,"parent":261,"menu_order":10,"comment_status":"closed","ping_status":"closed","template":"page-templates\/side-menu.php","meta":{"_bbp_topic_count":0,"_bbp_reply_count":0,"_bbp_total_topic_count":0,"_bbp_total_reply_count":0,"_bbp_voice_count":0,"_bbp_anonymous_reply_count":0,"_bbp_topic_count_hidden":0,"_bbp_reply_count_hidden":0,"_bbp_forum_subforum_count":0,"footnotes":""},"class_list":["post-21","page","type-page","status-publish","hentry"],"post_mailing_queue_ids":[],"_links":{"self":[{"href":"https:\/\/agora.xtec.cat\/cfabadia\/wp-json\/wp\/v2\/pages\/21","targetHints":{"allow":["GET"]}}],"collection":[{"href":"https:\/\/agora.xtec.cat\/cfabadia\/wp-json\/wp\/v2\/pages"}],"about":[{"href":"https:\/\/agora.xtec.cat\/cfabadia\/wp-json\/wp\/v2\/types\/page"}],"author":[{"embeddable":true,"href":"https:\/\/agora.xtec.cat\/cfabadia\/wp-json\/wp\/v2\/users\/1"}],"replies":[{"embeddable":true,"href":"https:\/\/agora.xtec.cat\/cfabadia\/wp-json\/wp\/v2\/comments?post=21"}],"version-history":[{"count":3,"href":"https:\/\/agora.xtec.cat\/cfabadia\/wp-json\/wp\/v2\/pages\/21\/revisions"}],"predecessor-version":[{"id":399,"href":"https:\/\/agora.xtec.cat\/cfabadia\/wp-json\/wp\/v2\/pages\/21\/revisions\/399"}],"up":[{"embeddable":true,"href":"https:\/\/agora.xtec.cat\/cfabadia\/wp-json\/wp\/v2\/pages\/261"}],"wp:attachment":[{"href":"https:\/\/agora.xtec.cat\/cfabadia\/wp-json\/wp\/v2\/media?parent=21"}],"curies":[{"name":"wp","href":"https:\/\/api.w.org\/{rel}","templated":true}]}}