{"id":936,"date":"2018-10-31T10:36:39","date_gmt":"2018-10-31T09:36:39","guid":{"rendered":"http:\/\/agora.xtec.cat\/cfaarturmartorell\/?page_id=936"},"modified":"2023-01-23T15:51:21","modified_gmt":"2023-01-23T14:51:21","slug":"grups-interactius","status":"publish","type":"page","link":"https:\/\/agora.xtec.cat\/cfaarturmartorell\/projecte-educatiu\/grups-interactius\/","title":{"rendered":"Grups interactius"},"content":{"rendered":"<h3 style=\"text-align: center;\">Tothom apr\u00e8n de tothom<\/h3>\n<p>&nbsp;<\/p>\n<p><a href=\"https:\/\/agora.xtec.cat\/cfaarturmartorell\/wp-content\/uploads\/usu395\/2023\/01\/GI.png\"><img loading=\"lazy\" decoding=\"async\" class=\" wp-image-2734 alignleft\" src=\"https:\/\/agora.xtec.cat\/cfaarturmartorell\/wp-content\/uploads\/usu395\/2023\/01\/GI-724x1024.png\" alt=\"\" width=\"589\" height=\"833\" srcset=\"https:\/\/agora.xtec.cat\/cfaarturmartorell\/wp-content\/uploads\/usu395\/2023\/01\/GI-724x1024.png 724w, https:\/\/agora.xtec.cat\/cfaarturmartorell\/wp-content\/uploads\/usu395\/2023\/01\/GI-212x300.png 212w, https:\/\/agora.xtec.cat\/cfaarturmartorell\/wp-content\/uploads\/usu395\/2023\/01\/GI-768x1086.png 768w, https:\/\/agora.xtec.cat\/cfaarturmartorell\/wp-content\/uploads\/usu395\/2023\/01\/GI-1086x1536.png 1086w, https:\/\/agora.xtec.cat\/cfaarturmartorell\/wp-content\/uploads\/usu395\/2023\/01\/GI.png 1414w\" sizes=\"auto, (max-width: 589px) 100vw, 589px\" \/><\/a><\/p>\n<p>L\u2019alumnat s\u2019organitza en diversos grups heterogenis on han de fer activitats d\u2019aprenentatge, les quals s\u00f3n preferentment de <a href=\"https:\/\/agora.xtec.cat\/cfaarturmartorell\/general\/grups-interactius-a-fi3\/\">caire manipulatiu<\/a>, orientats per un voluntari o volunt\u00e0ria, que els acompanya per potenciar la interrelaci\u00f3 entre aquestes\/es i la seva participaci\u00f3.<\/p>\n<p>Cada activitat dura 20 minuts, passat aquest temps el grup es mou i passa a fer una altra activitat. En finalitzar la classe, el grup ha passat per quatre activitats.<\/p>\n<p>La <a href=\"https:\/\/agora.xtec.cat\/cfaarturmartorell\/general\/fem-grups-interactius\/\">conclusi\u00f3<\/a> que n\u2019hem tret tant alumnes com mestres \u00e9s positiva, socialment el grup s\u2019ha cohesionat i a la pr\u00e0ctica, sembla ser que l\u2019alumnat n\u2019han tret profit.<\/p>\n<p>Concretament, vam comen\u00e7ar el curs escolar 2016\/17 a implementar els GI a les aules i, de mica en mica, hem anat ampliant la seva aplicaci\u00f3 a la resta d\u2019ensenyaments.<\/p>\n","protected":false},"excerpt":{"rendered":"<p>Tothom apr\u00e8n de tothom &nbsp; L\u2019alumnat s\u2019organitza en diversos grups heterogenis on han de fer activitats d\u2019aprenentatge, les quals s\u00f3n preferentment de caire manipulatiu, orientats per un voluntari o volunt\u00e0ria, que els acompanya per potenciar la interrelaci\u00f3 entre aquestes\/es i la seva participaci\u00f3. Cada activitat dura 20 minuts, passat aquest temps el grup es mou [&hellip;]<\/p>\n","protected":false},"author":1,"featured_media":0,"parent":57,"menu_order":0,"comment_status":"closed","ping_status":"closed","template":"page-templates\/side-menu.php","meta":{"_bbp_topic_count":0,"_bbp_reply_count":0,"_bbp_total_topic_count":0,"_bbp_total_reply_count":0,"_bbp_voice_count":0,"_bbp_anonymous_reply_count":0,"_bbp_topic_count_hidden":0,"_bbp_reply_count_hidden":0,"_bbp_forum_subforum_count":0,"site-sidebar-layout":"default","site-content-layout":"","ast-site-content-layout":"","site-content-style":"default","site-sidebar-style":"default","ast-global-header-display":"","ast-banner-title-visibility":"","ast-main-header-display":"","ast-hfb-above-header-display":"","ast-hfb-below-header-display":"","ast-hfb-mobile-header-display":"","site-post-title":"","ast-breadcrumbs-content":"","ast-featured-img":"","footer-sml-layout":"","theme-transparent-header-meta":"","adv-header-id-meta":"","stick-header-meta":"","header-above-stick-meta":"","header-main-stick-meta":"","header-below-stick-meta":"","astra-migrate-meta-layouts":"default","ast-page-background-enabled":"default","ast-page-background-meta":{"desktop":{"background-color":"var(--ast-global-color-4)","background-image":"","background-repeat":"repeat","background-position":"center center","background-size":"auto","background-attachment":"scroll","background-type":"","background-media":"","overlay-type":"","overlay-color":"","overlay-opacity":"","overlay-gradient":""},"tablet":{"background-color":"","background-image":"","background-repeat":"repeat","background-position":"center center","background-size":"auto","background-attachment":"scroll","background-type":"","background-media":"","overlay-type":"","overlay-color":"","overlay-opacity":"","overlay-gradient":""},"mobile":{"background-color":"","background-image":"","background-repeat":"repeat","background-position":"center center","background-size":"auto","background-attachment":"scroll","background-type":"","background-media":"","overlay-type":"","overlay-color":"","overlay-opacity":"","overlay-gradient":""}},"ast-content-background-meta":{"desktop":{"background-color":"var(--ast-global-color-5)","background-image":"","background-repeat":"repeat","background-position":"center center","background-size":"auto","background-attachment":"scroll","background-type":"","background-media":"","overlay-type":"","overlay-color":"","overlay-opacity":"","overlay-gradient":""},"tablet":{"background-color":"var(--ast-global-color-5)","background-image":"","background-repeat":"repeat","background-position":"center center","background-size":"auto","background-attachment":"scroll","background-type":"","background-media":"","overlay-type":"","overlay-color":"","overlay-opacity":"","overlay-gradient":""},"mobile":{"background-color":"var(--ast-global-color-5)","background-image":"","background-repeat":"repeat","background-position":"center center","background-size":"auto","background-attachment":"scroll","background-type":"","background-media":"","overlay-type":"","overlay-color":"","overlay-opacity":"","overlay-gradient":""}},"footnotes":""},"class_list":["post-936","page","type-page","status-publish","hentry"],"post_mailing_queue_ids":[],"_links":{"self":[{"href":"https:\/\/agora.xtec.cat\/cfaarturmartorell\/wp-json\/wp\/v2\/pages\/936","targetHints":{"allow":["GET"]}}],"collection":[{"href":"https:\/\/agora.xtec.cat\/cfaarturmartorell\/wp-json\/wp\/v2\/pages"}],"about":[{"href":"https:\/\/agora.xtec.cat\/cfaarturmartorell\/wp-json\/wp\/v2\/types\/page"}],"author":[{"embeddable":true,"href":"https:\/\/agora.xtec.cat\/cfaarturmartorell\/wp-json\/wp\/v2\/users\/1"}],"replies":[{"embeddable":true,"href":"https:\/\/agora.xtec.cat\/cfaarturmartorell\/wp-json\/wp\/v2\/comments?post=936"}],"version-history":[{"count":3,"href":"https:\/\/agora.xtec.cat\/cfaarturmartorell\/wp-json\/wp\/v2\/pages\/936\/revisions"}],"predecessor-version":[{"id":2738,"href":"https:\/\/agora.xtec.cat\/cfaarturmartorell\/wp-json\/wp\/v2\/pages\/936\/revisions\/2738"}],"up":[{"embeddable":true,"href":"https:\/\/agora.xtec.cat\/cfaarturmartorell\/wp-json\/wp\/v2\/pages\/57"}],"wp:attachment":[{"href":"https:\/\/agora.xtec.cat\/cfaarturmartorell\/wp-json\/wp\/v2\/media?parent=936"}],"curies":[{"name":"wp","href":"https:\/\/api.w.org\/{rel}","templated":true}]}}