{"id":934,"date":"2018-10-31T10:42:47","date_gmt":"2018-10-31T09:42:47","guid":{"rendered":"http:\/\/agora.xtec.cat\/cfaarturmartorell\/?page_id=934"},"modified":"2023-01-23T16:02:32","modified_gmt":"2023-01-23T15:02:32","slug":"tertulia-dialogica","status":"publish","type":"page","link":"https:\/\/agora.xtec.cat\/cfaarturmartorell\/projecte-educatiu\/tertulia-dialogica\/","title":{"rendered":"Tert\u00falia dial\u00f2gica"},"content":{"rendered":"<p>&nbsp;<\/p>\n<p><a href=\"https:\/\/agora.xtec.cat\/cfaarturmartorell\/wp-content\/uploads\/usu395\/2023\/01\/tertulies.png\"><img loading=\"lazy\" decoding=\"async\" class=\"wp-image-2739 aligncenter\" src=\"https:\/\/agora.xtec.cat\/cfaarturmartorell\/wp-content\/uploads\/usu395\/2023\/01\/tertulies-1024x1024.png\" alt=\"\" width=\"708\" height=\"708\" srcset=\"https:\/\/agora.xtec.cat\/cfaarturmartorell\/wp-content\/uploads\/usu395\/2023\/01\/tertulies-1024x1024.png 1024w, https:\/\/agora.xtec.cat\/cfaarturmartorell\/wp-content\/uploads\/usu395\/2023\/01\/tertulies-300x300.png 300w, https:\/\/agora.xtec.cat\/cfaarturmartorell\/wp-content\/uploads\/usu395\/2023\/01\/tertulies-150x150.png 150w, https:\/\/agora.xtec.cat\/cfaarturmartorell\/wp-content\/uploads\/usu395\/2023\/01\/tertulies-768x768.png 768w, https:\/\/agora.xtec.cat\/cfaarturmartorell\/wp-content\/uploads\/usu395\/2023\/01\/tertulies.png 1080w\" sizes=\"auto, (max-width: 708px) 100vw, 708px\" \/><\/a><\/p>\n<p>&nbsp;<\/p>\n<p style=\"text-align: justify;\">Es tracta de la lectura compartida d\u2019un cl\u00e0ssic universal per a dialogar i reflexionar a partir d\u2019aquest. D\u2019aquesta manera, l\u2019alumnat, independentment del seu nivell acad\u00e8mic, pren contacte amb els referents culturals m\u00e9s importants a nivell mundial i construeix un coneixement compartit que transcendeix a l\u2019argument de l\u2019obra connectant amb les pr\u00f2pies experi\u00e8ncies, problem\u00e0tiques actuals&#8230; potenciant, en definitiva, una reflexi\u00f3 cr\u00edtica sobre aspectes relacionats amb la nostra societat.<\/p>\n<p style=\"text-align: justify;\">La metodologia\u00a0 \u00e9s molt senzilla, primerament, s\u2019ha d\u2019escollir un llibre de la literatura cl\u00e0ssica (i catalana i castellana) universal, i es programen els cap\u00edtols a llegir a cada sessi\u00f3. Un cop llegits individualment, cada participant ha d\u2019escollir un par\u00e0graf d\u2019aquest cap\u00edtol que li hagi agradat o captat l\u2019atenci\u00f3. De forma rotativa, i amb l\u2019ajuda del o la mestre -que actua com a moderador- un dels\/les alumnes llegeix el par\u00e0graf que ha escollit en veu alta i explica a la resta de companys per qu\u00e8 l\u2019ha escollit. A partir d\u2019aquest moment comen\u00e7a un debat en grup per opinar sobre la trama o motiu del par\u00e0graf, o per enlla\u00e7ar amb l\u2018explicaci\u00f3 donada pel company o companya. D\u2019aquesta manera es dialoga sobre els continguts o temes de l\u2019obra, es comparteixen interpretacions, es realitzen reflexions sobre l\u2019argument, s\u2019intercanvien punts de vista, es vincula el text amb experi\u00e8ncies personals o grupals, etc.<\/p>\n<p style=\"text-align: justify;\">Altres tipus de tert\u00falies dial\u00f2giques serien: les musicals, <a href=\"https:\/\/agora.xtec.cat\/cfaarturmartorell\/general\/tertulia-artistica-a-linpi\/\">d\u2019art<\/a>, les cient\u00edfiques o tamb\u00e9 les <a href=\"https:\/\/agora.xtec.cat\/cfaarturmartorell\/general\/formacio-dialogica-professorat\/\">pedag\u00f2giques<\/a>.<\/p>\n<p style=\"text-align: justify;\">Concretament, vam comen\u00e7ar el curs 2017-18 a implementar les tert\u00falies dial\u00f2giques a l\u2019aula. Actualment, continuem amb la seva aplicaci\u00f3 amb la intenci\u00f3 d\u2019ampliar-la als diferents ensenyaments.<\/p>\n<p style=\"text-align: justify;\">\n<p style=\"text-align: justify;\">Per a m\u00e9s informaci\u00f3: seguiu aquest <a href=\"https:\/\/agora.xtec.cat\/escpardinyes\/tertulies-dialogiques\/\">ENLLA\u00c7.<\/a><\/p>\n","protected":false},"excerpt":{"rendered":"<p>&nbsp; &nbsp; Es tracta de la lectura compartida d\u2019un cl\u00e0ssic universal per a dialogar i reflexionar a partir d\u2019aquest. D\u2019aquesta manera, l\u2019alumnat, independentment del seu nivell acad\u00e8mic, pren contacte amb els referents culturals m\u00e9s importants a nivell mundial i construeix un coneixement compartit que transcendeix a l\u2019argument de l\u2019obra connectant amb les pr\u00f2pies experi\u00e8ncies, problem\u00e0tiques [&hellip;]<\/p>\n","protected":false},"author":1,"featured_media":0,"parent":57,"menu_order":0,"comment_status":"closed","ping_status":"closed","template":"page-templates\/side-menu.php","meta":{"_bbp_topic_count":0,"_bbp_reply_count":0,"_bbp_total_topic_count":0,"_bbp_total_reply_count":0,"_bbp_voice_count":0,"_bbp_anonymous_reply_count":0,"_bbp_topic_count_hidden":0,"_bbp_reply_count_hidden":0,"_bbp_forum_subforum_count":0,"site-sidebar-layout":"default","site-content-layout":"","ast-site-content-layout":"","site-content-style":"default","site-sidebar-style":"default","ast-global-header-display":"","ast-banner-title-visibility":"","ast-main-header-display":"","ast-hfb-above-header-display":"","ast-hfb-below-header-display":"","ast-hfb-mobile-header-display":"","site-post-title":"","ast-breadcrumbs-content":"","ast-featured-img":"","footer-sml-layout":"","theme-transparent-header-meta":"","adv-header-id-meta":"","stick-header-meta":"","header-above-stick-meta":"","header-main-stick-meta":"","header-below-stick-meta":"","astra-migrate-meta-layouts":"default","ast-page-background-enabled":"default","ast-page-background-meta":{"desktop":{"background-color":"var(--ast-global-color-4)","background-image":"","background-repeat":"repeat","background-position":"center center","background-size":"auto","background-attachment":"scroll","background-type":"","background-media":"","overlay-type":"","overlay-color":"","overlay-opacity":"","overlay-gradient":""},"tablet":{"background-color":"","background-image":"","background-repeat":"repeat","background-position":"center center","background-size":"auto","background-attachment":"scroll","background-type":"","background-media":"","overlay-type":"","overlay-color":"","overlay-opacity":"","overlay-gradient":""},"mobile":{"background-color":"","background-image":"","background-repeat":"repeat","background-position":"center center","background-size":"auto","background-attachment":"scroll","background-type":"","background-media":"","overlay-type":"","overlay-color":"","overlay-opacity":"","overlay-gradient":""}},"ast-content-background-meta":{"desktop":{"background-color":"var(--ast-global-color-5)","background-image":"","background-repeat":"repeat","background-position":"center center","background-size":"auto","background-attachment":"scroll","background-type":"","background-media":"","overlay-type":"","overlay-color":"","overlay-opacity":"","overlay-gradient":""},"tablet":{"background-color":"var(--ast-global-color-5)","background-image":"","background-repeat":"repeat","background-position":"center center","background-size":"auto","background-attachment":"scroll","background-type":"","background-media":"","overlay-type":"","overlay-color":"","overlay-opacity":"","overlay-gradient":""},"mobile":{"background-color":"var(--ast-global-color-5)","background-image":"","background-repeat":"repeat","background-position":"center center","background-size":"auto","background-attachment":"scroll","background-type":"","background-media":"","overlay-type":"","overlay-color":"","overlay-opacity":"","overlay-gradient":""}},"footnotes":""},"class_list":["post-934","page","type-page","status-publish","hentry"],"post_mailing_queue_ids":[],"_links":{"self":[{"href":"https:\/\/agora.xtec.cat\/cfaarturmartorell\/wp-json\/wp\/v2\/pages\/934","targetHints":{"allow":["GET"]}}],"collection":[{"href":"https:\/\/agora.xtec.cat\/cfaarturmartorell\/wp-json\/wp\/v2\/pages"}],"about":[{"href":"https:\/\/agora.xtec.cat\/cfaarturmartorell\/wp-json\/wp\/v2\/types\/page"}],"author":[{"embeddable":true,"href":"https:\/\/agora.xtec.cat\/cfaarturmartorell\/wp-json\/wp\/v2\/users\/1"}],"replies":[{"embeddable":true,"href":"https:\/\/agora.xtec.cat\/cfaarturmartorell\/wp-json\/wp\/v2\/comments?post=934"}],"version-history":[{"count":4,"href":"https:\/\/agora.xtec.cat\/cfaarturmartorell\/wp-json\/wp\/v2\/pages\/934\/revisions"}],"predecessor-version":[{"id":2743,"href":"https:\/\/agora.xtec.cat\/cfaarturmartorell\/wp-json\/wp\/v2\/pages\/934\/revisions\/2743"}],"up":[{"embeddable":true,"href":"https:\/\/agora.xtec.cat\/cfaarturmartorell\/wp-json\/wp\/v2\/pages\/57"}],"wp:attachment":[{"href":"https:\/\/agora.xtec.cat\/cfaarturmartorell\/wp-json\/wp\/v2\/media?parent=934"}],"curies":[{"name":"wp","href":"https:\/\/api.w.org\/{rel}","templated":true}]}}