{"id":52,"date":"2014-09-17T16:58:07","date_gmt":"2014-09-17T16:58:07","guid":{"rendered":"http:\/\/agora.xtec.cat\/cfaarturmartorell\/?page_id=52"},"modified":"2025-09-02T17:41:04","modified_gmt":"2025-09-02T15:41:04","slug":"calendari-del-curs","status":"publish","type":"page","link":"https:\/\/agora.xtec.cat\/cfaarturmartorell\/el-centre\/calendari-del-curs\/","title":{"rendered":"Calendari del curs i horaris generals"},"content":{"rendered":"<p><strong>HORARIS DE LES CLASSES:<\/strong><\/p>\n<p>Els horaris de les classes estaran establerts en quatre franges hor\u00e0ries, dues de mat\u00ed i dues de tarda. Els ensenyaments s\u2019impartiran al mat\u00ed de 9 a 11 hores i d\u201911 a 13 hores i a la tarda de 15 a 17 hores i de 17 a 19 hores.<\/p>\n<p><strong>CALENDARI ESCOLAR<\/strong><\/p>\n<p>El <a href=\"https:\/\/educacio.gencat.cat\/ca\/arees-actuacio\/centres-serveis-educatius\/centres\/calendari-escolar\/curs-2025-2026\/index.html\">calendari escolar<\/a> del curs 2025-2026, segons el Calendari Escolar del Departament d\u2019 Educaci\u00f3, <span style=\"font-family: inherit; font-size: 1em; line-height: 1.6;\">\u00e9s el seg\u00fcent:<\/span><\/p>\n<table width=\"633\">\n<tbody>\n<tr>\n<td style=\"width: 135px; background-color: #d4cbb6;\" rowspan=\"2\"><strong>INICI DE CURS<\/strong><\/td>\n<td style=\"width: 148px;\">PROFESSORAT<\/td>\n<td style=\"width: 340px;\">Dilluns, 1 de setembre 2025<\/td>\n<\/tr>\n<tr>\n<td style=\"width: 148px;\">ALUMNAT<\/td>\n<td style=\"width: 340px;\">Dilluns, 22 de setembre 2025<\/td>\n<\/tr>\n<tr>\n<td style=\"width: 135px; background-color: #d4cbb6;\" rowspan=\"2\"><strong>FI DE CURS<\/strong><\/td>\n<td style=\"width: 148px;\">ALUMNAT<\/td>\n<td style=\"width: 340px;\">Divendres, 19 de juny 2026<\/td>\n<\/tr>\n<tr>\n<td style=\"width: 148px;\">PROFESSORAT<\/td>\n<td style=\"width: 340px;\">Dimarts, 30 juny 2026<\/td>\n<\/tr>\n<tr>\n<td style=\"width: 135px; background-color: #d4cbb6;\" rowspan=\"2\"><strong>VACANCES<\/strong><\/td>\n<td style=\"width: 148px;\">NADAL<\/td>\n<td style=\"width: 340px;\">Del 22\/12\/2025 al 7\/01\/2026 (ambd\u00f3s inclosos)<\/td>\n<\/tr>\n<tr>\n<td style=\"width: 148px;\">SETMANA SANTA<\/td>\n<td style=\"width: 340px;\">Del 30\/03\/2026 al 06\/04\/2026 (ambd\u00f3s inclosos)<\/td>\n<\/tr>\n<\/tbody>\n<\/table>\n<p><strong>\u00a0<\/strong>El nostre Centre estableix com a dies festius de lliure disposici\u00f3:<strong>\u00a0<\/strong><\/p>\n<table style=\"height: 165px; width: 27.9878%;\">\n<tbody>\n<tr style=\"height: 33px;\">\n<td style=\"height: 33px;\" width=\"280\">31d&#8217;octubre 2025<\/td>\n<\/tr>\n<tr style=\"height: 33px;\">\n<td style=\"height: 33px;\" width=\"280\">3 de novembre 2025<\/td>\n<\/tr>\n<tr style=\"height: 33px;\">\n<td style=\"height: 33px;\" width=\"280\">16 de febrer 2026<\/td>\n<\/tr>\n<tr style=\"height: 33px;\">\n<td style=\"height: 33px;\" width=\"280\">2 de mar\u00e7 2026<\/td>\n<\/tr>\n<tr style=\"height: 33px;\">\n<td style=\"height: 33px;\" width=\"280\">4 de maig 2026<\/td>\n<\/tr>\n<tr>\n<td>25 de maig 2026<\/td>\n<\/tr>\n<\/tbody>\n<\/table>\n<p><strong>CALENDARI DE REUNIONS DE LES SESSIONS D\u2019 AVALUACI\u00d3:<\/strong><\/p>\n<p>Se\u2019n far\u00e0 una per trimestre als ensenyaments anuals (FI-1, FI-4), i als ensenyaments trimestrals (Catal\u00e0 1-2-3, Castell\u00e0 1-2-3, GESO i Competic 3):<\/p>\n<table width=\"376\">\n<tbody>\n<tr>\n<td style=\"width: 184px;\" width=\"188\">1r trimestre<\/td>\n<td style=\"width: 184px;\" width=\"188\">19\/12\/2025<\/td>\n<\/tr>\n<tr>\n<td style=\"width: 184px;\" width=\"188\">2n trimestre<\/td>\n<td style=\"width: 184px;\" width=\"188\">27\/03\/2026<\/td>\n<\/tr>\n<tr>\n<td style=\"width: 184px;\" width=\"188\">3r trimestre<\/td>\n<td style=\"width: 184px;\" width=\"188\">19\/06\/2026<\/td>\n<\/tr>\n<\/tbody>\n<\/table>\n<p>Se\u2019n far\u00e0 una per quadrimestre als ensenyaments FI-2, FI-3, Competic inicial, Competic 1 i Competic 2, Lleng\u00fces estrangeres (Angl\u00e8s 1,2,3 i Franc\u00e8s 1,2):<\/p>\n<table style=\"height: 66px;\" width=\"385\">\n<tbody>\n<tr style=\"height: 33px;\">\n<td style=\"height: 33px;\" width=\"140\">1r quadrimestre<\/td>\n<td style=\"height: 33px;\" width=\"246\">13\/02\/2026<\/td>\n<\/tr>\n<tr style=\"height: 33px;\">\n<td style=\"height: 33px;\" width=\"140\">2n quadrimestre<\/td>\n<td style=\"height: 33px;\" width=\"246\">19\/06\/2026<\/td>\n<\/tr>\n<\/tbody>\n<\/table>\n<p>Existeixen avaluacions parcials pels ensenyaments de Formaci\u00f3 Instrumental des de la implementaci\u00f3 del nou curr\u00edculum:<\/p>\n<table>\n<tbody>\n<tr>\n<td style=\"text-align: center;\" colspan=\"2\">FI-1 i FI-4<\/td>\n<\/tr>\n<tr style=\"height: 33px;\">\n<td style=\"height: 33px;\" width=\"140\">1r parcial<\/td>\n<td style=\"height: 33px;\" width=\"246\">20\/12\/2025<\/td>\n<\/tr>\n<tr>\n<td>2n parcial<\/td>\n<td>28\/03\/2026<\/td>\n<\/tr>\n<\/tbody>\n<\/table>\n<table>\n<tbody>\n<tr>\n<td style=\"text-align: center;\" colspan=\"2\">FI-2 i FI-3<\/td>\n<\/tr>\n<tr style=\"height: 33px;\">\n<td style=\"height: 33px;\" width=\"140\">1r parcial<\/td>\n<td style=\"height: 33px;\" width=\"246\">21\/11\/2025<\/td>\n<\/tr>\n<tr style=\"height: 33px;\">\n<td style=\"height: 33px;\" width=\"140\">2n parcial<\/td>\n<td style=\"height: 33px;\" width=\"246\">17\/04\/2026<\/td>\n<\/tr>\n<\/tbody>\n<\/table>\n<p>&nbsp;<\/p>\n<p><strong>DATES DE MATR\u00cdCULA<\/strong><\/p>\n<p>Al CFA Artur Martorell les matriculacions es portaran a terme a principi de curs i al llarg de tot el per\u00edode escolar (matr\u00edcula viva).<\/p>\n<p>&nbsp;<\/p>\n<p>&nbsp;<\/p>\n<p>&nbsp;<\/p>\n","protected":false},"excerpt":{"rendered":"<p>HORARIS DE LES CLASSES: Els horaris de les classes estaran establerts en quatre franges hor\u00e0ries, dues de mat\u00ed i dues de tarda. Els ensenyaments s\u2019impartiran al mat\u00ed de 9 a 11 hores i d\u201911 a 13 hores i a la tarda de 15 a 17 hores i de 17 a 19 hores. CALENDARI ESCOLAR El [&hellip;]<\/p>\n","protected":false},"author":1,"featured_media":0,"parent":261,"menu_order":50,"comment_status":"closed","ping_status":"closed","template":"page-templates\/side-menu.php","meta":{"_bbp_topic_count":0,"_bbp_reply_count":0,"_bbp_total_topic_count":0,"_bbp_total_reply_count":0,"_bbp_voice_count":0,"_bbp_anonymous_reply_count":0,"_bbp_topic_count_hidden":0,"_bbp_reply_count_hidden":0,"_bbp_forum_subforum_count":0,"site-sidebar-layout":"default","site-content-layout":"","ast-site-content-layout":"","site-content-style":"default","site-sidebar-style":"default","ast-global-header-display":"","ast-banner-title-visibility":"","ast-main-header-display":"","ast-hfb-above-header-display":"","ast-hfb-below-header-display":"","ast-hfb-mobile-header-display":"","site-post-title":"","ast-breadcrumbs-content":"","ast-featured-img":"","footer-sml-layout":"","theme-transparent-header-meta":"","adv-header-id-meta":"","stick-header-meta":"","header-above-stick-meta":"","header-main-stick-meta":"","header-below-stick-meta":"","astra-migrate-meta-layouts":"default","ast-page-background-enabled":"default","ast-page-background-meta":{"desktop":{"background-color":"var(--ast-global-color-4)","background-image":"","background-repeat":"repeat","background-position":"center center","background-size":"auto","background-attachment":"scroll","background-type":"","background-media":"","overlay-type":"","overlay-color":"","overlay-opacity":"","overlay-gradient":""},"tablet":{"background-color":"","background-image":"","background-repeat":"repeat","background-position":"center center","background-size":"auto","background-attachment":"scroll","background-type":"","background-media":"","overlay-type":"","overlay-color":"","overlay-opacity":"","overlay-gradient":""},"mobile":{"background-color":"","background-image":"","background-repeat":"repeat","background-position":"center center","background-size":"auto","background-attachment":"scroll","background-type":"","background-media":"","overlay-type":"","overlay-color":"","overlay-opacity":"","overlay-gradient":""}},"ast-content-background-meta":{"desktop":{"background-color":"var(--ast-global-color-5)","background-image":"","background-repeat":"repeat","background-position":"center center","background-size":"auto","background-attachment":"scroll","background-type":"","background-media":"","overlay-type":"","overlay-color":"","overlay-opacity":"","overlay-gradient":""},"tablet":{"background-color":"var(--ast-global-color-5)","background-image":"","background-repeat":"repeat","background-position":"center center","background-size":"auto","background-attachment":"scroll","background-type":"","background-media":"","overlay-type":"","overlay-color":"","overlay-opacity":"","overlay-gradient":""},"mobile":{"background-color":"var(--ast-global-color-5)","background-image":"","background-repeat":"repeat","background-position":"center center","background-size":"auto","background-attachment":"scroll","background-type":"","background-media":"","overlay-type":"","overlay-color":"","overlay-opacity":"","overlay-gradient":""}},"footnotes":""},"class_list":["post-52","page","type-page","status-publish","hentry"],"post_mailing_queue_ids":[],"_links":{"self":[{"href":"https:\/\/agora.xtec.cat\/cfaarturmartorell\/wp-json\/wp\/v2\/pages\/52","targetHints":{"allow":["GET"]}}],"collection":[{"href":"https:\/\/agora.xtec.cat\/cfaarturmartorell\/wp-json\/wp\/v2\/pages"}],"about":[{"href":"https:\/\/agora.xtec.cat\/cfaarturmartorell\/wp-json\/wp\/v2\/types\/page"}],"author":[{"embeddable":true,"href":"https:\/\/agora.xtec.cat\/cfaarturmartorell\/wp-json\/wp\/v2\/users\/1"}],"replies":[{"embeddable":true,"href":"https:\/\/agora.xtec.cat\/cfaarturmartorell\/wp-json\/wp\/v2\/comments?post=52"}],"version-history":[{"count":8,"href":"https:\/\/agora.xtec.cat\/cfaarturmartorell\/wp-json\/wp\/v2\/pages\/52\/revisions"}],"predecessor-version":[{"id":4369,"href":"https:\/\/agora.xtec.cat\/cfaarturmartorell\/wp-json\/wp\/v2\/pages\/52\/revisions\/4369"}],"up":[{"embeddable":true,"href":"https:\/\/agora.xtec.cat\/cfaarturmartorell\/wp-json\/wp\/v2\/pages\/261"}],"wp:attachment":[{"href":"https:\/\/agora.xtec.cat\/cfaarturmartorell\/wp-json\/wp\/v2\/media?parent=52"}],"curies":[{"name":"wp","href":"https:\/\/api.w.org\/{rel}","templated":true}]}}