{"id":408,"date":"2015-09-14T14:40:08","date_gmt":"2015-09-14T13:40:08","guid":{"rendered":"http:\/\/agora.xtec.cat\/cfaarturmartorell\/?page_id=408"},"modified":"2023-09-25T13:44:20","modified_gmt":"2023-09-25T11:44:20","slug":"la-nostra-revista-finestra","status":"publish","type":"page","link":"https:\/\/agora.xtec.cat\/cfaarturmartorell\/el-centre\/la-nostra-revista-finestra\/","title":{"rendered":"La nostra revista: Finestra"},"content":{"rendered":"<p>Des del curs 2008-2009 fins al 2017 el grup de docents de l&#8217;escola va estar confeccionant amb l&#8217;alumnat una revista de 32 p\u00e0gines a tot color en la qual es recollien els esdeveniments m\u00e9s significatius del curs, aix\u00ed com les novetats i resultats acad\u00e8mics de relleu, activitats fetes durant el curs, escrits dels i les alumnes, col\u00b7laboracions amb d&#8217;altres professionals, activitats amb visitants rellevants&#8230;<\/p>\n<p>Actualment ens hem passat al m\u00f3n digital i continuem amb les publicacions per\u00f2 les fem totes a la p\u00e0gina web.<\/p>\n<p><a href=\"https:\/\/drive.google.com\/open?id=1ZTAy6ZpWp2-MGuimFBoXT822rlO3c1Wz\"><img loading=\"lazy\" decoding=\"async\" class=\"alignnone size-medium wp-image-435\" src=\"http:\/\/agora.xtec.cat\/cfaarturmartorell\/wp-content\/uploads\/usu395\/2015\/09\/finestra-08-09-212x300.jpg\" alt=\"finestra 08 09\" width=\"212\" height=\"300\" srcset=\"https:\/\/agora.xtec.cat\/cfaarturmartorell\/wp-content\/uploads\/usu395\/2015\/09\/finestra-08-09-212x300.jpg 212w, https:\/\/agora.xtec.cat\/cfaarturmartorell\/wp-content\/uploads\/usu395\/2015\/09\/finestra-08-09.jpg 348w\" sizes=\"auto, (max-width: 212px) 100vw, 212px\" \/><\/a>\u00a0<a href=\"https:\/\/drive.google.com\/open?id=1C2EC8j-INMDUgtuxSQlFPXFvhYwAiAus\"><img loading=\"lazy\" decoding=\"async\" class=\"alignnone size-medium wp-image-419\" src=\"http:\/\/agora.xtec.cat\/cfaarturmartorell\/wp-content\/uploads\/usu395\/2015\/09\/Finestra-2009-2010-213x300.jpg\" alt=\"Finestra 2009-2010\" width=\"213\" height=\"300\" srcset=\"https:\/\/agora.xtec.cat\/cfaarturmartorell\/wp-content\/uploads\/usu395\/2015\/09\/Finestra-2009-2010-213x300.jpg 213w, https:\/\/agora.xtec.cat\/cfaarturmartorell\/wp-content\/uploads\/usu395\/2015\/09\/Finestra-2009-2010.jpg 294w\" sizes=\"auto, (max-width: 213px) 100vw, 213px\" \/><\/a><a href=\"https:\/\/drive.google.com\/open?id=1gGNDKgqVvX3RLWHPVF2X9Uz9OsL3f_ti\"><img loading=\"lazy\" decoding=\"async\" class=\"alignnone size-medium wp-image-421\" src=\"http:\/\/agora.xtec.cat\/cfaarturmartorell\/wp-content\/uploads\/usu395\/2015\/09\/Finestra-10-11-220x300.jpg\" alt=\"Finestra 10-11\" width=\"220\" height=\"300\" srcset=\"https:\/\/agora.xtec.cat\/cfaarturmartorell\/wp-content\/uploads\/usu395\/2015\/09\/Finestra-10-11-220x300.jpg 220w, https:\/\/agora.xtec.cat\/cfaarturmartorell\/wp-content\/uploads\/usu395\/2015\/09\/Finestra-10-11.jpg 318w\" sizes=\"auto, (max-width: 220px) 100vw, 220px\" \/><\/a><\/p>\n<p><a href=\"https:\/\/drive.google.com\/open?id=17fviN9RWxhZfebxjwuhJO_5Sj1uhAk5Q\"><img loading=\"lazy\" decoding=\"async\" class=\"alignnone size-medium wp-image-417\" src=\"http:\/\/agora.xtec.cat\/cfaarturmartorell\/wp-content\/uploads\/usu395\/2015\/09\/REVISTA-11-121-210x300.jpg\" alt=\"REVISTA 11 12\" width=\"210\" height=\"300\" srcset=\"https:\/\/agora.xtec.cat\/cfaarturmartorell\/wp-content\/uploads\/usu395\/2015\/09\/REVISTA-11-121-210x300.jpg 210w, https:\/\/agora.xtec.cat\/cfaarturmartorell\/wp-content\/uploads\/usu395\/2015\/09\/REVISTA-11-121.jpg 406w\" sizes=\"auto, (max-width: 210px) 100vw, 210px\" \/><\/a><a href=\"https:\/\/drive.google.com\/open?id=18blhktYSDH_J5oo4cUm27JPkW5XNp2gj\"><img loading=\"lazy\" decoding=\"async\" class=\"alignnone size-medium wp-image-427\" src=\"http:\/\/agora.xtec.cat\/cfaarturmartorell\/wp-content\/uploads\/usu395\/2015\/09\/Finestra-12-13-212x300.jpg\" alt=\"Finestra 12 13\" width=\"212\" height=\"300\" srcset=\"https:\/\/agora.xtec.cat\/cfaarturmartorell\/wp-content\/uploads\/usu395\/2015\/09\/Finestra-12-13-212x300.jpg 212w, https:\/\/agora.xtec.cat\/cfaarturmartorell\/wp-content\/uploads\/usu395\/2015\/09\/Finestra-12-13.jpg 322w\" sizes=\"auto, (max-width: 212px) 100vw, 212px\" \/><\/a><a href=\"https:\/\/drive.google.com\/open?id=1Jo8P1X8O1XCi2W0vmj2o4t8ZEsXAt7hy\"><img loading=\"lazy\" decoding=\"async\" class=\"alignnone size-medium wp-image-425\" src=\"http:\/\/agora.xtec.cat\/cfaarturmartorell\/wp-content\/uploads\/usu395\/2015\/09\/Finestra-13-14-216x300.jpg\" alt=\"Finestra 13 14\" width=\"216\" height=\"300\" srcset=\"https:\/\/agora.xtec.cat\/cfaarturmartorell\/wp-content\/uploads\/usu395\/2015\/09\/Finestra-13-14-216x300.jpg 216w, https:\/\/agora.xtec.cat\/cfaarturmartorell\/wp-content\/uploads\/usu395\/2015\/09\/Finestra-13-14.jpg 323w\" sizes=\"auto, (max-width: 216px) 100vw, 216px\" \/><\/a><\/p>\n<p><a href=\"https:\/\/drive.google.com\/open?id=1CAKzDMH5V48H2BdLI67C-Obcc5QkcmFY\"><img loading=\"lazy\" decoding=\"async\" class=\"alignnone size-medium wp-image-458\" src=\"http:\/\/agora.xtec.cat\/cfaarturmartorell\/wp-content\/uploads\/usu395\/2015\/09\/FINESTRA1415-214x300.jpg\" alt=\"FINESTRA1415\" width=\"214\" height=\"300\" srcset=\"https:\/\/agora.xtec.cat\/cfaarturmartorell\/wp-content\/uploads\/usu395\/2015\/09\/FINESTRA1415-214x300.jpg 214w, https:\/\/agora.xtec.cat\/cfaarturmartorell\/wp-content\/uploads\/usu395\/2015\/09\/FINESTRA1415.jpg 326w\" sizes=\"auto, (max-width: 214px) 100vw, 214px\" \/><\/a><a href=\"https:\/\/drive.google.com\/open?id=1xcIjrV3z56pQo3IoFEUOpUjs3BbkP9LR\"><img loading=\"lazy\" decoding=\"async\" class=\"alignnone wp-image-633 size-medium\" src=\"http:\/\/agora.xtec.cat\/cfaarturmartorell\/wp-content\/uploads\/usu395\/2015\/09\/Revista-2016-213x300.jpg\" alt=\"Revista 2016\" width=\"213\" height=\"300\" srcset=\"https:\/\/agora.xtec.cat\/cfaarturmartorell\/wp-content\/uploads\/usu395\/2015\/09\/Revista-2016-213x300.jpg 213w, https:\/\/agora.xtec.cat\/cfaarturmartorell\/wp-content\/uploads\/usu395\/2015\/09\/Revista-2016.jpg 229w\" sizes=\"auto, (max-width: 213px) 100vw, 213px\" \/><\/a><a href=\"https:\/\/drive.google.com\/open?id=15SPmtpEu_Aw75Y9hKvnQKesYmL2Poz7Z\" rel=\"attachment wp-att-743\"><img loading=\"lazy\" decoding=\"async\" class=\"alignnone wp-image-633 size-medium\" src=\"http:\/\/agora.xtec.cat\/cfaarturmartorell\/wp-content\/uploads\/usu395\/2015\/09\/Screenshot-2018-5-4-Revista-Finestra-Google-Drive-212x300.png\" alt=\"\" width=\"212\" height=\"300\" \/><\/a><\/p>\n","protected":false},"excerpt":{"rendered":"<p>Des del curs 2008-2009 fins al 2017 el grup de docents de l&#8217;escola va estar confeccionant amb l&#8217;alumnat una revista de 32 p\u00e0gines a tot color en la qual es recollien els esdeveniments m\u00e9s significatius del curs, aix\u00ed com les novetats i resultats acad\u00e8mics de relleu, activitats fetes durant el curs, escrits dels i les [&hellip;]<\/p>\n","protected":false},"author":1,"featured_media":0,"parent":261,"menu_order":70,"comment_status":"closed","ping_status":"closed","template":"page-templates\/side-menu.php","meta":{"_bbp_topic_count":0,"_bbp_reply_count":0,"_bbp_total_topic_count":0,"_bbp_total_reply_count":0,"_bbp_voice_count":0,"_bbp_anonymous_reply_count":0,"_bbp_topic_count_hidden":0,"_bbp_reply_count_hidden":0,"_bbp_forum_subforum_count":0,"site-sidebar-layout":"default","site-content-layout":"","ast-site-content-layout":"","site-content-style":"default","site-sidebar-style":"default","ast-global-header-display":"","ast-banner-title-visibility":"","ast-main-header-display":"","ast-hfb-above-header-display":"","ast-hfb-below-header-display":"","ast-hfb-mobile-header-display":"","site-post-title":"","ast-breadcrumbs-content":"","ast-featured-img":"","footer-sml-layout":"","theme-transparent-header-meta":"","adv-header-id-meta":"","stick-header-meta":"","header-above-stick-meta":"","header-main-stick-meta":"","header-below-stick-meta":"","astra-migrate-meta-layouts":"default","ast-page-background-enabled":"default","ast-page-background-meta":{"desktop":{"background-color":"var(--ast-global-color-4)","background-image":"","background-repeat":"repeat","background-position":"center center","background-size":"auto","background-attachment":"scroll","background-type":"","background-media":"","overlay-type":"","overlay-color":"","overlay-opacity":"","overlay-gradient":""},"tablet":{"background-color":"","background-image":"","background-repeat":"repeat","background-position":"center center","background-size":"auto","background-attachment":"scroll","background-type":"","background-media":"","overlay-type":"","overlay-color":"","overlay-opacity":"","overlay-gradient":""},"mobile":{"background-color":"","background-image":"","background-repeat":"repeat","background-position":"center center","background-size":"auto","background-attachment":"scroll","background-type":"","background-media":"","overlay-type":"","overlay-color":"","overlay-opacity":"","overlay-gradient":""}},"ast-content-background-meta":{"desktop":{"background-color":"var(--ast-global-color-5)","background-image":"","background-repeat":"repeat","background-position":"center center","background-size":"auto","background-attachment":"scroll","background-type":"","background-media":"","overlay-type":"","overlay-color":"","overlay-opacity":"","overlay-gradient":""},"tablet":{"background-color":"var(--ast-global-color-5)","background-image":"","background-repeat":"repeat","background-position":"center center","background-size":"auto","background-attachment":"scroll","background-type":"","background-media":"","overlay-type":"","overlay-color":"","overlay-opacity":"","overlay-gradient":""},"mobile":{"background-color":"var(--ast-global-color-5)","background-image":"","background-repeat":"repeat","background-position":"center center","background-size":"auto","background-attachment":"scroll","background-type":"","background-media":"","overlay-type":"","overlay-color":"","overlay-opacity":"","overlay-gradient":""}},"footnotes":""},"class_list":["post-408","page","type-page","status-publish","hentry"],"post_mailing_queue_ids":[],"_links":{"self":[{"href":"https:\/\/agora.xtec.cat\/cfaarturmartorell\/wp-json\/wp\/v2\/pages\/408","targetHints":{"allow":["GET"]}}],"collection":[{"href":"https:\/\/agora.xtec.cat\/cfaarturmartorell\/wp-json\/wp\/v2\/pages"}],"about":[{"href":"https:\/\/agora.xtec.cat\/cfaarturmartorell\/wp-json\/wp\/v2\/types\/page"}],"author":[{"embeddable":true,"href":"https:\/\/agora.xtec.cat\/cfaarturmartorell\/wp-json\/wp\/v2\/users\/1"}],"replies":[{"embeddable":true,"href":"https:\/\/agora.xtec.cat\/cfaarturmartorell\/wp-json\/wp\/v2\/comments?post=408"}],"version-history":[{"count":3,"href":"https:\/\/agora.xtec.cat\/cfaarturmartorell\/wp-json\/wp\/v2\/pages\/408\/revisions"}],"predecessor-version":[{"id":3414,"href":"https:\/\/agora.xtec.cat\/cfaarturmartorell\/wp-json\/wp\/v2\/pages\/408\/revisions\/3414"}],"up":[{"embeddable":true,"href":"https:\/\/agora.xtec.cat\/cfaarturmartorell\/wp-json\/wp\/v2\/pages\/261"}],"wp:attachment":[{"href":"https:\/\/agora.xtec.cat\/cfaarturmartorell\/wp-json\/wp\/v2\/media?parent=408"}],"curies":[{"name":"wp","href":"https:\/\/api.w.org\/{rel}","templated":true}]}}