{"id":39,"date":"2014-09-17T16:36:44","date_gmt":"2014-09-17T16:36:44","guid":{"rendered":"http:\/\/agora.xtec.cat\/cfaarturmartorell\/?page_id=39"},"modified":"2023-03-27T16:59:00","modified_gmt":"2023-03-27T14:59:00","slug":"instal%c2%b7lacions","status":"publish","type":"page","link":"https:\/\/agora.xtec.cat\/cfaarturmartorell\/el-centre\/instal%c2%b7lacions\/","title":{"rendered":"Instal\u00b7lacions"},"content":{"rendered":"<p>Durant molts anys el docents del CFA Artur Martorell v\u00e0rem estar desenvolupant la nostra feina en aules repartides per tot el centre penitenciari aprofitant les aules fetes dins l&#8217;estructura arquitect\u00f2nica inicial.<\/p>\n<p>Per aquesta q\u00fcesti\u00f3, durant anys, v\u00e0rem estar reclamant des d&#8217;un despatx on ens pogu\u00e9ssim reunir tots els docents, fins a aules per poder reunir alumnat del mateix nivell de tots els m\u00f2duls per augmentar la r\u00e0tio i ser m\u00e9s operatius. Davant de la dificultat que aix\u00f2 representava i la manca de pressupostos que ho facilitessin, en els \u00faltims dies del curs 2014-2015 vam sol\u00b7licitar deixar de ser l&#8217;\u00fanica escola dins d&#8217;una pres\u00f3 que no dispos\u00e9s d&#8217;una \u00e0rea educativa i, malgrat la promesa de poder comen\u00e7ar el curs 2015-2016 amb unes instal\u00b7lacions habilitades a partir de cel\u00b7les que no es feien servir, el nostre somni es va fer efectiu a partir del mes de maig de 2016.<\/p>\n<p><a href=\"https:\/\/agora.xtec.cat\/cfaarturmartorell\/wp-content\/uploads\/usu395\/2023\/03\/Pastel-Orange-Business-Plan-Infographic-Instagram-Post.png\"><img loading=\"lazy\" decoding=\"async\" class=\"wp-image-3073 aligncenter\" src=\"https:\/\/agora.xtec.cat\/cfaarturmartorell\/wp-content\/uploads\/usu395\/2023\/03\/Pastel-Orange-Business-Plan-Infographic-Instagram-Post-1024x1024.png\" alt=\"\" width=\"605\" height=\"605\" srcset=\"https:\/\/agora.xtec.cat\/cfaarturmartorell\/wp-content\/uploads\/usu395\/2023\/03\/Pastel-Orange-Business-Plan-Infographic-Instagram-Post-1024x1024.png 1024w, https:\/\/agora.xtec.cat\/cfaarturmartorell\/wp-content\/uploads\/usu395\/2023\/03\/Pastel-Orange-Business-Plan-Infographic-Instagram-Post-300x300.png 300w, https:\/\/agora.xtec.cat\/cfaarturmartorell\/wp-content\/uploads\/usu395\/2023\/03\/Pastel-Orange-Business-Plan-Infographic-Instagram-Post-150x150.png 150w, https:\/\/agora.xtec.cat\/cfaarturmartorell\/wp-content\/uploads\/usu395\/2023\/03\/Pastel-Orange-Business-Plan-Infographic-Instagram-Post-768x768.png 768w, https:\/\/agora.xtec.cat\/cfaarturmartorell\/wp-content\/uploads\/usu395\/2023\/03\/Pastel-Orange-Business-Plan-Infographic-Instagram-Post.png 1080w\" sizes=\"auto, (max-width: 605px) 100vw, 605px\" \/><\/a><\/p>\n","protected":false},"excerpt":{"rendered":"<p>Durant molts anys el docents del CFA Artur Martorell v\u00e0rem estar desenvolupant la nostra feina en aules repartides per tot el centre penitenciari aprofitant les aules fetes dins l&#8217;estructura arquitect\u00f2nica inicial. Per aquesta q\u00fcesti\u00f3, durant anys, v\u00e0rem estar reclamant des d&#8217;un despatx on ens pogu\u00e9ssim reunir tots els docents, fins a aules per poder reunir [&hellip;]<\/p>\n","protected":false},"author":1,"featured_media":0,"parent":261,"menu_order":30,"comment_status":"closed","ping_status":"closed","template":"page-templates\/side-menu.php","meta":{"_bbp_topic_count":0,"_bbp_reply_count":0,"_bbp_total_topic_count":0,"_bbp_total_reply_count":0,"_bbp_voice_count":0,"_bbp_anonymous_reply_count":0,"_bbp_topic_count_hidden":0,"_bbp_reply_count_hidden":0,"_bbp_forum_subforum_count":0,"site-sidebar-layout":"default","site-content-layout":"","ast-site-content-layout":"","site-content-style":"default","site-sidebar-style":"default","ast-global-header-display":"","ast-banner-title-visibility":"","ast-main-header-display":"","ast-hfb-above-header-display":"","ast-hfb-below-header-display":"","ast-hfb-mobile-header-display":"","site-post-title":"","ast-breadcrumbs-content":"","ast-featured-img":"","footer-sml-layout":"","theme-transparent-header-meta":"","adv-header-id-meta":"","stick-header-meta":"","header-above-stick-meta":"","header-main-stick-meta":"","header-below-stick-meta":"","astra-migrate-meta-layouts":"default","ast-page-background-enabled":"default","ast-page-background-meta":{"desktop":{"background-color":"var(--ast-global-color-4)","background-image":"","background-repeat":"repeat","background-position":"center center","background-size":"auto","background-attachment":"scroll","background-type":"","background-media":"","overlay-type":"","overlay-color":"","overlay-opacity":"","overlay-gradient":""},"tablet":{"background-color":"","background-image":"","background-repeat":"repeat","background-position":"center center","background-size":"auto","background-attachment":"scroll","background-type":"","background-media":"","overlay-type":"","overlay-color":"","overlay-opacity":"","overlay-gradient":""},"mobile":{"background-color":"","background-image":"","background-repeat":"repeat","background-position":"center center","background-size":"auto","background-attachment":"scroll","background-type":"","background-media":"","overlay-type":"","overlay-color":"","overlay-opacity":"","overlay-gradient":""}},"ast-content-background-meta":{"desktop":{"background-color":"var(--ast-global-color-5)","background-image":"","background-repeat":"repeat","background-position":"center center","background-size":"auto","background-attachment":"scroll","background-type":"","background-media":"","overlay-type":"","overlay-color":"","overlay-opacity":"","overlay-gradient":""},"tablet":{"background-color":"var(--ast-global-color-5)","background-image":"","background-repeat":"repeat","background-position":"center center","background-size":"auto","background-attachment":"scroll","background-type":"","background-media":"","overlay-type":"","overlay-color":"","overlay-opacity":"","overlay-gradient":""},"mobile":{"background-color":"var(--ast-global-color-5)","background-image":"","background-repeat":"repeat","background-position":"center center","background-size":"auto","background-attachment":"scroll","background-type":"","background-media":"","overlay-type":"","overlay-color":"","overlay-opacity":"","overlay-gradient":""}},"footnotes":""},"class_list":["post-39","page","type-page","status-publish","hentry"],"post_mailing_queue_ids":[],"_links":{"self":[{"href":"https:\/\/agora.xtec.cat\/cfaarturmartorell\/wp-json\/wp\/v2\/pages\/39","targetHints":{"allow":["GET"]}}],"collection":[{"href":"https:\/\/agora.xtec.cat\/cfaarturmartorell\/wp-json\/wp\/v2\/pages"}],"about":[{"href":"https:\/\/agora.xtec.cat\/cfaarturmartorell\/wp-json\/wp\/v2\/types\/page"}],"author":[{"embeddable":true,"href":"https:\/\/agora.xtec.cat\/cfaarturmartorell\/wp-json\/wp\/v2\/users\/1"}],"replies":[{"embeddable":true,"href":"https:\/\/agora.xtec.cat\/cfaarturmartorell\/wp-json\/wp\/v2\/comments?post=39"}],"version-history":[{"count":3,"href":"https:\/\/agora.xtec.cat\/cfaarturmartorell\/wp-json\/wp\/v2\/pages\/39\/revisions"}],"predecessor-version":[{"id":3075,"href":"https:\/\/agora.xtec.cat\/cfaarturmartorell\/wp-json\/wp\/v2\/pages\/39\/revisions\/3075"}],"up":[{"embeddable":true,"href":"https:\/\/agora.xtec.cat\/cfaarturmartorell\/wp-json\/wp\/v2\/pages\/261"}],"wp:attachment":[{"href":"https:\/\/agora.xtec.cat\/cfaarturmartorell\/wp-json\/wp\/v2\/media?parent=39"}],"curies":[{"name":"wp","href":"https:\/\/api.w.org\/{rel}","templated":true}]}}