{"id":3068,"date":"2023-03-27T16:25:45","date_gmt":"2023-03-27T14:25:45","guid":{"rendered":"https:\/\/agora.xtec.cat\/cfaarturmartorell\/?page_id=3068"},"modified":"2024-05-06T17:43:17","modified_gmt":"2024-05-06T15:43:17","slug":"banc-de-recursos-fr2","status":"publish","type":"page","link":"https:\/\/agora.xtec.cat\/cfaarturmartorell\/estrategia-digital-de-centre\/cultura-digital-de-centre\/banc-de-recursos-digitals\/banc-de-recursos-fr2\/","title":{"rendered":"Banc de recursos: FR2"},"content":{"rendered":"<p><strong>AUTOFORMACI\u00d3<\/strong><\/p>\n<table style=\"width: 49.5286%; border-collapse: collapse; border-style: solid; border-color: #000000;\">\n<tbody>\n<tr style=\"height: 31px;\">\n<td style=\"width: 14.2917%; height: 31px;\" data-sheets-value=\"{&quot;1&quot;:2,&quot;2&quot;:&quot;Nom del recurs&quot;}\" data-sheets-note=\"Hem de posar la tem\u00e0tica o contingut a treballar. Per exemple: Gal\u00ed Gram\u00e0tica i vocabulari.\"><strong>Nom del recurs<\/strong><\/td>\n<td style=\"width: 6.58218%; height: 31px;\" data-sheets-value=\"{&quot;1&quot;:2,&quot;2&quot;:&quot;Enlla\u00e7 del recurs&quot;}\"><strong>Enlla\u00e7 del recurs<\/strong><\/td>\n<\/tr>\n<tr>\n<td style=\"width: 14.2917%;\">Curs complet<\/td>\n<td style=\"width: 6.58218%;\"><a href=\"https:\/\/apprendre.tv5monde.com\/fr\/exercices\/mieux-se-comprendre\">Enlla\u00e7<\/a><\/td>\n<\/tr>\n<\/tbody>\n<\/table>\n<p>&nbsp;<\/p>\n<p><strong>UNITATS DE CLASSE<\/strong><\/p>\n<table dir=\"ltr\" style=\"width: 49.6743%;\" border=\"1\" cellspacing=\"0\" cellpadding=\"0\">\n<colgroup>\n<col width=\"278\" \/>\n<col width=\"903\" \/><\/colgroup>\n<tbody>\n<tr>\n<td style=\"width: 0.692521%; text-align: center;\" colspan=\"2\"><strong>UNITAT 1<\/strong><\/td>\n<\/tr>\n<tr style=\"height: 33px;\">\n<td style=\"width: 0.692521%; height: 33px;\">Unit\u00e9 4: les go\u00fbts<\/td>\n<td style=\"width: 1.06157%; height: 33px;\"><a href=\"https:\/\/agora.xtec.cat\/cfaarturmartorell\/wp-content\/uploads\/usu395\/2023\/09\/Unite-4_les-gouts.pdf\">Enlla\u00e7<\/a><\/td>\n<\/tr>\n<\/tbody>\n<\/table>\n<p>&nbsp;<\/p>\n<p><strong>RECURSOS DIVERSOS<\/strong><\/p>\n<table dir=\"ltr\" style=\"width: 52.2966%; height: 194px;\" border=\"1\" cellspacing=\"0\" cellpadding=\"0\">\n<colgroup>\n<col width=\"278\" \/>\n<col width=\"903\" \/><\/colgroup>\n<tbody>\n<tr style=\"height: 31px;\">\n<td style=\"width: 14.2917%; height: 31px;\" data-sheets-value=\"{&quot;1&quot;:2,&quot;2&quot;:&quot;Nom del recurs&quot;}\" data-sheets-note=\"Hem de posar la tem\u00e0tica o contingut a treballar. Per exemple: Gal\u00ed Gram\u00e0tica i vocabulari.\"><strong>Nom del recurs<\/strong><\/td>\n<td style=\"width: 6.58218%; height: 31px;\" data-sheets-value=\"{&quot;1&quot;:2,&quot;2&quot;:&quot;Enlla\u00e7 del recurs&quot;}\"><strong>Enlla\u00e7 del recurs<\/strong><\/td>\n<\/tr>\n<tr style=\"height: 31px;\">\n<td style=\"width: 14.2917%; height: 31px;\" data-sheets-value=\"{&quot;1&quot;:2,&quot;2&quot;:&quot;Llistat exercicis de comprensi\u00f3 oral&quot;}\"><span data-sheets-value=\"{&quot;1&quot;:2,&quot;2&quot;:&quot;Comprensi\u00f3 oral, vocabulari i gram\u00e0tica&quot;}\" data-sheets-userformat=\"{&quot;2&quot;:573,&quot;3&quot;:{&quot;1&quot;:0},&quot;5&quot;:{&quot;1&quot;:[{&quot;1&quot;:2,&quot;2&quot;:0,&quot;5&quot;:{&quot;1&quot;:2,&quot;2&quot;:0}},{&quot;1&quot;:0,&quot;2&quot;:0,&quot;3&quot;:3},{&quot;1&quot;:1,&quot;2&quot;:0,&quot;4&quot;:1}]},&quot;6&quot;:{&quot;1&quot;:[{&quot;1&quot;:2,&quot;2&quot;:0,&quot;5&quot;:{&quot;1&quot;:2,&quot;2&quot;:0}},{&quot;1&quot;:0,&quot;2&quot;:0,&quot;3&quot;:3},{&quot;1&quot;:1,&quot;2&quot;:0,&quot;4&quot;:1}]},&quot;7&quot;:{&quot;1&quot;:[{&quot;1&quot;:2,&quot;2&quot;:0,&quot;5&quot;:{&quot;1&quot;:2,&quot;2&quot;:0}},{&quot;1&quot;:0,&quot;2&quot;:0,&quot;3&quot;:3},{&quot;1&quot;:1,&quot;2&quot;:0,&quot;4&quot;:1}]},&quot;8&quot;:{&quot;1&quot;:[{&quot;1&quot;:2,&quot;2&quot;:0,&quot;5&quot;:{&quot;1&quot;:2,&quot;2&quot;:0}},{&quot;1&quot;:0,&quot;2&quot;:0,&quot;3&quot;:3},{&quot;1&quot;:1,&quot;2&quot;:0,&quot;4&quot;:1}]},&quot;12&quot;:0}\">Comprensi\u00f3 oral, vocabulari i gram\u00e0tica<\/span><\/td>\n<td style=\"width: 6.58218%; height: 31px;\" data-sheets-value=\"{&quot;1&quot;:2,&quot;2&quot;:&quot;https:\/\/apprendre.tv5monde.com\/es\/exercices\/a1-principiante&quot;}\" data-sheets-hyperlink=\"https:\/\/apprendre.tv5monde.com\/es\/exercices\/a1-principiante\"><a href=\"https:\/\/apprendre.tv5monde.com\/fr\/exercices\/a1-debutant\">Enlla\u00e7<\/a><\/td>\n<\/tr>\n<tr style=\"height: 33px;\">\n<td style=\"width: 14.2917%; height: 33px;\" data-sheets-value=\"{&quot;1&quot;:2,&quot;2&quot;:&quot;Compr\u00e9hension orale &amp; \u00e9crite A1\/A2&quot;}\">Compr\u00e9hension orale &amp; \u00e9crite A1\/A2<\/td>\n<td style=\"width: 6.58218%; height: 33px;\"><a href=\"https:\/\/www.lepointdufle.net\/ressources_fle\/exercices-francais-A1-A2.htm#comprehension\">Enlla\u00e7<\/a><\/td>\n<\/tr>\n<tr style=\"height: 33px;\">\n<td style=\"width: 14.2917%; height: 33px;\" data-sheets-value=\"{&quot;1&quot;:2,&quot;2&quot;:&quot;Grammaire A1\/A2&quot;}\">Grammaire A1\/A2<\/td>\n<td style=\"width: 6.58218%; height: 33px;\"><a href=\"https:\/\/www.lepointdufle.net\/ressources_fle\/exercices-francais-A1-A2.htm#grammaire\">Enlla\u00e7<\/a><\/td>\n<\/tr>\n<tr>\n<td style=\"width: 14.2917%;\"><span style=\"background-color: #f9f9f9;\">Divers A1\/A2<\/span><\/td>\n<td style=\"width: 6.58218%;\"><a href=\"https:\/\/www.lepointdufle.net\/ressources_fle\/exercices-francais-A1-A2.htm#divers\">Enlla\u00e7<\/a><\/td>\n<\/tr>\n<tr style=\"height: 33px;\">\n<td style=\"width: 14.2917%; height: 33px;\" data-sheets-value=\"{&quot;1&quot;:2,&quot;2&quot;:&quot;Divers A1\/A2&quot;}\"><span style=\"background-color: #ffffff;\">Se pr\u00e9senter A2<\/span><\/td>\n<td style=\"width: 6.58218%; height: 33px;\"><a href=\"https:\/\/www.google.com\/search?q=comment+se+presenter+A2&amp;sca_esv=40ad471a4e6b196f&amp;rlz=1C1GCEA_enES1053ES1053&amp;ei=cGnLZdSUGOali-gPqKqdgA8&amp;ved=0ahUKEwjUjP2MsaiEAxXm0gIHHShVB_AQ4dUDCBA&amp;uact=5&amp;oq=comment+se+presenter+A2&amp;gs_lp=Egxnd3Mtd2l6LXNlcnAiF2NvbW1lbnQgc2UgcHJlc2VudGVyIEEyMgYQABgWGB5I0xNQkAVYuA1wAXgBkAEAmAGDAaAB5wKqAQMwLjO4AQPIAQD4AQHCAgoQABhHGNYEGLADwgINEAAYgAQYigUYQxiwA8ICBRAAGIAEwgIIEAAYFhgeGArCAgcQABiABBgTwgIIEAAYFhgeGBPiAwQYACBBiAYBkAYK&amp;sclient=gws-wiz-serp#fpstate=ive&amp;vld=cid:b0c5ada5,vid:Y4HaXSXEYd0,st:0\">Enlla\u00e7<\/a><\/td>\n<\/tr>\n<tr>\n<td style=\"width: 14.2917%;\" width=\"28%\">Compr\u00e9hension orale &amp; \u00e9crite A1\/A2<\/td>\n<td style=\"width: 6.58218%; height: 33px;\"><a href=\"https:\/\/www.lepointdufle.net\/ressources_fle\/exercices-francais-A1-A2.htm#comprehension\">Enlla\u00e7<\/a><\/td>\n<\/tr>\n<tr>\n<td style=\"width: 14.2917%;\" width=\"28%\">Grammaire A1\/A2<\/td>\n<td style=\"width: 6.58218%;\"><a style=\"color: #2795b6;\" href=\"https:\/\/www.lepointdufle.net\/ressources_fle\/exercices-francais-A1-A2.htm#grammaire\">Enlla\u00e7<\/a><\/td>\n<\/tr>\n<tr>\n<td style=\"width: 14.2917%;\" width=\"28%\">Divers A1\/A2<\/td>\n<td style=\"width: 6.58218%;\"><a style=\"color: #2795b6;\" href=\"https:\/\/www.lepointdufle.net\/ressources_fle\/exercices-francais-A1-A2.htm#divers\">Enlla\u00e7<\/a><\/td>\n<\/tr>\n<tr>\n<td style=\"width: 14.2917%;\" width=\"28%\">Se pr\u00e9senter A2<\/td>\n<td style=\"width: 6.58218%;\" width=\"71%\"><a href=\"https:\/\/www.google.com\/search?q=comment+se+presenter+A2&amp;sca_esv=40ad471a4e6b196f&amp;rlz=1C1GCEA_enES1053ES1053&amp;ei=cGnLZdSUGOali-gPqKqdgA8&amp;ved=0ahUKEwjUjP2MsaiEAxXm0gIHHShVB_AQ4dUDCBA&amp;uact=5&amp;oq=comment+se+presenter+A2&amp;gs_lp=Egxnd3Mtd2l6LXNlcnAiF2NvbW1lbnQgc2UgcHJlc2VudGVyIEEyMgYQABgWGB5I0xNQkAVYuA1wAXgBkAEAmAGDAaAB5wKqAQMwLjO4AQPIAQD4AQHCAgoQABhHGNYEGLADwgINEAAYgAQYigUYQxiwA8ICBRAAGIAEwgIIEAAYFhgeGArCAgcQABiABBgTwgIIEAAYFhgeGBPiAwQYACBBiAYBkAYK&amp;sclient=gws-wiz-serp#fpstate=ive&amp;vld=cid:b0c5ada5,vid:Y4HaXSXEYd0,st:0\">Enlla\u00e7<\/a><\/td>\n<\/tr>\n<\/tbody>\n<\/table>\n","protected":false},"excerpt":{"rendered":"<p>AUTOFORMACI\u00d3 Nom del recurs Enlla\u00e7 del recurs Curs complet Enlla\u00e7 &nbsp; UNITATS DE CLASSE UNITAT 1 Unit\u00e9 4: les go\u00fbts Enlla\u00e7 &nbsp; RECURSOS DIVERSOS Nom del recurs Enlla\u00e7 del recurs Comprensi\u00f3 oral, vocabulari i gram\u00e0tica Enlla\u00e7 Compr\u00e9hension orale &amp; \u00e9crite A1\/A2 Enlla\u00e7 Grammaire A1\/A2 Enlla\u00e7 Divers A1\/A2 Enlla\u00e7 Se pr\u00e9senter A2 Enlla\u00e7 Compr\u00e9hension orale &amp; [&hellip;]<\/p>\n","protected":false},"author":1,"featured_media":0,"parent":2949,"menu_order":0,"comment_status":"closed","ping_status":"closed","template":"page-templates\/side-menu.php","meta":{"_bbp_topic_count":0,"_bbp_reply_count":0,"_bbp_total_topic_count":0,"_bbp_total_reply_count":0,"_bbp_voice_count":0,"_bbp_anonymous_reply_count":0,"_bbp_topic_count_hidden":0,"_bbp_reply_count_hidden":0,"_bbp_forum_subforum_count":0,"site-sidebar-layout":"default","site-content-layout":"","ast-site-content-layout":"","site-content-style":"default","site-sidebar-style":"default","ast-global-header-display":"","ast-banner-title-visibility":"","ast-main-header-display":"","ast-hfb-above-header-display":"","ast-hfb-below-header-display":"","ast-hfb-mobile-header-display":"","site-post-title":"","ast-breadcrumbs-content":"","ast-featured-img":"","footer-sml-layout":"","theme-transparent-header-meta":"","adv-header-id-meta":"","stick-header-meta":"","header-above-stick-meta":"","header-main-stick-meta":"","header-below-stick-meta":"","astra-migrate-meta-layouts":"default","ast-page-background-enabled":"default","ast-page-background-meta":{"desktop":{"background-color":"var(--ast-global-color-4)","background-image":"","background-repeat":"repeat","background-position":"center center","background-size":"auto","background-attachment":"scroll","background-type":"","background-media":"","overlay-type":"","overlay-color":"","overlay-opacity":"","overlay-gradient":""},"tablet":{"background-color":"","background-image":"","background-repeat":"repeat","background-position":"center center","background-size":"auto","background-attachment":"scroll","background-type":"","background-media":"","overlay-type":"","overlay-color":"","overlay-opacity":"","overlay-gradient":""},"mobile":{"background-color":"","background-image":"","background-repeat":"repeat","background-position":"center center","background-size":"auto","background-attachment":"scroll","background-type":"","background-media":"","overlay-type":"","overlay-color":"","overlay-opacity":"","overlay-gradient":""}},"ast-content-background-meta":{"desktop":{"background-color":"var(--ast-global-color-5)","background-image":"","background-repeat":"repeat","background-position":"center center","background-size":"auto","background-attachment":"scroll","background-type":"","background-media":"","overlay-type":"","overlay-color":"","overlay-opacity":"","overlay-gradient":""},"tablet":{"background-color":"var(--ast-global-color-5)","background-image":"","background-repeat":"repeat","background-position":"center center","background-size":"auto","background-attachment":"scroll","background-type":"","background-media":"","overlay-type":"","overlay-color":"","overlay-opacity":"","overlay-gradient":""},"mobile":{"background-color":"var(--ast-global-color-5)","background-image":"","background-repeat":"repeat","background-position":"center center","background-size":"auto","background-attachment":"scroll","background-type":"","background-media":"","overlay-type":"","overlay-color":"","overlay-opacity":"","overlay-gradient":""}},"footnotes":""},"class_list":["post-3068","page","type-page","status-publish","hentry"],"post_mailing_queue_ids":[],"_links":{"self":[{"href":"https:\/\/agora.xtec.cat\/cfaarturmartorell\/wp-json\/wp\/v2\/pages\/3068","targetHints":{"allow":["GET"]}}],"collection":[{"href":"https:\/\/agora.xtec.cat\/cfaarturmartorell\/wp-json\/wp\/v2\/pages"}],"about":[{"href":"https:\/\/agora.xtec.cat\/cfaarturmartorell\/wp-json\/wp\/v2\/types\/page"}],"author":[{"embeddable":true,"href":"https:\/\/agora.xtec.cat\/cfaarturmartorell\/wp-json\/wp\/v2\/users\/1"}],"replies":[{"embeddable":true,"href":"https:\/\/agora.xtec.cat\/cfaarturmartorell\/wp-json\/wp\/v2\/comments?post=3068"}],"version-history":[{"count":6,"href":"https:\/\/agora.xtec.cat\/cfaarturmartorell\/wp-json\/wp\/v2\/pages\/3068\/revisions"}],"predecessor-version":[{"id":3756,"href":"https:\/\/agora.xtec.cat\/cfaarturmartorell\/wp-json\/wp\/v2\/pages\/3068\/revisions\/3756"}],"up":[{"embeddable":true,"href":"https:\/\/agora.xtec.cat\/cfaarturmartorell\/wp-json\/wp\/v2\/pages\/2949"}],"wp:attachment":[{"href":"https:\/\/agora.xtec.cat\/cfaarturmartorell\/wp-json\/wp\/v2\/media?parent=3068"}],"curies":[{"name":"wp","href":"https:\/\/api.w.org\/{rel}","templated":true}]}}