{"id":3059,"date":"2023-03-27T16:23:35","date_gmt":"2023-03-27T14:23:35","guid":{"rendered":"https:\/\/agora.xtec.cat\/cfaarturmartorell\/?page_id=3059"},"modified":"2025-09-06T06:50:27","modified_gmt":"2025-09-06T04:50:27","slug":"banc-de-recursos-ang1","status":"publish","type":"page","link":"https:\/\/agora.xtec.cat\/cfaarturmartorell\/estrategia-digital-de-centre\/cultura-digital-de-centre\/banc-de-recursos-digitals\/banc-de-recursos-ang1\/","title":{"rendered":"Banc de recursos: ANG1"},"content":{"rendered":"<table dir=\"ltr\" style=\"width: 62.6227%; height: 2028px;\" border=\"1\" cellspacing=\"0\" cellpadding=\"0\">\n<colgroup>\n<col width=\"278\" \/>\n<col width=\"596\" \/><\/colgroup>\n<tbody>\n<tr style=\"height: 33px;\">\n<td style=\"height: 33px; width: 31.5972%;\" data-sheets-value=\"{&quot;1&quot;:2,&quot;2&quot;:&quot;Nom del recurs&quot;}\" data-sheets-note=\"Hem de posar la tem\u00e0tica o contingut a treballar. Per exemple: Gal\u00ed Gram\u00e0tica i vocabulari.\"><strong>Nom del recurs<\/strong><\/td>\n<td style=\"height: 33px; width: 68.1713%;\" data-sheets-value=\"{&quot;1&quot;:2,&quot;2&quot;:&quot;Enlla\u00e7 del recurs&quot;}\"><strong>Enlla\u00e7 del recurs<\/strong><\/td>\n<\/tr>\n<tr style=\"height: 33px;\">\n<td style=\"width: 31.5972%; text-align: center; height: 33px;\" colspan=\"2\"><strong>UNITS<\/strong><\/td>\n<\/tr>\n<tr style=\"height: 25px;\">\n<td style=\"width: 31.5972%; height: 25px;\">UNIT 1<\/td>\n<td style=\"width: 68.1713%; height: 25px;\"><strong>\u00a0<a href=\"https:\/\/agora.xtec.cat\/cfaarturmartorell\/wp-content\/uploads\/usu395\/2025\/09\/English-1-Informatica-unit-1.pdf\" target=\"_blank\" rel=\"noopener\">Enlla\u00e7<\/a><\/strong><\/td>\n<\/tr>\n<tr style=\"height: 34px;\">\n<td style=\"width: 31.5972%; height: 34px;\">UNIT 2<\/td>\n<td style=\"width: 68.1713%; height: 34px;\"><a href=\"https:\/\/agora.xtec.cat\/cfaarturmartorell\/wp-content\/uploads\/usu395\/2025\/09\/English-1-Informatica-unit-2.pdf\" target=\"_blank\" rel=\"noopener\">Enlla\u00e7<\/a><\/td>\n<\/tr>\n<tr style=\"height: 34px;\">\n<td style=\"width: 31.5972%; height: 34px;\">UNIT 3<\/td>\n<td style=\"width: 68.1713%; height: 34px;\"><a href=\"https:\/\/agora.xtec.cat\/cfaarturmartorell\/wp-content\/uploads\/usu395\/2025\/09\/English-1-Informatica-unit-3.pdf\" target=\"_blank\" rel=\"noopener\">Enlla\u00e7<\/a><\/td>\n<\/tr>\n<tr style=\"height: 34px;\">\n<td style=\"width: 31.5972%; height: 34px;\">UNIT 4<\/td>\n<td style=\"width: 68.1713%; height: 34px;\"><a href=\"https:\/\/agora.xtec.cat\/cfaarturmartorell\/wp-content\/uploads\/usu395\/2025\/09\/English-1-Informatica-unit-4.pdf\" target=\"_blank\" rel=\"noopener\">Enlla\u00e7<\/a><\/td>\n<\/tr>\n<tr style=\"height: 34px;\">\n<td style=\"width: 31.5972%; height: 34px;\">UNIT 5<\/td>\n<td style=\"width: 68.1713%; height: 34px;\"><a href=\"https:\/\/agora.xtec.cat\/cfaarturmartorell\/wp-content\/uploads\/usu395\/2025\/09\/English-1-Informatica-unit-5.pdf\" target=\"_blank\" rel=\"noopener\">Enlla\u00e7<\/a><\/td>\n<\/tr>\n<tr style=\"height: 34px;\">\n<td style=\"width: 31.5972%; height: 34px;\">UNIT 6<\/td>\n<td style=\"width: 68.1713%; height: 34px;\"><a href=\"https:\/\/agora.xtec.cat\/cfaarturmartorell\/wp-content\/uploads\/usu395\/2025\/09\/English-1-Informatica-unit-6.pdf\" target=\"_blank\" rel=\"noopener\">Enlla\u00e7<\/a><\/td>\n<\/tr>\n<tr style=\"height: 34px;\">\n<td style=\"width: 31.5972%; height: 34px;\">UNIT 7<\/td>\n<td style=\"width: 68.1713%; height: 34px;\"><a href=\"https:\/\/agora.xtec.cat\/cfaarturmartorell\/wp-content\/uploads\/usu395\/2025\/09\/English-1-Informatica-unit-7.pdf\" target=\"_blank\" rel=\"noopener\">Enlla\u00e7<\/a><\/td>\n<\/tr>\n<tr style=\"height: 34px;\">\n<td style=\"width: 31.5972%; height: 34px;\">UNIT 8<\/td>\n<td style=\"width: 68.1713%; height: 34px;\"><a href=\"https:\/\/agora.xtec.cat\/cfaarturmartorell\/wp-content\/uploads\/usu395\/2025\/09\/English-1-Informatica-unit-8.pdf\" target=\"_blank\" rel=\"noopener\">Enlla\u00e7<\/a><\/td>\n<\/tr>\n<tr style=\"height: 34px;\">\n<td style=\"width: 31.5972%; height: 34px;\">UNIT 9<\/td>\n<td style=\"width: 68.1713%; height: 34px;\"><a href=\"https:\/\/agora.xtec.cat\/cfaarturmartorell\/wp-content\/uploads\/usu395\/2025\/09\/English-1-Informatica-unit-9.pdf\" target=\"_blank\" rel=\"noopener\">Enlla\u00e7<\/a><\/td>\n<\/tr>\n<tr style=\"height: 34px;\">\n<td style=\"width: 31.5972%; height: 34px;\">UNIT 10<\/td>\n<td style=\"width: 68.1713%; height: 34px;\"><a href=\"https:\/\/agora.xtec.cat\/cfaarturmartorell\/wp-content\/uploads\/usu395\/2025\/09\/English-1-Informatica-unit-10.pdf\" target=\"_blank\" rel=\"noopener\">Enlla\u00e7<\/a><\/td>\n<\/tr>\n<tr style=\"height: 34px;\">\n<td style=\"width: 31.5972%; height: 34px;\">UNIT 11<\/td>\n<td style=\"width: 68.1713%; height: 34px;\"><a href=\"https:\/\/agora.xtec.cat\/cfaarturmartorell\/wp-content\/uploads\/usu395\/2025\/09\/English-1-Informatica-unit-11.pdf\" target=\"_blank\" rel=\"noopener\">Enlla\u00e7<\/a><\/td>\n<\/tr>\n<tr style=\"height: 34px;\">\n<td style=\"width: 31.5972%; height: 34px;\">UNIT 12<\/td>\n<td style=\"width: 68.1713%; height: 34px;\"><a href=\"https:\/\/agora.xtec.cat\/cfaarturmartorell\/wp-content\/uploads\/usu395\/2025\/09\/English-1-Informatica-unit-12.pdf\" target=\"_blank\" rel=\"noopener\">Enlla\u00e7<\/a><\/td>\n<\/tr>\n<tr style=\"height: 49px;\">\n<td style=\"width: 99.7685%; height: 49px; text-align: center;\" colspan=\"2\" data-sheets-value=\"{&quot;1&quot;:2,&quot;2&quot;:&quot;ARTICLES&quot;}\"><strong>ARTICLES<\/strong><\/td>\n<\/tr>\n<tr style=\"height: 49px;\">\n<td style=\"width: 31.5972%; height: 49px;\" data-sheets-value=\"{&quot;1&quot;:2,&quot;2&quot;:&quot;A\/AN&quot;}\">A\/AN<\/td>\n<td style=\"height: 49px; width: 68.1713%;\" data-sheets-value=\"{&quot;1&quot;:2,&quot;2&quot;:&quot;https:\/\/llengua.gencat.cat\/ca\/serveis\/informacio_i_difusio\/publicacions_en_linia\/llegir_per_parlar\/&quot;}\" data-sheets-hyperlink=\"https:\/\/llengua.gencat.cat\/ca\/serveis\/informacio_i_difusio\/publicacions_en_linia\/llegir_per_parlar\/\"><a href=\"https:\/\/es.liveworksheets.com\/gy3114395xp\">Enlla\u00e7<\/a><\/td>\n<\/tr>\n<tr style=\"height: 33px;\">\n<td style=\"width: 31.5972%; height: 33px;\" data-sheets-value=\"{&quot;1&quot;:2,&quot;2&quot;:&quot;A\/AN&quot;}\">A\/AN<\/td>\n<td style=\"height: 33px; width: 68.1713%;\"><a href=\"https:\/\/es.liveworksheets.com\/lj1684232mb\">Enlla\u00e7<\/a><\/td>\n<\/tr>\n<tr style=\"height: 33px;\">\n<td style=\"width: 31.5972%; height: 33px;\" data-sheets-value=\"{&quot;1&quot;:2,&quot;2&quot;:&quot;A\/AN&quot;}\">A\/AN<\/td>\n<td style=\"height: 33px; width: 68.1713%;\"><a href=\"https:\/\/es.liveworksheets.com\/ra2266636qf\">Enlla\u00e7<\/a><\/td>\n<\/tr>\n<tr style=\"height: 33px;\">\n<td style=\"width: 31.5972%; height: 33px;\" data-sheets-value=\"{&quot;1&quot;:2,&quot;2&quot;:&quot;A\/AN&quot;}\">A\/AN<\/td>\n<td style=\"height: 33px; width: 68.1713%;\"><a href=\"https:\/\/es.liveworksheets.com\/ig2153577rd\">Enlla\u00e7<\/a><\/td>\n<\/tr>\n<tr style=\"height: 33px;\">\n<td style=\"width: 31.5972%; height: 33px;\" data-sheets-value=\"{&quot;1&quot;:2,&quot;2&quot;:&quot;A\/AN&quot;}\">A\/AN<\/td>\n<td style=\"height: 33px; width: 68.1713%;\"><a href=\"https:\/\/es.liveworksheets.com\/sf1799497gz\">Enlla\u00e7<\/a><\/td>\n<\/tr>\n<tr style=\"height: 46px;\">\n<td style=\"width: 31.5972%; height: 46px;\" data-sheets-value=\"{&quot;1&quot;:2,&quot;2&quot;:&quot;A\/AN&quot;}\">A\/AN<\/td>\n<td style=\"height: 46px; width: 68.1713%;\"><a href=\"https:\/\/es.liveworksheets.com\/vs1684897xo\">Enlla\u00e7<\/a><\/td>\n<\/tr>\n<tr style=\"height: 33px;\">\n<td style=\"width: 99.7685%; height: 33px; text-align: center;\" colspan=\"2\" data-sheets-value=\"{&quot;1&quot;:2,&quot;2&quot;:&quot;PLURAL NOUNS&quot;}\"><strong>PLURAL NOUNS<\/strong><\/td>\n<\/tr>\n<tr style=\"height: 33px;\">\n<td style=\"width: 31.5972%; height: 33px;\" data-sheets-value=\"{&quot;1&quot;:2,&quot;2&quot;:&quot;PLURAL NOUNS WITH RULES&quot;}\">PLURAL NOUNS WITH RULES<\/td>\n<td style=\"height: 33px; width: 68.1713%;\"><a href=\"https:\/\/es.liveworksheets.com\/cn2857821du\">Enlla\u00e7<\/a><\/td>\n<\/tr>\n<tr style=\"height: 33px;\">\n<td style=\"width: 31.5972%; height: 33px;\" data-sheets-value=\"{&quot;1&quot;:2,&quot;2&quot;:&quot;PLURAL NOUNS&quot;}\">PLURAL NOUNS<\/td>\n<td style=\"height: 33px; width: 68.1713%;\"><a href=\"https:\/\/es.liveworksheets.com\/od3060764dp\">Enlla\u00e7<\/a><\/td>\n<\/tr>\n<tr style=\"height: 33px;\">\n<td style=\"width: 31.5972%; height: 33px;\" data-sheets-value=\"{&quot;1&quot;:2,&quot;2&quot;:&quot;PLURAL NOUNS&quot;}\">PLURAL NOUNS<\/td>\n<td style=\"height: 33px; width: 68.1713%;\"><a href=\"https:\/\/es.liveworksheets.com\/is3060783vx\">Enlla\u00e7<\/a><\/td>\n<\/tr>\n<tr style=\"height: 33px;\">\n<td style=\"width: 31.5972%; height: 33px;\" data-sheets-value=\"{&quot;1&quot;:2,&quot;2&quot;:&quot;PLURAL NOUNS&quot;}\">PLURAL NOUNS<\/td>\n<td style=\"height: 33px; width: 68.1713%;\"><a href=\"https:\/\/es.liveworksheets.com\/ir3060770uj\">Enlla\u00e7<\/a><\/td>\n<\/tr>\n<tr style=\"height: 33px;\">\n<td style=\"width: 31.5972%; height: 33px;\" data-sheets-value=\"{&quot;1&quot;:2,&quot;2&quot;:&quot;PLURAL NOUNS&quot;}\">PLURAL NOUNS<\/td>\n<td style=\"height: 33px; width: 68.1713%;\"><a href=\"https:\/\/es.liveworksheets.com\/ta3060801vf\">Enlla\u00e7<\/a><\/td>\n<\/tr>\n<tr style=\"height: 33px;\">\n<td style=\"width: 31.5972%; height: 33px;\" data-sheets-value=\"{&quot;1&quot;:2,&quot;2&quot;:&quot;PLURAL NOUNS&quot;}\">PLURAL NOUNS<\/td>\n<td style=\"height: 33px; width: 68.1713%;\"><a href=\"https:\/\/es.liveworksheets.com\/oo3060851pu\">Enlla\u00e7<\/a><\/td>\n<\/tr>\n<tr style=\"height: 33px;\">\n<td style=\"width: 31.5972%; height: 33px;\" data-sheets-value=\"{&quot;1&quot;:2,&quot;2&quot;:&quot;PLURAL NOUNS&quot;}\">PLURAL NOUNS<\/td>\n<td style=\"height: 33px; width: 68.1713%;\"><a href=\"https:\/\/es.liveworksheets.com\/ih3060757dd\">Enlla\u00e7<\/a><\/td>\n<\/tr>\n<tr style=\"height: 33px;\">\n<td style=\"width: 31.5972%; height: 33px;\" data-sheets-value=\"{&quot;1&quot;:2,&quot;2&quot;:&quot;PLURAL NOUNS&quot;}\">PLURAL NOUNS<\/td>\n<td style=\"height: 33px; width: 68.1713%;\"><a href=\"https:\/\/es.liveworksheets.com\/ik2826890nn\">Enlla\u00e7<\/a><\/td>\n<\/tr>\n<tr style=\"height: 33px;\">\n<td style=\"width: 99.7685%; text-align: center; height: 33px;\" colspan=\"2\" data-sheets-value=\"{&quot;1&quot;:2,&quot;2&quot;:&quot;PERSONAL PRONOUNS&quot;}\"><strong>PERSONAL PRONOUNS<\/strong><\/td>\n<\/tr>\n<tr style=\"height: 33px;\">\n<td style=\"width: 31.5972%; height: 33px;\" data-sheets-value=\"{&quot;1&quot;:2,&quot;2&quot;:&quot;MINE VERSUS YOURS&quot;}\">MINE VERSUS YOURS<\/td>\n<td style=\"height: 33px; width: 68.1713%;\"><a href=\"https:\/\/es.liveworksheets.com\/cf2223791cf\">Enlla\u00e7<\/a><\/td>\n<\/tr>\n<tr style=\"height: 33px;\">\n<td style=\"width: 31.5972%; height: 33px;\" data-sheets-value=\"{&quot;1&quot;:2,&quot;2&quot;:&quot;PERSONAL PRONOUNS&quot;}\">PERSONAL PRONOUNS<\/td>\n<td style=\"height: 33px; width: 68.1713%;\"><a href=\"https:\/\/es.liveworksheets.com\/en2887321it\">Enlla\u00e7<\/a><\/td>\n<\/tr>\n<tr style=\"height: 33px;\">\n<td style=\"width: 31.5972%; height: 33px;\" data-sheets-value=\"{&quot;1&quot;:2,&quot;2&quot;:&quot;MATCHING&quot;}\">MATCHING<\/td>\n<td style=\"height: 33px; width: 68.1713%;\"><a href=\"https:\/\/es.liveworksheets.com\/eq3138566mr\">Enlla\u00e7<\/a><\/td>\n<\/tr>\n<tr style=\"height: 33px;\">\n<td style=\"width: 31.5972%; height: 33px;\" data-sheets-value=\"{&quot;1&quot;:2,&quot;2&quot;:&quot;MATCHING&quot;}\">MATCHING<\/td>\n<td style=\"height: 33px; width: 68.1713%;\"><a href=\"https:\/\/es.liveworksheets.com\/tr3078235vy\">Enlla\u00e7<\/a><\/td>\n<\/tr>\n<tr style=\"height: 33px;\">\n<td style=\"width: 31.5972%; height: 33px;\" data-sheets-value=\"{&quot;1&quot;:2,&quot;2&quot;:&quot;POSSESSIVE PRONOUNS&quot;}\">POSSESSIVE PRONOUNS<\/td>\n<td style=\"height: 33px; width: 68.1713%;\"><a href=\"https:\/\/es.liveworksheets.com\/sl3172271tr\">Enlla\u00e7<\/a><\/td>\n<\/tr>\n<tr style=\"height: 33px;\">\n<td style=\"width: 31.5972%; height: 33px;\" data-sheets-value=\"{&quot;1&quot;:2,&quot;2&quot;:&quot;PREPOSITIONS OF PLACE&quot;}\">PREPOSITIONS OF PLACE<\/td>\n<td style=\"height: 33px; width: 68.1713%;\"><a href=\"https:\/\/es.liveworksheets.com\/jh2498996zb\">Enlla\u00e7<\/a><\/td>\n<\/tr>\n<tr style=\"height: 33px;\">\n<td style=\"width: 31.5972%; height: 33px;\" data-sheets-value=\"{&quot;1&quot;:2,&quot;2&quot;:&quot;IN ON UNDER&quot;}\">IN ON UNDER<\/td>\n<td style=\"height: 33px; width: 68.1713%;\"><a href=\"https:\/\/es.liveworksheets.com\/sv2219888kl\">Enlla\u00e7<\/a><\/td>\n<\/tr>\n<tr style=\"height: 33px;\">\n<td style=\"width: 31.5972%; height: 33px;\" data-sheets-value=\"{&quot;1&quot;:2,&quot;2&quot;:&quot;PREPOSITIONS OF PLACE&quot;}\">PREPOSITIONS OF PLACE<\/td>\n<td style=\"height: 33px; width: 68.1713%;\"><a href=\"https:\/\/es.liveworksheets.com\/fm1532050av\">Enlla\u00e7<\/a><\/td>\n<\/tr>\n<tr style=\"height: 33px;\">\n<td style=\"width: 31.5972%; height: 33px;\" data-sheets-value=\"{&quot;1&quot;:2,&quot;2&quot;:&quot;PREPOSITIONS OF PLACE&quot;}\">PREPOSITIONS OF PLACE<\/td>\n<td style=\"height: 33px; width: 68.1713%;\"><a href=\"https:\/\/es.liveworksheets.com\/lh2989180ce\">Enlla\u00e7<\/a><\/td>\n<\/tr>\n<tr style=\"height: 33px;\">\n<td style=\"width: 31.5972%; height: 33px;\" data-sheets-value=\"{&quot;1&quot;:2,&quot;2&quot;:&quot;IN ON UNDER&quot;}\">IN ON UNDER<\/td>\n<td style=\"height: 33px; width: 68.1713%;\"><a href=\"https:\/\/es.liveworksheets.com\/fp378519ic\">Enlla\u00e7<\/a><\/td>\n<\/tr>\n<tr style=\"height: 33px;\">\n<td style=\"width: 99.7685%; text-align: center; height: 33px;\" colspan=\"2\" data-sheets-value=\"{&quot;1&quot;:2,&quot;2&quot;:&quot;PRESENT SIMPLE&quot;}\"><strong>PRESENT SIMPLE<\/strong><\/td>\n<\/tr>\n<tr style=\"height: 33px;\">\n<td style=\"width: 31.5972%; height: 33px;\" data-sheets-value=\"{&quot;1&quot;:2,&quot;2&quot;:&quot;AFFIRMATIVE&quot;}\">AFFIRMATIVE<\/td>\n<td style=\"height: 33px; width: 68.1713%;\"><a href=\"https:\/\/es.liveworksheets.com\/iv2561711xg\">Enlla\u00e7<\/a><\/td>\n<\/tr>\n<tr style=\"height: 33px;\">\n<td style=\"width: 31.5972%; height: 33px;\" data-sheets-value=\"{&quot;1&quot;:2,&quot;2&quot;:&quot;PRESENT SIMPLE&quot;}\">PRESENT SIMPLE<\/td>\n<td style=\"height: 33px; width: 68.1713%;\"><a href=\"https:\/\/es.liveworksheets.com\/co997056yr\">Enlla\u00e7<\/a><\/td>\n<\/tr>\n<tr style=\"height: 33px;\">\n<td style=\"width: 31.5972%; height: 33px;\" data-sheets-value=\"{&quot;1&quot;:2,&quot;2&quot;:&quot;DO\/ DOES&quot;}\">DO\/ DOES<\/td>\n<td style=\"height: 33px; width: 68.1713%;\"><a href=\"https:\/\/es.liveworksheets.com\/ua2380127ne\">Enlla\u00e7<\/a><\/td>\n<\/tr>\n<tr style=\"height: 33px;\">\n<td style=\"width: 31.5972%; height: 33px;\" data-sheets-value=\"{&quot;1&quot;:2,&quot;2&quot;:&quot;SIMPLE PRESENT&quot;}\">SIMPLE PRESENT<\/td>\n<td style=\"height: 33px; width: 68.1713%;\"><a href=\"https:\/\/es.liveworksheets.com\/ds3233575jn\">Enlla\u00e7<\/a><\/td>\n<\/tr>\n<tr style=\"height: 33px;\">\n<td style=\"width: 31.5972%; height: 33px;\" data-sheets-value=\"{&quot;1&quot;:2,&quot;2&quot;:&quot;SIMPLE PRESENT&quot;}\">SIMPLE PRESENT<\/td>\n<td style=\"height: 33px; width: 68.1713%;\"><a href=\"https:\/\/es.liveworksheets.com\/gy2720882de\">Enlla\u00e7<\/a><\/td>\n<\/tr>\n<tr style=\"height: 33px;\">\n<td style=\"width: 31.5972%; height: 33px;\" data-sheets-value=\"{&quot;1&quot;:2,&quot;2&quot;:&quot;PRESENT SIMPLE&quot;}\">PRESENT SIMPLE<\/td>\n<td style=\"height: 33px; width: 68.1713%;\"><a href=\"https:\/\/es.liveworksheets.com\/ne2843168di\">Enlla\u00e7<\/a><\/td>\n<\/tr>\n<tr style=\"height: 33px;\">\n<td style=\"width: 31.5972%; height: 33px;\" data-sheets-value=\"{&quot;1&quot;:2,&quot;2&quot;:&quot;3RD PERSON SINGULAR&quot;}\">3RD PERSON SINGULAR<\/td>\n<td style=\"height: 33px; width: 68.1713%;\"><a href=\"https:\/\/es.liveworksheets.com\/aa1668416cz\">Enlla\u00e7<\/a><\/td>\n<\/tr>\n<tr style=\"height: 33px;\">\n<td style=\"width: 31.5972%; height: 33px;\" data-sheets-value=\"{&quot;1&quot;:2,&quot;2&quot;:&quot;YES\/NO QUESTIONS&quot;}\">YES\/NO QUESTIONS<\/td>\n<td style=\"height: 33px; width: 68.1713%;\"><a href=\"https:\/\/es.liveworksheets.com\/ia2081821sv\">Enlla\u00e7<\/a><\/td>\n<\/tr>\n<tr style=\"height: 33px;\">\n<td style=\"width: 31.5972%; height: 33px;\" data-sheets-value=\"{&quot;1&quot;:2,&quot;2&quot;:&quot;3RD PERSON SINGULAR&quot;}\">3RD PERSON SINGULAR<\/td>\n<td style=\"height: 33px; width: 68.1713%;\"><a href=\"https:\/\/es.liveworksheets.com\/is1729310sm\">Enlla\u00e7<\/a><\/td>\n<\/tr>\n<tr style=\"height: 33px;\">\n<td style=\"width: 31.5972%; height: 33px;\" data-sheets-value=\"{&quot;1&quot;:2,&quot;2&quot;:&quot;3RD PERSON SINGULAR&quot;}\">3RD PERSON SINGULAR<\/td>\n<td style=\"height: 33px; width: 68.1713%;\"><a href=\"https:\/\/es.liveworksheets.com\/lh2019441ia\">Enlla\u00e7<\/a><\/td>\n<\/tr>\n<tr style=\"height: 33px;\">\n<td style=\"width: 31.5972%; text-align: center; height: 33px;\" colspan=\"2\" data-sheets-value=\"{&quot;1&quot;:2,&quot;2&quot;:&quot;VERB TO BE&quot;}\"><strong>VERB TO BE<\/strong><\/td>\n<\/tr>\n<tr style=\"height: 33px;\">\n<td style=\"width: 31.5972%; height: 33px;\" data-sheets-value=\"{&quot;1&quot;:2,&quot;2&quot;:&quot;PRONOUNS+TO BE&quot;}\">PRONOUNS+TO BE<\/td>\n<td style=\"width: 68.1713%; height: 33px;\"><a href=\"https:\/\/es.liveworksheets.com\/xs2805587qb\">Enlla\u00e7<\/a><\/td>\n<\/tr>\n<tr style=\"height: 33px;\">\n<td style=\"width: 31.5972%; height: 33px;\" data-sheets-value=\"{&quot;1&quot;:2,&quot;2&quot;:&quot;UNSCRAMBLE&quot;}\">UNSCRAMBLE<\/td>\n<td style=\"width: 68.1713%; height: 33px;\"><a href=\"https:\/\/es.liveworksheets.com\/ff2004496yz\">Enlla\u00e7<\/a><\/td>\n<\/tr>\n<tr style=\"height: 33px;\">\n<td style=\"width: 31.5972%; height: 33px;\" data-sheets-value=\"{&quot;1&quot;:2,&quot;2&quot;:&quot;TO BE&quot;}\">TO BE<\/td>\n<td style=\"width: 68.1713%; height: 33px;\"><a href=\"https:\/\/es.liveworksheets.com\/ym2245159xu\">Enlla\u00e7<\/a><\/td>\n<\/tr>\n<tr style=\"height: 33px;\">\n<td style=\"width: 31.5972%; height: 33px;\" data-sheets-value=\"{&quot;1&quot;:2,&quot;2&quot;:&quot;QUESTIONS AND ANSWERS&quot;}\">QUESTIONS AND ANSWERS<\/td>\n<td style=\"width: 68.1713%; height: 33px;\"><a href=\"https:\/\/es.liveworksheets.com\/ep1635840pa\">Enlla\u00e7<\/a><\/td>\n<\/tr>\n<tr style=\"height: 33px;\">\n<td style=\"width: 31.5972%; height: 33px;\" data-sheets-value=\"{&quot;1&quot;:2,&quot;2&quot;:&quot;I\/AM\/ARE&quot;}\">I\/AM\/ARE<\/td>\n<td style=\"width: 68.1713%; height: 33px;\"><a href=\"https:\/\/es.liveworksheets.com\/bs1952766cb\">Enlla\u00e7<\/a><\/td>\n<\/tr>\n<tr style=\"height: 33px;\">\n<td style=\"width: 31.5972%; height: 33px;\" data-sheets-value=\"{&quot;1&quot;:2,&quot;2&quot;:&quot;I\/AM\/ARE&quot;}\">I\/AM\/ARE<\/td>\n<td style=\"width: 68.1713%; height: 33px;\"><a href=\"https:\/\/es.liveworksheets.com\/ak1164788io\">Enlla\u00e7<\/a><\/td>\n<\/tr>\n<tr style=\"height: 33px;\">\n<td style=\"width: 31.5972%; height: 33px;\"><span data-sheets-value=\"{&quot;1&quot;:2,&quot;2&quot;:&quot;Exercicis diversos&quot;}\" data-sheets-userformat=\"{&quot;2&quot;:573,&quot;3&quot;:{&quot;1&quot;:0},&quot;5&quot;:{&quot;1&quot;:[{&quot;1&quot;:2,&quot;2&quot;:0,&quot;5&quot;:{&quot;1&quot;:2,&quot;2&quot;:0}},{&quot;1&quot;:0,&quot;2&quot;:0,&quot;3&quot;:3},{&quot;1&quot;:1,&quot;2&quot;:0,&quot;4&quot;:1}]},&quot;6&quot;:{&quot;1&quot;:[{&quot;1&quot;:2,&quot;2&quot;:0,&quot;5&quot;:{&quot;1&quot;:2,&quot;2&quot;:0}},{&quot;1&quot;:0,&quot;2&quot;:0,&quot;3&quot;:3},{&quot;1&quot;:1,&quot;2&quot;:0,&quot;4&quot;:1}]},&quot;7&quot;:{&quot;1&quot;:[{&quot;1&quot;:2,&quot;2&quot;:0,&quot;5&quot;:{&quot;1&quot;:2,&quot;2&quot;:0}},{&quot;1&quot;:0,&quot;2&quot;:0,&quot;3&quot;:3},{&quot;1&quot;:1,&quot;2&quot;:0,&quot;4&quot;:1}]},&quot;8&quot;:{&quot;1&quot;:[{&quot;1&quot;:2,&quot;2&quot;:0,&quot;5&quot;:{&quot;1&quot;:2,&quot;2&quot;:0}},{&quot;1&quot;:0,&quot;2&quot;:0,&quot;3&quot;:3},{&quot;1&quot;:1,&quot;2&quot;:0,&quot;4&quot;:1}]},&quot;12&quot;:0}\">Exercicis diversos<\/span><\/td>\n<td style=\"width: 68.1713%; height: 33px;\"><a href=\"https:\/\/www.mansioningles.com\">Enlla\u00e7<\/a><\/td>\n<\/tr>\n<\/tbody>\n<\/table>\n","protected":false},"excerpt":{"rendered":"<p>Nom del recurs Enlla\u00e7 del recurs UNITS UNIT 1 \u00a0Enlla\u00e7 UNIT 2 Enlla\u00e7 UNIT 3 Enlla\u00e7 UNIT 4 Enlla\u00e7 UNIT 5 Enlla\u00e7 UNIT 6 Enlla\u00e7 UNIT 7 Enlla\u00e7 UNIT 8 Enlla\u00e7 UNIT 9 Enlla\u00e7 UNIT 10 Enlla\u00e7 UNIT 11 Enlla\u00e7 UNIT 12 Enlla\u00e7 ARTICLES A\/AN Enlla\u00e7 A\/AN Enlla\u00e7 A\/AN Enlla\u00e7 A\/AN Enlla\u00e7 A\/AN Enlla\u00e7 A\/AN [&hellip;]<\/p>\n","protected":false},"author":1,"featured_media":0,"parent":2949,"menu_order":0,"comment_status":"closed","ping_status":"closed","template":"page-templates\/side-menu.php","meta":{"_bbp_topic_count":0,"_bbp_reply_count":0,"_bbp_total_topic_count":0,"_bbp_total_reply_count":0,"_bbp_voice_count":0,"_bbp_anonymous_reply_count":0,"_bbp_topic_count_hidden":0,"_bbp_reply_count_hidden":0,"_bbp_forum_subforum_count":0,"site-sidebar-layout":"default","site-content-layout":"","ast-site-content-layout":"","site-content-style":"default","site-sidebar-style":"default","ast-global-header-display":"","ast-banner-title-visibility":"","ast-main-header-display":"","ast-hfb-above-header-display":"","ast-hfb-below-header-display":"","ast-hfb-mobile-header-display":"","site-post-title":"","ast-breadcrumbs-content":"","ast-featured-img":"","footer-sml-layout":"","theme-transparent-header-meta":"","adv-header-id-meta":"","stick-header-meta":"","header-above-stick-meta":"","header-main-stick-meta":"","header-below-stick-meta":"","astra-migrate-meta-layouts":"default","ast-page-background-enabled":"default","ast-page-background-meta":{"desktop":{"background-color":"var(--ast-global-color-4)","background-image":"","background-repeat":"repeat","background-position":"center center","background-size":"auto","background-attachment":"scroll","background-type":"","background-media":"","overlay-type":"","overlay-color":"","overlay-opacity":"","overlay-gradient":""},"tablet":{"background-color":"","background-image":"","background-repeat":"repeat","background-position":"center center","background-size":"auto","background-attachment":"scroll","background-type":"","background-media":"","overlay-type":"","overlay-color":"","overlay-opacity":"","overlay-gradient":""},"mobile":{"background-color":"","background-image":"","background-repeat":"repeat","background-position":"center center","background-size":"auto","background-attachment":"scroll","background-type":"","background-media":"","overlay-type":"","overlay-color":"","overlay-opacity":"","overlay-gradient":""}},"ast-content-background-meta":{"desktop":{"background-color":"var(--ast-global-color-5)","background-image":"","background-repeat":"repeat","background-position":"center center","background-size":"auto","background-attachment":"scroll","background-type":"","background-media":"","overlay-type":"","overlay-color":"","overlay-opacity":"","overlay-gradient":""},"tablet":{"background-color":"var(--ast-global-color-5)","background-image":"","background-repeat":"repeat","background-position":"center center","background-size":"auto","background-attachment":"scroll","background-type":"","background-media":"","overlay-type":"","overlay-color":"","overlay-opacity":"","overlay-gradient":""},"mobile":{"background-color":"var(--ast-global-color-5)","background-image":"","background-repeat":"repeat","background-position":"center center","background-size":"auto","background-attachment":"scroll","background-type":"","background-media":"","overlay-type":"","overlay-color":"","overlay-opacity":"","overlay-gradient":""}},"footnotes":""},"class_list":["post-3059","page","type-page","status-publish","hentry"],"post_mailing_queue_ids":[],"_links":{"self":[{"href":"https:\/\/agora.xtec.cat\/cfaarturmartorell\/wp-json\/wp\/v2\/pages\/3059","targetHints":{"allow":["GET"]}}],"collection":[{"href":"https:\/\/agora.xtec.cat\/cfaarturmartorell\/wp-json\/wp\/v2\/pages"}],"about":[{"href":"https:\/\/agora.xtec.cat\/cfaarturmartorell\/wp-json\/wp\/v2\/types\/page"}],"author":[{"embeddable":true,"href":"https:\/\/agora.xtec.cat\/cfaarturmartorell\/wp-json\/wp\/v2\/users\/1"}],"replies":[{"embeddable":true,"href":"https:\/\/agora.xtec.cat\/cfaarturmartorell\/wp-json\/wp\/v2\/comments?post=3059"}],"version-history":[{"count":6,"href":"https:\/\/agora.xtec.cat\/cfaarturmartorell\/wp-json\/wp\/v2\/pages\/3059\/revisions"}],"predecessor-version":[{"id":4386,"href":"https:\/\/agora.xtec.cat\/cfaarturmartorell\/wp-json\/wp\/v2\/pages\/3059\/revisions\/4386"}],"up":[{"embeddable":true,"href":"https:\/\/agora.xtec.cat\/cfaarturmartorell\/wp-json\/wp\/v2\/pages\/2949"}],"wp:attachment":[{"href":"https:\/\/agora.xtec.cat\/cfaarturmartorell\/wp-json\/wp\/v2\/media?parent=3059"}],"curies":[{"name":"wp","href":"https:\/\/api.w.org\/{rel}","templated":true}]}}