{"id":3044,"date":"2023-03-27T16:19:49","date_gmt":"2023-03-27T14:19:49","guid":{"rendered":"https:\/\/agora.xtec.cat\/cfaarturmartorell\/?page_id=3044"},"modified":"2024-12-10T08:47:01","modified_gmt":"2024-12-10T07:47:01","slug":"banc-de-recursos-geso","status":"publish","type":"page","link":"https:\/\/agora.xtec.cat\/cfaarturmartorell\/estrategia-digital-de-centre\/cultura-digital-de-centre\/banc-de-recursos-digitals\/banc-de-recursos-geso\/","title":{"rendered":"Banc de recursos: GESO"},"content":{"rendered":"<table dir=\"ltr\" style=\"width: 49.1027%; height: 824px;\" border=\"1\" cellspacing=\"0\" cellpadding=\"0\">\n<colgroup>\n<col width=\"278\" \/>\n<col width=\"432\" \/>\n<col width=\"143\" \/><\/colgroup>\n<tbody>\n<tr style=\"height: 33px;\">\n<td style=\"height: 33px; width: 30.6346%;\" data-sheets-value=\"{&quot;1&quot;:2,&quot;2&quot;:&quot;Nom del recurs&quot;}\" data-sheets-note=\"Hem de posar la tem\u00e0tica o contingut a treballar. Per exemple: Gal\u00ed Gram\u00e0tica i vocabulari.\"><strong>Nom del recurs<\/strong><\/td>\n<td style=\"height: 33px; width: 16.7396%;\" data-sheets-value=\"{&quot;1&quot;:2,&quot;2&quot;:&quot;Enlla\u00e7 del recurs&quot;}\"><strong>Enlla\u00e7 del recurs<\/strong><\/td>\n<td style=\"height: 33px; width: 26.477%;\" data-sheets-value=\"{&quot;1&quot;:2,&quot;2&quot;:&quot;Mat\u00e8ria del recurs&quot;}\"><strong>Mat\u00e8ria del recurs<\/strong><\/td>\n<\/tr>\n<tr>\n<td style=\"width: 30.6346%;\" width=\"212\">Llengua catalana (GESO2)<\/td>\n<td style=\"width: 16.7396%;\" width=\"116\"><a href=\"https:\/\/bromera.com\/educacio\/module\/activitatsdigitals\/ActivitatsDigitals?module_action=detail&amp;id=62\">Enlla\u00e7<\/a><\/td>\n<td style=\"width: 26.477%;\" width=\"183\">\u00c0mbit de la comunicaci\u00f3<\/td>\n<\/tr>\n<tr>\n<td style=\"width: 30.6346%;\" width=\"212\">Angl\u00e8s per a tots els nivells del GESO<\/td>\n<td style=\"width: 16.7396%;\" width=\"116\"><a href=\"https:\/\/www.ejerciciosinglesonline.com\/exercises-and-theory\/eso\/\">Enlla\u00e7<\/a><\/td>\n<td style=\"width: 26.477%;\" width=\"183\">\u00c0mbit de la comunicaci\u00f3<\/td>\n<\/tr>\n<tr>\n<td style=\"width: 30.6346%;\" width=\"212\">Passatemps paraul\u00f2gic (catal\u00e0)<\/td>\n<td style=\"width: 16.7396%;\" width=\"116\"><a href=\"https:\/\/www.vilaweb.cat\/paraulogic\/\">Enlla\u00e7<\/a><\/td>\n<td style=\"width: 26.477%;\" width=\"183\">\u00c0mbit de la comunicaci\u00f3<\/td>\n<\/tr>\n<tr>\n<td style=\"width: 30.6346%;\" width=\"212\">Activitats d\u2019angl\u00e8s<\/td>\n<td style=\"width: 16.7396%;\" width=\"116\"><a href=\"https:\/\/edu365.cat\/eso\/angles\/index.html\">Enlla\u00e7<\/a><\/td>\n<td style=\"width: 26.477%;\" width=\"183\">\u00c0mbit de la comunicaci\u00f3<\/td>\n<\/tr>\n<tr>\n<td style=\"width: 30.6346%;\" width=\"212\">Comprensi\u00f3 lectora (castell\u00e0)<\/td>\n<td style=\"width: 16.7396%;\" width=\"116\"><a href=\"https:\/\/edu365.cat\/eso\/castella\/lecturas\/index.html\">Enlla\u00e7<\/a><\/td>\n<td style=\"width: 26.477%;\" width=\"183\">\u00c0mbit de la comunicaci\u00f3<\/td>\n<\/tr>\n<tr>\n<td style=\"width: 30.6346%;\" width=\"212\">Literatura (castell\u00e0)<\/td>\n<td style=\"width: 16.7396%;\" width=\"116\"><a href=\"https:\/\/edu365.cat\/eso\/castella\/literatura\/index.htm\">Enlla\u00e7<\/a><\/td>\n<td style=\"width: 26.477%;\" width=\"183\">\u00c0mbit de la comunicaci\u00f3<\/td>\n<\/tr>\n<tr>\n<td style=\"width: 30.6346%;\" width=\"212\">Jocs rep\u00e0s (castell\u00e0)<\/td>\n<td style=\"width: 16.7396%;\" width=\"116\"><a href=\"https:\/\/www.testeando.es\/4-ESO-Lengua-25\">Enlla\u00e7<\/a><\/td>\n<td style=\"width: 26.477%;\" width=\"183\">\u00c0mbit de la comunicaci\u00f3<\/td>\n<\/tr>\n<tr>\n<td style=\"width: 30.6346%;\" width=\"212\">Llistat jocs tipologia textual (castell\u00e0)<\/td>\n<td style=\"width: 16.7396%;\" width=\"116\"><a href=\"https:\/\/wordwall.net\/es-cl\/community\/tipolog%C3%ADa-de-textos\">Enlla\u00e7<\/a><\/td>\n<td style=\"width: 26.477%;\" width=\"183\">\u00c0mbit de la comunicaci\u00f3<\/td>\n<\/tr>\n<tr>\n<td style=\"width: 30.6346%;\" width=\"212\">Joc tipologia textual (castell\u00e0)<\/td>\n<td style=\"width: 16.7396%;\" width=\"116\"><a href=\"https:\/\/view.genial.ly\/5e6ec9aaea34ad6c6b8cd77c\/game-juego-tipologia-de-textos\">Enlla\u00e7<\/a><\/td>\n<td style=\"width: 26.477%;\" width=\"183\">\u00c0mbit de la comunicaci\u00f3<\/td>\n<\/tr>\n<tr>\n<td style=\"width: 30.6346%;\" width=\"212\">Agudes, planes, esdr\u00faixoles (catal\u00e0)<\/td>\n<td style=\"width: 16.7396%;\" width=\"116\"><a href=\"https:\/\/wordwall.net\/es\/resource\/33968298\/catal%C3%A0\/quin-tipus-de-paraules-s%C3%B3n\">Enlla\u00e7<\/a><\/td>\n<td style=\"width: 26.477%;\" width=\"183\">\u00c0mbit de la comunicaci\u00f3<\/td>\n<\/tr>\n<tr>\n<td style=\"width: 30.6346%;\" width=\"212\">Subjecte i predicat (catal\u00e0)<\/td>\n<td style=\"width: 16.7396%;\" width=\"116\"><a href=\"https:\/\/wordwall.net\/es\/resource\/29986535\/catal%C3%A0\/subjecte-i-predicat\">Enlla\u00e7<\/a><\/td>\n<td style=\"width: 26.477%;\" width=\"183\">\u00c0mbit de la comunicaci\u00f3<\/td>\n<\/tr>\n<tr>\n<td style=\"width: 30.6346%;\" width=\"212\">Substantius (catal\u00e0)<\/td>\n<td style=\"width: 16.7396%;\" width=\"116\"><a href=\"https:\/\/wordwall.net\/es\/resource\/29799444\/audici%C3%B3n-y-lenguaje\/substantius\">Enlla\u00e7<\/a><\/td>\n<td style=\"width: 26.477%;\" width=\"183\">\u00c0mbit de la comunicaci\u00f3<\/td>\n<\/tr>\n<tr>\n<td style=\"width: 30.6346%;\" width=\"212\">Complements verbals I (castell\u00e0)<\/td>\n<td style=\"width: 16.7396%;\" width=\"116\"><a href=\"https:\/\/es.liveworksheets.com\/cm575855fp\">Enlla\u00e7<\/a><\/td>\n<td style=\"width: 26.477%;\" width=\"183\">\u00c0mbit de la comunicaci\u00f3<\/td>\n<\/tr>\n<tr>\n<td style=\"width: 30.6346%;\" width=\"212\">Complements verbals II (castell\u00e0)<\/td>\n<td style=\"width: 16.7396%;\" width=\"116\"><a href=\"https:\/\/es.liveworksheets.com\/dy2491022av\">Enlla\u00e7<\/a><\/td>\n<td style=\"width: 26.477%;\" width=\"183\">\u00c0mbit de la comunicaci\u00f3<\/td>\n<\/tr>\n<tr>\n<td style=\"width: 30.6346%;\" width=\"212\">Sudoku de lletres (castell\u00e0)<\/td>\n<td style=\"width: 16.7396%;\" width=\"116\"><a href=\"https:\/\/poki.com\/es\/g\/word-finder\">Enlla\u00e7<\/a><\/td>\n<td style=\"width: 26.477%;\" width=\"183\">\u00c0mbit de la comunicaci\u00f3<\/td>\n<\/tr>\n<tr>\n<td style=\"width: 30.6346%;\" width=\"212\">Present continuous 1<\/td>\n<td style=\"width: 16.7396%;\" width=\"116\"><a href=\"https:\/\/www.liveworksheets.com\/w\/en\/english-second-language-esl\/397247\">Enlla\u00e7<\/a><\/td>\n<td style=\"width: 26.477%;\" width=\"183\">\u00c0mbit de la comunicaci\u00f3<\/td>\n<\/tr>\n<tr>\n<td style=\"width: 30.6346%;\" width=\"212\">Present continuous 2<\/td>\n<td style=\"width: 16.7396%;\" width=\"116\"><a href=\"https:\/\/www.liveworksheets.com\/w\/en\/english-second-language-esl\/45383\">Enlla\u00e7<\/a><\/td>\n<td style=\"width: 26.477%;\" width=\"183\">\u00c0mbit de la comunicaci\u00f3<\/td>\n<\/tr>\n<tr>\n<td style=\"width: 30.6346%;\" width=\"212\">Present continuous 3<\/td>\n<td style=\"width: 16.7396%;\" width=\"116\"><a href=\"https:\/\/www.liveworksheets.com\/w\/en\/english-second-language-esl\/178500\">Enlla\u00e7<\/a><\/td>\n<td style=\"width: 26.477%;\" width=\"183\">\u00c0mbit de la comunicaci\u00f3<\/td>\n<\/tr>\n<tr>\n<td style=\"width: 30.6346%;\" width=\"212\">Present continuous 4<\/td>\n<td style=\"width: 16.7396%;\" width=\"116\"><a href=\"https:\/\/www.liveworksheets.com\/w\/en\/english-second-language-esl\/187771\">Enlla\u00e7<\/a><\/td>\n<td style=\"width: 26.477%;\" width=\"183\">\u00c0mbit de la comunicaci\u00f3<\/td>\n<\/tr>\n<tr>\n<td style=\"width: 30.6346%;\" width=\"212\">Hist\u00f2ria, Geografia i art<\/td>\n<td style=\"width: 16.7396%;\" width=\"116\"><a href=\"https:\/\/www.profesorfrancisco.es\/\">Enlla\u00e7<\/a><\/td>\n<td style=\"width: 26.477%;\" width=\"183\">\u00c0mbit de les ci\u00e8ncies socials<\/td>\n<\/tr>\n<tr>\n<td style=\"width: 30.6346%;\" width=\"212\">Canal de youtube<\/td>\n<td style=\"width: 16.7396%;\" width=\"116\"><a href=\"https:\/\/www.youtube.com\/@Lacunadehalicarnaso\/videos\">Enlla\u00e7<\/a><\/td>\n<td style=\"width: 26.477%;\" width=\"183\">\u00c0mbit de les ci\u00e8ncies socials<\/td>\n<\/tr>\n<tr>\n<td style=\"width: 30.6346%;\" width=\"212\">Fitxes interactives (1r ESO)<\/td>\n<td style=\"width: 16.7396%;\" width=\"116\"><a href=\"https:\/\/www.topworksheets.com\/spain\/grade\/educaci%C3%B3n-secundaria-obligatoria-eso\/1-e-s-o\">Enlla\u00e7<\/a><\/td>\n<td style=\"width: 26.477%;\" width=\"183\">Tots els \u00e0mbits<\/td>\n<\/tr>\n<tr>\n<td style=\"width: 30.6346%;\" width=\"212\">Fitxes interactives (2n ESO)<\/td>\n<td style=\"width: 16.7396%;\" width=\"116\"><a href=\"https:\/\/www.topworksheets.com\/spain\/grade\/educaci%C3%B3n-secundaria-obligatoria-eso\/2-e-s-o\">Enlla\u00e7<\/a><\/td>\n<td style=\"width: 26.477%;\" width=\"183\">Tots els \u00e0mbits<\/td>\n<\/tr>\n<tr>\n<td style=\"width: 30.6346%;\" width=\"212\">Fitxes interactives (3r ESO)<\/td>\n<td style=\"width: 16.7396%;\" width=\"116\"><a href=\"https:\/\/www.topworksheets.com\/spain\/grade\/educaci%C3%B3n-secundaria-obligatoria-eso\/3-e-s-o\">Enlla\u00e7<\/a><\/td>\n<td style=\"width: 26.477%;\" width=\"183\">Tots els \u00e0mbits<\/td>\n<\/tr>\n<tr>\n<td style=\"width: 30.6346%;\" width=\"212\">Fitxes interactives (4t ESO)<\/td>\n<td style=\"width: 16.7396%;\" width=\"116\"><a href=\"https:\/\/www.topworksheets.com\/spain\/grade\/educaci%C3%B3n-secundaria-obligatoria-eso\/4-e-s-o\">Enlla\u00e7<\/a><\/td>\n<td style=\"width: 26.477%;\" width=\"183\">Tots els \u00e0mbits<\/td>\n<\/tr>\n<tr>\n<td style=\"width: 30.6346%;\">Exercicis morfologia i sintaxi<\/td>\n<td style=\"width: 16.7396%;\"><a href=\"https:\/\/aprenderespanol.org\/gramatica\/oracion-texto.html\">Enlla\u00e7<\/a><\/td>\n<td style=\"width: 26.477%;\">Acc\u00e9s a CFGS<\/td>\n<\/tr>\n<tr>\n<td style=\"width: 30.6346%;\">Exercicis sintaxi<\/td>\n<td style=\"width: 16.7396%;\"><a href=\"https:\/\/aprenderespanol.org\/ejercicios\/gramatica\/sintaxis\/analisis-sintactico-1.html\">Enlla\u00e7<\/a><\/td>\n<td style=\"width: 26.477%;\">Acc\u00e9s a CFGS<\/td>\n<\/tr>\n<\/tbody>\n<\/table>\n","protected":false},"excerpt":{"rendered":"<p>Nom del recurs Enlla\u00e7 del recurs Mat\u00e8ria del recurs Llengua catalana (GESO2) Enlla\u00e7 \u00c0mbit de la comunicaci\u00f3 Angl\u00e8s per a tots els nivells del GESO Enlla\u00e7 \u00c0mbit de la comunicaci\u00f3 Passatemps paraul\u00f2gic (catal\u00e0) Enlla\u00e7 \u00c0mbit de la comunicaci\u00f3 Activitats d\u2019angl\u00e8s Enlla\u00e7 \u00c0mbit de la comunicaci\u00f3 Comprensi\u00f3 lectora (castell\u00e0) Enlla\u00e7 \u00c0mbit de la comunicaci\u00f3 Literatura (castell\u00e0) [&hellip;]<\/p>\n","protected":false},"author":1,"featured_media":0,"parent":2949,"menu_order":0,"comment_status":"closed","ping_status":"closed","template":"page-templates\/side-menu.php","meta":{"_bbp_topic_count":0,"_bbp_reply_count":0,"_bbp_total_topic_count":0,"_bbp_total_reply_count":0,"_bbp_voice_count":0,"_bbp_anonymous_reply_count":0,"_bbp_topic_count_hidden":0,"_bbp_reply_count_hidden":0,"_bbp_forum_subforum_count":0,"site-sidebar-layout":"default","site-content-layout":"","ast-site-content-layout":"","site-content-style":"default","site-sidebar-style":"default","ast-global-header-display":"","ast-banner-title-visibility":"","ast-main-header-display":"","ast-hfb-above-header-display":"","ast-hfb-below-header-display":"","ast-hfb-mobile-header-display":"","site-post-title":"","ast-breadcrumbs-content":"","ast-featured-img":"","footer-sml-layout":"","theme-transparent-header-meta":"","adv-header-id-meta":"","stick-header-meta":"","header-above-stick-meta":"","header-main-stick-meta":"","header-below-stick-meta":"","astra-migrate-meta-layouts":"default","ast-page-background-enabled":"default","ast-page-background-meta":{"desktop":{"background-color":"var(--ast-global-color-4)","background-image":"","background-repeat":"repeat","background-position":"center center","background-size":"auto","background-attachment":"scroll","background-type":"","background-media":"","overlay-type":"","overlay-color":"","overlay-opacity":"","overlay-gradient":""},"tablet":{"background-color":"","background-image":"","background-repeat":"repeat","background-position":"center center","background-size":"auto","background-attachment":"scroll","background-type":"","background-media":"","overlay-type":"","overlay-color":"","overlay-opacity":"","overlay-gradient":""},"mobile":{"background-color":"","background-image":"","background-repeat":"repeat","background-position":"center center","background-size":"auto","background-attachment":"scroll","background-type":"","background-media":"","overlay-type":"","overlay-color":"","overlay-opacity":"","overlay-gradient":""}},"ast-content-background-meta":{"desktop":{"background-color":"var(--ast-global-color-5)","background-image":"","background-repeat":"repeat","background-position":"center center","background-size":"auto","background-attachment":"scroll","background-type":"","background-media":"","overlay-type":"","overlay-color":"","overlay-opacity":"","overlay-gradient":""},"tablet":{"background-color":"var(--ast-global-color-5)","background-image":"","background-repeat":"repeat","background-position":"center center","background-size":"auto","background-attachment":"scroll","background-type":"","background-media":"","overlay-type":"","overlay-color":"","overlay-opacity":"","overlay-gradient":""},"mobile":{"background-color":"var(--ast-global-color-5)","background-image":"","background-repeat":"repeat","background-position":"center center","background-size":"auto","background-attachment":"scroll","background-type":"","background-media":"","overlay-type":"","overlay-color":"","overlay-opacity":"","overlay-gradient":""}},"footnotes":""},"class_list":["post-3044","page","type-page","status-publish","hentry"],"post_mailing_queue_ids":[],"_links":{"self":[{"href":"https:\/\/agora.xtec.cat\/cfaarturmartorell\/wp-json\/wp\/v2\/pages\/3044","targetHints":{"allow":["GET"]}}],"collection":[{"href":"https:\/\/agora.xtec.cat\/cfaarturmartorell\/wp-json\/wp\/v2\/pages"}],"about":[{"href":"https:\/\/agora.xtec.cat\/cfaarturmartorell\/wp-json\/wp\/v2\/types\/page"}],"author":[{"embeddable":true,"href":"https:\/\/agora.xtec.cat\/cfaarturmartorell\/wp-json\/wp\/v2\/users\/1"}],"replies":[{"embeddable":true,"href":"https:\/\/agora.xtec.cat\/cfaarturmartorell\/wp-json\/wp\/v2\/comments?post=3044"}],"version-history":[{"count":6,"href":"https:\/\/agora.xtec.cat\/cfaarturmartorell\/wp-json\/wp\/v2\/pages\/3044\/revisions"}],"predecessor-version":[{"id":4016,"href":"https:\/\/agora.xtec.cat\/cfaarturmartorell\/wp-json\/wp\/v2\/pages\/3044\/revisions\/4016"}],"up":[{"embeddable":true,"href":"https:\/\/agora.xtec.cat\/cfaarturmartorell\/wp-json\/wp\/v2\/pages\/2949"}],"wp:attachment":[{"href":"https:\/\/agora.xtec.cat\/cfaarturmartorell\/wp-json\/wp\/v2\/media?parent=3044"}],"curies":[{"name":"wp","href":"https:\/\/api.w.org\/{rel}","templated":true}]}}