{"id":3042,"date":"2023-03-27T16:19:19","date_gmt":"2023-03-27T14:19:19","guid":{"rendered":"https:\/\/agora.xtec.cat\/cfaarturmartorell\/?page_id=3042"},"modified":"2024-06-12T14:03:36","modified_gmt":"2024-06-12T12:03:36","slug":"banc-de-recursos-fi-4","status":"publish","type":"page","link":"https:\/\/agora.xtec.cat\/cfaarturmartorell\/estrategia-digital-de-centre\/cultura-digital-de-centre\/banc-de-recursos-digitals\/banc-de-recursos-fi-4\/","title":{"rendered":"Banc de recursos: FI-4"},"content":{"rendered":"<h4>UNITATS COMPETENCIALS (en construcci\u00f3)<\/h4>\n<table style=\"width: 61.5528%; border-collapse: collapse; border-style: solid; border-color: #080000;\">\n<tbody>\n<tr>\n<td style=\"width: 61.5535%; border-color: #0a0000; border-style: solid;\" colspan=\"2\">\n<p style=\"text-align: center;\"><strong>UNITAT COMPETENCIAL 1<\/strong><\/p>\n<p style=\"text-align: center;\"><strong>Un m\u00f3n sostenible<\/strong><\/p>\n<\/td>\n<\/tr>\n<tr>\n<td style=\"width: 32.7676%; border-color: #0a0000; border-style: solid;\"><strong>Nom del recurs<\/strong><\/td>\n<td style=\"width: 28.7859%; border-color: #0a0000; border-style: solid;\"><strong>Enlla\u00e7 del recurs<\/strong><\/td>\n<\/tr>\n<tr>\n<td style=\"width: 32.7676%; border-color: #0a0000; border-style: solid;\">en construcci\u00f3<\/td>\n<td style=\"width: 28.7859%; border-color: #0a0000; border-style: solid;\">enlla\u00e7<\/td>\n<\/tr>\n<tr>\n<td style=\"width: 61.5535%; border-color: #0a0000; border-style: solid;\" colspan=\"2\">\n<p style=\"text-align: center;\"><strong>UNITAT COMPETENCIAL 2<\/strong><\/p>\n<p style=\"text-align: center;\"><strong>Ets all\u00f2 que menges<\/strong><\/p>\n<\/td>\n<\/tr>\n<tr>\n<td style=\"width: 32.7676%; border-color: #0a0000; border-style: solid;\"><\/td>\n<td style=\"width: 28.7859%; border-color: #0a0000; border-style: solid;\">enlla\u00e7<\/td>\n<\/tr>\n<tr>\n<td style=\"width: 61.5535%; border-color: #0a0000; border-style: solid;\" colspan=\"2\">\n<p style=\"text-align: center;\"><strong>UNITAT COMPETENCIAL 3<\/strong><\/p>\n<p style=\"text-align: center;\"><strong>H\u00e0bits saludables<\/strong><\/p>\n<\/td>\n<\/tr>\n<tr>\n<td style=\"width: 32.7676%; border-color: #0a0000; border-style: solid;\"><\/td>\n<td style=\"width: 28.7859%; border-color: #0a0000; border-style: solid;\">enlla\u00e7<\/td>\n<\/tr>\n<tr>\n<td style=\"width: 61.5535%; border-color: #0a0000; border-style: solid;\" colspan=\"2\">\n<p style=\"text-align: center;\"><strong>UNITAT COMPETENCIAL 4<\/strong><\/p>\n<p style=\"text-align: center;\"><strong>Llogo un pis<\/strong><\/p>\n<\/td>\n<\/tr>\n<tr>\n<td style=\"width: 32.7676%; border-color: #0a0000; border-style: solid;\"><\/td>\n<td style=\"width: 28.7859%; border-color: #0a0000; border-style: solid;\">enlla\u00e7<\/td>\n<\/tr>\n<tr>\n<td style=\"width: 32.7676%; border-color: #0a0000; border-style: solid;\" colspan=\"2\">\n<p style=\"text-align: center;\"><strong>UNITAT COMPETENCIAL 5<\/strong><\/p>\n<p style=\"text-align: center;\"><strong>Parlem de feina<\/strong><\/p>\n<\/td>\n<\/tr>\n<tr>\n<td style=\"width: 32.7676%; border-color: #0a0000; border-style: solid;\"><\/td>\n<td style=\"width: 28.7859%; border-color: #0a0000; border-style: solid;\">enlla\u00e7<\/td>\n<\/tr>\n<tr>\n<td style=\"width: 32.7676%; border-color: #0a0000; border-style: solid;\" colspan=\"2\">\n<p style=\"text-align: center;\"><strong>UNITAT COMPETENCIAL 6<\/strong><\/p>\n<p style=\"text-align: center;\"><strong>Sexe i g\u00e8nere<\/strong><\/p>\n<\/td>\n<\/tr>\n<tr>\n<td style=\"width: 32.7676%; border-color: #0a0000; border-style: solid;\"><\/td>\n<td style=\"width: 28.7859%; border-color: #0a0000; border-style: solid;\">enlla\u00e7<\/td>\n<\/tr>\n<tr>\n<td style=\"width: 32.7676%; border-color: #0a0000; border-style: solid;\" colspan=\"2\">\n<p style=\"text-align: center;\"><strong>UNITAT COMPETENCIAL 7<\/strong><\/p>\n<p style=\"text-align: center;\"><strong>El cervell al descobert<\/strong><\/p>\n<\/td>\n<\/tr>\n<tr>\n<td style=\"width: 32.7676%; border-color: #0a0000; border-style: solid;\"><\/td>\n<td style=\"width: 28.7859%; border-color: #0a0000; border-style: solid;\">enlla\u00e7<\/td>\n<\/tr>\n<\/tbody>\n<\/table>\n<p>&nbsp;<\/p>\n<h4>RECURSOS ALTERNATIUS<\/h4>\n<p>&nbsp;<\/p>\n<table dir=\"ltr\" style=\"width: 45.3078%; height: 495px;\" border=\"1\" cellspacing=\"0\" cellpadding=\"0\">\n<colgroup>\n<col width=\"278\" \/>\n<col width=\"432\" \/>\n<col width=\"143\" \/><\/colgroup>\n<tbody>\n<tr style=\"height: 33px;\">\n<td style=\"height: 33px; width: 27.4841%;\" data-sheets-value=\"{&quot;1&quot;:2,&quot;2&quot;:&quot;Nom del recurs&quot;}\" data-sheets-note=\"Hem de posar la tem\u00e0tica o contingut a treballar. Per exemple: Gal\u00ed Gram\u00e0tica i vocabulari.\"><strong>Nom del recurs<\/strong><\/td>\n<td style=\"height: 33px; width: 26.4162%;\" data-sheets-value=\"{&quot;1&quot;:2,&quot;2&quot;:&quot;Enlla\u00e7 del recurs&quot;}\"><strong>Enlla\u00e7 del recurs<\/strong><\/td>\n<td style=\"height: 33px; width: 29.274%;\" data-sheets-value=\"{&quot;1&quot;:2,&quot;2&quot;:&quot;Mat\u00e8ria del recurs&quot;}\"><strong>Mat\u00e8ria del recurs<\/strong><\/td>\n<\/tr>\n<tr style=\"height: 33px;\">\n<td style=\"height: 33px; width: 27.4841%;\" data-sheets-value=\"{&quot;1&quot;:2,&quot;2&quot;:&quot;Letra M&quot;}\"><span data-sheets-value=\"{&quot;1&quot;:2,&quot;2&quot;:&quot;Nutrici\u00f3&quot;}\" data-sheets-userformat=\"{&quot;2&quot;:573,&quot;3&quot;:{&quot;1&quot;:0},&quot;5&quot;:{&quot;1&quot;:[{&quot;1&quot;:2,&quot;2&quot;:0,&quot;5&quot;:{&quot;1&quot;:2,&quot;2&quot;:0}},{&quot;1&quot;:0,&quot;2&quot;:0,&quot;3&quot;:3},{&quot;1&quot;:1,&quot;2&quot;:0,&quot;4&quot;:1}]},&quot;6&quot;:{&quot;1&quot;:[{&quot;1&quot;:2,&quot;2&quot;:0,&quot;5&quot;:{&quot;1&quot;:2,&quot;2&quot;:0}},{&quot;1&quot;:0,&quot;2&quot;:0,&quot;3&quot;:3},{&quot;1&quot;:1,&quot;2&quot;:0,&quot;4&quot;:1}]},&quot;7&quot;:{&quot;1&quot;:[{&quot;1&quot;:2,&quot;2&quot;:0,&quot;5&quot;:{&quot;1&quot;:2,&quot;2&quot;:0}},{&quot;1&quot;:0,&quot;2&quot;:0,&quot;3&quot;:3},{&quot;1&quot;:1,&quot;2&quot;:0,&quot;4&quot;:1}]},&quot;8&quot;:{&quot;1&quot;:[{&quot;1&quot;:2,&quot;2&quot;:0,&quot;5&quot;:{&quot;1&quot;:2,&quot;2&quot;:0}},{&quot;1&quot;:0,&quot;2&quot;:0,&quot;3&quot;:3},{&quot;1&quot;:1,&quot;2&quot;:0,&quot;4&quot;:1}]},&quot;12&quot;:0}\">Nutrici\u00f3 1<\/span><\/td>\n<td style=\"height: 33px; width: 26.4162%;\" data-sheets-value=\"{&quot;1&quot;:2,&quot;2&quot;:&quot;https:\/\/es.liveworksheets.com\/sx2637889zs&quot;}\" data-sheets-hyperlink=\"https:\/\/es.liveworksheets.com\/sx2637889zs\"><a href=\"https:\/\/educaciodigital.cat\/escolamartamatabcn\/moodle\/mod\/book\/view.php?id=2892&amp;chapterid=501\">Enlla\u00e7<\/a><\/td>\n<td style=\"height: 33px; width: 29.274%;\" data-sheets-value=\"{&quot;1&quot;:2,&quot;2&quot;:&quot;Lectoescriptura&quot;}\" data-sheets-validation-definition=\"{&quot;1&quot;:{&quot;1&quot;:{&quot;1&quot;:24,&quot;2&quot;:[{&quot;1&quot;:0,&quot;5&quot;:{&quot;1&quot;:{&quot;1&quot;:0},&quot;2&quot;:{&quot;1&quot;:2,&quot;2&quot;:&quot;Catal\u00e0&quot;}}},{&quot;1&quot;:0,&quot;5&quot;:{&quot;1&quot;:{&quot;1&quot;:0},&quot;2&quot;:{&quot;1&quot;:2,&quot;2&quot;:&quot;Lectoescriptura&quot;}}},{&quot;1&quot;:0,&quot;5&quot;:{&quot;1&quot;:{&quot;1&quot;:0},&quot;2&quot;:{&quot;1&quot;:2,&quot;2&quot;:&quot;Matem\u00e0tiques&quot;}}}]},&quot;2&quot;:{&quot;1&quot;:{&quot;1&quot;:[{&quot;1&quot;:4,&quot;6&quot;:0},{&quot;1&quot;:2,&quot;3&quot;:&quot;TRIM&quot;,&quot;4&quot;:1},{&quot;1&quot;:3,&quot;5&quot;:{&quot;1&quot;:2,&quot;2&quot;:&quot;Catal\u00e0&quot;}},{&quot;1&quot;:3,&quot;5&quot;:{&quot;1&quot;:2,&quot;2&quot;:&quot;Lectoescriptura&quot;}},{&quot;1&quot;:3,&quot;5&quot;:{&quot;1&quot;:2,&quot;2&quot;:&quot;Matem\u00e0tiques&quot;}},{&quot;1&quot;:2,&quot;3&quot;:&quot;ARRAY_ROW&quot;,&quot;4&quot;:3},{&quot;1&quot;:2,&quot;3&quot;:&quot;ARRAY_LITERAL&quot;,&quot;4&quot;:1},{&quot;1&quot;:2,&quot;3&quot;:&quot;TRIM&quot;,&quot;4&quot;:1},{&quot;1&quot;:2,&quot;3&quot;:&quot;EXACT&quot;,&quot;4&quot;:2},{&quot;1&quot;:2,&quot;3&quot;:&quot;OR&quot;,&quot;4&quot;:1},{&quot;1&quot;:2,&quot;3&quot;:&quot;ARRAYFORMULA&quot;,&quot;4&quot;:1},{&quot;1&quot;:1,&quot;2&quot;:&quot;=&quot;}]},&quot;3&quot;:&quot;R0]FTRIM:1]LSCatal\u00e0]]LSLectoescriptura]]LSMatem\u00e0tiques]]FARRAY_ROW:3]FARRAY_LITERAL:1]FTRIM:1]FEXACT:2]FOR:1]FARRAYFORMULA:1]S&quot;},&quot;3&quot;:[{&quot;1&quot;:{&quot;1&quot;:0,&quot;2&quot;:1,&quot;3&quot;:0,&quot;4&quot;:1,&quot;5&quot;:1118464},&quot;2&quot;:0}]},&quot;2&quot;:&quot;&quot;,&quot;3&quot;:1,&quot;4&quot;:1,&quot;6&quot;:0}\" data-sheets-validation-id=\"0\">Ci\u00e8ncies naturals i socials<\/td>\n<\/tr>\n<tr style=\"height: 33px;\">\n<td style=\"height: 33px; width: 27.4841%;\" data-sheets-value=\"{&quot;1&quot;:2,&quot;2&quot;:&quot;Dictado de oraciones&quot;}\"><span data-sheets-value=\"{&quot;1&quot;:2,&quot;2&quot;:&quot;Nutrici\u00f3&quot;}\" data-sheets-userformat=\"{&quot;2&quot;:573,&quot;3&quot;:{&quot;1&quot;:0},&quot;5&quot;:{&quot;1&quot;:[{&quot;1&quot;:2,&quot;2&quot;:0,&quot;5&quot;:{&quot;1&quot;:2,&quot;2&quot;:0}},{&quot;1&quot;:0,&quot;2&quot;:0,&quot;3&quot;:3},{&quot;1&quot;:1,&quot;2&quot;:0,&quot;4&quot;:1}]},&quot;6&quot;:{&quot;1&quot;:[{&quot;1&quot;:2,&quot;2&quot;:0,&quot;5&quot;:{&quot;1&quot;:2,&quot;2&quot;:0}},{&quot;1&quot;:0,&quot;2&quot;:0,&quot;3&quot;:3},{&quot;1&quot;:1,&quot;2&quot;:0,&quot;4&quot;:1}]},&quot;7&quot;:{&quot;1&quot;:[{&quot;1&quot;:2,&quot;2&quot;:0,&quot;5&quot;:{&quot;1&quot;:2,&quot;2&quot;:0}},{&quot;1&quot;:0,&quot;2&quot;:0,&quot;3&quot;:3},{&quot;1&quot;:1,&quot;2&quot;:0,&quot;4&quot;:1}]},&quot;8&quot;:{&quot;1&quot;:[{&quot;1&quot;:2,&quot;2&quot;:0,&quot;5&quot;:{&quot;1&quot;:2,&quot;2&quot;:0}},{&quot;1&quot;:0,&quot;2&quot;:0,&quot;3&quot;:3},{&quot;1&quot;:1,&quot;2&quot;:0,&quot;4&quot;:1}]},&quot;12&quot;:0}\">Nutrici\u00f3 2<\/span><\/td>\n<td style=\"height: 33px; width: 26.4162%;\" data-sheets-value=\"{&quot;1&quot;:2,&quot;2&quot;:&quot;https:\/\/es.liveworksheets.com\/ox2127888sb&quot;}\" data-sheets-hyperlink=\"https:\/\/es.liveworksheets.com\/ox2127888sb\"><a href=\"https:\/\/www.edualimentaria.com\/alimentacion-saludable-dieta-mediterranea\/historia-origen\">Enlla\u00e7<\/a><\/td>\n<td style=\"height: 33px; width: 29.274%;\" data-sheets-validation-definition=\"{&quot;1&quot;:{&quot;1&quot;:{&quot;1&quot;:24,&quot;2&quot;:[{&quot;1&quot;:0,&quot;5&quot;:{&quot;1&quot;:{&quot;1&quot;:0},&quot;2&quot;:{&quot;1&quot;:2,&quot;2&quot;:&quot;Catal\u00e0&quot;}}},{&quot;1&quot;:0,&quot;5&quot;:{&quot;1&quot;:{&quot;1&quot;:0},&quot;2&quot;:{&quot;1&quot;:2,&quot;2&quot;:&quot;Castell\u00e0&quot;}}},{&quot;1&quot;:0,&quot;5&quot;:{&quot;1&quot;:{&quot;1&quot;:0},&quot;2&quot;:{&quot;1&quot;:2,&quot;2&quot;:&quot;Matem\u00e0tiques&quot;}}},{&quot;1&quot;:0,&quot;5&quot;:{&quot;1&quot;:{&quot;1&quot;:0},&quot;2&quot;:{&quot;1&quot;:2,&quot;2&quot;:&quot;Ci\u00e8ncies naturals i socials&quot;}}}]},&quot;2&quot;:{&quot;1&quot;:{&quot;1&quot;:[{&quot;1&quot;:4,&quot;6&quot;:0},{&quot;1&quot;:2,&quot;3&quot;:&quot;TRIM&quot;,&quot;4&quot;:1},{&quot;1&quot;:3,&quot;5&quot;:{&quot;1&quot;:2,&quot;2&quot;:&quot;Catal\u00e0&quot;}},{&quot;1&quot;:3,&quot;5&quot;:{&quot;1&quot;:2,&quot;2&quot;:&quot;Castell\u00e0&quot;}},{&quot;1&quot;:3,&quot;5&quot;:{&quot;1&quot;:2,&quot;2&quot;:&quot;Matem\u00e0tiques&quot;}},{&quot;1&quot;:3,&quot;5&quot;:{&quot;1&quot;:2,&quot;2&quot;:&quot;Ci\u00e8ncies naturals i socials&quot;}},{&quot;1&quot;:2,&quot;3&quot;:&quot;ARRAY_ROW&quot;,&quot;4&quot;:4},{&quot;1&quot;:2,&quot;3&quot;:&quot;ARRAY_LITERAL&quot;,&quot;4&quot;:1},{&quot;1&quot;:2,&quot;3&quot;:&quot;TRIM&quot;,&quot;4&quot;:1},{&quot;1&quot;:2,&quot;3&quot;:&quot;EXACT&quot;,&quot;4&quot;:2},{&quot;1&quot;:2,&quot;3&quot;:&quot;OR&quot;,&quot;4&quot;:1},{&quot;1&quot;:2,&quot;3&quot;:&quot;ARRAYFORMULA&quot;,&quot;4&quot;:1},{&quot;1&quot;:1,&quot;2&quot;:&quot;=&quot;}]},&quot;3&quot;:&quot;R0]FTRIM:1]LSCatal\u00e0]]LSCastell\u00e0]]LSMatem\u00e0tiques]]LSCi\u00e8ncies naturals i socials]]FARRAY_ROW:4]FARRAY_LITERAL:1]FTRIM:1]FEXACT:2]FOR:1]FARRAYFORMULA:1]S&quot;},&quot;3&quot;:[{&quot;1&quot;:{&quot;1&quot;:0,&quot;2&quot;:1,&quot;3&quot;:0,&quot;4&quot;:1,&quot;5&quot;:1118464},&quot;2&quot;:0}]},&quot;2&quot;:&quot;&quot;,&quot;3&quot;:1,&quot;4&quot;:1,&quot;6&quot;:0}\" data-sheets-validation-id=\"1\">Ci\u00e8ncies naturals i socials<\/td>\n<\/tr>\n<tr style=\"height: 33px;\">\n<td style=\"height: 33px; width: 27.4841%;\" data-sheets-value=\"{&quot;1&quot;:2,&quot;2&quot;:&quot;Letra M &quot;}\"><\/td>\n<td style=\"height: 33px; width: 26.4162%;\" data-sheets-value=\"{&quot;1&quot;:2,&quot;2&quot;:&quot;https:\/\/es.liveworksheets.com\/worksheets\/es\/Lectoescritura\/Lecto-escritura\/Arrastra_la_s\u00edlaba_que_falta_(letra_M)_pu1334531nt&quot;}\"><\/td>\n<td style=\"height: 33px; width: 29.274%;\" data-sheets-validation-id=\"1\"><\/td>\n<\/tr>\n<tr style=\"height: 33px;\">\n<td style=\"height: 33px; width: 27.4841%;\" data-sheets-value=\"{&quot;1&quot;:2,&quot;2&quot;:&quot;Nombres de animales&quot;}\"><\/td>\n<td style=\"height: 33px; width: 26.4162%;\" data-sheets-value=\"{&quot;1&quot;:2,&quot;2&quot;:&quot;https:\/\/es.liveworksheets.com\/worksheets\/es\/Lectoescritura\/Lecto-escritura\/Nombres_de_animales_en_may\u00fasculas_2._ih560754jr&quot;}\"><\/td>\n<td style=\"height: 33px; width: 29.274%;\" data-sheets-validation-id=\"1\"><\/td>\n<\/tr>\n<tr style=\"height: 33px;\">\n<td style=\"height: 33px; width: 27.4841%;\" data-sheets-value=\"{&quot;1&quot;:2,&quot;2&quot;:&quot;S\u00edlabas con la letra M&quot;}\"><\/td>\n<td style=\"height: 33px; width: 26.4162%;\" data-sheets-value=\"{&quot;1&quot;:2,&quot;2&quot;:&quot;https:\/\/es.liveworksheets.com\/worksheets\/es\/Lectoescritura\/Lecto-escritura\/Silabas_con_la_letra_M_ey2291185uz&quot;}\" data-sheets-hyperlink=\"https:\/\/es.liveworksheets.com\/worksheets\/es\/Lectoescritura\/Lecto-escritura\/Silabas_con_la_letra_M_ey2291185uz\"><\/td>\n<td style=\"height: 33px; width: 29.274%;\" data-sheets-validation-id=\"1\"><\/td>\n<\/tr>\n<tr style=\"height: 33px;\">\n<td style=\"height: 33px; width: 27.4841%;\" data-sheets-value=\"{&quot;1&quot;:2,&quot;2&quot;:&quot;Lectura de dos s\u00edlabas&quot;}\"><\/td>\n<td style=\"height: 33px; width: 26.4162%;\" data-sheets-value=\"{&quot;1&quot;:2,&quot;2&quot;:&quot;https:\/\/es.liveworksheets.com\/worksheets\/es\/Lectoescritura\/Lectura_de_palabras\/Lectura_de_dos_s\u00edlabas_rc1832739am&quot;}\"><\/td>\n<td style=\"height: 33px; width: 29.274%;\" data-sheets-validation-id=\"1\"><\/td>\n<\/tr>\n<tr style=\"height: 33px;\">\n<td style=\"height: 33px; width: 27.4841%;\" data-sheets-value=\"{&quot;1&quot;:2,&quot;2&quot;:&quot;Dictado de palabras trabadas&quot;}\"><\/td>\n<td style=\"height: 33px; width: 26.4162%;\" data-sheets-value=\"{&quot;1&quot;:2,&quot;2&quot;:&quot;https:\/\/es.liveworksheets.com\/er2057732fu&quot;}\" data-sheets-hyperlink=\"https:\/\/es.liveworksheets.com\/er2057732fu\"><\/td>\n<td style=\"height: 33px; width: 29.274%;\" data-sheets-validation-id=\"1\"><\/td>\n<\/tr>\n<tr style=\"height: 33px;\">\n<td style=\"height: 33px; width: 27.4841%;\" data-sheets-value=\"{&quot;1&quot;:2,&quot;2&quot;:&quot;N\u00fameros del 11 al 20&quot;}\"><\/td>\n<td style=\"height: 33px; width: 26.4162%;\" data-sheets-value=\"{&quot;1&quot;:2,&quot;2&quot;:&quot;https:\/\/es.liveworksheets.com\/ns1952740uf&quot;}\" data-sheets-hyperlink=\"https:\/\/es.liveworksheets.com\/ns1952740uf\"><\/td>\n<td style=\"height: 33px; width: 29.274%;\" data-sheets-validation-id=\"1\"><\/td>\n<\/tr>\n<tr style=\"height: 33px;\">\n<td style=\"height: 33px; width: 27.4841%;\" data-sheets-value=\"{&quot;1&quot;:2,&quot;2&quot;:&quot;Letra P&quot;}\"><\/td>\n<td style=\"height: 33px; width: 26.4162%;\" data-sheets-value=\"{&quot;1&quot;:2,&quot;2&quot;:&quot;https:\/\/es.liveworksheets.com\/worksheets\/es\/Lectoescritura\/Letra_p\/Letra_p_vx1924757zn&quot;}\" data-sheets-hyperlink=\"https:\/\/es.liveworksheets.com\/worksheets\/es\/Lectoescritura\/Letra_p\/Letra_p_vx1924757zn\"><\/td>\n<td style=\"height: 33px; width: 29.274%;\" data-sheets-validation-id=\"1\"><\/td>\n<\/tr>\n<tr style=\"height: 33px;\">\n<td style=\"height: 33px; width: 27.4841%;\" data-sheets-value=\"{&quot;1&quot;:2,&quot;2&quot;:&quot;Formar palabras con s\u00edlabas&quot;}\"><\/td>\n<td style=\"height: 33px; width: 26.4162%;\" data-sheets-value=\"{&quot;1&quot;:2,&quot;2&quot;:&quot;https:\/\/es.liveworksheets.com\/worksheets\/es\/Lectoescritura\/Lecto-escritura\/Ordenar_s\u00edlabas-_invierno_qv1489187as&quot;}\" data-sheets-hyperlink=\"https:\/\/es.liveworksheets.com\/worksheets\/es\/Lectoescritura\/Lecto-escritura\/Ordenar_s\u00edlabas-_invierno_qv1489187as\"><\/td>\n<td style=\"height: 33px; width: 29.274%;\" data-sheets-validation-id=\"1\"><\/td>\n<\/tr>\n<tr style=\"height: 33px;\">\n<td style=\"height: 33px; width: 27.4841%;\" data-sheets-value=\"{&quot;1&quot;:2,&quot;2&quot;:&quot;Completar con vocales&quot;}\"><\/td>\n<td style=\"height: 33px; width: 26.4162%;\" data-sheets-value=\"{&quot;1&quot;:2,&quot;2&quot;:&quot;https:\/\/es.liveworksheets.com\/worksheets\/es\/Lectoescritura\/Lecto-escritura\/Completar_con_vocales_xx548692sc&quot;}\" data-sheets-hyperlink=\"https:\/\/es.liveworksheets.com\/worksheets\/es\/Lectoescritura\/Lecto-escritura\/Completar_con_vocales_xx548692sc\"><\/td>\n<td style=\"height: 33px; width: 29.274%;\" data-sheets-validation-id=\"1\"><\/td>\n<\/tr>\n<tr style=\"height: 33px;\">\n<td style=\"height: 33px; width: 27.4841%;\" data-sheets-value=\"{&quot;1&quot;:2,&quot;2&quot;:&quot;S\u00edlabas trabadas&quot;}\"><\/td>\n<td style=\"height: 33px; width: 26.4162%;\" data-sheets-value=\"{&quot;1&quot;:2,&quot;2&quot;:&quot;https:\/\/es.liveworksheets.com\/worksheets\/es\/Lectoescritura\/S\u00edlabas_trabadas\/Pla_ple_pli_plo_plu_dy1993209ci&quot;}\" data-sheets-hyperlink=\"https:\/\/es.liveworksheets.com\/worksheets\/es\/Lectoescritura\/S\u00edlabas_trabadas\/Pla_ple_pli_plo_plu_dy1993209ci\"><\/td>\n<td style=\"height: 33px; width: 29.274%;\" data-sheets-validation-id=\"1\"><\/td>\n<\/tr>\n<tr style=\"height: 33px;\">\n<td style=\"height: 33px; width: 27.4841%;\" data-sheets-value=\"{&quot;1&quot;:2,&quot;2&quot;:&quot;Ordena las s\u00edlabas y forma palabras&quot;}\"><\/td>\n<td style=\"height: 33px; width: 26.4162%;\" data-sheets-value=\"{&quot;1&quot;:2,&quot;2&quot;:&quot;https:\/\/es.liveworksheets.com\/worksheets\/es\/Lectoescritura\/Lecto-escritura\/Ordena_las_s\u00edlabas_y_forma_palabras_nn298901du&quot;}\" data-sheets-hyperlink=\"https:\/\/es.liveworksheets.com\/worksheets\/es\/Lectoescritura\/Lecto-escritura\/Ordena_las_s\u00edlabas_y_forma_palabras_nn298901du\"><\/td>\n<td style=\"height: 33px; width: 29.274%;\" data-sheets-validation-id=\"1\"><\/td>\n<\/tr>\n<tr style=\"height: 33px;\">\n<td style=\"height: 33px; width: 27.4841%;\" data-sheets-value=\"{&quot;1&quot;:2,&quot;2&quot;:&quot;Letra V&quot;}\"><\/td>\n<td style=\"height: 33px; width: 26.4162%;\" data-sheets-value=\"{&quot;1&quot;:2,&quot;2&quot;:&quot;https:\/\/es.liveworksheets.com\/worksheets\/es\/Lectoescritura\/Escribir_palabras\/Escribe_estas_20_palabras_con_VA_VE_VI_VO_VU_dc1417478jh&quot;}\" data-sheets-hyperlink=\"https:\/\/es.liveworksheets.com\/worksheets\/es\/Lectoescritura\/Escribir_palabras\/Escribe_estas_20_palabras_con_VA_VE_VI_VO_VU_dc1417478jh\"><\/td>\n<td style=\"height: 33px; width: 29.274%;\" data-sheets-validation-id=\"1\"><\/td>\n<\/tr>\n<\/tbody>\n<\/table>\n","protected":false},"excerpt":{"rendered":"<p>UNITATS COMPETENCIALS (en construcci\u00f3) UNITAT COMPETENCIAL 1 Un m\u00f3n sostenible Nom del recurs Enlla\u00e7 del recurs en construcci\u00f3 enlla\u00e7 UNITAT COMPETENCIAL 2 Ets all\u00f2 que menges enlla\u00e7 UNITAT COMPETENCIAL 3 H\u00e0bits saludables enlla\u00e7 UNITAT COMPETENCIAL 4 Llogo un pis enlla\u00e7 UNITAT COMPETENCIAL 5 Parlem de feina enlla\u00e7 UNITAT COMPETENCIAL 6 Sexe i g\u00e8nere enlla\u00e7 UNITAT [&hellip;]<\/p>\n","protected":false},"author":1,"featured_media":0,"parent":2949,"menu_order":0,"comment_status":"closed","ping_status":"closed","template":"page-templates\/side-menu.php","meta":{"_bbp_topic_count":0,"_bbp_reply_count":0,"_bbp_total_topic_count":0,"_bbp_total_reply_count":0,"_bbp_voice_count":0,"_bbp_anonymous_reply_count":0,"_bbp_topic_count_hidden":0,"_bbp_reply_count_hidden":0,"_bbp_forum_subforum_count":0,"site-sidebar-layout":"default","site-content-layout":"","ast-site-content-layout":"","site-content-style":"default","site-sidebar-style":"default","ast-global-header-display":"","ast-banner-title-visibility":"","ast-main-header-display":"","ast-hfb-above-header-display":"","ast-hfb-below-header-display":"","ast-hfb-mobile-header-display":"","site-post-title":"","ast-breadcrumbs-content":"","ast-featured-img":"","footer-sml-layout":"","theme-transparent-header-meta":"","adv-header-id-meta":"","stick-header-meta":"","header-above-stick-meta":"","header-main-stick-meta":"","header-below-stick-meta":"","astra-migrate-meta-layouts":"default","ast-page-background-enabled":"default","ast-page-background-meta":{"desktop":{"background-color":"var(--ast-global-color-4)","background-image":"","background-repeat":"repeat","background-position":"center center","background-size":"auto","background-attachment":"scroll","background-type":"","background-media":"","overlay-type":"","overlay-color":"","overlay-opacity":"","overlay-gradient":""},"tablet":{"background-color":"","background-image":"","background-repeat":"repeat","background-position":"center center","background-size":"auto","background-attachment":"scroll","background-type":"","background-media":"","overlay-type":"","overlay-color":"","overlay-opacity":"","overlay-gradient":""},"mobile":{"background-color":"","background-image":"","background-repeat":"repeat","background-position":"center center","background-size":"auto","background-attachment":"scroll","background-type":"","background-media":"","overlay-type":"","overlay-color":"","overlay-opacity":"","overlay-gradient":""}},"ast-content-background-meta":{"desktop":{"background-color":"var(--ast-global-color-5)","background-image":"","background-repeat":"repeat","background-position":"center center","background-size":"auto","background-attachment":"scroll","background-type":"","background-media":"","overlay-type":"","overlay-color":"","overlay-opacity":"","overlay-gradient":""},"tablet":{"background-color":"var(--ast-global-color-5)","background-image":"","background-repeat":"repeat","background-position":"center center","background-size":"auto","background-attachment":"scroll","background-type":"","background-media":"","overlay-type":"","overlay-color":"","overlay-opacity":"","overlay-gradient":""},"mobile":{"background-color":"var(--ast-global-color-5)","background-image":"","background-repeat":"repeat","background-position":"center center","background-size":"auto","background-attachment":"scroll","background-type":"","background-media":"","overlay-type":"","overlay-color":"","overlay-opacity":"","overlay-gradient":""}},"footnotes":""},"class_list":["post-3042","page","type-page","status-publish","hentry"],"post_mailing_queue_ids":[],"_links":{"self":[{"href":"https:\/\/agora.xtec.cat\/cfaarturmartorell\/wp-json\/wp\/v2\/pages\/3042","targetHints":{"allow":["GET"]}}],"collection":[{"href":"https:\/\/agora.xtec.cat\/cfaarturmartorell\/wp-json\/wp\/v2\/pages"}],"about":[{"href":"https:\/\/agora.xtec.cat\/cfaarturmartorell\/wp-json\/wp\/v2\/types\/page"}],"author":[{"embeddable":true,"href":"https:\/\/agora.xtec.cat\/cfaarturmartorell\/wp-json\/wp\/v2\/users\/1"}],"replies":[{"embeddable":true,"href":"https:\/\/agora.xtec.cat\/cfaarturmartorell\/wp-json\/wp\/v2\/comments?post=3042"}],"version-history":[{"count":5,"href":"https:\/\/agora.xtec.cat\/cfaarturmartorell\/wp-json\/wp\/v2\/pages\/3042\/revisions"}],"predecessor-version":[{"id":3831,"href":"https:\/\/agora.xtec.cat\/cfaarturmartorell\/wp-json\/wp\/v2\/pages\/3042\/revisions\/3831"}],"up":[{"embeddable":true,"href":"https:\/\/agora.xtec.cat\/cfaarturmartorell\/wp-json\/wp\/v2\/pages\/2949"}],"wp:attachment":[{"href":"https:\/\/agora.xtec.cat\/cfaarturmartorell\/wp-json\/wp\/v2\/media?parent=3042"}],"curies":[{"name":"wp","href":"https:\/\/api.w.org\/{rel}","templated":true}]}}