{"id":3040,"date":"2023-03-27T16:18:41","date_gmt":"2023-03-27T14:18:41","guid":{"rendered":"https:\/\/agora.xtec.cat\/cfaarturmartorell\/?page_id=3040"},"modified":"2025-09-02T08:40:31","modified_gmt":"2025-09-02T06:40:31","slug":"banc-de-recursos-fi-3","status":"publish","type":"page","link":"https:\/\/agora.xtec.cat\/cfaarturmartorell\/estrategia-digital-de-centre\/cultura-digital-de-centre\/banc-de-recursos-digitals\/banc-de-recursos-fi-3\/","title":{"rendered":"Banc de recursos: FI-3"},"content":{"rendered":"<h4>UNITATS COMPETENCIALS (en construcci\u00f3)<\/h4>\n<table style=\"width: 61.5528%; border-collapse: collapse; border-style: solid; border-color: #080000; height: 408px;\">\n<tbody>\n<tr style=\"height: 56px;\">\n<td style=\"width: 32.7676%; border-color: #0a0000; border-style: solid; height: 56px;\" colspan=\"2\">\n<p style=\"text-align: center;\"><strong>UNITATS COMPETENCIALS<\/strong><\/p>\n<\/td>\n<\/tr>\n<tr style=\"height: 32px;\">\n<td style=\"width: 32.7676%; border-color: #0a0000; border-style: solid; height: 32px;\"><strong>Nom del recurs<\/strong><\/td>\n<td style=\"width: 28.7859%; border-color: #0a0000; border-style: solid; height: 32px;\"><strong>Enlla\u00e7 del recurs<\/strong><\/td>\n<\/tr>\n<tr style=\"height: 32px;\">\n<td style=\"width: 32.7676%; border-color: #0a0000; border-style: solid; height: 32px;\"><strong>Sessi\u00f3 1<\/strong><\/td>\n<td style=\"width: 28.7859%; border-color: #0a0000; border-style: solid; height: 32px;\"><a href=\"https:\/\/agora.xtec.cat\/cfaarturmartorell\/wp-content\/uploads\/usu395\/2025\/01\/Sessio-1.pdf\">enlla\u00e7<\/a><\/td>\n<\/tr>\n<tr style=\"height: 32px;\">\n<td style=\"width: 32.7676%; border-color: #0a0000; border-style: solid; height: 32px;\"><strong>Sessi\u00f3 2<\/strong><\/td>\n<td style=\"width: 28.7859%; border-color: #0a0000; border-style: solid; height: 32px;\"><a href=\"https:\/\/agora.xtec.cat\/cfaarturmartorell\/wp-content\/uploads\/usu395\/2025\/01\/Sessio-2.pdf\">enlla\u00e7<\/a><\/td>\n<\/tr>\n<tr style=\"height: 32px;\">\n<td style=\"width: 32.7676%; border-color: #0a0000; border-style: solid; height: 32px;\"><strong>Sessi\u00f3 3<\/strong><\/td>\n<td style=\"width: 28.7859%; border-color: #0a0000; border-style: solid; height: 32px;\"><a href=\"https:\/\/agora.xtec.cat\/cfaarturmartorell\/wp-content\/uploads\/usu395\/2025\/01\/SESSIO-3.pdf\">enlla\u00e7<\/a><\/td>\n<\/tr>\n<tr style=\"height: 32px;\">\n<td style=\"width: 32.7676%; border-color: #0a0000; border-style: solid; height: 32px;\"><strong>Sessi\u00f3 4<\/strong><\/td>\n<td style=\"width: 28.7859%; border-color: #0a0000; border-style: solid; height: 32px;\"><a href=\"https:\/\/agora.xtec.cat\/cfaarturmartorell\/wp-content\/uploads\/usu395\/2025\/01\/SESSIO-4.pdf\">enlla\u00e7<\/a><\/td>\n<\/tr>\n<tr style=\"height: 32px;\">\n<td style=\"width: 32.7676%; border-color: #0a0000; border-style: solid; height: 32px;\"><strong>Sessi\u00f3 5<\/strong><\/td>\n<td style=\"width: 28.7859%; border-color: #0a0000; border-style: solid; height: 32px;\"><a href=\"https:\/\/agora.xtec.cat\/cfaarturmartorell\/wp-content\/uploads\/usu395\/2025\/01\/SESSIO-5.pdf\">enlla\u00e7<\/a><\/td>\n<\/tr>\n<tr style=\"height: 32px;\">\n<td style=\"width: 32.7676%; border-color: #0a0000; border-style: solid; height: 32px;\"><strong>Sessi\u00f3 6<\/strong><\/td>\n<td style=\"width: 28.7859%; border-color: #0a0000; border-style: solid; height: 32px;\"><a href=\"https:\/\/agora.xtec.cat\/cfaarturmartorell\/wp-content\/uploads\/usu395\/2025\/01\/SESSIO-6.pdf\">enlla\u00e7<\/a><\/td>\n<\/tr>\n<tr style=\"height: 32px;\">\n<td style=\"width: 32.7676%; border-color: #0a0000; border-style: solid; height: 32px;\"><strong>Sessi\u00f3 7<\/strong><\/td>\n<td style=\"width: 28.7859%; border-color: #0a0000; border-style: solid; height: 32px;\"><a href=\"https:\/\/agora.xtec.cat\/cfaarturmartorell\/wp-content\/uploads\/usu395\/2025\/01\/SESSIO-7.pdf\">enlla\u00e7<\/a><\/td>\n<\/tr>\n<tr style=\"height: 32px;\">\n<td style=\"width: 32.7676%; border-color: #0a0000; border-style: solid; height: 32px;\"><strong>Sessi\u00f3 8<\/strong><\/td>\n<td style=\"width: 28.7859%; border-color: #0a0000; border-style: solid; height: 32px;\"><a href=\"https:\/\/agora.xtec.cat\/cfaarturmartorell\/wp-content\/uploads\/usu395\/2025\/02\/SESSIO-8.pdf\">enlla\u00e7<\/a><\/td>\n<\/tr>\n<tr style=\"height: 32px;\">\n<td style=\"width: 32.7676%; border-color: #0a0000; border-style: solid; height: 32px;\"><strong>Sessi\u00f3 9<\/strong><\/td>\n<td style=\"width: 28.7859%; border-color: #0a0000; border-style: solid; height: 32px;\"><a href=\"https:\/\/agora.xtec.cat\/cfaarturmartorell\/wp-content\/uploads\/usu395\/2025\/02\/SESSIO-9.pdf\">enlla\u00e7<\/a><\/td>\n<\/tr>\n<tr style=\"height: 32px;\">\n<td style=\"width: 32.7676%; border-color: #0a0000; border-style: solid; height: 32px;\"><strong>Sessi\u00f3 10<\/strong><\/td>\n<td style=\"width: 28.7859%; border-color: #0a0000; border-style: solid; height: 32px;\"><a href=\"https:\/\/agora.xtec.cat\/cfaarturmartorell\/wp-content\/uploads\/usu395\/2025\/02\/SESSIO-10-1.pdf\">enlla\u00e7<\/a><\/td>\n<\/tr>\n<\/tbody>\n<\/table>\n<p>&nbsp;<\/p>\n<h4>RECURSOS ALTERNATIUS<\/h4>\n<p>&nbsp;<\/p>\n<table dir=\"ltr\" style=\"width: 64.4425%; height: 1396px;\" border=\"1\" cellspacing=\"0\" cellpadding=\"0\">\n<tbody>\n<tr style=\"height: 49px;\">\n<td style=\"height: 49px; width: 60.3351%;\" data-sheets-value=\"{&quot;1&quot;:2,&quot;2&quot;:&quot;Nom del recurs&quot;}\" data-sheets-note=\"Hem de posar la tem\u00e0tica o contingut a treballar. Per exemple: Gal\u00ed Gram\u00e0tica i vocabulari.\"><strong>Nom del recurs<\/strong><\/td>\n<td style=\"height: 49px; width: 17.3299%;\" data-sheets-value=\"{&quot;1&quot;:2,&quot;2&quot;:&quot;Enlla\u00e7 del recurs&quot;}\"><strong>Enlla\u00e7 del recurs<\/strong><\/td>\n<td style=\"height: 49px; width: 86.5639%;\" data-sheets-value=\"{&quot;1&quot;:2,&quot;2&quot;:&quot;Mat\u00e8ria del recurs&quot;}\"><strong>Mat\u00e8ria del recurs<\/strong><\/td>\n<\/tr>\n<tr style=\"height: 33px;\">\n<td style=\"width: 60.3351%; height: 33px;\" width=\"60%\">Ortografia<\/td>\n<td style=\"width: 17.3299%; height: 33px;\" width=\"17%\"><a href=\"https:\/\/clic.xtec.cat\/repo\/index.html?lang=ca&amp;language=ca&amp;subject=lleng&amp;level=SEC&amp;title=Aventura%27t%20amb%20l%27ortografia&amp;author=Anna%20Pujol%20Brunet\">Enlla\u00e7<\/a><\/td>\n<td style=\"width: 86.5639%; height: 33px;\" width=\"22%\">\u00a0Catal\u00e0<\/td>\n<\/tr>\n<tr style=\"height: 33px;\">\n<td style=\"width: 60.3351%; height: 33px;\" width=\"60%\">Accents<\/td>\n<td style=\"width: 17.3299%; height: 33px;\" width=\"17%\"><a href=\"https:\/\/clic.xtec.cat\/repo\/index.html?lang=ca&amp;language=ca&amp;subject=lleng&amp;level=SEC&amp;author=Juanjo%20G%C3%B3mez%20P%C3%ADriz%20i%20Montserrat%20Ruiz\">Enlla\u00e7<\/a><\/td>\n<td style=\"width: 86.5639%; height: 33px;\" width=\"22%\">Catal\u00e0<\/td>\n<\/tr>\n<tr style=\"height: 33px;\">\n<td style=\"width: 60.3351%; height: 33px;\" width=\"60%\">Dictats en l\u00ednia<\/td>\n<td style=\"width: 17.3299%; height: 33px;\" width=\"17%\"><a href=\"https:\/\/llengua.gencat.cat\/ca\/serveis\/aprendre_catala\/recursos-per-al-professorat\/dictats-en-linia\/\">Enlla\u00e7<\/a><\/td>\n<td style=\"width: 86.5639%; height: 33px;\" width=\"22%\">Catal\u00e0<\/td>\n<\/tr>\n<tr style=\"height: 33px;\">\n<td style=\"width: 60.3351%; height: 33px;\" width=\"60%\">LECTURA I COMPRENSI\u00d3: Llegir per parlar, llegir per aprendre<\/td>\n<td style=\"width: 17.3299%; height: 33px;\" width=\"17%\"><a href=\"https:\/\/llengua.gencat.cat\/web\/.content\/documents\/publicacions\/llegir_per_parlar\/40_prejudicis.pdf\">Enlla\u00e7<\/a><\/td>\n<td style=\"width: 86.5639%; height: 33px;\" width=\"22%\">Catal\u00e0<\/td>\n<\/tr>\n<tr style=\"height: 33px;\">\n<td style=\"width: 60.3351%; height: 33px;\" width=\"60%\">Exercicis de catal\u00e0: Apartat l\u00e8xic (barbarismes, dubtes l\u00e8xics i locucions)<\/td>\n<td style=\"width: 17.3299%; height: 33px;\" width=\"17%\"><a href=\"https:\/\/exerciciscatala.cat\/html\/fon.html\">Enlla\u00e7<\/a><\/td>\n<td style=\"width: 86.5639%; height: 33px;\" width=\"22%\">Catal\u00e0<\/td>\n<\/tr>\n<tr style=\"height: 33px;\">\n<td style=\"width: 60.3351%; height: 33px;\" width=\"60%\">FOTOPERIDISME<\/td>\n<td style=\"width: 17.3299%; height: 33px;\" width=\"17%\"><a href=\"https:\/\/www.worldpressphoto.org\/\">Enlla\u00e7<\/a><\/td>\n<td style=\"width: 86.5639%; height: 33px;\" width=\"22%\">Ci\u00e8ncies NNSS<\/td>\n<\/tr>\n<tr style=\"height: 33px;\">\n<td style=\"width: 60.3351%; height: 33px;\" width=\"60%\">Multiplicaci\u00f3 i divisi\u00f3 per la unitat seguida de zeros<\/td>\n<td style=\"width: 17.3299%; height: 33px;\" width=\"17%\"><a href=\"https:\/\/www.liveworksheets.com\/w\/va\/matematiques\/1843454\">Enlla\u00e7<\/a><\/td>\n<td style=\"width: 86.5639%; height: 33px;\" width=\"22%\">Matem\u00e0tiques<\/td>\n<\/tr>\n<tr style=\"height: 33px;\">\n<td style=\"width: 60.3351%; height: 33px;\" width=\"60%\">Divisi\u00f3 de fraccions<\/td>\n<td style=\"width: 17.3299%; height: 33px;\" width=\"17%\"><a href=\"https:\/\/www.liveworksheets.com\/w\/ca\/matematiques\/140265\">Enlla\u00e7<\/a><\/td>\n<td style=\"width: 86.5639%; height: 33px;\" width=\"22%\">Matem\u00e0tiques<\/td>\n<\/tr>\n<tr style=\"height: 33px;\">\n<td style=\"width: 60.3351%; height: 33px;\" width=\"60%\">Fraccions<\/td>\n<td style=\"width: 17.3299%; height: 33px;\" width=\"17%\"><a href=\"https:\/\/www.liveworksheets.com\/w\/ca\/matematiques\/1992858\">Enlla\u00e7<\/a><\/td>\n<td style=\"width: 86.5639%; height: 33px;\" width=\"22%\">Matem\u00e0tiques<\/td>\n<\/tr>\n<tr style=\"height: 33px;\">\n<td style=\"width: 60.3351%; height: 33px;\" width=\"60%\">Fraccions<\/td>\n<td style=\"width: 17.3299%; height: 33px;\" width=\"17%\"><a href=\"https:\/\/www.liveworksheets.com\/w\/ca\/matematiques\/787752\">Enlla\u00e7<\/a><\/td>\n<td style=\"width: 86.5639%; height: 33px;\" width=\"22%\">Matem\u00e0tiques<\/td>\n<\/tr>\n<tr style=\"height: 33px;\">\n<td style=\"width: 60.3351%; height: 33px;\" width=\"60%\">Fraccions<\/td>\n<td style=\"width: 17.3299%; height: 33px;\" width=\"17%\"><a href=\"https:\/\/www.liveworksheets.com\/w\/es\/matematicas\/1514282\">Enlla\u00e7<\/a><\/td>\n<td style=\"width: 86.5639%; height: 33px;\" width=\"22%\">Matem\u00e0tiques<\/td>\n<\/tr>\n<tr style=\"height: 33px;\">\n<td style=\"width: 60.3351%; height: 33px;\" width=\"60%\">Completar operacions (f\u00e0cil)<\/td>\n<td style=\"width: 17.3299%; height: 33px;\" width=\"17%\"><a href=\"https:\/\/www.liveworksheets.com\/w\/es\/matematicas\/1796973\">Enlla\u00e7<\/a><\/td>\n<td style=\"width: 86.5639%; height: 33px;\" width=\"22%\">Matem\u00e0tiques<\/td>\n<\/tr>\n<tr style=\"height: 33px;\">\n<td style=\"width: 60.3351%; height: 33px;\" width=\"60%\">Completar operacions (dif\u00edcil)<\/td>\n<td style=\"width: 17.3299%; height: 33px;\" width=\"17%\"><a href=\"https:\/\/www.liveworksheets.com\/w\/es\/ciencias\/2158011\">Enlla\u00e7<\/a><\/td>\n<td style=\"width: 86.5639%; height: 33px;\" width=\"22%\">Matem\u00e0tiques<\/td>\n<\/tr>\n<tr style=\"height: 33px;\">\n<td style=\"width: 60.3351%; height: 33px;\" width=\"60%\">Sumes i restes portant i multiplicacions x1<\/td>\n<td style=\"width: 17.3299%; height: 33px;\" width=\"17%\"><a href=\"https:\/\/www.liveworksheets.com\/w\/es\/matematicas\/792118\">Enlla\u00e7<\/a><\/td>\n<td style=\"width: 86.5639%; height: 33px;\" width=\"22%\">Matem\u00e0tiques<\/td>\n<\/tr>\n<tr style=\"height: 33px;\">\n<td style=\"width: 60.3351%; height: 33px;\" width=\"60%\">Sumes i restes portant i multiplicacions x2<\/td>\n<td style=\"width: 17.3299%; height: 33px;\" width=\"17%\"><a href=\"https:\/\/www.liveworksheets.com\/w\/es\/matematicas\/2321333\">Enlla\u00e7<\/a><\/td>\n<td style=\"width: 86.5639%; height: 33px;\" width=\"22%\">Matem\u00e0tiques<\/td>\n<\/tr>\n<tr style=\"height: 33px;\">\n<td style=\"width: 60.3351%; height: 33px;\" width=\"60%\">Divisions x1<\/td>\n<td style=\"width: 17.3299%; height: 33px;\" width=\"17%\"><a href=\"https:\/\/www.liveworksheets.com\/w\/es\/matematicas\/1095636\">Enlla\u00e7<\/a><\/td>\n<td style=\"width: 86.5639%; height: 33px;\" width=\"22%\">Matem\u00e0tiques<\/td>\n<\/tr>\n<tr style=\"height: 33px;\">\n<td style=\"width: 60.3351%; height: 33px;\" width=\"60%\">Taules, sumes i restes portant i divisions x1<\/td>\n<td style=\"width: 17.3299%; height: 33px;\" width=\"17%\"><a href=\"https:\/\/www.liveworksheets.com\/w\/es\/matematicas\/1542243\">Enlla\u00e7<\/a><\/td>\n<td style=\"width: 86.5639%; height: 33px;\" width=\"22%\">Matem\u00e0tiques<\/td>\n<\/tr>\n<tr style=\"height: 33px;\">\n<td style=\"width: 60.3351%; height: 33px;\" width=\"60%\">Sumes i restes portant, multiplicacions x2 i divisions x1<\/td>\n<td style=\"width: 17.3299%; height: 33px;\" width=\"17%\"><a href=\"https:\/\/www.liveworksheets.com\/w\/es\/matematicas\/2275876\">Enlla\u00e7<\/a><\/td>\n<td style=\"width: 86.5639%; height: 33px;\" width=\"22%\">Matem\u00e0tiques<\/td>\n<\/tr>\n<tr style=\"height: 33px;\">\n<td style=\"width: 60.3351%; height: 33px;\" width=\"60%\">Divisions x2 amb bastida<\/td>\n<td style=\"width: 17.3299%; height: 33px;\" width=\"17%\"><a href=\"https:\/\/www.liveworksheets.com\/w\/es\/matematicas\/920534\">Enlla\u00e7<\/a><\/td>\n<td style=\"width: 86.5639%; height: 33px;\" width=\"22%\">Matem\u00e0tiques<\/td>\n<\/tr>\n<tr style=\"height: 33px;\">\n<td style=\"width: 60.3351%; height: 33px;\" width=\"60%\">Divisions x2<\/td>\n<td style=\"width: 17.3299%; height: 33px;\" width=\"17%\"><a href=\"https:\/\/www.liveworksheets.com\/w\/es\/matematicas\/1095734\">Enlla\u00e7<\/a><\/td>\n<td style=\"width: 86.5639%; height: 33px;\" width=\"22%\">Matem\u00e0tiques<\/td>\n<\/tr>\n<tr style=\"height: 33px;\">\n<td style=\"width: 60.3351%; height: 33px;\" width=\"60%\">Sumes grans, restes portant, multiplicacions x3 i divisions x2<\/td>\n<td style=\"width: 17.3299%; height: 33px;\" width=\"17%\"><a href=\"https:\/\/www.liveworksheets.com\/w\/es\/matematicas\/2288606\">Enlla\u00e7<\/a><\/td>\n<td style=\"width: 86.5639%; height: 33px;\" width=\"22%\">Matem\u00e0tiques<\/td>\n<\/tr>\n<tr style=\"height: 33px;\">\n<td style=\"width: 60.3351%; height: 33px;\" width=\"60%\">Taules, sumes grans, restes portant i multiplicacions x2<\/td>\n<td style=\"width: 17.3299%; height: 33px;\" width=\"17%\"><a href=\"https:\/\/www.liveworksheets.com\/w\/es\/matematicas\/1534094\">Enlla\u00e7<\/a><\/td>\n<td style=\"width: 86.5639%; height: 33px;\" width=\"22%\">Matem\u00e0tiques<\/td>\n<\/tr>\n<tr style=\"height: 33px;\">\n<td style=\"width: 60.3351%; height: 33px;\" width=\"60%\">Divisions x3<\/td>\n<td style=\"width: 17.3299%; height: 33px;\" width=\"17%\"><a href=\"https:\/\/www.liveworksheets.com\/w\/es\/matematicas\/580870\">Enlla\u00e7<\/a><\/td>\n<td style=\"width: 86.5639%; height: 33px;\" width=\"22%\">Matem\u00e0tiques<\/td>\n<\/tr>\n<tr style=\"height: 33px;\">\n<td style=\"width: 60.3351%; height: 33px;\" width=\"60%\">Operar amb decimals<\/td>\n<td style=\"width: 17.3299%; height: 33px;\" width=\"17%\"><a href=\"https:\/\/www.liveworksheets.com\/w\/es\/matematicas\/197121\">Enlla\u00e7<\/a><\/td>\n<td style=\"width: 86.5639%; height: 33px;\" width=\"22%\">Matem\u00e0tiques<\/td>\n<\/tr>\n<tr style=\"height: 33px;\">\n<td style=\"width: 60.3351%; height: 33px;\" width=\"60%\">MATES VARIADES CICLE SUPERIOR<\/td>\n<td style=\"width: 17.3299%; height: 33px;\" width=\"17%\"><a href=\"https:\/\/clic.xtec.cat\/repo\/index.html?lang=ca&amp;author=Juan%20Martinez%20Gonzalez\">Enlla\u00e7<\/a><\/td>\n<td style=\"width: 86.5639%; height: 33px;\" width=\"22%\">Matem\u00e0tiques<\/td>\n<\/tr>\n<tr style=\"height: 33px;\">\n<td style=\"width: 60.3351%; height: 33px;\" width=\"60%\">PROBABILITAT<\/td>\n<td style=\"width: 17.3299%; height: 33px;\" width=\"17%\"><a href=\"https:\/\/clic.xtec.cat\/repo\/index.html?lang=ca&amp;author=Carmen%20Santander\">Enlla\u00e7<\/a><\/td>\n<td style=\"width: 86.5639%; height: 33px;\" width=\"22%\">Matem\u00e0tiques<\/td>\n<\/tr>\n<tr style=\"height: 33px;\">\n<td style=\"width: 60.3351%; height: 33px;\" width=\"60%\">MULTIPLICACIONS I DIVISIONS<\/td>\n<td style=\"width: 17.3299%; height: 33px;\" width=\"17%\"><a href=\"https:\/\/clic.xtec.cat\/repo\/index.html?lang=ca&amp;author=Hector%20Arancibia\">Enlla\u00e7<\/a><\/td>\n<td style=\"width: 86.5639%; height: 33px;\" width=\"22%\">Matem\u00e0tiques<\/td>\n<\/tr>\n<tr style=\"height: 33px;\">\n<td style=\"width: 60.3351%; height: 33px;\" width=\"60%\">Proves de c\u00e0lcul mental<\/td>\n<td style=\"width: 17.3299%; height: 33px;\" width=\"17%\"><a href=\"https:\/\/clic.xtec.cat\/repo\/index.html?lang=ca&amp;title=Proves%20de%20c%C3%A0lcul%20mental\">Enlla\u00e7<\/a><\/td>\n<td style=\"width: 86.5639%; height: 33px;\" width=\"22%\">Matem\u00e0tiques<\/td>\n<\/tr>\n<tr style=\"height: 33px;\">\n<td style=\"width: 60.3351%; height: 33px;\" width=\"60%\">MULTIPLICAR<\/td>\n<td style=\"width: 17.3299%; height: 33px;\" width=\"17%\"><a href=\"https:\/\/clic.xtec.cat\/projects\/multi\/jclic.js\/index.html\">Enlla\u00e7<\/a><\/td>\n<td style=\"width: 86.5639%; height: 33px;\" width=\"22%\">Matem\u00e0tiques<\/td>\n<\/tr>\n<tr style=\"height: 33px;\">\n<td style=\"width: 60.3351%; height: 33px;\" width=\"60%\">TAULES DE MULTIPLICAR<\/td>\n<td style=\"width: 17.3299%; height: 33px;\" width=\"17%\"><a href=\"https:\/\/clic.xtec.cat\/repo\/index.html?lang=ca&amp;author=Noel%20Jes%C3%BAs%20Leon%20Rodriguez\">Enlla\u00e7<\/a><\/td>\n<td style=\"width: 86.5639%; height: 33px;\" width=\"22%\">Matem\u00e0tiques<\/td>\n<\/tr>\n<tr style=\"height: 33px;\">\n<td style=\"width: 60.3351%; height: 33px;\" width=\"60%\">C\u00c0LCUL MENTAL<\/td>\n<td style=\"width: 17.3299%; height: 33px;\" width=\"17%\"><a href=\"https:\/\/clic.xtec.cat\/repo\/index.html?lang=ca&amp;author=Jaime%20Riba%20Velarde\">Enlla\u00e7<\/a><\/td>\n<td style=\"width: 86.5639%; height: 33px;\" width=\"22%\">Matem\u00e0tiques<\/td>\n<\/tr>\n<tr style=\"height: 33px;\">\n<td style=\"width: 60.3351%; height: 33px;\" width=\"60%\">POT\u00c8NCIA<\/td>\n<td style=\"width: 17.3299%; height: 33px;\" width=\"17%\"><a href=\"https:\/\/clic.xtec.cat\/projects\/potencia\/jclic.js\/index.html\">Enlla\u00e7<\/a><\/td>\n<td style=\"width: 86.5639%; height: 33px;\" width=\"22%\">Matem\u00e0tiques<\/td>\n<\/tr>\n<tr style=\"height: 33px;\">\n<td style=\"width: 60.3351%; height: 33px;\" width=\"60%\">YOUTUBE: REGLA DE 3 SIMPLE Super F\u00e0cil<\/td>\n<td style=\"width: 17.3299%; height: 33px;\" width=\"17%\"><a href=\"https:\/\/www.youtube.com\/watch?v=Xphb-tzJj24\">Enlla\u00e7<\/a><\/td>\n<td style=\"width: 86.5639%; height: 33px;\" width=\"22%\">Matem\u00e0tiques<\/td>\n<\/tr>\n<tr style=\"height: 33px;\">\n<td style=\"width: 60.3351%; height: 33px;\" width=\"60%\">YOUTUBE: REGLA DE 3 INVERSA Super f\u00e0cil<\/td>\n<td style=\"width: 17.3299%; height: 33px;\" width=\"17%\"><a href=\"https:\/\/www.youtube.com\/watch?v=WzcLzSY9JLA\">Enlla\u00e7<\/a><\/td>\n<td style=\"width: 86.5639%; height: 33px;\" width=\"22%\">Matem\u00e0tiques<\/td>\n<\/tr>\n<tr style=\"height: 33px;\">\n<td style=\"width: 60.3351%; height: 33px;\" width=\"60%\">LIVEWORKSHEETS: Problemes regla de tres 1<\/td>\n<td style=\"width: 17.3299%; height: 33px;\" width=\"17%\"><a href=\"https:\/\/www.liveworksheets.com\/es\/w\/es\/matematicas\/150808\">Enlla\u00e7<\/a><\/td>\n<td style=\"width: 86.5639%; height: 33px;\" width=\"22%\">Matem\u00e0tiques<\/td>\n<\/tr>\n<tr style=\"height: 33px;\">\n<td style=\"width: 60.3351%; height: 33px;\" width=\"60%\">LIVEWORKSHEETS: Problemes regla de tres 2<\/td>\n<td style=\"width: 17.3299%; height: 33px;\" width=\"17%\"><a href=\"https:\/\/www.liveworksheets.com\/es\/w\/es\/matematicas\/1013524\">Enlla\u00e7<\/a><\/td>\n<td style=\"width: 86.5639%; height: 33px;\" width=\"22%\">Matem\u00e0tiques<\/td>\n<\/tr>\n<tr style=\"height: 33px;\">\n<td style=\"width: 60.3351%; height: 33px;\" data-sheets-value=\"{&quot;1&quot;:2,&quot;2&quot;:&quot;Liveworksheets: PROBLEMES REGLA DE 3 INVERSA&quot;}\">Liveworksheets: PROBLEMES REGLA DE 3 INVERSA<\/td>\n<td style=\"width: 17.3299%; height: 33px;\"><a href=\"https:\/\/www.liveworksheets.com\/w\/es\/matematicas\/406366\">Enlla\u00e7<\/a><\/td>\n<td style=\"width: 86.5639%; height: 33px;\">Matem\u00e0tiques<\/td>\n<\/tr>\n<tr style=\"height: 33px;\">\n<td style=\"width: 60.3351%; height: 33px;\" data-sheets-value=\"{&quot;1&quot;:2,&quot;2&quot;:&quot;Liveworksheets: PROBLEMES REGLA DE 3 INVERSA&quot;}\">Liveworksheets: PROBLEMES REGLA DE 3 INVERSA<\/td>\n<td style=\"width: 17.3299%; height: 33px;\"><a href=\"https:\/\/www.liveworksheets.com\/w\/es\/matematicas\/986368\">Enlla\u00e7<\/a><\/td>\n<td style=\"width: 86.5639%; height: 33px;\">Matem\u00e0tiques<\/td>\n<\/tr>\n<tr style=\"height: 27px;\">\n<td style=\"width: 60.3351%; height: 27px;\" data-sheets-value=\"{&quot;1&quot;:2,&quot;2&quot;:&quot;Liveworksheets: PROBLEMES REGLA DE 3 DIRECTA I INVERSA&quot;}\">Liveworksheets: PROBLEMES REGLA DE 3 DIRECTA I INVERSA<\/td>\n<td style=\"width: 17.3299%; height: 27px;\"><a href=\"https:\/\/www.liveworksheets.com\/w\/es\/matematicas\/949011\">Enlla\u00e7<\/a><\/td>\n<td style=\"width: 86.5639%; height: 27px;\">Matem\u00e0tiques<\/td>\n<\/tr>\n<tr style=\"height: 33px;\">\n<td style=\"width: 60.3351%; height: 33px;\" data-sheets-value=\"{&quot;1&quot;:2,&quot;2&quot;:&quot;Liveworksheets: PRESSUPOST&quot;}\">Liveworksheets: PRESSUPOST<\/td>\n<td style=\"width: 17.3299%; height: 33px;\"><a href=\"https:\/\/www.liveworksheets.com\/es\/w\/es\/relaciones\/1993332\">Enlla\u00e7<\/a><\/td>\n<td style=\"width: 86.5639%; height: 33px;\">Matem\u00e0tiques<\/td>\n<\/tr>\n<tr style=\"height: 33px;\">\n<td style=\"width: 60.3351%; height: 33px;\" data-sheets-value=\"{&quot;1&quot;:2,&quot;2&quot;:&quot;Liveworksheets: PRESSUPOST&quot;}\">Liveworksheets: PRESSUPOST<\/td>\n<td style=\"width: 17.3299%; height: 33px;\"><a href=\"https:\/\/www.liveworksheets.com\/es\/w\/es\/matematicas\/847571\">Enlla\u00e7<\/a><\/td>\n<td style=\"width: 86.5639%; height: 33px;\">Matem\u00e0tiques<\/td>\n<\/tr>\n<\/tbody>\n<\/table>\n","protected":false},"excerpt":{"rendered":"<p>UNITATS COMPETENCIALS (en construcci\u00f3) UNITATS COMPETENCIALS Nom del recurs Enlla\u00e7 del recurs Sessi\u00f3 1 enlla\u00e7 Sessi\u00f3 2 enlla\u00e7 Sessi\u00f3 3 enlla\u00e7 Sessi\u00f3 4 enlla\u00e7 Sessi\u00f3 5 enlla\u00e7 Sessi\u00f3 6 enlla\u00e7 Sessi\u00f3 7 enlla\u00e7 Sessi\u00f3 8 enlla\u00e7 Sessi\u00f3 9 enlla\u00e7 Sessi\u00f3 10 enlla\u00e7 &nbsp; RECURSOS ALTERNATIUS &nbsp; Nom del recurs Enlla\u00e7 del recurs Mat\u00e8ria del recurs [&hellip;]<\/p>\n","protected":false},"author":1,"featured_media":0,"parent":2949,"menu_order":0,"comment_status":"closed","ping_status":"closed","template":"page-templates\/side-menu.php","meta":{"_bbp_topic_count":0,"_bbp_reply_count":0,"_bbp_total_topic_count":0,"_bbp_total_reply_count":0,"_bbp_voice_count":0,"_bbp_anonymous_reply_count":0,"_bbp_topic_count_hidden":0,"_bbp_reply_count_hidden":0,"_bbp_forum_subforum_count":0,"site-sidebar-layout":"default","site-content-layout":"","ast-site-content-layout":"","site-content-style":"default","site-sidebar-style":"default","ast-global-header-display":"","ast-banner-title-visibility":"","ast-main-header-display":"","ast-hfb-above-header-display":"","ast-hfb-below-header-display":"","ast-hfb-mobile-header-display":"","site-post-title":"","ast-breadcrumbs-content":"","ast-featured-img":"","footer-sml-layout":"","theme-transparent-header-meta":"","adv-header-id-meta":"","stick-header-meta":"","header-above-stick-meta":"","header-main-stick-meta":"","header-below-stick-meta":"","astra-migrate-meta-layouts":"default","ast-page-background-enabled":"default","ast-page-background-meta":{"desktop":{"background-color":"var(--ast-global-color-4)","background-image":"","background-repeat":"repeat","background-position":"center center","background-size":"auto","background-attachment":"scroll","background-type":"","background-media":"","overlay-type":"","overlay-color":"","overlay-opacity":"","overlay-gradient":""},"tablet":{"background-color":"","background-image":"","background-repeat":"repeat","background-position":"center center","background-size":"auto","background-attachment":"scroll","background-type":"","background-media":"","overlay-type":"","overlay-color":"","overlay-opacity":"","overlay-gradient":""},"mobile":{"background-color":"","background-image":"","background-repeat":"repeat","background-position":"center center","background-size":"auto","background-attachment":"scroll","background-type":"","background-media":"","overlay-type":"","overlay-color":"","overlay-opacity":"","overlay-gradient":""}},"ast-content-background-meta":{"desktop":{"background-color":"var(--ast-global-color-5)","background-image":"","background-repeat":"repeat","background-position":"center center","background-size":"auto","background-attachment":"scroll","background-type":"","background-media":"","overlay-type":"","overlay-color":"","overlay-opacity":"","overlay-gradient":""},"tablet":{"background-color":"var(--ast-global-color-5)","background-image":"","background-repeat":"repeat","background-position":"center center","background-size":"auto","background-attachment":"scroll","background-type":"","background-media":"","overlay-type":"","overlay-color":"","overlay-opacity":"","overlay-gradient":""},"mobile":{"background-color":"var(--ast-global-color-5)","background-image":"","background-repeat":"repeat","background-position":"center center","background-size":"auto","background-attachment":"scroll","background-type":"","background-media":"","overlay-type":"","overlay-color":"","overlay-opacity":"","overlay-gradient":""}},"footnotes":""},"class_list":["post-3040","page","type-page","status-publish","hentry"],"post_mailing_queue_ids":[],"_links":{"self":[{"href":"https:\/\/agora.xtec.cat\/cfaarturmartorell\/wp-json\/wp\/v2\/pages\/3040","targetHints":{"allow":["GET"]}}],"collection":[{"href":"https:\/\/agora.xtec.cat\/cfaarturmartorell\/wp-json\/wp\/v2\/pages"}],"about":[{"href":"https:\/\/agora.xtec.cat\/cfaarturmartorell\/wp-json\/wp\/v2\/types\/page"}],"author":[{"embeddable":true,"href":"https:\/\/agora.xtec.cat\/cfaarturmartorell\/wp-json\/wp\/v2\/users\/1"}],"replies":[{"embeddable":true,"href":"https:\/\/agora.xtec.cat\/cfaarturmartorell\/wp-json\/wp\/v2\/comments?post=3040"}],"version-history":[{"count":6,"href":"https:\/\/agora.xtec.cat\/cfaarturmartorell\/wp-json\/wp\/v2\/pages\/3040\/revisions"}],"predecessor-version":[{"id":4365,"href":"https:\/\/agora.xtec.cat\/cfaarturmartorell\/wp-json\/wp\/v2\/pages\/3040\/revisions\/4365"}],"up":[{"embeddable":true,"href":"https:\/\/agora.xtec.cat\/cfaarturmartorell\/wp-json\/wp\/v2\/pages\/2949"}],"wp:attachment":[{"href":"https:\/\/agora.xtec.cat\/cfaarturmartorell\/wp-json\/wp\/v2\/media?parent=3040"}],"curies":[{"name":"wp","href":"https:\/\/api.w.org\/{rel}","templated":true}]}}