{"id":2949,"date":"2023-03-24T14:52:48","date_gmt":"2023-03-24T13:52:48","guid":{"rendered":"https:\/\/agora.xtec.cat\/cfaarturmartorell\/?page_id=2949"},"modified":"2026-01-26T18:35:41","modified_gmt":"2026-01-26T17:35:41","slug":"banc-de-recursos-digitals","status":"publish","type":"page","link":"https:\/\/agora.xtec.cat\/cfaarturmartorell\/estrategia-digital-de-centre\/cultura-digital-de-centre\/banc-de-recursos-digitals\/","title":{"rendered":"Banc de recursos digitals"},"content":{"rendered":"<p><a href=\"https:\/\/agora.xtec.cat\/cfaarturmartorell\/wp-content\/uploads\/usu395\/2026\/01\/imagen_2026-01-26_183530302.png\"><img loading=\"lazy\" decoding=\"async\" class=\"wp-image-4596 aligncenter\" src=\"https:\/\/agora.xtec.cat\/cfaarturmartorell\/wp-content\/uploads\/usu395\/2026\/01\/imagen_2026-01-26_183530302.png\" alt=\"\" width=\"915\" height=\"344\" srcset=\"https:\/\/agora.xtec.cat\/cfaarturmartorell\/wp-content\/uploads\/usu395\/2026\/01\/imagen_2026-01-26_183530302.png 952w, https:\/\/agora.xtec.cat\/cfaarturmartorell\/wp-content\/uploads\/usu395\/2026\/01\/imagen_2026-01-26_183530302-300x113.png 300w, https:\/\/agora.xtec.cat\/cfaarturmartorell\/wp-content\/uploads\/usu395\/2026\/01\/imagen_2026-01-26_183530302-768x289.png 768w\" sizes=\"auto, (max-width: 915px) 100vw, 915px\" \/><\/a><\/p>\n<table style=\"height: 20px; width: 30.8108%; border-collapse: collapse; background-color: #ffffff;\">\n<tbody>\n<tr>\n<td style=\"width: 100%; background-color: #ffffff; border-color: #a029cf; border-style: double; text-align: center;\"><a href=\"https:\/\/agora.xtec.cat\/cfaarturmartorell\/estrategia-digital-de-centre\/cultura-digital-de-centre\/banc-de-recursos-digitals\/banc-de-recursos-competic\/\"><b>COMPETIC<\/b><\/a><\/td>\n<\/tr>\n<\/tbody>\n<\/table>\n<h6><\/h6>\n<h6><strong>FORMACI\u00d3 B\u00c0SICA<\/strong><\/h6>\n<table style=\"border-collapse: collapse; width: 30.8108%; height: 20px;\">\n<tbody>\n<tr>\n<td style=\"width: 100%; background-color: #ffffff; border-color: #a029cf; border-style: double; text-align: center;\"><a href=\"https:\/\/agora.xtec.cat\/cfaarturmartorell\/estrategia-digital-de-centre\/cultura-digital-de-centre\/banc-de-recursos-digitals\/banc-de-recursos-fi-1\/\"><strong>FORMACI\u00d3 INSTRUMENTAL 1<\/strong><\/a><\/td>\n<\/tr>\n<\/tbody>\n<\/table>\n<table style=\"border-collapse: collapse; width: 30.8108%; height: 20px;\">\n<tbody>\n<tr>\n<td style=\"width: 100%; border-color: #a029cf; border-style: double; text-align: center;\"><a href=\"https:\/\/agora.xtec.cat\/cfaarturmartorell\/estrategia-digital-de-centre\/cultura-digital-de-centre\/banc-de-recursos-digitals\/banc-de-recursos-fi-2\/\"><strong>FORMACI\u00d3 INSTRUMENTAL 2<\/strong><\/a><\/td>\n<\/tr>\n<\/tbody>\n<\/table>\n<table style=\"border-collapse: collapse; width: 30.8108%; height: 20px;\">\n<tbody>\n<tr>\n<td style=\"width: 100%; border-color: #a029cf; border-style: double; text-align: center;\"><a href=\"https:\/\/agora.xtec.cat\/cfaarturmartorell\/estrategia-digital-de-centre\/cultura-digital-de-centre\/banc-de-recursos-digitals\/banc-de-recursos-fi-3\/\"><strong>FORMACI\u00d3 INSTRUMENTAL 3<\/strong><\/a><\/td>\n<\/tr>\n<\/tbody>\n<\/table>\n<table style=\"border-collapse: collapse; width: 30.8108%; height: 20px;\">\n<tbody>\n<tr>\n<td style=\"width: 100%; border-color: #a029cf; border-style: double; text-align: center;\"><a href=\"https:\/\/agora.xtec.cat\/cfaarturmartorell\/estrategia-digital-de-centre\/cultura-digital-de-centre\/banc-de-recursos-digitals\/banc-de-recursos-fi-4\/\"><strong>FORMACI\u00d3 INSTRUMENTAL 4<\/strong><\/a><\/td>\n<\/tr>\n<\/tbody>\n<\/table>\n<table style=\"border-collapse: collapse; width: 30.8108%; height: 52px;\">\n<tbody>\n<tr style=\"height: 52px;\">\n<td style=\"width: 100%; height: 52px; border-color: #a029cf; border-style: double; text-align: center;\"><a href=\"https:\/\/agora.xtec.cat\/cfaarturmartorell\/estrategia-digital-de-centre\/cultura-digital-de-centre\/banc-de-recursos-digitals\/banc-de-recursos-geso\/\"><strong>GESO<\/strong><\/a><\/td>\n<\/tr>\n<\/tbody>\n<\/table>\n<table style=\"border-collapse: collapse; width: 30.8108%; height: 20px;\">\n<tbody>\n<tr>\n<td style=\"width: 100%; border-color: #a029cf; border-style: double; text-align: center;\"><a href=\"https:\/\/agora.xtec.cat\/cfaarturmartorell\/estrategia-digital-de-centre\/cultura-digital-de-centre\/banc-de-recursos-digitals\/banc-de-recursos-ppacfgs\/\"><b>Preparaci\u00f3 proves acc\u00e9s CFGS<\/b><\/a><\/td>\n<\/tr>\n<\/tbody>\n<\/table>\n<h6><\/h6>\n<h6><strong>LLENG\u00dcES<\/strong><\/h6>\n<table style=\"border-collapse: collapse; width: 30.8108%; height: 20px;\">\n<tbody>\n<tr>\n<td style=\"width: 100%; border-color: #a029cf; border-style: double; text-align: center;\"><a href=\"https:\/\/agora.xtec.cat\/cfaarturmartorell\/estrategia-digital-de-centre\/cultura-digital-de-centre\/banc-de-recursos-digitals\/banc-de-recursos-cat1\/\"><strong>CATAL\u00c0 1<\/strong><\/a><\/td>\n<\/tr>\n<\/tbody>\n<\/table>\n<table style=\"border-collapse: collapse; width: 30.8108%; height: 20px;\">\n<tbody>\n<tr>\n<td style=\"width: 100%; border-color: #a029cf; border-style: double; text-align: center;\"><a href=\"https:\/\/agora.xtec.cat\/cfaarturmartorell\/estrategia-digital-de-centre\/cultura-digital-de-centre\/banc-de-recursos-digitals\/banc-de-recursos-cat2\/\"><strong>CATAL\u00c0 2<\/strong><\/a><\/td>\n<\/tr>\n<\/tbody>\n<\/table>\n<table style=\"border-collapse: collapse; width: 30.8108%; height: 52px;\">\n<tbody>\n<tr style=\"height: 52px;\">\n<td style=\"width: 100%; border-color: #a029cf; height: 52px; border-style: double; text-align: center;\"><a href=\"https:\/\/agora.xtec.cat\/cfaarturmartorell\/estrategia-digital-de-centre\/cultura-digital-de-centre\/banc-de-recursos-digitals\/banc-de-recursos-cat3\/\"><strong>CATAL\u00c0 3<\/strong><\/a><\/td>\n<\/tr>\n<\/tbody>\n<\/table>\n<h6><\/h6>\n<table style=\"border-collapse: collapse; width: 30.8108%; height: 20px;\">\n<tbody>\n<tr>\n<td style=\"width: 100%; border-color: #a029cf; border-style: double; text-align: center;\"><a href=\"https:\/\/agora.xtec.cat\/cfaarturmartorell\/estrategia-digital-de-centre\/cultura-digital-de-centre\/banc-de-recursos-digitals\/banc-de-recursos-cast1\/\"><strong>CASTELL\u00c0 1<\/strong><\/a><\/td>\n<\/tr>\n<\/tbody>\n<\/table>\n<table style=\"border-collapse: collapse; width: 30.8108%; height: 32px;\">\n<tbody>\n<tr style=\"height: 32px;\">\n<td style=\"width: 100%; height: 32px; border-color: #a029cf; border-style: double; text-align: center;\"><a href=\"https:\/\/agora.xtec.cat\/cfaarturmartorell\/estrategia-digital-de-centre\/cultura-digital-de-centre\/banc-de-recursos-digitals\/banc-de-recursos-cast2\/\"><strong>CASTELL\u00c0 2<\/strong><\/a><\/td>\n<\/tr>\n<\/tbody>\n<\/table>\n<table style=\"border-collapse: collapse; width: 30.8108%; height: 20px;\">\n<tbody>\n<tr>\n<td style=\"width: 100%; border-color: #a029cf; border-style: double; text-align: center;\"><a href=\"https:\/\/agora.xtec.cat\/cfaarturmartorell\/estrategia-digital-de-centre\/cultura-digital-de-centre\/banc-de-recursos-digitals\/banc-de-recursos-cast3\/\"><strong>CASTELL\u00c0 3<\/strong><\/a><\/td>\n<\/tr>\n<\/tbody>\n<\/table>\n<h6><\/h6>\n<h6><strong>LLENG\u00dcES ESTRANGERES<\/strong><\/h6>\n<table style=\"border-collapse: collapse; width: 30.8108%; height: 20px;\">\n<tbody>\n<tr>\n<td style=\"width: 100%; border-color: #a029cf; border-style: double; text-align: center;\"><a href=\"https:\/\/agora.xtec.cat\/cfaarturmartorell\/estrategia-digital-de-centre\/cultura-digital-de-centre\/banc-de-recursos-digitals\/banc-de-recursos-ang1\/\"><strong>ANGL\u00c8S 1<\/strong><\/a><\/td>\n<\/tr>\n<\/tbody>\n<\/table>\n<table style=\"border-collapse: collapse; width: 30.8108%; height: 32px;\">\n<tbody>\n<tr style=\"height: 32px;\">\n<td style=\"width: 100%; height: 32px; border-color: #a029cf; border-style: double; text-align: center;\"><a href=\"https:\/\/agora.xtec.cat\/cfaarturmartorell\/estrategia-digital-de-centre\/cultura-digital-de-centre\/banc-de-recursos-digitals\/banc-de-recursos-ang2\/\"><strong>ANGL\u00c8S 2<\/strong><\/a><\/td>\n<\/tr>\n<\/tbody>\n<\/table>\n<table style=\"border-collapse: collapse; width: 30.8108%; height: 20px;\">\n<tbody>\n<tr>\n<td style=\"width: 100%; border-color: #a029cf; border-style: double; text-align: center;\"><a href=\"https:\/\/agora.xtec.cat\/cfaarturmartorell\/estrategia-digital-de-centre\/cultura-digital-de-centre\/banc-de-recursos-digitals\/banc-de-recursos-ang3\/\"><strong>ANGL\u00c8S 3<\/strong><\/a><\/td>\n<\/tr>\n<\/tbody>\n<\/table>\n<table style=\"border-collapse: collapse; width: 30.8108%; height: 20px;\">\n<tbody>\n<tr>\n<td style=\"width: 100%; border-color: #a029cf; border-style: double; text-align: center;\"><a href=\"https:\/\/agora.xtec.cat\/cfaarturmartorell\/estrategia-digital-de-centre\/cultura-digital-de-centre\/banc-de-recursos-digitals\/banc-de-recursos-fr1\/\"><strong>FRANC\u00c8S 1<\/strong><\/a><\/td>\n<\/tr>\n<\/tbody>\n<\/table>\n<table style=\"border-collapse: collapse; width: 30.8108%; height: 52px;\">\n<tbody>\n<tr style=\"height: 52px;\">\n<td style=\"width: 100%; height: 52px; border-color: #a029cf; border-style: double; text-align: center;\"><a href=\"https:\/\/agora.xtec.cat\/cfaarturmartorell\/estrategia-digital-de-centre\/cultura-digital-de-centre\/banc-de-recursos-digitals\/banc-de-recursos-fr2\/\"><strong>FRANC\u00c8S 2<\/strong><\/a><\/td>\n<\/tr>\n<\/tbody>\n<\/table>\n<p>&nbsp;<\/p>\n","protected":false},"excerpt":{"rendered":"<p>COMPETIC FORMACI\u00d3 B\u00c0SICA FORMACI\u00d3 INSTRUMENTAL 1 FORMACI\u00d3 INSTRUMENTAL 2 FORMACI\u00d3 INSTRUMENTAL 3 FORMACI\u00d3 INSTRUMENTAL 4 GESO Preparaci\u00f3 proves acc\u00e9s CFGS LLENG\u00dcES CATAL\u00c0 1 CATAL\u00c0 2 CATAL\u00c0 3 CASTELL\u00c0 1 CASTELL\u00c0 2 CASTELL\u00c0 3 LLENG\u00dcES ESTRANGERES ANGL\u00c8S 1 ANGL\u00c8S 2 ANGL\u00c8S 3 FRANC\u00c8S 1 FRANC\u00c8S 2 &nbsp;<\/p>\n","protected":false},"author":1,"featured_media":0,"parent":2253,"menu_order":0,"comment_status":"closed","ping_status":"closed","template":"","meta":{"_bbp_topic_count":0,"_bbp_reply_count":0,"_bbp_total_topic_count":0,"_bbp_total_reply_count":0,"_bbp_voice_count":0,"_bbp_anonymous_reply_count":0,"_bbp_topic_count_hidden":0,"_bbp_reply_count_hidden":0,"_bbp_forum_subforum_count":0,"site-sidebar-layout":"default","site-content-layout":"","ast-site-content-layout":"default","site-content-style":"default","site-sidebar-style":"default","ast-global-header-display":"","ast-banner-title-visibility":"","ast-main-header-display":"","ast-hfb-above-header-display":"","ast-hfb-below-header-display":"","ast-hfb-mobile-header-display":"","site-post-title":"","ast-breadcrumbs-content":"","ast-featured-img":"","footer-sml-layout":"","theme-transparent-header-meta":"default","adv-header-id-meta":"","stick-header-meta":"","header-above-stick-meta":"","header-main-stick-meta":"","header-below-stick-meta":"","astra-migrate-meta-layouts":"set","ast-page-background-enabled":"default","ast-page-background-meta":{"desktop":{"background-color":"var(--ast-global-color-4)","background-image":"","background-repeat":"repeat","background-position":"center center","background-size":"auto","background-attachment":"scroll","background-type":"","background-media":"","overlay-type":"","overlay-color":"","overlay-opacity":"","overlay-gradient":""},"tablet":{"background-color":"","background-image":"","background-repeat":"repeat","background-position":"center center","background-size":"auto","background-attachment":"scroll","background-type":"","background-media":"","overlay-type":"","overlay-color":"","overlay-opacity":"","overlay-gradient":""},"mobile":{"background-color":"","background-image":"","background-repeat":"repeat","background-position":"center center","background-size":"auto","background-attachment":"scroll","background-type":"","background-media":"","overlay-type":"","overlay-color":"","overlay-opacity":"","overlay-gradient":""}},"ast-content-background-meta":{"desktop":{"background-color":"var(--ast-global-color-5)","background-image":"","background-repeat":"repeat","background-position":"center center","background-size":"auto","background-attachment":"scroll","background-type":"","background-media":"","overlay-type":"","overlay-color":"","overlay-opacity":"","overlay-gradient":""},"tablet":{"background-color":"var(--ast-global-color-5)","background-image":"","background-repeat":"repeat","background-position":"center center","background-size":"auto","background-attachment":"scroll","background-type":"","background-media":"","overlay-type":"","overlay-color":"","overlay-opacity":"","overlay-gradient":""},"mobile":{"background-color":"var(--ast-global-color-5)","background-image":"","background-repeat":"repeat","background-position":"center center","background-size":"auto","background-attachment":"scroll","background-type":"","background-media":"","overlay-type":"","overlay-color":"","overlay-opacity":"","overlay-gradient":""}},"footnotes":""},"class_list":["post-2949","page","type-page","status-publish","hentry"],"post_mailing_queue_ids":[],"_links":{"self":[{"href":"https:\/\/agora.xtec.cat\/cfaarturmartorell\/wp-json\/wp\/v2\/pages\/2949","targetHints":{"allow":["GET"]}}],"collection":[{"href":"https:\/\/agora.xtec.cat\/cfaarturmartorell\/wp-json\/wp\/v2\/pages"}],"about":[{"href":"https:\/\/agora.xtec.cat\/cfaarturmartorell\/wp-json\/wp\/v2\/types\/page"}],"author":[{"embeddable":true,"href":"https:\/\/agora.xtec.cat\/cfaarturmartorell\/wp-json\/wp\/v2\/users\/1"}],"replies":[{"embeddable":true,"href":"https:\/\/agora.xtec.cat\/cfaarturmartorell\/wp-json\/wp\/v2\/comments?post=2949"}],"version-history":[{"count":6,"href":"https:\/\/agora.xtec.cat\/cfaarturmartorell\/wp-json\/wp\/v2\/pages\/2949\/revisions"}],"predecessor-version":[{"id":4597,"href":"https:\/\/agora.xtec.cat\/cfaarturmartorell\/wp-json\/wp\/v2\/pages\/2949\/revisions\/4597"}],"up":[{"embeddable":true,"href":"https:\/\/agora.xtec.cat\/cfaarturmartorell\/wp-json\/wp\/v2\/pages\/2253"}],"wp:attachment":[{"href":"https:\/\/agora.xtec.cat\/cfaarturmartorell\/wp-json\/wp\/v2\/media?parent=2949"}],"curies":[{"name":"wp","href":"https:\/\/api.w.org\/{rel}","templated":true}]}}