{"id":27,"date":"2014-09-17T16:24:03","date_gmt":"2014-09-17T16:24:03","guid":{"rendered":"http:\/\/agora.xtec.cat\/cfaarturmartorell\/?page_id=27"},"modified":"2019-05-08T17:00:25","modified_gmt":"2019-05-08T15:00:25","slug":"historia","status":"publish","type":"page","link":"https:\/\/agora.xtec.cat\/cfaarturmartorell\/el-centre\/historia\/","title":{"rendered":"Hist\u00f2ria"},"content":{"rendered":"<p>&nbsp;<\/p>\n<p>El C.P.Brians 1, va ser inaugurat el juliol de 1991, la Unitat Docent (com a AFA Artur Martorell) s\u2019obre el curs 1991-92, amb una dotaci\u00f3 de dos mestres i un Director Docent. A l\u2019inici del curs 2006-2007 s\u2019atorga la categoria de Centre de Formaci\u00f3 de Persones Adultes (CFA) pel nombre de mestres que ja s\u00f3n 20 i un Director Docent.<\/p>\n<p>Paulatinament l\u2019escola s\u2019ha anat consolidant com a centre docent al llarg del temps.<\/p>\n<p>Segons el Decret 325\/2006, de 22 d\u2019agost, de creaci\u00f3 de centres de formaci\u00f3 de persones adultes en centres penitenciaris del Departament de la Presid\u00e8ncia, en el seu article 2, la titularitat dels centres de formaci\u00f3 de persones adultes ubicats en els centres penitenciaris de Catalunya s\u00f3n de titularitat del Departament de Just\u00edcia de la Generalitat de Catalunya i segons l\u2019article 3, els centres s\u2019inscriuran al Registre de centres docents dependent del Departament d\u2019Educaci\u00f3 i Universitats.<\/p>\n<p>Som una escola que t\u00e9 els alumnes del centre penitenciari on\u00a0 hi ha homes i dones majors d\u2019edat, preventius i penats. Hi ha un total de 5 m\u00f2duls residencials (M.R.), 2 departaments d&#8217;especial, 1 d&#8217;infermeria psiquiatria, 1 m\u00f2dul\u00a0residencial de\u00a0Dones, 1 Unitat hospital\u00e0ria psiqui\u00e0trica, 1 unitat de r\u00e8gim semiobert i 1 d&#8217;infermeria de Dones; organitzats mitjan\u00e7ant un programa de classificaci\u00f3 interior.<\/p>\n<p>Actualment conviuen 1100 interns adults, el nombre d\u2019alumnes es pot situar al voltant de 650 persones compreses majorit\u00e0riament en un tram d\u2019edats que va dels 25 al 60 anys. Es a dir, el 50% de la poblaci\u00f3 participa en activitats escolars.<\/p>\n<p>D\u2019aquest percentatge, el 85%\u00a0 son homes; ja que les dones a Brians 1 representen un 15% de la poblaci\u00f3 reclusa total.<\/p>\n<p>Les classes s\u2019imparteixen per nivells des de la formaci\u00f3 b\u00e0sica fins a la gesti\u00f3 dels estudis universitaris, amb horaris de mat\u00ed o tarda.<\/p>\n","protected":false},"excerpt":{"rendered":"<p>&nbsp; El C.P.Brians 1, va ser inaugurat el juliol de 1991, la Unitat Docent (com a AFA Artur Martorell) s\u2019obre el curs 1991-92, amb una dotaci\u00f3 de dos mestres i un Director Docent. A l\u2019inici del curs 2006-2007 s\u2019atorga la categoria de Centre de Formaci\u00f3 de Persones Adultes (CFA) pel nombre de mestres que ja [&hellip;]<\/p>\n","protected":false},"author":1,"featured_media":0,"parent":261,"menu_order":20,"comment_status":"closed","ping_status":"closed","template":"page-templates\/side-menu.php","meta":{"_bbp_topic_count":0,"_bbp_reply_count":0,"_bbp_total_topic_count":0,"_bbp_total_reply_count":0,"_bbp_voice_count":0,"_bbp_anonymous_reply_count":0,"_bbp_topic_count_hidden":0,"_bbp_reply_count_hidden":0,"_bbp_forum_subforum_count":0,"site-sidebar-layout":"default","site-content-layout":"","ast-site-content-layout":"","site-content-style":"default","site-sidebar-style":"default","ast-global-header-display":"","ast-banner-title-visibility":"","ast-main-header-display":"","ast-hfb-above-header-display":"","ast-hfb-below-header-display":"","ast-hfb-mobile-header-display":"","site-post-title":"","ast-breadcrumbs-content":"","ast-featured-img":"","footer-sml-layout":"","theme-transparent-header-meta":"","adv-header-id-meta":"","stick-header-meta":"","header-above-stick-meta":"","header-main-stick-meta":"","header-below-stick-meta":"","astra-migrate-meta-layouts":"default","ast-page-background-enabled":"default","ast-page-background-meta":{"desktop":{"background-color":"var(--ast-global-color-4)","background-image":"","background-repeat":"repeat","background-position":"center center","background-size":"auto","background-attachment":"scroll","background-type":"","background-media":"","overlay-type":"","overlay-color":"","overlay-opacity":"","overlay-gradient":""},"tablet":{"background-color":"","background-image":"","background-repeat":"repeat","background-position":"center center","background-size":"auto","background-attachment":"scroll","background-type":"","background-media":"","overlay-type":"","overlay-color":"","overlay-opacity":"","overlay-gradient":""},"mobile":{"background-color":"","background-image":"","background-repeat":"repeat","background-position":"center center","background-size":"auto","background-attachment":"scroll","background-type":"","background-media":"","overlay-type":"","overlay-color":"","overlay-opacity":"","overlay-gradient":""}},"ast-content-background-meta":{"desktop":{"background-color":"var(--ast-global-color-5)","background-image":"","background-repeat":"repeat","background-position":"center center","background-size":"auto","background-attachment":"scroll","background-type":"","background-media":"","overlay-type":"","overlay-color":"","overlay-opacity":"","overlay-gradient":""},"tablet":{"background-color":"var(--ast-global-color-5)","background-image":"","background-repeat":"repeat","background-position":"center center","background-size":"auto","background-attachment":"scroll","background-type":"","background-media":"","overlay-type":"","overlay-color":"","overlay-opacity":"","overlay-gradient":""},"mobile":{"background-color":"var(--ast-global-color-5)","background-image":"","background-repeat":"repeat","background-position":"center center","background-size":"auto","background-attachment":"scroll","background-type":"","background-media":"","overlay-type":"","overlay-color":"","overlay-opacity":"","overlay-gradient":""}},"footnotes":""},"class_list":["post-27","page","type-page","status-publish","hentry"],"post_mailing_queue_ids":[],"_links":{"self":[{"href":"https:\/\/agora.xtec.cat\/cfaarturmartorell\/wp-json\/wp\/v2\/pages\/27","targetHints":{"allow":["GET"]}}],"collection":[{"href":"https:\/\/agora.xtec.cat\/cfaarturmartorell\/wp-json\/wp\/v2\/pages"}],"about":[{"href":"https:\/\/agora.xtec.cat\/cfaarturmartorell\/wp-json\/wp\/v2\/types\/page"}],"author":[{"embeddable":true,"href":"https:\/\/agora.xtec.cat\/cfaarturmartorell\/wp-json\/wp\/v2\/users\/1"}],"replies":[{"embeddable":true,"href":"https:\/\/agora.xtec.cat\/cfaarturmartorell\/wp-json\/wp\/v2\/comments?post=27"}],"version-history":[{"count":4,"href":"https:\/\/agora.xtec.cat\/cfaarturmartorell\/wp-json\/wp\/v2\/pages\/27\/revisions"}],"predecessor-version":[{"id":1248,"href":"https:\/\/agora.xtec.cat\/cfaarturmartorell\/wp-json\/wp\/v2\/pages\/27\/revisions\/1248"}],"up":[{"embeddable":true,"href":"https:\/\/agora.xtec.cat\/cfaarturmartorell\/wp-json\/wp\/v2\/pages\/261"}],"wp:attachment":[{"href":"https:\/\/agora.xtec.cat\/cfaarturmartorell\/wp-json\/wp\/v2\/media?parent=27"}],"curies":[{"name":"wp","href":"https:\/\/api.w.org\/{rel}","templated":true}]}}