{"id":261,"date":"2015-01-27T17:25:01","date_gmt":"2015-01-27T16:25:01","guid":{"rendered":"http:\/\/agora.xtec.cat\/cfaarturmartorell\/?page_id=261"},"modified":"2023-10-02T13:16:43","modified_gmt":"2023-10-02T11:16:43","slug":"el-centre","status":"publish","type":"page","link":"https:\/\/agora.xtec.cat\/cfaarturmartorell\/el-centre\/","title":{"rendered":"El Centre"},"content":{"rendered":"<p style=\"text-align: center;\"><a href=\"https:\/\/agora.xtec.cat\/cfaarturmartorell\/wp-content\/uploads\/usu395\/2023\/09\/imatge_2023-09-21_101407176.png\"><img loading=\"lazy\" decoding=\"async\" class=\"alignnone size-full wp-image-3403\" src=\"https:\/\/agora.xtec.cat\/cfaarturmartorell\/wp-content\/uploads\/usu395\/2023\/09\/imatge_2023-09-21_101407176.png\" alt=\"\" width=\"513\" height=\"797\" srcset=\"https:\/\/agora.xtec.cat\/cfaarturmartorell\/wp-content\/uploads\/usu395\/2023\/09\/imatge_2023-09-21_101407176.png 513w, https:\/\/agora.xtec.cat\/cfaarturmartorell\/wp-content\/uploads\/usu395\/2023\/09\/imatge_2023-09-21_101407176-193x300.png 193w\" sizes=\"auto, (max-width: 513px) 100vw, 513px\" \/><\/a><\/p>\n<p>&nbsp;<\/p>\n<p style=\"text-align: justify;\">El CFA Artur Martorell est\u00e0 ubicat al Centre Penitenciari de Brians 1. S&#8217; inaugura el curs 1991-92, amb una dotaci\u00f3 de dos mestres i un Director Docent; al llarg del curs aquesta plantilla s\u2019amplia fins a arribar a 6 mestres. Actualment som 22 mestres i els nostres alumnes (homes i dones) s\u00f3n interns, en la seva majoria, preventius.<\/p>\n<p style=\"text-align: justify;\">El nom de la nostra escola \u00e9s en homenatge a la traject\u00f2ria humana i professional d&#8217; un mestre: Artur Martorell, una de les figures claus de la renovaci\u00f3 pedag\u00f2gica de Catalunya. Fou priorit\u00e0riament un mestre, i reunia les qualitats imprescindibles en un bon mestre: talent, activitat creativa, coneixements pedag\u00f2gics i tracte afable.<\/p>\n<p style=\"text-align: justify;\">Artur Martorell (1894-1967) va influir de manera decisiva en la concepci\u00f3 del magisteri. Al 1916 entr\u00e0 en contacte amb Alexandre Gal\u00ed i assaj\u00e0 el m\u00e8tode Montessori a les escoles de la Casa de Caritat (1915-1917).<\/p>\n<p style=\"text-align: justify;\"><a href=\"http:\/\/agora.xtec.cat\/cfaarturmartorell\/wp-content\/uploads\/usu395\/2015\/08\/ArturM.jpg\"><img loading=\"lazy\" decoding=\"async\" class=\"size-medium wp-image-367 alignleft\" src=\"http:\/\/agora.xtec.cat\/cfaarturmartorell\/wp-content\/uploads\/usu395\/2015\/08\/ArturM-218x300.jpg\" alt=\"Artur Martorell\" width=\"218\" height=\"300\" srcset=\"https:\/\/agora.xtec.cat\/cfaarturmartorell\/wp-content\/uploads\/usu395\/2015\/08\/ArturM-218x300.jpg 218w, https:\/\/agora.xtec.cat\/cfaarturmartorell\/wp-content\/uploads\/usu395\/2015\/08\/ArturM.jpg 269w\" sizes=\"auto, (max-width: 218px) 100vw, 218px\" \/><\/a>Inculc\u00e0 als infants l&#8217;h\u00e0bit de la reflexi\u00f3 personal des d&#8217;una perspectiva c\u00edvica, moral i religiosa, i don\u00e0 un ensenyament viu de la realitat mitjan\u00e7ant el treball col\u00b7lectiu i l&#8217;elaboraci\u00f3 perceptiva dels conceptes.Manuel Ainaud el crid\u00e0 com a assessor t\u00e8cnic d&#8217;ensenyament primari i complementari a l&#8217;Ajuntament de Barcelona (1931), des d&#8217;on port\u00e0 a terme una important tasca d&#8217;organitzaci\u00f3, com la de les col\u00f2nies escolars.<\/p>\n<p style=\"text-align: justify;\">Fou professor de l&#8217;Escola Normal de la Generalitat (1931-1939). Despr\u00e9s d&#8217;uns quants mesos de pres\u00f3 (va ser empresonat a la Model de Barcelona, des de juliol fins a novembre de 1939, on feia classes de cultura general als altres presos) , el 1941 continu\u00e0 la seva tasca des de l\u2019ajuntament -el 1950 fou nomenat cap del negociat de cultura- i organitz\u00e0 les emissions per a escolars de R\u00e0dio Barcelona (1945-1947). Com a director de l\u2019Institut Municipal d&#8217;Educaci\u00f3 (1954), organitz\u00e0, amb Eduard Toldr\u00e0, els concerts per a escolars al Palau de la M\u00fasica (1955).<br \/>\nA causa de la seva oberta oposici\u00f3 a l&#8217;estatitzaci\u00f3 de les escoles municipals fou traslladat, el 1962, al negociat de cementiris.<\/p>\n<p style=\"text-align: justify;\">Devers els anys seixanta va participar com a membre del jurat dels premis Josep M. Folch i Torres de literatura aix\u00ed com en la redacci\u00f3 d\u2019articles per a Serra d\u2019Or.<\/p>\n<p>Frases c\u00e8lebres:<\/p>\n<blockquote>\n<p style=\"text-align: justify;\">&#8220;La escuela primaria ha de conseguir que el ni\u00f1o pueda trabajar por su cuenta, que aprenda a pensar que delante de los hechos y experiencias aprenda a deducir y a sacar las consecuencias&#8221;<\/p>\n<p style=\"text-align: justify;\">&#8220;Per mestre cal entendre, no el que ensenya als nois, sin\u00f3 el que els guia, el que confon la seva \u00e0nima, amb la dels nois i els infiltra el seu \u00e9sser. \u00c9s grandi\u00f3s el concepte de mestre &#8220;<\/p>\n<\/blockquote>\n","protected":false},"excerpt":{"rendered":"<p>&nbsp; El CFA Artur Martorell est\u00e0 ubicat al Centre Penitenciari de Brians 1. S&#8217; inaugura el curs 1991-92, amb una dotaci\u00f3 de dos mestres i un Director Docent; al llarg del curs aquesta plantilla s\u2019amplia fins a arribar a 6 mestres. Actualment som 22 mestres i els nostres alumnes (homes i dones) s\u00f3n interns, en [&hellip;]<\/p>\n","protected":false},"author":2,"featured_media":0,"parent":0,"menu_order":0,"comment_status":"closed","ping_status":"closed","template":"page-templates\/side-menu.php","meta":{"_bbp_topic_count":0,"_bbp_reply_count":0,"_bbp_total_topic_count":0,"_bbp_total_reply_count":0,"_bbp_voice_count":0,"_bbp_anonymous_reply_count":0,"_bbp_topic_count_hidden":0,"_bbp_reply_count_hidden":0,"_bbp_forum_subforum_count":0,"site-sidebar-layout":"default","site-content-layout":"","ast-site-content-layout":"","site-content-style":"default","site-sidebar-style":"default","ast-global-header-display":"","ast-banner-title-visibility":"","ast-main-header-display":"","ast-hfb-above-header-display":"","ast-hfb-below-header-display":"","ast-hfb-mobile-header-display":"","site-post-title":"","ast-breadcrumbs-content":"","ast-featured-img":"","footer-sml-layout":"","theme-transparent-header-meta":"","adv-header-id-meta":"","stick-header-meta":"","header-above-stick-meta":"","header-main-stick-meta":"","header-below-stick-meta":"","astra-migrate-meta-layouts":"default","ast-page-background-enabled":"default","ast-page-background-meta":{"desktop":{"background-color":"var(--ast-global-color-4)","background-image":"","background-repeat":"repeat","background-position":"center center","background-size":"auto","background-attachment":"scroll","background-type":"","background-media":"","overlay-type":"","overlay-color":"","overlay-opacity":"","overlay-gradient":""},"tablet":{"background-color":"","background-image":"","background-repeat":"repeat","background-position":"center center","background-size":"auto","background-attachment":"scroll","background-type":"","background-media":"","overlay-type":"","overlay-color":"","overlay-opacity":"","overlay-gradient":""},"mobile":{"background-color":"","background-image":"","background-repeat":"repeat","background-position":"center center","background-size":"auto","background-attachment":"scroll","background-type":"","background-media":"","overlay-type":"","overlay-color":"","overlay-opacity":"","overlay-gradient":""}},"ast-content-background-meta":{"desktop":{"background-color":"var(--ast-global-color-5)","background-image":"","background-repeat":"repeat","background-position":"center center","background-size":"auto","background-attachment":"scroll","background-type":"","background-media":"","overlay-type":"","overlay-color":"","overlay-opacity":"","overlay-gradient":""},"tablet":{"background-color":"var(--ast-global-color-5)","background-image":"","background-repeat":"repeat","background-position":"center center","background-size":"auto","background-attachment":"scroll","background-type":"","background-media":"","overlay-type":"","overlay-color":"","overlay-opacity":"","overlay-gradient":""},"mobile":{"background-color":"var(--ast-global-color-5)","background-image":"","background-repeat":"repeat","background-position":"center center","background-size":"auto","background-attachment":"scroll","background-type":"","background-media":"","overlay-type":"","overlay-color":"","overlay-opacity":"","overlay-gradient":""}},"footnotes":""},"class_list":["post-261","page","type-page","status-publish","hentry"],"post_mailing_queue_ids":[],"_links":{"self":[{"href":"https:\/\/agora.xtec.cat\/cfaarturmartorell\/wp-json\/wp\/v2\/pages\/261","targetHints":{"allow":["GET"]}}],"collection":[{"href":"https:\/\/agora.xtec.cat\/cfaarturmartorell\/wp-json\/wp\/v2\/pages"}],"about":[{"href":"https:\/\/agora.xtec.cat\/cfaarturmartorell\/wp-json\/wp\/v2\/types\/page"}],"author":[{"embeddable":true,"href":"https:\/\/agora.xtec.cat\/cfaarturmartorell\/wp-json\/wp\/v2\/users\/2"}],"replies":[{"embeddable":true,"href":"https:\/\/agora.xtec.cat\/cfaarturmartorell\/wp-json\/wp\/v2\/comments?post=261"}],"version-history":[{"count":4,"href":"https:\/\/agora.xtec.cat\/cfaarturmartorell\/wp-json\/wp\/v2\/pages\/261\/revisions"}],"predecessor-version":[{"id":3446,"href":"https:\/\/agora.xtec.cat\/cfaarturmartorell\/wp-json\/wp\/v2\/pages\/261\/revisions\/3446"}],"wp:attachment":[{"href":"https:\/\/agora.xtec.cat\/cfaarturmartorell\/wp-json\/wp\/v2\/media?parent=261"}],"curies":[{"name":"wp","href":"https:\/\/api.w.org\/{rel}","templated":true}]}}