{"id":2288,"date":"2022-10-17T17:01:32","date_gmt":"2022-10-17T15:01:32","guid":{"rendered":"https:\/\/agora.xtec.cat\/cfaarturmartorell\/?page_id=2288"},"modified":"2023-03-24T13:30:39","modified_gmt":"2023-03-24T12:30:39","slug":"fortaleses-i-debilitats","status":"publish","type":"page","link":"https:\/\/agora.xtec.cat\/cfaarturmartorell\/part-estrategica\/diagnosi\/fortaleses-i-debilitats\/","title":{"rendered":"Fortaleses i debilitats"},"content":{"rendered":"<p>Feta la primera diagnosi del centre ara passem a anomenar <em>Fortaleses i Debilitats<\/em> dels tres agents implicats en l\u2019acci\u00f3 educativa, alumnes, mestres i espais:<\/p>\n<table style=\"height: 456px; width: 98.2564%; border-color: #0a0101;\" width=\"98.2564%\">\n<tbody>\n<tr style=\"height: 33px;\">\n<td style=\"width: 15.9722%; height: 33px;\" width=\"92\"><\/td>\n<td style=\"width: 38.5417%; height: 33px; text-align: center;\" width=\"227\"><span style=\"color: #00ff00;\"><strong>Fortaleses<\/strong><\/span><\/td>\n<td style=\"width: 89.2575%; height: 33px; text-align: center;\" width=\"257\"><span style=\"color: #ff0000;\"><strong>Debilitats<\/strong><\/span><\/td>\n<\/tr>\n<tr style=\"height: 126px;\">\n<td style=\"width: 15.9722%; height: 126px;\" width=\"92\"><strong>ALUMNAT<\/strong><\/td>\n<td style=\"width: 38.5417%; height: 126px; text-align: justify;\" width=\"227\">\n<ul style=\"list-style-type: square;\">\n<li>Motivaci\u00f3 per fer activitats que continguin o relacionades amb les tecnologies.<\/li>\n<\/ul>\n<\/td>\n<td style=\"width: 89.2575%; height: 126px; text-align: justify;\" width=\"257\">\n<ul style=\"list-style-type: square;\">\n<li>Acc\u00e9s a les tecnologies molt restringit degut a la situaci\u00f3 on es troben.<\/li>\n<li>Un gran nombre d\u2019alumnes t\u00e9 una cultura digital molt prec\u00e0ria.<\/li>\n<\/ul>\n<\/td>\n<\/tr>\n<tr style=\"height: 148px;\">\n<td style=\"width: 15.9722%; height: 148px;\" width=\"92\"><strong>DOCENTS<\/strong><\/td>\n<td style=\"width: 38.5417%; height: 148px; text-align: justify;\" width=\"227\">\n<ul style=\"list-style-type: square;\">\n<li>Augment creixent en l\u2019\u00fas d\u2019eines EVA.<\/li>\n<\/ul>\n<\/td>\n<td style=\"width: 89.2575%; height: 148px; text-align: justify;\" width=\"257\">\n<ul style=\"list-style-type: square;\">\n<li>Treballar amb equipaments precaris i<br \/>\nrestriccions tecnol\u00f2giques representa dificultats per utilitzar recursos i materials en l\u2019\u00e0mbit educatiu i normalitzar l\u2019\u00fas de les tecnologies en el dia a dia a l\u2019aula.<\/li>\n<\/ul>\n<\/td>\n<\/tr>\n<tr style=\"height: 149px;\">\n<td style=\"width: 15.9722%; height: 149px;\" width=\"92\"><strong>CENTRE<\/strong><\/td>\n<td style=\"width: 38.5417%; height: 149px; text-align: justify;\" width=\"227\">\n<ul style=\"list-style-type: square;\">\n<li>Dotaci\u00f3 acceptable d\u2019equipaments i espais per a les TIC.<\/li>\n<li>L\u2019escola \u00e9s de les poques activitats que permeten als alumnes treballar amb acc\u00e9s a les tecnologies.<\/li>\n<\/ul>\n<\/td>\n<td style=\"width: 89.2575%; height: 149px; text-align: justify;\" width=\"257\">\n<ul style=\"list-style-type: square;\">\n<li>Connexi\u00f3 a Internet prec\u00e0ria.<\/li>\n<li>Restriccions a recursos i aplicacions derivades de la situaci\u00f3 en un CP.<\/li>\n<li>Una part del maquinari necessita reacondicionament.<\/li>\n<\/ul>\n<\/td>\n<\/tr>\n<\/tbody>\n<\/table>\n<p>&nbsp;<\/p>\n","protected":false},"excerpt":{"rendered":"<p>Feta la primera diagnosi del centre ara passem a anomenar Fortaleses i Debilitats dels tres agents implicats en l\u2019acci\u00f3 educativa, alumnes, mestres i espais: Fortaleses Debilitats ALUMNAT Motivaci\u00f3 per fer activitats que continguin o relacionades amb les tecnologies. Acc\u00e9s a les tecnologies molt restringit degut a la situaci\u00f3 on es troben. Un gran nombre d\u2019alumnes [&hellip;]<\/p>\n","protected":false},"author":1,"featured_media":0,"parent":2250,"menu_order":0,"comment_status":"closed","ping_status":"closed","template":"page-templates\/side-menu.php","meta":{"_bbp_topic_count":0,"_bbp_reply_count":0,"_bbp_total_topic_count":0,"_bbp_total_reply_count":0,"_bbp_voice_count":0,"_bbp_anonymous_reply_count":0,"_bbp_topic_count_hidden":0,"_bbp_reply_count_hidden":0,"_bbp_forum_subforum_count":0,"site-sidebar-layout":"default","site-content-layout":"","ast-site-content-layout":"","site-content-style":"default","site-sidebar-style":"default","ast-global-header-display":"","ast-banner-title-visibility":"","ast-main-header-display":"","ast-hfb-above-header-display":"","ast-hfb-below-header-display":"","ast-hfb-mobile-header-display":"","site-post-title":"","ast-breadcrumbs-content":"","ast-featured-img":"","footer-sml-layout":"","theme-transparent-header-meta":"","adv-header-id-meta":"","stick-header-meta":"","header-above-stick-meta":"","header-main-stick-meta":"","header-below-stick-meta":"","astra-migrate-meta-layouts":"default","ast-page-background-enabled":"default","ast-page-background-meta":{"desktop":{"background-color":"var(--ast-global-color-4)","background-image":"","background-repeat":"repeat","background-position":"center center","background-size":"auto","background-attachment":"scroll","background-type":"","background-media":"","overlay-type":"","overlay-color":"","overlay-opacity":"","overlay-gradient":""},"tablet":{"background-color":"","background-image":"","background-repeat":"repeat","background-position":"center center","background-size":"auto","background-attachment":"scroll","background-type":"","background-media":"","overlay-type":"","overlay-color":"","overlay-opacity":"","overlay-gradient":""},"mobile":{"background-color":"","background-image":"","background-repeat":"repeat","background-position":"center center","background-size":"auto","background-attachment":"scroll","background-type":"","background-media":"","overlay-type":"","overlay-color":"","overlay-opacity":"","overlay-gradient":""}},"ast-content-background-meta":{"desktop":{"background-color":"var(--ast-global-color-5)","background-image":"","background-repeat":"repeat","background-position":"center center","background-size":"auto","background-attachment":"scroll","background-type":"","background-media":"","overlay-type":"","overlay-color":"","overlay-opacity":"","overlay-gradient":""},"tablet":{"background-color":"var(--ast-global-color-5)","background-image":"","background-repeat":"repeat","background-position":"center center","background-size":"auto","background-attachment":"scroll","background-type":"","background-media":"","overlay-type":"","overlay-color":"","overlay-opacity":"","overlay-gradient":""},"mobile":{"background-color":"var(--ast-global-color-5)","background-image":"","background-repeat":"repeat","background-position":"center center","background-size":"auto","background-attachment":"scroll","background-type":"","background-media":"","overlay-type":"","overlay-color":"","overlay-opacity":"","overlay-gradient":""}},"footnotes":""},"class_list":["post-2288","page","type-page","status-publish","hentry"],"post_mailing_queue_ids":[],"_links":{"self":[{"href":"https:\/\/agora.xtec.cat\/cfaarturmartorell\/wp-json\/wp\/v2\/pages\/2288","targetHints":{"allow":["GET"]}}],"collection":[{"href":"https:\/\/agora.xtec.cat\/cfaarturmartorell\/wp-json\/wp\/v2\/pages"}],"about":[{"href":"https:\/\/agora.xtec.cat\/cfaarturmartorell\/wp-json\/wp\/v2\/types\/page"}],"author":[{"embeddable":true,"href":"https:\/\/agora.xtec.cat\/cfaarturmartorell\/wp-json\/wp\/v2\/users\/1"}],"replies":[{"embeddable":true,"href":"https:\/\/agora.xtec.cat\/cfaarturmartorell\/wp-json\/wp\/v2\/comments?post=2288"}],"version-history":[{"count":3,"href":"https:\/\/agora.xtec.cat\/cfaarturmartorell\/wp-json\/wp\/v2\/pages\/2288\/revisions"}],"predecessor-version":[{"id":2935,"href":"https:\/\/agora.xtec.cat\/cfaarturmartorell\/wp-json\/wp\/v2\/pages\/2288\/revisions\/2935"}],"up":[{"embeddable":true,"href":"https:\/\/agora.xtec.cat\/cfaarturmartorell\/wp-json\/wp\/v2\/pages\/2250"}],"wp:attachment":[{"href":"https:\/\/agora.xtec.cat\/cfaarturmartorell\/wp-json\/wp\/v2\/media?parent=2288"}],"curies":[{"name":"wp","href":"https:\/\/api.w.org\/{rel}","templated":true}]}}