{"id":2256,"date":"2022-10-17T14:05:06","date_gmt":"2022-10-17T12:05:06","guid":{"rendered":"https:\/\/agora.xtec.cat\/cfaarturmartorell\/?page_id=2256"},"modified":"2023-01-10T12:16:27","modified_gmt":"2023-01-10T11:16:27","slug":"acolliment-digital-dels-alumnes-docents","status":"publish","type":"page","link":"https:\/\/agora.xtec.cat\/cfaarturmartorell\/estrategia-digital-de-centre\/cultura-digital-de-centre\/acolliment-digital-dels-alumnes-docents\/","title":{"rendered":"Acolliment digital de l&#8217;alumnat i els docents"},"content":{"rendered":"<p><strong>ALUMNAT<\/strong><\/p>\n<p style=\"text-align: justify;\">Es basa majorit\u00e0riament en matr\u00edcules a Competic, ja que aquest ensenyament representa un contacte diari amb les tecnologies, tot i que es realitza un acolliment digital a tots els ensenyaments utilitzant les aules d\u2019inform\u00e0tica. Se\u2019ls explica el funcionament dels ordinadors, que estan en xarxa i que cada alumne\/a t\u00e9 una carpeta segons el seu nivell i \u00e9s on desa els seus arxius. Tamb\u00e9 s\u2019expliquen les contrasenyes d\u2019acc\u00e9s als ordinadors i a internet, aix\u00ed com les restriccions d\u2019\u00fas de la xarxa. <a href=\"https:\/\/agora.xtec.cat\/cfaarturmartorell\/wp-content\/uploads\/usu395\/2023\/01\/Acollida-digital-a-lalumnat-nou.pdf\" target=\"_blank\" rel=\"noopener\">Acollida digital a l&#8217;alumnat nou<\/a>.<\/p>\n<p>&nbsp;<\/p>\n<p style=\"text-align: justify;\"><strong>DOCENTS<\/strong><\/p>\n<p style=\"text-align: justify;\">S\u2019explica a tot el claustre el funcionament de les aules d\u2019inform\u00e0tica, tenint en compte la peculiaritat del filtre i que restringeix tot all\u00f2 que no s\u2019autoritzi pr\u00e8viament des del Departament de Just\u00edcia. Tamb\u00e9 s&#8217;explica el funcionament del Moodle per poder treballar-lo amb els alumnes. <a href=\"https:\/\/agora.xtec.cat\/cfaarturmartorell\/wp-content\/uploads\/usu395\/2023\/01\/Acollida-digital-als-docents.pdf\" target=\"_blank\" rel=\"noopener\">Acollida digital als docents.<\/a><\/p>\n<p>&nbsp;<\/p>\n","protected":false},"excerpt":{"rendered":"<p>ALUMNAT Es basa majorit\u00e0riament en matr\u00edcules a Competic, ja que aquest ensenyament representa un contacte diari amb les tecnologies, tot i que es realitza un acolliment digital a tots els ensenyaments utilitzant les aules d\u2019inform\u00e0tica. Se\u2019ls explica el funcionament dels ordinadors, que estan en xarxa i que cada alumne\/a t\u00e9 una carpeta segons el seu [&hellip;]<\/p>\n","protected":false},"author":1,"featured_media":0,"parent":2253,"menu_order":0,"comment_status":"closed","ping_status":"closed","template":"page-templates\/side-menu.php","meta":{"_bbp_topic_count":0,"_bbp_reply_count":0,"_bbp_total_topic_count":0,"_bbp_total_reply_count":0,"_bbp_voice_count":0,"_bbp_anonymous_reply_count":0,"_bbp_topic_count_hidden":0,"_bbp_reply_count_hidden":0,"_bbp_forum_subforum_count":0,"site-sidebar-layout":"default","site-content-layout":"","ast-site-content-layout":"","site-content-style":"default","site-sidebar-style":"default","ast-global-header-display":"","ast-banner-title-visibility":"","ast-main-header-display":"","ast-hfb-above-header-display":"","ast-hfb-below-header-display":"","ast-hfb-mobile-header-display":"","site-post-title":"","ast-breadcrumbs-content":"","ast-featured-img":"","footer-sml-layout":"","theme-transparent-header-meta":"","adv-header-id-meta":"","stick-header-meta":"","header-above-stick-meta":"","header-main-stick-meta":"","header-below-stick-meta":"","astra-migrate-meta-layouts":"default","ast-page-background-enabled":"default","ast-page-background-meta":{"desktop":{"background-color":"var(--ast-global-color-4)","background-image":"","background-repeat":"repeat","background-position":"center center","background-size":"auto","background-attachment":"scroll","background-type":"","background-media":"","overlay-type":"","overlay-color":"","overlay-opacity":"","overlay-gradient":""},"tablet":{"background-color":"","background-image":"","background-repeat":"repeat","background-position":"center center","background-size":"auto","background-attachment":"scroll","background-type":"","background-media":"","overlay-type":"","overlay-color":"","overlay-opacity":"","overlay-gradient":""},"mobile":{"background-color":"","background-image":"","background-repeat":"repeat","background-position":"center center","background-size":"auto","background-attachment":"scroll","background-type":"","background-media":"","overlay-type":"","overlay-color":"","overlay-opacity":"","overlay-gradient":""}},"ast-content-background-meta":{"desktop":{"background-color":"var(--ast-global-color-5)","background-image":"","background-repeat":"repeat","background-position":"center center","background-size":"auto","background-attachment":"scroll","background-type":"","background-media":"","overlay-type":"","overlay-color":"","overlay-opacity":"","overlay-gradient":""},"tablet":{"background-color":"var(--ast-global-color-5)","background-image":"","background-repeat":"repeat","background-position":"center center","background-size":"auto","background-attachment":"scroll","background-type":"","background-media":"","overlay-type":"","overlay-color":"","overlay-opacity":"","overlay-gradient":""},"mobile":{"background-color":"var(--ast-global-color-5)","background-image":"","background-repeat":"repeat","background-position":"center center","background-size":"auto","background-attachment":"scroll","background-type":"","background-media":"","overlay-type":"","overlay-color":"","overlay-opacity":"","overlay-gradient":""}},"footnotes":""},"class_list":["post-2256","page","type-page","status-publish","hentry"],"post_mailing_queue_ids":[],"_links":{"self":[{"href":"https:\/\/agora.xtec.cat\/cfaarturmartorell\/wp-json\/wp\/v2\/pages\/2256","targetHints":{"allow":["GET"]}}],"collection":[{"href":"https:\/\/agora.xtec.cat\/cfaarturmartorell\/wp-json\/wp\/v2\/pages"}],"about":[{"href":"https:\/\/agora.xtec.cat\/cfaarturmartorell\/wp-json\/wp\/v2\/types\/page"}],"author":[{"embeddable":true,"href":"https:\/\/agora.xtec.cat\/cfaarturmartorell\/wp-json\/wp\/v2\/users\/1"}],"replies":[{"embeddable":true,"href":"https:\/\/agora.xtec.cat\/cfaarturmartorell\/wp-json\/wp\/v2\/comments?post=2256"}],"version-history":[{"count":3,"href":"https:\/\/agora.xtec.cat\/cfaarturmartorell\/wp-json\/wp\/v2\/pages\/2256\/revisions"}],"predecessor-version":[{"id":2696,"href":"https:\/\/agora.xtec.cat\/cfaarturmartorell\/wp-json\/wp\/v2\/pages\/2256\/revisions\/2696"}],"up":[{"embeddable":true,"href":"https:\/\/agora.xtec.cat\/cfaarturmartorell\/wp-json\/wp\/v2\/pages\/2253"}],"wp:attachment":[{"href":"https:\/\/agora.xtec.cat\/cfaarturmartorell\/wp-json\/wp\/v2\/media?parent=2256"}],"curies":[{"name":"wp","href":"https:\/\/api.w.org\/{rel}","templated":true}]}}