{"id":2255,"date":"2022-10-17T14:05:06","date_gmt":"2022-10-17T12:05:06","guid":{"rendered":"https:\/\/agora.xtec.cat\/cfaarturmartorell\/?page_id=2255"},"modified":"2023-09-29T13:55:07","modified_gmt":"2023-09-29T11:55:07","slug":"b-serveis-digitals-que-sofereix-a-la-comunitat-educativa","status":"publish","type":"page","link":"https:\/\/agora.xtec.cat\/cfaarturmartorell\/estrategia-digital-de-centre\/cultura-digital-de-centre\/b-serveis-digitals-que-sofereix-a-la-comunitat-educativa\/","title":{"rendered":"Serveis digitals que s\u2019ofereixen a la comunitat educativa"},"content":{"rendered":"<p style=\"text-align: justify;\">La nostra realitat contextual d\u2019ubicaci\u00f3 escolar implica treballar amb plataformes i comunicacions digitals amb moltes restriccions i aix\u00f2 deriva en un desplegament de possibilitats digitals molt limitat ja que l&#8217;alumnat en molts casos no hi t\u00e9 acc\u00e9s i creiem que seria absurd potenciar \u00fanicament un \u00e0mbit del qual els protagonistes de l\u2019acci\u00f3 educativa no se\u2019n poden beneficiar.<br \/>\nAlgunes de les eines m\u00e9s utilitzades s\u00f3n la p\u00e0gina Web de l\u2019escola, que es va actualitzant amb activitats o informacions escolars i permet publicitar amb certa normalitat el nostre dia a dia.<\/p>\n<p style=\"text-align: justify;\">Destacar tamb\u00e9 que des de fa uns anys s\u2019est\u00e0 realitzant una feina molt important per utilitzar la plataforma Moodle i actualment disposem de m\u00e9s de 25 cursos. Aquesta plataforma treballa directament molts dels continguts digitals impl\u00edcits en la mateixa plataforma i el seu funcionament, i desenvolupa l\u2019autonomia de l\u2019alumnat per descobrir i treballar les diferents mat\u00e8ries.<br \/>\nLa normativa d\u2019\u00fas i acc\u00e9s al Moodle venen determinats per usuari\/a i contrasenya, pr\u00e8viament donats d\u2019alta per part del\/la docent per permetre accedir a la plataforma i treballar els continguts i les activitats de cada curs.<br \/>\nEn el nostre cas, com ja hem dit anteriorment, el fet que la l\u00ednia d\u2019internet tingui unes restriccions ja donades, no permet a l\u2019alumnat poder accedir a p\u00e0gines relacionades amb la comunicaci\u00f3 amb l\u2019exterior ( xarxes socials, correus electr\u00f2nics, cats asincr\u00f2nics&#8230;) aix\u00ed com totes les p\u00e0gines que estiguin fora de l\u2019acc\u00e9s del filtre. Aix\u00f2 suposa que molts dels continguts digitals siguin dif\u00edcils de treballar i per tant els\/les docents han de buscar alternatives a tasques que, en molts casos, amb una simple cerca a internet seria possible de portar-les a terme.<\/p>\n<p>&nbsp;<\/p>\n","protected":false},"excerpt":{"rendered":"<p>La nostra realitat contextual d\u2019ubicaci\u00f3 escolar implica treballar amb plataformes i comunicacions digitals amb moltes restriccions i aix\u00f2 deriva en un desplegament de possibilitats digitals molt limitat ja que l&#8217;alumnat en molts casos no hi t\u00e9 acc\u00e9s i creiem que seria absurd potenciar \u00fanicament un \u00e0mbit del qual els protagonistes de l\u2019acci\u00f3 educativa no se\u2019n [&hellip;]<\/p>\n","protected":false},"author":1,"featured_media":0,"parent":2253,"menu_order":0,"comment_status":"closed","ping_status":"closed","template":"page-templates\/side-menu.php","meta":{"_bbp_topic_count":0,"_bbp_reply_count":0,"_bbp_total_topic_count":0,"_bbp_total_reply_count":0,"_bbp_voice_count":0,"_bbp_anonymous_reply_count":0,"_bbp_topic_count_hidden":0,"_bbp_reply_count_hidden":0,"_bbp_forum_subforum_count":0,"site-sidebar-layout":"default","site-content-layout":"","ast-site-content-layout":"","site-content-style":"default","site-sidebar-style":"default","ast-global-header-display":"","ast-banner-title-visibility":"","ast-main-header-display":"","ast-hfb-above-header-display":"","ast-hfb-below-header-display":"","ast-hfb-mobile-header-display":"","site-post-title":"","ast-breadcrumbs-content":"","ast-featured-img":"","footer-sml-layout":"","theme-transparent-header-meta":"","adv-header-id-meta":"","stick-header-meta":"","header-above-stick-meta":"","header-main-stick-meta":"","header-below-stick-meta":"","astra-migrate-meta-layouts":"default","ast-page-background-enabled":"default","ast-page-background-meta":{"desktop":{"background-color":"var(--ast-global-color-4)","background-image":"","background-repeat":"repeat","background-position":"center center","background-size":"auto","background-attachment":"scroll","background-type":"","background-media":"","overlay-type":"","overlay-color":"","overlay-opacity":"","overlay-gradient":""},"tablet":{"background-color":"","background-image":"","background-repeat":"repeat","background-position":"center center","background-size":"auto","background-attachment":"scroll","background-type":"","background-media":"","overlay-type":"","overlay-color":"","overlay-opacity":"","overlay-gradient":""},"mobile":{"background-color":"","background-image":"","background-repeat":"repeat","background-position":"center center","background-size":"auto","background-attachment":"scroll","background-type":"","background-media":"","overlay-type":"","overlay-color":"","overlay-opacity":"","overlay-gradient":""}},"ast-content-background-meta":{"desktop":{"background-color":"var(--ast-global-color-5)","background-image":"","background-repeat":"repeat","background-position":"center center","background-size":"auto","background-attachment":"scroll","background-type":"","background-media":"","overlay-type":"","overlay-color":"","overlay-opacity":"","overlay-gradient":""},"tablet":{"background-color":"var(--ast-global-color-5)","background-image":"","background-repeat":"repeat","background-position":"center center","background-size":"auto","background-attachment":"scroll","background-type":"","background-media":"","overlay-type":"","overlay-color":"","overlay-opacity":"","overlay-gradient":""},"mobile":{"background-color":"var(--ast-global-color-5)","background-image":"","background-repeat":"repeat","background-position":"center center","background-size":"auto","background-attachment":"scroll","background-type":"","background-media":"","overlay-type":"","overlay-color":"","overlay-opacity":"","overlay-gradient":""}},"footnotes":""},"class_list":["post-2255","page","type-page","status-publish","hentry"],"post_mailing_queue_ids":[],"_links":{"self":[{"href":"https:\/\/agora.xtec.cat\/cfaarturmartorell\/wp-json\/wp\/v2\/pages\/2255","targetHints":{"allow":["GET"]}}],"collection":[{"href":"https:\/\/agora.xtec.cat\/cfaarturmartorell\/wp-json\/wp\/v2\/pages"}],"about":[{"href":"https:\/\/agora.xtec.cat\/cfaarturmartorell\/wp-json\/wp\/v2\/types\/page"}],"author":[{"embeddable":true,"href":"https:\/\/agora.xtec.cat\/cfaarturmartorell\/wp-json\/wp\/v2\/users\/1"}],"replies":[{"embeddable":true,"href":"https:\/\/agora.xtec.cat\/cfaarturmartorell\/wp-json\/wp\/v2\/comments?post=2255"}],"version-history":[{"count":4,"href":"https:\/\/agora.xtec.cat\/cfaarturmartorell\/wp-json\/wp\/v2\/pages\/2255\/revisions"}],"predecessor-version":[{"id":3434,"href":"https:\/\/agora.xtec.cat\/cfaarturmartorell\/wp-json\/wp\/v2\/pages\/2255\/revisions\/3434"}],"up":[{"embeddable":true,"href":"https:\/\/agora.xtec.cat\/cfaarturmartorell\/wp-json\/wp\/v2\/pages\/2253"}],"wp:attachment":[{"href":"https:\/\/agora.xtec.cat\/cfaarturmartorell\/wp-json\/wp\/v2\/media?parent=2255"}],"curies":[{"name":"wp","href":"https:\/\/api.w.org\/{rel}","templated":true}]}}