{"id":2251,"date":"2022-10-17T14:05:06","date_gmt":"2022-10-17T12:05:06","guid":{"rendered":"https:\/\/agora.xtec.cat\/cfaarturmartorell\/?page_id=2251"},"modified":"2023-04-28T13:13:39","modified_gmt":"2023-04-28T11:13:39","slug":"objectius","status":"publish","type":"page","link":"https:\/\/agora.xtec.cat\/cfaarturmartorell\/part-estrategica\/objectius\/","title":{"rendered":"Objectius"},"content":{"rendered":"<p>OBJECTIUS VINCULATS AL PEC<\/p>\n<ol>\n<li><span style=\"font-weight: 400;\"> Desenvolupar les compet\u00e8ncies b\u00e0siques de cada ensenyament introduint l\u2019\u00fas de les TIC.<\/span><\/li>\n<\/ol>\n<p><i><span style=\"font-weight: 400;\">Diagnosi : <\/span><\/i><span style=\"font-weight: 400;\">El centre t\u00e9 concretat el desplegament de la compet\u00e8ncia digital a tots els nivells escolars.<\/span><span style=\"font-weight: 400;\"><br \/>\n<\/span><span style=\"font-weight: 400;\">2. Potenciar la col\u00b7laboraci\u00f3, la coordinaci\u00f3 i el treball en equip dels docents dels diferents nivells en l\u2019intercanvi d\u2019activitats relacionades amb les TIC.<\/span><\/p>\n<p><i><span style=\"font-weight: 400;\">Diagnosi : <\/span><\/i><span style=\"font-weight: 400;\">El centre desplegar\u00e0 una eina d\u2019intercanvi de materials i recursos entre els diferents ensenyaments.<\/span><\/p>\n<p>L\u2019estrat\u00e8gia digital vol aconseguir l\u2019assoliment dels seg\u00fcents objectius:<\/p>\n<table style=\"height: 149px; width: 98.9531%; border-collapse: collapse;\">\n<tbody>\n<tr style=\"height: 32px;\">\n<td style=\"width: 100%; height: 32px; text-align: center;\"><strong>\u00c0mbit alumnat<\/strong><\/td>\n<\/tr>\n<tr style=\"height: 45px;\">\n<td style=\"width: 100%; height: 45px;\">\n<ol style=\"list-style-type: lower-alpha;\">\n<li>Definir el desplegament curricular de la compet\u00e8ncia digital de l\u2019alumnat, realitzat a cada ensenyament.<\/li>\n<\/ol>\n<\/td>\n<\/tr>\n<tr style=\"height: 36px;\">\n<td style=\"width: 100%; height: 36px;\">b. Incentivar el treball en xarxa entre l\u2019alumnat.<\/td>\n<\/tr>\n<\/tbody>\n<\/table>\n<table style=\"width: 99.2032%; height: 121px;\">\n<tbody>\n<tr style=\"height: 33px;\">\n<td style=\"text-align: center; width: 100%; height: 33px;\"><strong>\u00c0mbit doc\u00e8ncia<\/strong><\/td>\n<\/tr>\n<tr style=\"height: 28px;\">\n<td style=\"width: 100%; height: 28px;\">\n<ol style=\"list-style-type: lower-alpha;\">\n<li>Fomentar la formaci\u00f3 del claustre en Actic i eines EVA.<\/li>\n<\/ol>\n<\/td>\n<\/tr>\n<tr style=\"height: 60px;\">\n<td style=\"width: 100%; height: 60px;\">b. Assegurar la pres\u00e8ncia de l&#8217;aplicaci\u00f3 metodol\u00f2gica de les tecnologies a les programacions did\u00e0ctiques de les diferents \u00e0rees curriculars.<\/td>\n<\/tr>\n<\/tbody>\n<\/table>\n<table style=\"width: 99.32%; height: 160px;\">\n<tbody>\n<tr style=\"height: 34px;\">\n<td style=\"text-align: center; width: 100%; height: 34px;\"><strong>\u00c0mbit centre<\/strong><\/td>\n<\/tr>\n<tr style=\"height: 58px;\">\n<td style=\"width: 100%; height: 58px;\">\n<ol style=\"list-style-type: lower-alpha;\">\n<li><span style=\"background-color: #ffffff;\">Mantenir actualitzada la web del Centre.<\/span><\/li>\n<\/ol>\n<\/td>\n<\/tr>\n<tr style=\"height: 34px;\">\n<td style=\"width: 100%; height: 34px;\">b. Millorar l&#8217;estructura digital.<\/td>\n<\/tr>\n<\/tbody>\n<\/table>\n<p>&nbsp;<\/p>\n","protected":false},"excerpt":{"rendered":"<p>OBJECTIUS VINCULATS AL PEC Desenvolupar les compet\u00e8ncies b\u00e0siques de cada ensenyament introduint l\u2019\u00fas de les TIC. Diagnosi : El centre t\u00e9 concretat el desplegament de la compet\u00e8ncia digital a tots els nivells escolars. 2. Potenciar la col\u00b7laboraci\u00f3, la coordinaci\u00f3 i el treball en equip dels docents dels diferents nivells en l\u2019intercanvi d\u2019activitats relacionades amb les [&hellip;]<\/p>\n","protected":false},"author":1,"featured_media":0,"parent":2945,"menu_order":0,"comment_status":"closed","ping_status":"closed","template":"page-templates\/side-menu.php","meta":{"_bbp_topic_count":0,"_bbp_reply_count":0,"_bbp_total_topic_count":0,"_bbp_total_reply_count":0,"_bbp_voice_count":0,"_bbp_anonymous_reply_count":0,"_bbp_topic_count_hidden":0,"_bbp_reply_count_hidden":0,"_bbp_forum_subforum_count":0,"site-sidebar-layout":"default","site-content-layout":"","ast-site-content-layout":"","site-content-style":"default","site-sidebar-style":"default","ast-global-header-display":"","ast-banner-title-visibility":"","ast-main-header-display":"","ast-hfb-above-header-display":"","ast-hfb-below-header-display":"","ast-hfb-mobile-header-display":"","site-post-title":"","ast-breadcrumbs-content":"","ast-featured-img":"","footer-sml-layout":"","theme-transparent-header-meta":"","adv-header-id-meta":"","stick-header-meta":"","header-above-stick-meta":"","header-main-stick-meta":"","header-below-stick-meta":"","astra-migrate-meta-layouts":"default","ast-page-background-enabled":"default","ast-page-background-meta":{"desktop":{"background-color":"var(--ast-global-color-4)","background-image":"","background-repeat":"repeat","background-position":"center center","background-size":"auto","background-attachment":"scroll","background-type":"","background-media":"","overlay-type":"","overlay-color":"","overlay-opacity":"","overlay-gradient":""},"tablet":{"background-color":"","background-image":"","background-repeat":"repeat","background-position":"center center","background-size":"auto","background-attachment":"scroll","background-type":"","background-media":"","overlay-type":"","overlay-color":"","overlay-opacity":"","overlay-gradient":""},"mobile":{"background-color":"","background-image":"","background-repeat":"repeat","background-position":"center center","background-size":"auto","background-attachment":"scroll","background-type":"","background-media":"","overlay-type":"","overlay-color":"","overlay-opacity":"","overlay-gradient":""}},"ast-content-background-meta":{"desktop":{"background-color":"var(--ast-global-color-5)","background-image":"","background-repeat":"repeat","background-position":"center center","background-size":"auto","background-attachment":"scroll","background-type":"","background-media":"","overlay-type":"","overlay-color":"","overlay-opacity":"","overlay-gradient":""},"tablet":{"background-color":"var(--ast-global-color-5)","background-image":"","background-repeat":"repeat","background-position":"center center","background-size":"auto","background-attachment":"scroll","background-type":"","background-media":"","overlay-type":"","overlay-color":"","overlay-opacity":"","overlay-gradient":""},"mobile":{"background-color":"var(--ast-global-color-5)","background-image":"","background-repeat":"repeat","background-position":"center center","background-size":"auto","background-attachment":"scroll","background-type":"","background-media":"","overlay-type":"","overlay-color":"","overlay-opacity":"","overlay-gradient":""}},"footnotes":""},"class_list":["post-2251","page","type-page","status-publish","hentry"],"post_mailing_queue_ids":[],"_links":{"self":[{"href":"https:\/\/agora.xtec.cat\/cfaarturmartorell\/wp-json\/wp\/v2\/pages\/2251","targetHints":{"allow":["GET"]}}],"collection":[{"href":"https:\/\/agora.xtec.cat\/cfaarturmartorell\/wp-json\/wp\/v2\/pages"}],"about":[{"href":"https:\/\/agora.xtec.cat\/cfaarturmartorell\/wp-json\/wp\/v2\/types\/page"}],"author":[{"embeddable":true,"href":"https:\/\/agora.xtec.cat\/cfaarturmartorell\/wp-json\/wp\/v2\/users\/1"}],"replies":[{"embeddable":true,"href":"https:\/\/agora.xtec.cat\/cfaarturmartorell\/wp-json\/wp\/v2\/comments?post=2251"}],"version-history":[{"count":4,"href":"https:\/\/agora.xtec.cat\/cfaarturmartorell\/wp-json\/wp\/v2\/pages\/2251\/revisions"}],"predecessor-version":[{"id":3157,"href":"https:\/\/agora.xtec.cat\/cfaarturmartorell\/wp-json\/wp\/v2\/pages\/2251\/revisions\/3157"}],"up":[{"embeddable":true,"href":"https:\/\/agora.xtec.cat\/cfaarturmartorell\/wp-json\/wp\/v2\/pages\/2945"}],"wp:attachment":[{"href":"https:\/\/agora.xtec.cat\/cfaarturmartorell\/wp-json\/wp\/v2\/media?parent=2251"}],"curies":[{"name":"wp","href":"https:\/\/api.w.org\/{rel}","templated":true}]}}