{"id":2033,"date":"2022-06-29T11:41:07","date_gmt":"2022-06-29T09:41:07","guid":{"rendered":"https:\/\/agora.xtec.cat\/cfaarturmartorell\/?page_id=2033"},"modified":"2026-01-20T17:41:45","modified_gmt":"2026-01-20T16:41:45","slug":"projectes-transversls","status":"publish","type":"page","link":"https:\/\/agora.xtec.cat\/cfaarturmartorell\/projectes-transversls\/","title":{"rendered":"Projectes transversals"},"content":{"rendered":"<p><a href=\"https:\/\/agora.xtec.cat\/cfaarturmartorell\/wp-content\/uploads\/usu395\/2023\/03\/imatge_2023-03-29_164712971.png\"><img loading=\"lazy\" decoding=\"async\" class=\" wp-image-3109 alignleft\" src=\"https:\/\/agora.xtec.cat\/cfaarturmartorell\/wp-content\/uploads\/usu395\/2023\/03\/imatge_2023-03-29_164712971.png\" alt=\"\" width=\"290\" height=\"190\" srcset=\"https:\/\/agora.xtec.cat\/cfaarturmartorell\/wp-content\/uploads\/usu395\/2023\/03\/imatge_2023-03-29_164712971.png 371w, https:\/\/agora.xtec.cat\/cfaarturmartorell\/wp-content\/uploads\/usu395\/2023\/03\/imatge_2023-03-29_164712971-300x196.png 300w\" sizes=\"auto, (max-width: 290px) 100vw, 290px\" \/><\/a>DINS D\u2019AQUESTA COMISSI\u00d3 ESTAN ELS PROJECTES TRANSVERSALS QUE S\u2019ORGANITZEN AL VOLTANT D\u2019ACTIVITATS TIPUS:<\/p>\n<ul>\n<li><a href=\"https:\/\/www.upf.edu\/web\/e-noticies\/arxiu\/-\/asset_publisher\/wEpPxsVRD6Vt\/content\/id\/230571939\/maximized#.YrxBO5VByM8\">LA LLIGA DE DEBATS<\/a>, es una competici\u00f3 dial\u00e8ctica per posar en pr\u00e0ctica els coneixements en orat\u00f2ria que ens han ensenyat la Universitat Pompeu Fabra<\/li>\n<li><a href=\"https:\/\/agora.xtec.cat\/cfaarturmartorell\/general\/slam-al-cfa\/\">SLAM DE POESIA<\/a>, es un concurs de poesia on s\u2019utilitza la paraula per expressar-se art\u00edsticament<\/li>\n<li><a href=\"https:\/\/agora.xtec.cat\/cfaarturmartorell\/general\/setmana-de-projectes\/\">LA SETMANA DE PROJECTES<\/a>, activitat realitzada cap a finals de curs. S\u2019organitzen tallers de cuina, expressi\u00f3 corporal, lettering, viv\u00e8ncia amb gossos&#8230;<\/li>\n<li>COL\u00b7LABORACI\u00d3 AMB ALTRES COL\u00b7LECTIUS, es tracta d\u2019organitzar xerrades&#8230;amb altres professionals per exemple \u201c1rs auxilis\u201d&#8230;<\/li>\n<li><a href=\"https:\/\/agora.xtec.cat\/cfaarturmartorell\/portada\/setmana-del-mon-laboral\/\">M\u00d3N LABORAL<\/a>, es una jornada on representem diverses situacions laborals per aprendre a buscar feina, a realitzar una entrevista laboral etc.<\/li>\n<\/ul>\n<p>Aquesta comissi\u00f3, doncs s&#8217;encarrega de donar forma i gestionar aquests projectes que tenen tant de pes durant el curs escolar.<\/p>\n","protected":false},"excerpt":{"rendered":"<p>DINS D\u2019AQUESTA COMISSI\u00d3 ESTAN ELS PROJECTES TRANSVERSALS QUE S\u2019ORGANITZEN AL VOLTANT D\u2019ACTIVITATS TIPUS: LA LLIGA DE DEBATS, es una competici\u00f3 dial\u00e8ctica per posar en pr\u00e0ctica els coneixements en orat\u00f2ria que ens han ensenyat la Universitat Pompeu Fabra SLAM DE POESIA, es un concurs de poesia on s\u2019utilitza la paraula per expressar-se art\u00edsticament LA SETMANA DE [&hellip;]<\/p>\n","protected":false},"author":1,"featured_media":0,"parent":0,"menu_order":0,"comment_status":"closed","ping_status":"closed","template":"","meta":{"_bbp_topic_count":0,"_bbp_reply_count":0,"_bbp_total_topic_count":0,"_bbp_total_reply_count":0,"_bbp_voice_count":0,"_bbp_anonymous_reply_count":0,"_bbp_topic_count_hidden":0,"_bbp_reply_count_hidden":0,"_bbp_forum_subforum_count":0,"site-sidebar-layout":"default","site-content-layout":"","ast-site-content-layout":"default","site-content-style":"default","site-sidebar-style":"default","ast-global-header-display":"","ast-banner-title-visibility":"","ast-main-header-display":"","ast-hfb-above-header-display":"","ast-hfb-below-header-display":"","ast-hfb-mobile-header-display":"","site-post-title":"","ast-breadcrumbs-content":"","ast-featured-img":"","footer-sml-layout":"","theme-transparent-header-meta":"default","adv-header-id-meta":"","stick-header-meta":"","header-above-stick-meta":"","header-main-stick-meta":"","header-below-stick-meta":"","astra-migrate-meta-layouts":"set","ast-page-background-enabled":"default","ast-page-background-meta":{"desktop":{"background-color":"var(--ast-global-color-4)","background-image":"","background-repeat":"repeat","background-position":"center center","background-size":"auto","background-attachment":"scroll","background-type":"","background-media":"","overlay-type":"","overlay-color":"","overlay-opacity":"","overlay-gradient":""},"tablet":{"background-color":"","background-image":"","background-repeat":"repeat","background-position":"center center","background-size":"auto","background-attachment":"scroll","background-type":"","background-media":"","overlay-type":"","overlay-color":"","overlay-opacity":"","overlay-gradient":""},"mobile":{"background-color":"","background-image":"","background-repeat":"repeat","background-position":"center center","background-size":"auto","background-attachment":"scroll","background-type":"","background-media":"","overlay-type":"","overlay-color":"","overlay-opacity":"","overlay-gradient":""}},"ast-content-background-meta":{"desktop":{"background-color":"var(--ast-global-color-5)","background-image":"","background-repeat":"repeat","background-position":"center center","background-size":"auto","background-attachment":"scroll","background-type":"","background-media":"","overlay-type":"","overlay-color":"","overlay-opacity":"","overlay-gradient":""},"tablet":{"background-color":"var(--ast-global-color-5)","background-image":"","background-repeat":"repeat","background-position":"center center","background-size":"auto","background-attachment":"scroll","background-type":"","background-media":"","overlay-type":"","overlay-color":"","overlay-opacity":"","overlay-gradient":""},"mobile":{"background-color":"var(--ast-global-color-5)","background-image":"","background-repeat":"repeat","background-position":"center center","background-size":"auto","background-attachment":"scroll","background-type":"","background-media":"","overlay-type":"","overlay-color":"","overlay-opacity":"","overlay-gradient":""}},"footnotes":""},"class_list":["post-2033","page","type-page","status-publish","hentry"],"post_mailing_queue_ids":[],"_links":{"self":[{"href":"https:\/\/agora.xtec.cat\/cfaarturmartorell\/wp-json\/wp\/v2\/pages\/2033","targetHints":{"allow":["GET"]}}],"collection":[{"href":"https:\/\/agora.xtec.cat\/cfaarturmartorell\/wp-json\/wp\/v2\/pages"}],"about":[{"href":"https:\/\/agora.xtec.cat\/cfaarturmartorell\/wp-json\/wp\/v2\/types\/page"}],"author":[{"embeddable":true,"href":"https:\/\/agora.xtec.cat\/cfaarturmartorell\/wp-json\/wp\/v2\/users\/1"}],"replies":[{"embeddable":true,"href":"https:\/\/agora.xtec.cat\/cfaarturmartorell\/wp-json\/wp\/v2\/comments?post=2033"}],"version-history":[{"count":5,"href":"https:\/\/agora.xtec.cat\/cfaarturmartorell\/wp-json\/wp\/v2\/pages\/2033\/revisions"}],"predecessor-version":[{"id":4576,"href":"https:\/\/agora.xtec.cat\/cfaarturmartorell\/wp-json\/wp\/v2\/pages\/2033\/revisions\/4576"}],"wp:attachment":[{"href":"https:\/\/agora.xtec.cat\/cfaarturmartorell\/wp-json\/wp\/v2\/media?parent=2033"}],"curies":[{"name":"wp","href":"https:\/\/api.w.org\/{rel}","templated":true}]}}