{"id":2025,"date":"2022-06-29T11:39:37","date_gmt":"2022-06-29T09:39:37","guid":{"rendered":"https:\/\/agora.xtec.cat\/cfaarturmartorell\/?page_id=2025"},"modified":"2025-10-28T14:16:26","modified_gmt":"2025-10-28T13:16:26","slug":"katacultura-2","status":"publish","type":"page","link":"https:\/\/agora.xtec.cat\/cfaarturmartorell\/katacultura-2\/","title":{"rendered":"Trencad\u00eds"},"content":{"rendered":"<p><a href=\"https:\/\/agora.xtec.cat\/cfaarturmartorell\/wp-content\/uploads\/usu395\/2025\/10\/Minimalist-Green-Watercolor-Circle-Logo.png\"><img loading=\"lazy\" decoding=\"async\" class=\"wp-image-4461 alignleft\" src=\"https:\/\/agora.xtec.cat\/cfaarturmartorell\/wp-content\/uploads\/usu395\/2025\/10\/Minimalist-Green-Watercolor-Circle-Logo-1024x1024.png\" alt=\"\" width=\"253\" height=\"253\" srcset=\"https:\/\/agora.xtec.cat\/cfaarturmartorell\/wp-content\/uploads\/usu395\/2025\/10\/Minimalist-Green-Watercolor-Circle-Logo-1024x1024.png 1024w, https:\/\/agora.xtec.cat\/cfaarturmartorell\/wp-content\/uploads\/usu395\/2025\/10\/Minimalist-Green-Watercolor-Circle-Logo-300x300.png 300w, https:\/\/agora.xtec.cat\/cfaarturmartorell\/wp-content\/uploads\/usu395\/2025\/10\/Minimalist-Green-Watercolor-Circle-Logo-150x150.png 150w, https:\/\/agora.xtec.cat\/cfaarturmartorell\/wp-content\/uploads\/usu395\/2025\/10\/Minimalist-Green-Watercolor-Circle-Logo-768x768.png 768w, https:\/\/agora.xtec.cat\/cfaarturmartorell\/wp-content\/uploads\/usu395\/2025\/10\/Minimalist-Green-Watercolor-Circle-Logo.png 1080w\" sizes=\"auto, (max-width: 253px) 100vw, 253px\" \/><\/a>El claustre de mestres del centre penitenciari \u00a0Brians 1 va crear aquesta comissi\u00f3 que t\u00e9 com a objectiu organitzar cada any diverses activitats per promocionar i difondre la llengua i cultura catalanes entre el seu alumnat, en un context dif\u00edcil i complicat, per\u00f2 alhora apassionant.<\/p>\n<p>Des de la creaci\u00f3 de la comissi\u00f3 el 2014, s&#8217;han anat realitzant diversos actes i activitats: confer\u00e8ncies, <a href=\"https:\/\/agora.xtec.cat\/cfaarturmartorell\/general\/el-catala-es-chevere\/\">exposicions<\/a>, lectures de poemes, presentacions de llibres, concerts de m\u00fasica, <a href=\"https:\/\/agora.xtec.cat\/cfaarturmartorell\/general\/visita-dels-minyons-de-terrassa\/\">castellers<\/a>, <a href=\"https:\/\/agora.xtec.cat\/cfaarturmartorell\/general\/katacultura-3r-trimestre\/\">visualitazci\u00f3 de pel\u00b7l\u00edcules<\/a>, en general tot all\u00f2 que ens pugui ajudar a normalitzar la nostra llengua i cultura.<\/p>\n<p>A m\u00e9s, procurem realitzar activitats per donar a con\u00e8ixer les diferents tradicions catalanes com la <a href=\"https:\/\/agora.xtec.cat\/cfaarturmartorell\/general\/que-es-la-mona\/\">mona<\/a> i el <a href=\"https:\/\/agora.xtec.cat\/cfaarturmartorell\/general\/felicitacio-de-nadal\/\">ti\u00f3<\/a>, entre d&#8217;altres. Fins i tot, fa uns cursos, es va organitzar un <a href=\"https:\/\/agora.xtec.cat\/cfaarturmartorell\/portada\/ja-tenim-logo-guanyador\/\">concurs de cartells<\/a> per tal de poder escollir el logotip de la comissi\u00f3.<\/p>\n<p>Inicialment, la comissi\u00f3 s&#8217;anomenava &#8220;Katacultura&#8221; i des de finals del curs 24-25 se li va fer una modernitzaci\u00f3 tot canviant-ne el nom i el logo.<\/p>\n<p><a href=\"https:\/\/agora.xtec.cat\/cfaarturmartorell\/wp-content\/uploads\/usu395\/2019\/01\/LOGO-guanyador-sense-nom.png\"><img loading=\"lazy\" decoding=\"async\" class=\" wp-image-1072 aligncenter\" src=\"https:\/\/agora.xtec.cat\/cfaarturmartorell\/wp-content\/uploads\/usu395\/2019\/01\/LOGO-guanyador-sense-nom.png\" alt=\"\" width=\"426\" height=\"601\" srcset=\"https:\/\/agora.xtec.cat\/cfaarturmartorell\/wp-content\/uploads\/usu395\/2019\/01\/LOGO-guanyador-sense-nom.png 573w, https:\/\/agora.xtec.cat\/cfaarturmartorell\/wp-content\/uploads\/usu395\/2019\/01\/LOGO-guanyador-sense-nom-213x300.png 213w\" sizes=\"auto, (max-width: 426px) 100vw, 426px\" \/><\/a><\/p>\n","protected":false},"excerpt":{"rendered":"<p>El claustre de mestres del centre penitenciari \u00a0Brians 1 va crear aquesta comissi\u00f3 que t\u00e9 com a objectiu organitzar cada any diverses activitats per promocionar i difondre la llengua i cultura catalanes entre el seu alumnat, en un context dif\u00edcil i complicat, per\u00f2 alhora apassionant. Des de la creaci\u00f3 de la comissi\u00f3 el 2014, s&#8217;han [&hellip;]<\/p>\n","protected":false},"author":1,"featured_media":0,"parent":0,"menu_order":0,"comment_status":"closed","ping_status":"closed","template":"","meta":{"_bbp_topic_count":0,"_bbp_reply_count":0,"_bbp_total_topic_count":0,"_bbp_total_reply_count":0,"_bbp_voice_count":0,"_bbp_anonymous_reply_count":0,"_bbp_topic_count_hidden":0,"_bbp_reply_count_hidden":0,"_bbp_forum_subforum_count":0,"site-sidebar-layout":"default","site-content-layout":"","ast-site-content-layout":"","site-content-style":"default","site-sidebar-style":"default","ast-global-header-display":"","ast-banner-title-visibility":"","ast-main-header-display":"","ast-hfb-above-header-display":"","ast-hfb-below-header-display":"","ast-hfb-mobile-header-display":"","site-post-title":"","ast-breadcrumbs-content":"","ast-featured-img":"","footer-sml-layout":"","theme-transparent-header-meta":"","adv-header-id-meta":"","stick-header-meta":"","header-above-stick-meta":"","header-main-stick-meta":"","header-below-stick-meta":"","astra-migrate-meta-layouts":"default","ast-page-background-enabled":"default","ast-page-background-meta":{"desktop":{"background-color":"var(--ast-global-color-4)","background-image":"","background-repeat":"repeat","background-position":"center center","background-size":"auto","background-attachment":"scroll","background-type":"","background-media":"","overlay-type":"","overlay-color":"","overlay-opacity":"","overlay-gradient":""},"tablet":{"background-color":"","background-image":"","background-repeat":"repeat","background-position":"center center","background-size":"auto","background-attachment":"scroll","background-type":"","background-media":"","overlay-type":"","overlay-color":"","overlay-opacity":"","overlay-gradient":""},"mobile":{"background-color":"","background-image":"","background-repeat":"repeat","background-position":"center center","background-size":"auto","background-attachment":"scroll","background-type":"","background-media":"","overlay-type":"","overlay-color":"","overlay-opacity":"","overlay-gradient":""}},"ast-content-background-meta":{"desktop":{"background-color":"var(--ast-global-color-5)","background-image":"","background-repeat":"repeat","background-position":"center center","background-size":"auto","background-attachment":"scroll","background-type":"","background-media":"","overlay-type":"","overlay-color":"","overlay-opacity":"","overlay-gradient":""},"tablet":{"background-color":"var(--ast-global-color-5)","background-image":"","background-repeat":"repeat","background-position":"center center","background-size":"auto","background-attachment":"scroll","background-type":"","background-media":"","overlay-type":"","overlay-color":"","overlay-opacity":"","overlay-gradient":""},"mobile":{"background-color":"var(--ast-global-color-5)","background-image":"","background-repeat":"repeat","background-position":"center center","background-size":"auto","background-attachment":"scroll","background-type":"","background-media":"","overlay-type":"","overlay-color":"","overlay-opacity":"","overlay-gradient":""}},"footnotes":""},"class_list":["post-2025","page","type-page","status-publish","hentry"],"post_mailing_queue_ids":[],"_links":{"self":[{"href":"https:\/\/agora.xtec.cat\/cfaarturmartorell\/wp-json\/wp\/v2\/pages\/2025","targetHints":{"allow":["GET"]}}],"collection":[{"href":"https:\/\/agora.xtec.cat\/cfaarturmartorell\/wp-json\/wp\/v2\/pages"}],"about":[{"href":"https:\/\/agora.xtec.cat\/cfaarturmartorell\/wp-json\/wp\/v2\/types\/page"}],"author":[{"embeddable":true,"href":"https:\/\/agora.xtec.cat\/cfaarturmartorell\/wp-json\/wp\/v2\/users\/1"}],"replies":[{"embeddable":true,"href":"https:\/\/agora.xtec.cat\/cfaarturmartorell\/wp-json\/wp\/v2\/comments?post=2025"}],"version-history":[{"count":6,"href":"https:\/\/agora.xtec.cat\/cfaarturmartorell\/wp-json\/wp\/v2\/pages\/2025\/revisions"}],"predecessor-version":[{"id":4462,"href":"https:\/\/agora.xtec.cat\/cfaarturmartorell\/wp-json\/wp\/v2\/pages\/2025\/revisions\/4462"}],"wp:attachment":[{"href":"https:\/\/agora.xtec.cat\/cfaarturmartorell\/wp-json\/wp\/v2\/media?parent=2025"}],"curies":[{"name":"wp","href":"https:\/\/api.w.org\/{rel}","templated":true}]}}