{"id":2004,"date":"2022-06-29T11:23:15","date_gmt":"2022-06-29T09:23:15","guid":{"rendered":"https:\/\/agora.xtec.cat\/cfaarturmartorell\/?page_id=2004"},"modified":"2025-06-23T13:32:39","modified_gmt":"2025-06-23T11:32:39","slug":"comissions-complementaries","status":"publish","type":"page","link":"https:\/\/agora.xtec.cat\/cfaarturmartorell\/comissions-complementaries\/","title":{"rendered":"Comissions complement\u00e0ries"},"content":{"rendered":"<p>A l&#8217;escola tothom col\u00b7labora i treballa en equip per tal de compartir coneixements i unificar esfor\u00e7os. Feu una ullada a les comissions complement\u00e0ries actuals!<\/p>\n<table style=\"border-collapse: collapse; width: 29.8031%;\">\n<tbody>\n<tr>\n<td style=\"width: 100%; background-color: #d4cbb6; text-align: center;\"><a href=\"https:\/\/agora.xtec.cat\/cfaarturmartorell\/katacultura-2\/\"><strong>TRENCAD\u00cdS<\/strong><\/a><\/td>\n<\/tr>\n<\/tbody>\n<\/table>\n<table style=\"border-collapse: collapse; width: 29.8031%;\">\n<tbody>\n<tr>\n<td style=\"width: 100%; background-color: #d4cbb6; text-align: center;\"><a href=\"https:\/\/agora.xtec.cat\/cfaarturmartorell\/pagina-web\/\"><strong>P\u00c0GINA WEB<\/strong><\/a><\/td>\n<\/tr>\n<\/tbody>\n<\/table>\n<table style=\"border-collapse: collapse; width: 29.9481%;\">\n<tbody>\n<tr>\n<td style=\"width: 100%; background-color: #d4cbb6; text-align: center;\"><a href=\"https:\/\/agora.xtec.cat\/cfaarturmartorell\/projecte-educatiu\/voluntariat-2\/\"><strong>VOLUNTARIAT<\/strong><\/a><\/td>\n<\/tr>\n<\/tbody>\n<\/table>\n<table style=\"border-collapse: collapse; width: 29.8767%;\">\n<tbody>\n<tr>\n<td style=\"width: 100%; background-color: #d4cbb6; text-align: center;\"><a href=\"https:\/\/agora.xtec.cat\/cfaarturmartorell\/projecte-educatiu\/\"><strong>COMUNITAT D&#8217;APRENENTATGE<\/strong><\/a><\/td>\n<\/tr>\n<\/tbody>\n<\/table>\n<table style=\"border-collapse: collapse; width: 29.9481%;\">\n<tbody>\n<tr>\n<td style=\"width: 100%; background-color: #d4cbb6; text-align: center;\"><a href=\"https:\/\/agora.xtec.cat\/cfaarturmartorell\/criteris-dadscripcio\/\"><strong>CRITERIS D&#8217;ADSCRIPCI\u00d3<\/strong><\/a><\/td>\n<\/tr>\n<\/tbody>\n<\/table>\n<table style=\"border-collapse: collapse; width: 29.8031%;\">\n<tbody>\n<tr>\n<td style=\"width: 100%; background-color: #d4cbb6; text-align: center;\"><a href=\"https:\/\/agora.xtec.cat\/cfaarturmartorell\/projecte-forca\/\"><b>COCOBE<\/b><\/a><\/td>\n<\/tr>\n<\/tbody>\n<\/table>\n<table style=\"border-collapse: collapse; width: 29.8031%;\">\n<tbody>\n<tr>\n<td style=\"width: 100%; background-color: #d4cbb6; text-align: center;\"><a href=\"https:\/\/agora.xtec.cat\/cfaarturmartorell\/projectes-transversls\/\"><strong>PROJECTES TRANSVERSALS<\/strong><\/a><\/td>\n<\/tr>\n<\/tbody>\n<\/table>\n<p>&nbsp;<\/p>\n","protected":false},"excerpt":{"rendered":"<p>A l&#8217;escola tothom col\u00b7labora i treballa en equip per tal de compartir coneixements i unificar esfor\u00e7os. Feu una ullada a les comissions complement\u00e0ries actuals! TRENCAD\u00cdS P\u00c0GINA WEB VOLUNTARIAT COMUNITAT D&#8217;APRENENTATGE CRITERIS D&#8217;ADSCRIPCI\u00d3 COCOBE PROJECTES TRANSVERSALS &nbsp;<\/p>\n","protected":false},"author":1,"featured_media":0,"parent":0,"menu_order":0,"comment_status":"closed","ping_status":"closed","template":"","meta":{"_bbp_topic_count":0,"_bbp_reply_count":0,"_bbp_total_topic_count":0,"_bbp_total_reply_count":0,"_bbp_voice_count":0,"_bbp_anonymous_reply_count":0,"_bbp_topic_count_hidden":0,"_bbp_reply_count_hidden":0,"_bbp_forum_subforum_count":0,"site-sidebar-layout":"default","site-content-layout":"","ast-site-content-layout":"","site-content-style":"default","site-sidebar-style":"default","ast-global-header-display":"","ast-banner-title-visibility":"","ast-main-header-display":"","ast-hfb-above-header-display":"","ast-hfb-below-header-display":"","ast-hfb-mobile-header-display":"","site-post-title":"","ast-breadcrumbs-content":"","ast-featured-img":"","footer-sml-layout":"","theme-transparent-header-meta":"","adv-header-id-meta":"","stick-header-meta":"","header-above-stick-meta":"","header-main-stick-meta":"","header-below-stick-meta":"","astra-migrate-meta-layouts":"default","ast-page-background-enabled":"default","ast-page-background-meta":{"desktop":{"background-color":"var(--ast-global-color-4)","background-image":"","background-repeat":"repeat","background-position":"center center","background-size":"auto","background-attachment":"scroll","background-type":"","background-media":"","overlay-type":"","overlay-color":"","overlay-opacity":"","overlay-gradient":""},"tablet":{"background-color":"","background-image":"","background-repeat":"repeat","background-position":"center center","background-size":"auto","background-attachment":"scroll","background-type":"","background-media":"","overlay-type":"","overlay-color":"","overlay-opacity":"","overlay-gradient":""},"mobile":{"background-color":"","background-image":"","background-repeat":"repeat","background-position":"center center","background-size":"auto","background-attachment":"scroll","background-type":"","background-media":"","overlay-type":"","overlay-color":"","overlay-opacity":"","overlay-gradient":""}},"ast-content-background-meta":{"desktop":{"background-color":"var(--ast-global-color-5)","background-image":"","background-repeat":"repeat","background-position":"center center","background-size":"auto","background-attachment":"scroll","background-type":"","background-media":"","overlay-type":"","overlay-color":"","overlay-opacity":"","overlay-gradient":""},"tablet":{"background-color":"var(--ast-global-color-5)","background-image":"","background-repeat":"repeat","background-position":"center center","background-size":"auto","background-attachment":"scroll","background-type":"","background-media":"","overlay-type":"","overlay-color":"","overlay-opacity":"","overlay-gradient":""},"mobile":{"background-color":"var(--ast-global-color-5)","background-image":"","background-repeat":"repeat","background-position":"center center","background-size":"auto","background-attachment":"scroll","background-type":"","background-media":"","overlay-type":"","overlay-color":"","overlay-opacity":"","overlay-gradient":""}},"footnotes":""},"class_list":["post-2004","page","type-page","status-publish","hentry"],"post_mailing_queue_ids":[],"_links":{"self":[{"href":"https:\/\/agora.xtec.cat\/cfaarturmartorell\/wp-json\/wp\/v2\/pages\/2004","targetHints":{"allow":["GET"]}}],"collection":[{"href":"https:\/\/agora.xtec.cat\/cfaarturmartorell\/wp-json\/wp\/v2\/pages"}],"about":[{"href":"https:\/\/agora.xtec.cat\/cfaarturmartorell\/wp-json\/wp\/v2\/types\/page"}],"author":[{"embeddable":true,"href":"https:\/\/agora.xtec.cat\/cfaarturmartorell\/wp-json\/wp\/v2\/users\/1"}],"replies":[{"embeddable":true,"href":"https:\/\/agora.xtec.cat\/cfaarturmartorell\/wp-json\/wp\/v2\/comments?post=2004"}],"version-history":[{"count":5,"href":"https:\/\/agora.xtec.cat\/cfaarturmartorell\/wp-json\/wp\/v2\/pages\/2004\/revisions"}],"predecessor-version":[{"id":4342,"href":"https:\/\/agora.xtec.cat\/cfaarturmartorell\/wp-json\/wp\/v2\/pages\/2004\/revisions\/4342"}],"wp:attachment":[{"href":"https:\/\/agora.xtec.cat\/cfaarturmartorell\/wp-json\/wp\/v2\/media?parent=2004"}],"curies":[{"name":"wp","href":"https:\/\/api.w.org\/{rel}","templated":true}]}}