{"id":2002,"date":"2022-06-29T11:23:03","date_gmt":"2022-06-29T09:23:03","guid":{"rendered":"https:\/\/agora.xtec.cat\/cfaarturmartorell\/?page_id=2002"},"modified":"2023-05-23T14:14:11","modified_gmt":"2023-05-23T12:14:11","slug":"comissions-mixtes","status":"publish","type":"page","link":"https:\/\/agora.xtec.cat\/cfaarturmartorell\/projecte-educatiu\/comissions-mixtes\/","title":{"rendered":"Comissions mixtes"},"content":{"rendered":"<p>Un dels trets caracter\u00edstics de les Comunitats d&#8217;Aprenentatge \u00e9s el treball en equip. Volem que totes les accions i decisions siguin compartides entre tota la comunitat educativa (tant docents com alumnat), \u00e9s per aix\u00f2 que s&#8217;han creat les comissions mixtes, formades amb representaci\u00f3 de les dues figures anteriors i tamb\u00e9 creades a partir de les necessitats de l&#8217;escola i dels somnis de la comunitat.<\/p>\n<p>Actualment, tenim les seg\u00fcents:<\/p>\n<table style=\"border-collapse: collapse; width: 31.5239%;\">\n<tbody>\n<tr>\n<td style=\"width: 100%; background-color: #d4cbb6; text-align: center;\"><a href=\"https:\/\/agora.xtec.cat\/cfaarturmartorell\/convivencia\/\"><strong>CONVIV\u00c8NCIA<\/strong><\/a><\/td>\n<\/tr>\n<\/tbody>\n<\/table>\n<table style=\"border-collapse: collapse; width: 31.4196%;\">\n<tbody>\n<tr>\n<td style=\"width: 100%; background-color: #d4cbb6; text-align: center;\"><a href=\"https:\/\/agora.xtec.cat\/cfaarturmartorell\/infraestructures\/\"><strong>INFRAESTRUCTURES<\/strong><\/a><\/td>\n<\/tr>\n<\/tbody>\n<\/table>\n<table style=\"border-collapse: collapse; width: 31.4183%;\">\n<tbody>\n<tr>\n<td style=\"width: 100%; background-color: #d4cbb6; text-align: center;\"><a href=\"https:\/\/agora.xtec.cat\/cfaarturmartorell\/actes-festius\/\"><strong>ACTES FESTIUS<\/strong><\/a><\/td>\n<\/tr>\n<\/tbody>\n<\/table>\n<table style=\"border-collapse: collapse; width: 31.4183%;\">\n<tbody>\n<tr>\n<td style=\"width: 100%; background-color: #d4cbb6; text-align: center;\"><a href=\"https:\/\/agora.xtec.cat\/cfaarturmartorell\/pedagogica\/\"><strong>PEDAG\u00d2GICA<\/strong><\/a><\/td>\n<\/tr>\n<\/tbody>\n<\/table>\n<p>El professorat de cada torn s\u2019haur\u00e0 de repartir de forma equitativa a les opcions que disposa. En relaci\u00f3 al professorat de cada comissi\u00f3, hi haur\u00e0 tres mestres que faran de portaveus (que aniran rotant) quan es portin a terme les reunions amb l\u2019alumnat. La funci\u00f3 dels representants s\u00f3n dues representar el professorat de cada comissi\u00f3 i transmetre el contingut de la reuni\u00f3 a la resta dels mestres de la comissi\u00f3.<\/p>\n<p><u>Calendari de les comissions:<\/u><\/p>\n<ul>\n<li>Reunions amb l&#8217;alumnat<\/li>\n<\/ul>\n<p>La periodicitat ser\u00e0 cada trimestre per\u00f2 sempre tenint en compte les caracter\u00edstiques del centre, per tant, som molt oberts i flexibles.<\/p>\n<ul>\n<li>Trasp\u00e0s d\u2019informaci\u00f3 dels representants de la comissi\u00f3 a la resta de membres.<\/li>\n<\/ul>\n<p>Durant els claustres, es posen en com\u00fa les diferents decisions preses i tamb\u00e9 l&#8217;estat actual de les diferents actuacions.<\/p>\n<p>&nbsp;<\/p>\n","protected":false},"excerpt":{"rendered":"<p>Un dels trets caracter\u00edstics de les Comunitats d&#8217;Aprenentatge \u00e9s el treball en equip. Volem que totes les accions i decisions siguin compartides entre tota la comunitat educativa (tant docents com alumnat), \u00e9s per aix\u00f2 que s&#8217;han creat les comissions mixtes, formades amb representaci\u00f3 de les dues figures anteriors i tamb\u00e9 creades a partir de les [&hellip;]<\/p>\n","protected":false},"author":1,"featured_media":0,"parent":57,"menu_order":0,"comment_status":"closed","ping_status":"closed","template":"page-templates\/side-menu.php","meta":{"_bbp_topic_count":0,"_bbp_reply_count":0,"_bbp_total_topic_count":0,"_bbp_total_reply_count":0,"_bbp_voice_count":0,"_bbp_anonymous_reply_count":0,"_bbp_topic_count_hidden":0,"_bbp_reply_count_hidden":0,"_bbp_forum_subforum_count":0,"site-sidebar-layout":"default","site-content-layout":"","ast-site-content-layout":"","site-content-style":"default","site-sidebar-style":"default","ast-global-header-display":"","ast-banner-title-visibility":"","ast-main-header-display":"","ast-hfb-above-header-display":"","ast-hfb-below-header-display":"","ast-hfb-mobile-header-display":"","site-post-title":"","ast-breadcrumbs-content":"","ast-featured-img":"","footer-sml-layout":"","theme-transparent-header-meta":"","adv-header-id-meta":"","stick-header-meta":"","header-above-stick-meta":"","header-main-stick-meta":"","header-below-stick-meta":"","astra-migrate-meta-layouts":"default","ast-page-background-enabled":"default","ast-page-background-meta":{"desktop":{"background-color":"var(--ast-global-color-4)","background-image":"","background-repeat":"repeat","background-position":"center center","background-size":"auto","background-attachment":"scroll","background-type":"","background-media":"","overlay-type":"","overlay-color":"","overlay-opacity":"","overlay-gradient":""},"tablet":{"background-color":"","background-image":"","background-repeat":"repeat","background-position":"center center","background-size":"auto","background-attachment":"scroll","background-type":"","background-media":"","overlay-type":"","overlay-color":"","overlay-opacity":"","overlay-gradient":""},"mobile":{"background-color":"","background-image":"","background-repeat":"repeat","background-position":"center center","background-size":"auto","background-attachment":"scroll","background-type":"","background-media":"","overlay-type":"","overlay-color":"","overlay-opacity":"","overlay-gradient":""}},"ast-content-background-meta":{"desktop":{"background-color":"var(--ast-global-color-5)","background-image":"","background-repeat":"repeat","background-position":"center center","background-size":"auto","background-attachment":"scroll","background-type":"","background-media":"","overlay-type":"","overlay-color":"","overlay-opacity":"","overlay-gradient":""},"tablet":{"background-color":"var(--ast-global-color-5)","background-image":"","background-repeat":"repeat","background-position":"center center","background-size":"auto","background-attachment":"scroll","background-type":"","background-media":"","overlay-type":"","overlay-color":"","overlay-opacity":"","overlay-gradient":""},"mobile":{"background-color":"var(--ast-global-color-5)","background-image":"","background-repeat":"repeat","background-position":"center center","background-size":"auto","background-attachment":"scroll","background-type":"","background-media":"","overlay-type":"","overlay-color":"","overlay-opacity":"","overlay-gradient":""}},"footnotes":""},"class_list":["post-2002","page","type-page","status-publish","hentry"],"post_mailing_queue_ids":[],"_links":{"self":[{"href":"https:\/\/agora.xtec.cat\/cfaarturmartorell\/wp-json\/wp\/v2\/pages\/2002","targetHints":{"allow":["GET"]}}],"collection":[{"href":"https:\/\/agora.xtec.cat\/cfaarturmartorell\/wp-json\/wp\/v2\/pages"}],"about":[{"href":"https:\/\/agora.xtec.cat\/cfaarturmartorell\/wp-json\/wp\/v2\/types\/page"}],"author":[{"embeddable":true,"href":"https:\/\/agora.xtec.cat\/cfaarturmartorell\/wp-json\/wp\/v2\/users\/1"}],"replies":[{"embeddable":true,"href":"https:\/\/agora.xtec.cat\/cfaarturmartorell\/wp-json\/wp\/v2\/comments?post=2002"}],"version-history":[{"count":4,"href":"https:\/\/agora.xtec.cat\/cfaarturmartorell\/wp-json\/wp\/v2\/pages\/2002\/revisions"}],"predecessor-version":[{"id":3262,"href":"https:\/\/agora.xtec.cat\/cfaarturmartorell\/wp-json\/wp\/v2\/pages\/2002\/revisions\/3262"}],"up":[{"embeddable":true,"href":"https:\/\/agora.xtec.cat\/cfaarturmartorell\/wp-json\/wp\/v2\/pages\/57"}],"wp:attachment":[{"href":"https:\/\/agora.xtec.cat\/cfaarturmartorell\/wp-json\/wp\/v2\/media?parent=2002"}],"curies":[{"name":"wp","href":"https:\/\/api.w.org\/{rel}","templated":true}]}}