{"id":931,"date":"2021-09-07T12:00:57","date_gmt":"2021-09-07T10:00:57","guid":{"rendered":"https:\/\/agora.xtec.cat\/cfaagorasalou\/?page_id=931"},"modified":"2025-03-19T11:24:18","modified_gmt":"2025-03-19T10:24:18","slug":"projecte-linguistic","status":"publish","type":"page","link":"https:\/\/agora.xtec.cat\/cfaagorasalou\/projecte-linguistic\/","title":{"rendered":"Projecte Ling\u00fc\u00edstic"},"content":{"rendered":"<p style=\"text-align: justify;\">Els canvis en la composici\u00f3 socioling\u00fc\u00edstica del nostre pa\u00eds i, concretament, del nostre municipi, a causa dels moviments migratoris, agafen import\u00e0ncia en aquest projecte, d\u2019acord amb la incid\u00e8ncia que tenen i han tingut des de fa anys en el nostre centre i a\u00a0 l\u2019entorn. Aix\u00ed, tenim present les lleng\u00fces d\u2019origen del nostre alumnat, com a reconeixement del patrimoni cultural que aporten.<\/p>\n<p style=\"text-align: justify;\">L\u2019aprenentatge de la llengua el situem en el marc de l\u2019aprenentatge global curricular. Per tant,\u00a0 implica totes les \u00e0rees, des de la llengua fins als usos espec\u00edfics que se\u2019n fa en cada mat\u00e8ria. La llengua ha\u00a0 de ser plantejada com un aprenentatge viu i funcional, que forma part del dia a dia.<\/p>\n<p style=\"text-align: justify;\">L\u2019\u00fas del catal\u00e0 no pot quedar restringit als espais vinculats al curr\u00edculum escolar. Volem que formi\u00a0 part natural de les relacions interpersonals, afectives, l\u00fadiques, etc., per tal que sigui un mitj\u00e0 per\u00a0 aconseguir la cohesi\u00f3 social i la integraci\u00f3 de les persones. Curs rere curs, el professorat pensa en la necessitat de buscar noves eines per garantir un aprenentatge funcional i actiu de la\u00a0 llengua catalana, que fomenti la cohesi\u00f3 social i la conviv\u00e8ncia des del coneixement i l\u2019estimaci\u00f3 al nostre pa\u00eds. Per aix\u00f2 s\u2019organitzen xerrades, sortides culturals per promoure l\u2019\u00fas de la llengua catalana i\u00a0 la conviv\u00e8ncia del nostre alumnat.<\/p>\n<p><a href=\"https:\/\/drive.google.com\/file\/d\/185KiJZ6Jgyf0X9i6udjQK8onRUDSwJS4\/view?usp=sharing\">PLC CFA \u00c0GORA 24-25<\/a><\/p>\n","protected":false},"excerpt":{"rendered":"<p>Els canvis en la composici\u00f3 socioling\u00fc\u00edstica del nostre pa\u00eds i, concretament, del nostre municipi, a causa dels moviments migratoris, agafen import\u00e0ncia en aquest projecte, d\u2019acord amb la incid\u00e8ncia que tenen i han tingut des de fa anys en el nostre centre i a\u00a0 l\u2019entorn. Aix\u00ed,&hellip;  <a href=\"https:\/\/agora.xtec.cat\/cfaagorasalou\/projecte-linguistic\/\" title=\"Read Projecte Ling\u00fc\u00edstic\">Llegeix m\u00e9s\u00bb<\/a><\/p>\n","protected":false},"author":1,"featured_media":0,"parent":0,"menu_order":0,"comment_status":"closed","ping_status":"closed","template":"","meta":{"_bbp_topic_count":0,"_bbp_reply_count":0,"_bbp_total_topic_count":0,"_bbp_total_reply_count":0,"_bbp_voice_count":0,"_bbp_anonymous_reply_count":0,"_bbp_topic_count_hidden":0,"_bbp_reply_count_hidden":0,"_bbp_forum_subforum_count":0,"footnotes":""},"class_list":["post-931","page","type-page","status-publish","hentry"],"post_mailing_queue_ids":[],"_links":{"self":[{"href":"https:\/\/agora.xtec.cat\/cfaagorasalou\/wp-json\/wp\/v2\/pages\/931","targetHints":{"allow":["GET"]}}],"collection":[{"href":"https:\/\/agora.xtec.cat\/cfaagorasalou\/wp-json\/wp\/v2\/pages"}],"about":[{"href":"https:\/\/agora.xtec.cat\/cfaagorasalou\/wp-json\/wp\/v2\/types\/page"}],"author":[{"embeddable":true,"href":"https:\/\/agora.xtec.cat\/cfaagorasalou\/wp-json\/wp\/v2\/users\/1"}],"replies":[{"embeddable":true,"href":"https:\/\/agora.xtec.cat\/cfaagorasalou\/wp-json\/wp\/v2\/comments?post=931"}],"version-history":[{"count":4,"href":"https:\/\/agora.xtec.cat\/cfaagorasalou\/wp-json\/wp\/v2\/pages\/931\/revisions"}],"predecessor-version":[{"id":1113,"href":"https:\/\/agora.xtec.cat\/cfaagorasalou\/wp-json\/wp\/v2\/pages\/931\/revisions\/1113"}],"wp:attachment":[{"href":"https:\/\/agora.xtec.cat\/cfaagorasalou\/wp-json\/wp\/v2\/media?parent=931"}],"curies":[{"name":"wp","href":"https:\/\/api.w.org\/{rel}","templated":true}]}}