{"id":9,"date":"2014-09-12T10:15:01","date_gmt":"2014-09-12T10:15:01","guid":{"rendered":"http:\/\/agora.xtec.cat\/cfaagorasalou\/?page_id=9"},"modified":"2017-04-05T13:48:06","modified_gmt":"2017-04-05T11:48:06","slug":"pagina-dinici-buida","status":"publish","type":"page","link":"https:\/\/agora.xtec.cat\/cfaagorasalou\/","title":{"rendered":"Inici"},"content":{"rendered":"<p>El centre de formaci\u00f3 de persones adultes \u00c0gora de Salou \u00e9s un centre d\u2019educaci\u00f3 permanent de persones adultes de titularitat municipal. El centre t\u00e9 com a objectiu facilitar a totes les persones adultes l\u2019acc\u00e9s a l\u2019ensenyament dins del marc de l\u2019aprenentatge al llarg de la vida.<\/p>\n","protected":false},"excerpt":{"rendered":"<p>El centre de formaci\u00f3 de persones adultes \u00c0gora de Salou \u00e9s un centre d\u2019educaci\u00f3 permanent de persones adultes de titularitat municipal. El centre t\u00e9 com a objectiu facilitar a totes les persones adultes l\u2019acc\u00e9s a l\u2019ensenyament dins del marc de l\u2019aprenentatge al llarg de la&hellip;  <a href=\"https:\/\/agora.xtec.cat\/cfaagorasalou\/\" title=\"Read Inici\">Llegeix m\u00e9s\u00bb<\/a><\/p>\n","protected":false},"author":1,"featured_media":0,"parent":7,"menu_order":0,"comment_status":"closed","ping_status":"closed","template":"page-templates\/front-page.php","meta":{"_bbp_topic_count":0,"_bbp_reply_count":0,"_bbp_total_topic_count":0,"_bbp_total_reply_count":0,"_bbp_voice_count":0,"_bbp_anonymous_reply_count":0,"_bbp_topic_count_hidden":0,"_bbp_reply_count_hidden":0,"_bbp_forum_subforum_count":0,"footnotes":""},"class_list":["post-9","page","type-page","status-publish","hentry"],"post_mailing_queue_ids":[],"_links":{"self":[{"href":"https:\/\/agora.xtec.cat\/cfaagorasalou\/wp-json\/wp\/v2\/pages\/9","targetHints":{"allow":["GET"]}}],"collection":[{"href":"https:\/\/agora.xtec.cat\/cfaagorasalou\/wp-json\/wp\/v2\/pages"}],"about":[{"href":"https:\/\/agora.xtec.cat\/cfaagorasalou\/wp-json\/wp\/v2\/types\/page"}],"author":[{"embeddable":true,"href":"https:\/\/agora.xtec.cat\/cfaagorasalou\/wp-json\/wp\/v2\/users\/1"}],"replies":[{"embeddable":true,"href":"https:\/\/agora.xtec.cat\/cfaagorasalou\/wp-json\/wp\/v2\/comments?post=9"}],"version-history":[{"count":3,"href":"https:\/\/agora.xtec.cat\/cfaagorasalou\/wp-json\/wp\/v2\/pages\/9\/revisions"}],"predecessor-version":[{"id":393,"href":"https:\/\/agora.xtec.cat\/cfaagorasalou\/wp-json\/wp\/v2\/pages\/9\/revisions\/393"}],"up":[{"embeddable":true,"href":"https:\/\/agora.xtec.cat\/cfaagorasalou\/wp-json\/wp\/v2\/pages\/7"}],"wp:attachment":[{"href":"https:\/\/agora.xtec.cat\/cfaagorasalou\/wp-json\/wp\/v2\/media?parent=9"}],"curies":[{"name":"wp","href":"https:\/\/api.w.org\/{rel}","templated":true}]}}