{"id":63,"date":"2014-09-18T10:06:31","date_gmt":"2014-09-18T10:06:31","guid":{"rendered":"http:\/\/agora.xtec.cat\/cfaagorasalou\/?page_id=63"},"modified":"2025-03-19T11:27:36","modified_gmt":"2025-03-19T10:27:36","slug":"serveis","status":"publish","type":"page","link":"https:\/\/agora.xtec.cat\/cfaagorasalou\/serveis\/","title":{"rendered":"Pla d&#8217;Acci\u00f3 Tutorial"},"content":{"rendered":"<p style=\"text-align: justify;\">El PAT \u00e9s el document que descriu, vertebra i organitza el conjunt d\u2019actuacions en relaci\u00f3 a l\u2019acci\u00f3 tutorial de l\u2019alumnat en un centre educatiu.<br \/>\nL\u2019acci\u00f3 tutorial es defineix com el conjunt d\u2019accions formatives dirigides a l\u2019orientaci\u00f3 acad\u00e8mica i professional de l\u2019alumnat, a l\u2019acompanyament en els processos d\u2019 aprenentatge, a l\u2019 est\u00edmul de les<br \/>\nrutines que fomenten l\u2019autonomia personal i, a promoure les activitats participatives que afavoreixen les relacions de conviv\u00e8ncia dins de la comunitat educativa.<br \/>\nAquesta acci\u00f3 tutorial implica la participaci\u00f3 i complicitat de tot l\u2019equip docent per tal de proposar i definir les diferents estrat\u00e8gies d\u2019actuaci\u00f3 amb la finalitat de millorar els resultats acad\u00e8mics i<br \/>\nfomentar la cohesi\u00f3 social. Aix\u00ed mateix, el PAT \u00e9s un document obert i, per tant, est\u00e0 subjecte a permanent revisi\u00f3 per tal d\u2019adaptar-se als canvis sobrevinguts.<\/p>\n<p><a href=\"https:\/\/drive.google.com\/file\/d\/1m8zB3lyFZcG6Aqej_AQmPRS3Ovo2AiX5\/view?usp=sharing\">PLA ACCI\u00d3 TUTORIAL 24-25<\/a><\/p>\n","protected":false},"excerpt":{"rendered":"<p>El PAT \u00e9s el document que descriu, vertebra i organitza el conjunt d\u2019actuacions en relaci\u00f3 a l\u2019acci\u00f3 tutorial de l\u2019alumnat en un centre educatiu.<br \/>\nL\u2019acci\u00f3 tutorial es defineix com el conjunt d\u2019accions formatives dirigides a l\u2019orientaci\u00f3 acad\u00e8mica i professional de l\u2019alumnat, a l\u2019acompanyament en els processos&hellip;  <a href=\"https:\/\/agora.xtec.cat\/cfaagorasalou\/serveis\/\" title=\"Read Pla d&#8217;Acci\u00f3 Tutorial\">Llegeix m\u00e9s\u00bb<\/a><\/p>\n","protected":false},"author":1,"featured_media":0,"parent":0,"menu_order":0,"comment_status":"closed","ping_status":"closed","template":"page-templates\/side-menu.php","meta":{"_bbp_topic_count":0,"_bbp_reply_count":0,"_bbp_total_topic_count":0,"_bbp_total_reply_count":0,"_bbp_voice_count":0,"_bbp_anonymous_reply_count":0,"_bbp_topic_count_hidden":0,"_bbp_reply_count_hidden":0,"_bbp_forum_subforum_count":0,"footnotes":""},"class_list":["post-63","page","type-page","status-publish","hentry"],"post_mailing_queue_ids":[],"_links":{"self":[{"href":"https:\/\/agora.xtec.cat\/cfaagorasalou\/wp-json\/wp\/v2\/pages\/63","targetHints":{"allow":["GET"]}}],"collection":[{"href":"https:\/\/agora.xtec.cat\/cfaagorasalou\/wp-json\/wp\/v2\/pages"}],"about":[{"href":"https:\/\/agora.xtec.cat\/cfaagorasalou\/wp-json\/wp\/v2\/types\/page"}],"author":[{"embeddable":true,"href":"https:\/\/agora.xtec.cat\/cfaagorasalou\/wp-json\/wp\/v2\/users\/1"}],"replies":[{"embeddable":true,"href":"https:\/\/agora.xtec.cat\/cfaagorasalou\/wp-json\/wp\/v2\/comments?post=63"}],"version-history":[{"count":5,"href":"https:\/\/agora.xtec.cat\/cfaagorasalou\/wp-json\/wp\/v2\/pages\/63\/revisions"}],"predecessor-version":[{"id":1115,"href":"https:\/\/agora.xtec.cat\/cfaagorasalou\/wp-json\/wp\/v2\/pages\/63\/revisions\/1115"}],"wp:attachment":[{"href":"https:\/\/agora.xtec.cat\/cfaagorasalou\/wp-json\/wp\/v2\/media?parent=63"}],"curies":[{"name":"wp","href":"https:\/\/api.w.org\/{rel}","templated":true}]}}