{"id":57,"date":"2014-09-17T17:01:07","date_gmt":"2014-09-17T17:01:07","guid":{"rendered":"http:\/\/agora.xtec.cat\/cfaagorasalou\/?page_id=57"},"modified":"2025-03-17T13:31:29","modified_gmt":"2025-03-17T12:31:29","slug":"projecte-educatiu","status":"publish","type":"page","link":"https:\/\/agora.xtec.cat\/cfaagorasalou\/projecte-educatiu\/","title":{"rendered":"Projecte educatiu"},"content":{"rendered":"<p><span style=\"font-weight: 400;\">El Centre de Formaci\u00f3 de persones Adultes \u00c0gora de Salou \u00e9s un centre p\u00fablic de titularitat municipal d\u2019educaci\u00f3 permanent de persones adultes reconegut pel departament d\u2019Ensenyament de la Generalitat de Catalunya,. El centre t\u00e9 com a objectiu facilitar l\u2019acc\u00e9s a l\u2019ensenyament a totes les persones adultes i tamb\u00e9 l\u2019aprenentatge al llarg de la vida.<\/span><\/p>\n<p>&nbsp;<\/p>\n<p><span style=\"font-weight: 400;\">El nostre projecte educatiu t\u00e9 com a finalitat contribuir a millorar les aptituds, habilitats i capacitats, la formaci\u00f3 b\u00e0sica i instrumental d\u2019aquelles persones que cerquen respostes concretes a necessitats personals, i pret\u00e9n ser un instrument pr\u00e0ctic i flexible, que permeti en tot moment adaptar-nos a les necessitats educatives de l\u2019alumnat.\u00a0<\/span><\/p>\n<p>&nbsp;<\/p>\n<p><span style=\"font-weight: 400;\">Creiem que en l\u2019educaci\u00f3 permanent de les persones adultes cal planificar sobre les seves necessitats, per tant, cal estar sempre oberts a idees i unitats curriculars noves en funci\u00f3 de la demanda social. Cal, per tant, gaudir de l\u2019autonomia adequada per tal que aix\u00f2 pugui ser possible.<\/span><\/p>\n<p>&nbsp;<\/p>\n<p><span style=\"font-weight: 400;\">El PEC s\u2019erigeix com l\u2019instrument necessari per exercir l\u2019autonomia del centre. Afavoreix una millora de la qualitat del servei educatiu, fomenta la cohesi\u00f3 social i la integraci\u00f3 ling\u00fc\u00edstica .El\u00a0 PEC\u00a0 ha\u00a0 estat\u00a0 elaborat\u00a0 en\u00a0 el\u00a0 marc d\u2019un\u00a0 debat\u00a0 participatiu\u00a0 i l\u2019han\u00a0 aprovat\u00a0 els\u00a0 \u00f2rgans col\u00b7legiats\u00a0 del\u00a0 centre.\u00a0 Tot\u00a0 i\u00a0 els\u00a0 principis\u00a0 de\u00a0 continu\u00eftat\u00a0 i\u00a0 estabilitat\u00a0 \u00e9s\u00a0 obert\u00a0 a\u00a0 modificacions futures i a noves aportacions, per\u00f2 sense que suposin un canvi significatiu dels seus principis generals.\u00a0 \u00c9s\u00a0 deure\u00a0 de l\u2019equip\u00a0 directiu\u00a0 donar-lo\u00a0 a\u00a0 con\u00e8ixer\u00a0 i\u00a0 fomentar-ne\u00a0 la\u00a0 difusi\u00f3\u00a0 entre\u00a0 la comunitat educativa. El respecte a aquest projecte esdev\u00e9 una obligaci\u00f3 del professorat i l\u2019alumnat sens\u00a0 perjudici\u00a0 dels\u00a0 drets\u00a0 i\u00a0 deures\u00a0 reconeguts per la normativa en mat\u00e8ria de legislaci\u00f3 educativa.<\/span><\/p>\n<p><a href=\"https:\/\/drive.google.com\/file\/d\/1qznjOf7bLI1ZX7EpzuDixncPnLxPEAq8\/view?usp=sharing\">PROJECTE EDUCATIU DE CENTRE 24-25<\/a><\/p>\n<p>&nbsp;<\/p>\n<p>&nbsp;<\/p>\n","protected":false},"excerpt":{"rendered":"<p>El Centre de Formaci\u00f3 de persones Adultes \u00c0gora de Salou \u00e9s un centre p\u00fablic de titularitat municipal d\u2019educaci\u00f3 permanent de persones adultes reconegut pel departament d\u2019Ensenyament de la Generalitat de Catalunya,. El centre t\u00e9 com a objectiu facilitar l\u2019acc\u00e9s a l\u2019ensenyament a totes les persones&hellip;  <a href=\"https:\/\/agora.xtec.cat\/cfaagorasalou\/projecte-educatiu\/\" title=\"Read Projecte educatiu\">Llegeix m\u00e9s\u00bb<\/a><\/p>\n","protected":false},"author":1,"featured_media":0,"parent":0,"menu_order":0,"comment_status":"closed","ping_status":"closed","template":"page-templates\/side-menu.php","meta":{"_bbp_topic_count":0,"_bbp_reply_count":0,"_bbp_total_topic_count":0,"_bbp_total_reply_count":0,"_bbp_voice_count":0,"_bbp_anonymous_reply_count":0,"_bbp_topic_count_hidden":0,"_bbp_reply_count_hidden":0,"_bbp_forum_subforum_count":0,"footnotes":""},"class_list":["post-57","page","type-page","status-publish","hentry"],"post_mailing_queue_ids":[],"_links":{"self":[{"href":"https:\/\/agora.xtec.cat\/cfaagorasalou\/wp-json\/wp\/v2\/pages\/57","targetHints":{"allow":["GET"]}}],"collection":[{"href":"https:\/\/agora.xtec.cat\/cfaagorasalou\/wp-json\/wp\/v2\/pages"}],"about":[{"href":"https:\/\/agora.xtec.cat\/cfaagorasalou\/wp-json\/wp\/v2\/types\/page"}],"author":[{"embeddable":true,"href":"https:\/\/agora.xtec.cat\/cfaagorasalou\/wp-json\/wp\/v2\/users\/1"}],"replies":[{"embeddable":true,"href":"https:\/\/agora.xtec.cat\/cfaagorasalou\/wp-json\/wp\/v2\/comments?post=57"}],"version-history":[{"count":5,"href":"https:\/\/agora.xtec.cat\/cfaagorasalou\/wp-json\/wp\/v2\/pages\/57\/revisions"}],"predecessor-version":[{"id":1096,"href":"https:\/\/agora.xtec.cat\/cfaagorasalou\/wp-json\/wp\/v2\/pages\/57\/revisions\/1096"}],"wp:attachment":[{"href":"https:\/\/agora.xtec.cat\/cfaagorasalou\/wp-json\/wp\/v2\/media?parent=57"}],"curies":[{"name":"wp","href":"https:\/\/api.w.org\/{rel}","templated":true}]}}