{"id":320,"date":"2015-01-28T11:35:13","date_gmt":"2015-01-28T10:35:13","guid":{"rendered":"http:\/\/agora.xtec.cat\/cfaagorasalou\/?page_id=320"},"modified":"2018-02-01T11:03:27","modified_gmt":"2018-02-01T10:03:27","slug":"a-cicles-formatius-de-grau-superior","status":"publish","type":"page","link":"https:\/\/agora.xtec.cat\/cfaagorasalou\/ensenyaments\/a-cicles-formatius-de-grau-superior\/","title":{"rendered":"A cicles formatius de grau superior"},"content":{"rendered":"<p>Aquest curs t\u00e9 com a objectiu preparar l&#8217;alumnat per presentar-se a les proves d&#8217;acc\u00e9s a cicles formatius de grau superior (CFGS). Cal tenir en compte les consideracions seg\u00fcents:<\/p>\n<ul>\n<li>No equival a cap titulaci\u00f3 acad\u00e8mica, tan sols permet a qui no t\u00e9 la titulaci\u00f3 exigida matricular-se a un CFGS.<\/li>\n<li>No garanteix pla\u00e7a escolar.<\/li>\n<li>Les proves superades tenen validesa permanent i a tot l&#8217;Estat.<\/li>\n<\/ul>\n<p>Per inscriure&#8217;s a la prova cal tenir 19 anys o m\u00e9s (o complir-los l&#8217;any 2018) i no tenir cap titulaci\u00f3 acad\u00e8mica o d&#8217;ensenyaments equivalents que permeten l&#8217;acc\u00e9s directe a la formaci\u00f3 professional (batxillerat o equivalent, o curs espec\u00edfic d&#8217;acc\u00e9s).<\/p>\n","protected":false},"excerpt":{"rendered":"<p>Aquest curs t\u00e9 com a objectiu preparar l&#8217;alumnat per presentar-se a les proves d&#8217;acc\u00e9s a cicles formatius de grau superior (CFGS). Cal tenir en compte les consideracions seg\u00fcents:<\/p>\n<ul>\n<li>No equival a cap titulaci\u00f3 acad\u00e8mica, tan sols permet a qui no t\u00e9 la titulaci\u00f3 exigida matricular-se a&hellip;  <a href=\"https:\/\/agora.xtec.cat\/cfaagorasalou\/ensenyaments\/a-cicles-formatius-de-grau-superior\/\" title=\"Read A cicles formatius de grau superior\">Llegeix m\u00e9s\u00bb<\/a><br \/>\n","protected":false},"author":1,"featured_media":0,"parent":274,"menu_order":0,"comment_status":"closed","ping_status":"closed","template":"page-templates\/side-menu.php","meta":{"_bbp_topic_count":0,"_bbp_reply_count":0,"_bbp_total_topic_count":0,"_bbp_total_reply_count":0,"_bbp_voice_count":0,"_bbp_anonymous_reply_count":0,"_bbp_topic_count_hidden":0,"_bbp_reply_count_hidden":0,"_bbp_forum_subforum_count":0,"footnotes":""},"class_list":["post-320","page","type-page","status-publish","hentry"],"post_mailing_queue_ids":[],"_links":{"self":[{"href":"https:\/\/agora.xtec.cat\/cfaagorasalou\/wp-json\/wp\/v2\/pages\/320","targetHints":{"allow":["GET"]}}],"collection":[{"href":"https:\/\/agora.xtec.cat\/cfaagorasalou\/wp-json\/wp\/v2\/pages"}],"about":[{"href":"https:\/\/agora.xtec.cat\/cfaagorasalou\/wp-json\/wp\/v2\/types\/page"}],"author":[{"embeddable":true,"href":"https:\/\/agora.xtec.cat\/cfaagorasalou\/wp-json\/wp\/v2\/users\/1"}],"replies":[{"embeddable":true,"href":"https:\/\/agora.xtec.cat\/cfaagorasalou\/wp-json\/wp\/v2\/comments?post=320"}],"version-history":[{"count":4,"href":"https:\/\/agora.xtec.cat\/cfaagorasalou\/wp-json\/wp\/v2\/pages\/320\/revisions"}],"predecessor-version":[{"id":504,"href":"https:\/\/agora.xtec.cat\/cfaagorasalou\/wp-json\/wp\/v2\/pages\/320\/revisions\/504"}],"up":[{"embeddable":true,"href":"https:\/\/agora.xtec.cat\/cfaagorasalou\/wp-json\/wp\/v2\/pages\/274"}],"wp:attachment":[{"href":"https:\/\/agora.xtec.cat\/cfaagorasalou\/wp-json\/wp\/v2\/media?parent=320"}],"curies":[{"name":"wp","href":"https:\/\/api.w.org\/{rel}","templated":true}]}}