{"id":299,"date":"2015-01-28T11:21:22","date_gmt":"2015-01-28T10:21:22","guid":{"rendered":"http:\/\/agora.xtec.cat\/cfaagorasalou\/?page_id=299"},"modified":"2025-09-16T18:39:47","modified_gmt":"2025-09-16T16:39:47","slug":"llengua-castellana","status":"publish","type":"page","link":"https:\/\/agora.xtec.cat\/cfaagorasalou\/ensenyaments\/llengua-castellana\/","title":{"rendered":"Llengua castellana"},"content":{"rendered":"<p style=\"text-align: justify;\">El nostre centre ofereix cursos de llengua castellana per a persones que no parlen aquesta llengua de manera nativa.<\/p>\n<p style=\"text-align: justify;\"><strong>Nivell inicial (A1)<\/strong><\/p>\n<p style=\"text-align: justify;\">Curs dirigit a les persones adultes alfabetitzades en la seva llengua materna que no tenen cap compet\u00e8ncia ling\u00fc\u00edstica comunicativa en llengua castellana. Aquest curs t\u00e9 una durada de 105 hores.<\/p>\n<p style=\"text-align: justify;\"><strong>Nivell b\u00e0sic (A2)<\/strong><\/p>\n<p style=\"text-align: justify;\">Curs adre\u00e7at a persones adultes alfabetitzades en la seva llengua materna que tenen un nivell inicial i necessiten ampliar les habilitats de comprensi\u00f3 i expressi\u00f3 oral i escrita de la llengua castellana. Aquest curs t\u00e9 una durada de 140 hores.<\/p>\n<p style=\"text-align: justify;\"><strong>Nivell elemental (B1)<\/strong><\/p>\n<p style=\"text-align: justify;\">Curs adre\u00e7at a persones que ja tenen domini b\u00e0sic de la llengua. Quan s&#8217;acabi el curs, l&#8217;alumnat ha de ser capa\u00e7 de comunicar-se amb un cert grau d&#8217;autonomia en \u00e0mbits p\u00fablics i professionals (feina, oci, compres, relacions socials) que requereixen un domini m\u00e9s ampli de les habilitats orals i escrites.<\/p>\n","protected":false},"excerpt":{"rendered":"<p>El nostre centre ofereix cursos de llengua castellana per a persones que no parlen aquesta llengua de manera nativa.<br \/>\nNivell inicial (A1)<br \/>\nCurs dirigit a les persones adultes alfabetitzades en la seva llengua materna que no tenen cap compet\u00e8ncia ling\u00fc\u00edstica comunicativa en llengua castellana. Aquest curs t\u00e9&hellip;  <a href=\"https:\/\/agora.xtec.cat\/cfaagorasalou\/ensenyaments\/llengua-castellana\/\" title=\"Read Llengua castellana\">Llegeix m\u00e9s\u00bb<\/a><\/p>\n","protected":false},"author":1,"featured_media":0,"parent":274,"menu_order":0,"comment_status":"closed","ping_status":"closed","template":"page-templates\/side-menu.php","meta":{"_bbp_topic_count":0,"_bbp_reply_count":0,"_bbp_total_topic_count":0,"_bbp_total_reply_count":0,"_bbp_voice_count":0,"_bbp_anonymous_reply_count":0,"_bbp_topic_count_hidden":0,"_bbp_reply_count_hidden":0,"_bbp_forum_subforum_count":0,"footnotes":""},"class_list":["post-299","page","type-page","status-publish","hentry"],"post_mailing_queue_ids":[],"_links":{"self":[{"href":"https:\/\/agora.xtec.cat\/cfaagorasalou\/wp-json\/wp\/v2\/pages\/299","targetHints":{"allow":["GET"]}}],"collection":[{"href":"https:\/\/agora.xtec.cat\/cfaagorasalou\/wp-json\/wp\/v2\/pages"}],"about":[{"href":"https:\/\/agora.xtec.cat\/cfaagorasalou\/wp-json\/wp\/v2\/types\/page"}],"author":[{"embeddable":true,"href":"https:\/\/agora.xtec.cat\/cfaagorasalou\/wp-json\/wp\/v2\/users\/1"}],"replies":[{"embeddable":true,"href":"https:\/\/agora.xtec.cat\/cfaagorasalou\/wp-json\/wp\/v2\/comments?post=299"}],"version-history":[{"count":5,"href":"https:\/\/agora.xtec.cat\/cfaagorasalou\/wp-json\/wp\/v2\/pages\/299\/revisions"}],"predecessor-version":[{"id":1153,"href":"https:\/\/agora.xtec.cat\/cfaagorasalou\/wp-json\/wp\/v2\/pages\/299\/revisions\/1153"}],"up":[{"embeddable":true,"href":"https:\/\/agora.xtec.cat\/cfaagorasalou\/wp-json\/wp\/v2\/pages\/274"}],"wp:attachment":[{"href":"https:\/\/agora.xtec.cat\/cfaagorasalou\/wp-json\/wp\/v2\/media?parent=299"}],"curies":[{"name":"wp","href":"https:\/\/api.w.org\/{rel}","templated":true}]}}