{"id":1173,"date":"2025-09-17T08:47:06","date_gmt":"2025-09-17T06:47:06","guid":{"rendered":"https:\/\/agora.xtec.cat\/cfaagorasalou\/?page_id=1173"},"modified":"2025-09-17T09:59:22","modified_gmt":"2025-09-17T07:59:22","slug":"competic","status":"publish","type":"page","link":"https:\/\/agora.xtec.cat\/cfaagorasalou\/ensenyaments\/competic\/","title":{"rendered":"Competic"},"content":{"rendered":"<p>Els ensenyaments d\u2019inform\u00e0tica a l\u2019educaci\u00f3 d\u2019adults \u2014COMPETIC\u2014 tenen com objectiu facilitar l\u2019adquisici\u00f3 de la compet\u00e8ncia digital, entesa com la combinaci\u00f3 de coneixements, habilitats i actituds en l\u2019\u00e0mbit de les tecnologies de la informaci\u00f3 i la comunicaci\u00f3 (TIC) per desenvolupar-se en la societat actual.<\/p>\n<p>Al nostre centre, oferim els nivells de <strong>COMPETIC 1, COMPETIC 2 I COMPETIC 3. <\/strong>Aquests cursos s&#8217;adrecen a persones que ja tenen uns coneixements b\u00e0sics del funcionament de l\u2019ordinador i del programari m\u00e9s b\u00e0sic, i que volen aprofundir en els \u00e0mbits seg\u00fcents:<\/p>\n<ul>\n<li>Cultura, participaci\u00f3 i civisme digital.<\/li>\n<li>Tecnologia digital, \u00fas de l\u2019ordinador i del sistema operatiu.<\/li>\n<li>Navegaci\u00f3 i comunicaci\u00f3 en el m\u00f3n digital.<\/li>\n<li>Tractament de la informaci\u00f3 escrita.<\/li>\n<li>Tractament de la informaci\u00f3 gr\u00e0fica, sonora i de la imatge en moviment.<\/li>\n<li>Tractament de la informaci\u00f3 num\u00e8rica.<\/li>\n<li>Tractament de les dades.<\/li>\n<li>Presentaci\u00f3 de continguts<\/li>\n<\/ul>\n<p>Els cursos de <strong>COMPETIC 2 I COMPETIC 3<\/strong> s&#8217;ofereixen en <strong>MODALITAT SEMIPRESENCIAL.<\/strong> A trav\u00e9s del seg\u00fcent enlla\u00e7 podr\u00e0s saber en qu\u00e8 consisteix:\u00a0<a href=\"https:\/\/agora.xtec.cat\/cfaagorasalou\/pla-de-semipresencialitat\/\">PLA DE SEMIPRESENCIALITAT 24-25<\/a><\/p>\n<p><span style=\"font-weight: 400;\">Les persones que segueixin els cursos anteriors <strong>COMPETIC 1, COMPETIC 2 I COMPETIC 3 <\/strong>i superin l\u2019avaluaci\u00f3 corresponent obtindran un certificat que oficialment es considerar\u00e0 <strong>equivalent a les certificacions del <span style=\"text-decoration: underline;\">ACTIC<\/span>.<\/strong><\/span><\/p>\n<p>&nbsp;<\/p>\n<p>&nbsp;<\/p>\n","protected":false},"excerpt":{"rendered":"<p>Els ensenyaments d\u2019inform\u00e0tica a l\u2019educaci\u00f3 d\u2019adults \u2014COMPETIC\u2014 tenen com objectiu facilitar l\u2019adquisici\u00f3 de la compet\u00e8ncia digital, entesa com la combinaci\u00f3 de coneixements, habilitats i actituds en l\u2019\u00e0mbit de les tecnologies de la informaci\u00f3 i la comunicaci\u00f3 (TIC) per desenvolupar-se en la societat actual.<br \/>\nAl nostre centre,&hellip;  <a href=\"https:\/\/agora.xtec.cat\/cfaagorasalou\/ensenyaments\/competic\/\" title=\"Read Competic\">Llegeix m\u00e9s\u00bb<\/a><\/p>\n","protected":false},"author":1,"featured_media":0,"parent":274,"menu_order":0,"comment_status":"closed","ping_status":"closed","template":"page-templates\/side-menu.php","meta":{"_bbp_topic_count":0,"_bbp_reply_count":0,"_bbp_total_topic_count":0,"_bbp_total_reply_count":0,"_bbp_voice_count":0,"_bbp_anonymous_reply_count":0,"_bbp_topic_count_hidden":0,"_bbp_reply_count_hidden":0,"_bbp_forum_subforum_count":0,"footnotes":""},"class_list":["post-1173","page","type-page","status-publish","hentry"],"post_mailing_queue_ids":[],"_links":{"self":[{"href":"https:\/\/agora.xtec.cat\/cfaagorasalou\/wp-json\/wp\/v2\/pages\/1173","targetHints":{"allow":["GET"]}}],"collection":[{"href":"https:\/\/agora.xtec.cat\/cfaagorasalou\/wp-json\/wp\/v2\/pages"}],"about":[{"href":"https:\/\/agora.xtec.cat\/cfaagorasalou\/wp-json\/wp\/v2\/types\/page"}],"author":[{"embeddable":true,"href":"https:\/\/agora.xtec.cat\/cfaagorasalou\/wp-json\/wp\/v2\/users\/1"}],"replies":[{"embeddable":true,"href":"https:\/\/agora.xtec.cat\/cfaagorasalou\/wp-json\/wp\/v2\/comments?post=1173"}],"version-history":[{"count":3,"href":"https:\/\/agora.xtec.cat\/cfaagorasalou\/wp-json\/wp\/v2\/pages\/1173\/revisions"}],"predecessor-version":[{"id":1176,"href":"https:\/\/agora.xtec.cat\/cfaagorasalou\/wp-json\/wp\/v2\/pages\/1173\/revisions\/1176"}],"up":[{"embeddable":true,"href":"https:\/\/agora.xtec.cat\/cfaagorasalou\/wp-json\/wp\/v2\/pages\/274"}],"wp:attachment":[{"href":"https:\/\/agora.xtec.cat\/cfaagorasalou\/wp-json\/wp\/v2\/media?parent=1173"}],"curies":[{"name":"wp","href":"https:\/\/api.w.org\/{rel}","templated":true}]}}