{"id":1167,"date":"2025-09-16T19:18:02","date_gmt":"2025-09-16T17:18:02","guid":{"rendered":"https:\/\/agora.xtec.cat\/cfaagorasalou\/?page_id=1167"},"modified":"2025-09-16T19:18:37","modified_gmt":"2025-09-16T17:18:37","slug":"catala-inicial-a1","status":"publish","type":"page","link":"https:\/\/agora.xtec.cat\/cfaagorasalou\/ensenyaments\/catala-inicial-a1\/","title":{"rendered":"Catal\u00e0 Inicial (A1)"},"content":{"rendered":"<p style=\"text-align: justify;\">Aquest curs s&#8217;adre\u00e7a a persones que, tot i est\u00e0 alfabetitzades en la seva llengua, no coneixen l&#8217;alfabet llat\u00ed.<\/p>\n<p style=\"text-align: justify;\">Un cop acabat el curs, l&#8217;alumnat ha de ser capa\u00e7 de comprendre i utilitzar expressions quotidianes i frases molt senzilles que li permeti satisfer les primeres necessitats comunicatives, com ara presentar-se, ser presentat a una tercera persona o formular i respondre preguntes sobre detalls personals. A m\u00e9s, l\u2019aprenent podr\u00e0 interactuar d\u2019una manera senzilla, encara que necessiti que l\u2019altra persona parli a poc a poc i amb claredat i estigui disposat a ajudar.<\/p>\n","protected":false},"excerpt":{"rendered":"<p>Aquest curs s&#8217;adre\u00e7a a persones que, tot i est\u00e0 alfabetitzades en la seva llengua, no coneixen l&#8217;alfabet llat\u00ed.<br \/>\nUn cop acabat el curs, l&#8217;alumnat ha de ser capa\u00e7 de comprendre i utilitzar expressions quotidianes i frases molt senzilles que li permeti satisfer les primeres necessitats comunicatives,&hellip;  <a href=\"https:\/\/agora.xtec.cat\/cfaagorasalou\/ensenyaments\/catala-inicial-a1\/\" title=\"Read Catal\u00e0 Inicial (A1)\">Llegeix m\u00e9s\u00bb<\/a><\/p>\n","protected":false},"author":1,"featured_media":0,"parent":274,"menu_order":0,"comment_status":"closed","ping_status":"closed","template":"page-templates\/side-menu.php","meta":{"_bbp_topic_count":0,"_bbp_reply_count":0,"_bbp_total_topic_count":0,"_bbp_total_reply_count":0,"_bbp_voice_count":0,"_bbp_anonymous_reply_count":0,"_bbp_topic_count_hidden":0,"_bbp_reply_count_hidden":0,"_bbp_forum_subforum_count":0,"footnotes":""},"class_list":["post-1167","page","type-page","status-publish","hentry"],"post_mailing_queue_ids":[],"_links":{"self":[{"href":"https:\/\/agora.xtec.cat\/cfaagorasalou\/wp-json\/wp\/v2\/pages\/1167","targetHints":{"allow":["GET"]}}],"collection":[{"href":"https:\/\/agora.xtec.cat\/cfaagorasalou\/wp-json\/wp\/v2\/pages"}],"about":[{"href":"https:\/\/agora.xtec.cat\/cfaagorasalou\/wp-json\/wp\/v2\/types\/page"}],"author":[{"embeddable":true,"href":"https:\/\/agora.xtec.cat\/cfaagorasalou\/wp-json\/wp\/v2\/users\/1"}],"replies":[{"embeddable":true,"href":"https:\/\/agora.xtec.cat\/cfaagorasalou\/wp-json\/wp\/v2\/comments?post=1167"}],"version-history":[{"count":2,"href":"https:\/\/agora.xtec.cat\/cfaagorasalou\/wp-json\/wp\/v2\/pages\/1167\/revisions"}],"predecessor-version":[{"id":1169,"href":"https:\/\/agora.xtec.cat\/cfaagorasalou\/wp-json\/wp\/v2\/pages\/1167\/revisions\/1169"}],"up":[{"embeddable":true,"href":"https:\/\/agora.xtec.cat\/cfaagorasalou\/wp-json\/wp\/v2\/pages\/274"}],"wp:attachment":[{"href":"https:\/\/agora.xtec.cat\/cfaagorasalou\/wp-json\/wp\/v2\/media?parent=1167"}],"curies":[{"name":"wp","href":"https:\/\/api.w.org\/{rel}","templated":true}]}}