{"id":1148,"date":"2025-09-16T18:26:35","date_gmt":"2025-09-16T16:26:35","guid":{"rendered":"https:\/\/agora.xtec.cat\/cfaagorasalou\/?page_id=1148"},"modified":"2025-09-16T18:26:35","modified_gmt":"2025-09-16T16:26:35","slug":"llengua-anglesa","status":"publish","type":"page","link":"https:\/\/agora.xtec.cat\/cfaagorasalou\/ensenyaments\/llengua-anglesa\/","title":{"rendered":"Llengua anglesa"},"content":{"rendered":"<p>Els curr\u00edculums dels estudis d&#8217;angl\u00e8s segueixen les recomanacions del Consell d&#8217;Europa tal com es concreten en el Marc Europeu Com\u00fa de Refer\u00e8ncia per a les Lleng\u00fces (MECR).<\/p>\n<p style=\"text-align: justify;\">La finalitat dels ensenyaments d&#8217;idiomes \u00e9s capacitar l&#8217;alumnat per utilitzar l&#8217;idioma de manera efectiva com a vehicle de comunicaci\u00f3 general.<\/p>\n<p style=\"text-align: justify;\">En el nostre centre oferim els seg\u00fcents nivells:<\/p>\n<p style=\"text-align: justify;\"><em><strong>ANGL\u00c8S 1 (105h) &#8211; NIVELL A1 del MECR:<\/strong> <\/em>Adre\u00e7at a persones que volen comen\u00e7ar d&#8217;inici i des d&#8217;un nivell molt baix per tal d&#8217;acabar el curs i ser <span style=\"font-family: inherit; font-size: 1em;\">capa\u00e7 de comprendre i utilitzar expressions quotidianes b\u00e0siques d\u2019\u00fas molt freq\u00fcent i <\/span><span style=\"font-family: inherit; font-size: 1em;\">relacionar-se de forma elemental sempre que el seu interlocutor parli a poc a poc i de forma clara i estigui disposat a cooperar.<\/span><\/p>\n<p style=\"text-align: justify;\"><em><strong>ANGL\u00c8S 2 (140h) &#8211; NIVELL A2.1 del MECR:<\/strong><\/em> Adre\u00e7at a persones que volen acabar amb una completa compet\u00e8ncia d&#8217;A2. Curs intermedi entre A1 i A2 per a persones que volen un estudi m\u00e9s pausat i menys acad\u00e8mic.<\/p>\n<p style=\"text-align: justify;\"><em><strong>ANGL\u00c8S 3 (140h) &#8211; NIVELL A2.2 del MECR:<\/strong> <\/em>Adre\u00e7at a persones que volen acabar el curs amb capacitat de comprendre frases i expressions d\u2019\u00fas freq\u00fcent relacionades amb \u00e0rees d\u2019experi\u00e8ncia que li s\u00f3n especialment rellevants i saber <span style=\"font-family: inherit; font-size: 1em;\">comunicar-se a l\u2019hora de dur a terme tasques simples i quotidianes que no requereixin res m\u00e9s que intercanvis senzills i directes d\u2019informaci\u00f3 sobre q\u00fcestions que li s\u00f3n conegudes o habituals.<\/span><\/p>\n<p style=\"text-align: justify;\"><strong><em>ANGL\u00c8S 4<\/em> (105h) &#8211; CURS DE PREPARACI\u00d3 PER A LA PROVA DEL B1:<\/strong> El nivell B1 correspon a usuaris independents amb l\u2019idioma, \u00e9s a dir, que compten amb la flu\u00efdesa necess\u00e0ria per comunicar-se sense esfor\u00e7 amb parlants nadius.<\/p>\n<p style=\"text-align: justify;\">\u00c9s un curs pensat per acreditar el nivell B1 i preparar-se per l\u2019examen oficial.<\/p>\n<p style=\"text-align: justify;\">Amb aquest curs l&#8217;alumnat apr\u00e8n a con\u00e8ixer perfectament les diferents parts del B1 Angl\u00e8s, calcular el temps que s&#8217;ha d&#8217;invertir en cada part, i con\u00e8ixer els diferents elements gramaticals i estructures que apareixen de manera freq\u00fcent a l\u2019examen.<\/p>\n<p style=\"text-align: justify;\">\n<p>&nbsp;<\/p>\n","protected":false},"excerpt":{"rendered":"<p>Els curr\u00edculums dels estudis d&#8217;angl\u00e8s segueixen les recomanacions del Consell d&#8217;Europa tal com es concreten en el Marc Europeu Com\u00fa de Refer\u00e8ncia per a les Lleng\u00fces (MECR).<br \/>\nLa finalitat dels ensenyaments d&#8217;idiomes \u00e9s capacitar l&#8217;alumnat per utilitzar l&#8217;idioma de manera efectiva com a vehicle de comunicaci\u00f3&hellip;  <a href=\"https:\/\/agora.xtec.cat\/cfaagorasalou\/ensenyaments\/llengua-anglesa\/\" title=\"Read Llengua anglesa\">Llegeix m\u00e9s\u00bb<\/a><\/p>\n","protected":false},"author":1,"featured_media":0,"parent":274,"menu_order":0,"comment_status":"closed","ping_status":"closed","template":"page-templates\/side-menu.php","meta":{"_bbp_topic_count":0,"_bbp_reply_count":0,"_bbp_total_topic_count":0,"_bbp_total_reply_count":0,"_bbp_voice_count":0,"_bbp_anonymous_reply_count":0,"_bbp_topic_count_hidden":0,"_bbp_reply_count_hidden":0,"_bbp_forum_subforum_count":0,"footnotes":""},"class_list":["post-1148","page","type-page","status-publish","hentry"],"post_mailing_queue_ids":[],"_links":{"self":[{"href":"https:\/\/agora.xtec.cat\/cfaagorasalou\/wp-json\/wp\/v2\/pages\/1148","targetHints":{"allow":["GET"]}}],"collection":[{"href":"https:\/\/agora.xtec.cat\/cfaagorasalou\/wp-json\/wp\/v2\/pages"}],"about":[{"href":"https:\/\/agora.xtec.cat\/cfaagorasalou\/wp-json\/wp\/v2\/types\/page"}],"author":[{"embeddable":true,"href":"https:\/\/agora.xtec.cat\/cfaagorasalou\/wp-json\/wp\/v2\/users\/1"}],"replies":[{"embeddable":true,"href":"https:\/\/agora.xtec.cat\/cfaagorasalou\/wp-json\/wp\/v2\/comments?post=1148"}],"version-history":[{"count":1,"href":"https:\/\/agora.xtec.cat\/cfaagorasalou\/wp-json\/wp\/v2\/pages\/1148\/revisions"}],"predecessor-version":[{"id":1149,"href":"https:\/\/agora.xtec.cat\/cfaagorasalou\/wp-json\/wp\/v2\/pages\/1148\/revisions\/1149"}],"up":[{"embeddable":true,"href":"https:\/\/agora.xtec.cat\/cfaagorasalou\/wp-json\/wp\/v2\/pages\/274"}],"wp:attachment":[{"href":"https:\/\/agora.xtec.cat\/cfaagorasalou\/wp-json\/wp\/v2\/media?parent=1148"}],"curies":[{"name":"wp","href":"https:\/\/api.w.org\/{rel}","templated":true}]}}