{"id":1116,"date":"2025-03-19T11:30:25","date_gmt":"2025-03-19T10:30:25","guid":{"rendered":"https:\/\/agora.xtec.cat\/cfaagorasalou\/?page_id=1116"},"modified":"2025-03-19T11:30:25","modified_gmt":"2025-03-19T10:30:25","slug":"pla-de-comunicacio-del-centre","status":"publish","type":"page","link":"https:\/\/agora.xtec.cat\/cfaagorasalou\/pla-de-comunicacio-del-centre\/","title":{"rendered":"Pla de Comunicaci\u00f3 del Centre"},"content":{"rendered":"<p style=\"text-align: justify;\">L\u2019objectiu del Pla de Comunicaci\u00f3 del CFA \u00c0gora \u00e9s organitzar les comunicacions del centre. Aquest document pret\u00e8n marcar els canals i accions a desenvolupar en mat\u00e8ria de comunicaci\u00f3 per<br \/>\ngenerar una comunicaci\u00f3 eficient i un clima educatiu que fomenti l\u2019aprenentatge i la comunicaci\u00f3 entre les diferents parts implicades en el proc\u00e9s d\u2019ensenyament-aprenentatge per generar una<br \/>\nadient comunicaci\u00f3 que ens permeti difondre de manera exitosa la tasca del nostre centre.<br \/>\nAmb aquest document es vol garantir que la comunitat educativa del CFA \u00c0gora conegui quins s\u00f3n els recursos, canals i accions que conformen la comunicaci\u00f3 del centre. La llengua vehicular del<br \/>\ncentre per a totes les comunicacions \u00e9s la llengua catalana. Cal esmentar que \u00e9s un document viu ja que pret\u00e9n reflectir la realitat que vivim i requereix la seva revisi\u00f3 peri\u00f2dicament per tal d\u2019actualitzar-lo.<\/p>\n<p><a href=\"https:\/\/drive.google.com\/file\/d\/119U5cJZVZjfFxiRVypc142PyrQCc6vFf\/view?usp=sharing\">PLA DE COMUNICACI\u00d3 24-25<\/a><\/p>\n","protected":false},"excerpt":{"rendered":"<p>L\u2019objectiu del Pla de Comunicaci\u00f3 del CFA \u00c0gora \u00e9s organitzar les comunicacions del centre. Aquest document pret\u00e8n marcar els canals i accions a desenvolupar en mat\u00e8ria de comunicaci\u00f3 per<br \/>\ngenerar una comunicaci\u00f3 eficient i un clima educatiu que fomenti l\u2019aprenentatge i la comunicaci\u00f3 entre les diferents&hellip;  <a href=\"https:\/\/agora.xtec.cat\/cfaagorasalou\/pla-de-comunicacio-del-centre\/\" title=\"Read Pla de Comunicaci\u00f3 del Centre\">Llegeix m\u00e9s\u00bb<\/a><\/p>\n","protected":false},"author":1,"featured_media":0,"parent":0,"menu_order":0,"comment_status":"closed","ping_status":"closed","template":"","meta":{"_bbp_topic_count":0,"_bbp_reply_count":0,"_bbp_total_topic_count":0,"_bbp_total_reply_count":0,"_bbp_voice_count":0,"_bbp_anonymous_reply_count":0,"_bbp_topic_count_hidden":0,"_bbp_reply_count_hidden":0,"_bbp_forum_subforum_count":0,"footnotes":""},"class_list":["post-1116","page","type-page","status-publish","hentry"],"post_mailing_queue_ids":[],"_links":{"self":[{"href":"https:\/\/agora.xtec.cat\/cfaagorasalou\/wp-json\/wp\/v2\/pages\/1116","targetHints":{"allow":["GET"]}}],"collection":[{"href":"https:\/\/agora.xtec.cat\/cfaagorasalou\/wp-json\/wp\/v2\/pages"}],"about":[{"href":"https:\/\/agora.xtec.cat\/cfaagorasalou\/wp-json\/wp\/v2\/types\/page"}],"author":[{"embeddable":true,"href":"https:\/\/agora.xtec.cat\/cfaagorasalou\/wp-json\/wp\/v2\/users\/1"}],"replies":[{"embeddable":true,"href":"https:\/\/agora.xtec.cat\/cfaagorasalou\/wp-json\/wp\/v2\/comments?post=1116"}],"version-history":[{"count":1,"href":"https:\/\/agora.xtec.cat\/cfaagorasalou\/wp-json\/wp\/v2\/pages\/1116\/revisions"}],"predecessor-version":[{"id":1117,"href":"https:\/\/agora.xtec.cat\/cfaagorasalou\/wp-json\/wp\/v2\/pages\/1116\/revisions\/1117"}],"wp:attachment":[{"href":"https:\/\/agora.xtec.cat\/cfaagorasalou\/wp-json\/wp\/v2\/media?parent=1116"}],"curies":[{"name":"wp","href":"https:\/\/api.w.org\/{rel}","templated":true}]}}