{"id":855,"date":"2022-05-09T18:57:59","date_gmt":"2022-05-09T16:57:59","guid":{"rendered":"https:\/\/agora.xtec.cat\/cfa-vallirana\/?page_id=855"},"modified":"2025-09-11T22:10:27","modified_gmt":"2025-09-11T20:10:27","slug":"tallers","status":"publish","type":"page","link":"https:\/\/agora.xtec.cat\/cfa-vallirana\/serveis\/activitats\/tallers\/","title":{"rendered":"Tallers"},"content":{"rendered":"\r\n<p style=\"text-align: justify;\">L&#8217;activitat acad\u00e8mica es complementa amb tallers. Aquests s\u00f3n un espai per compartir experi\u00e8ncies i on tots els alumnes hi s\u00f3n convidats. Es tracta d&#8217;una invitaci\u00f3 a con\u00e8ixer i a aprendre en com\u00fa.<\/p>\r\n<h3><img loading=\"lazy\" decoding=\"async\" class=\"wp-image-611 aligncenter\" src=\"https:\/\/agora.xtec.cat\/cfa-vallirana\/wp-content\/uploads\/usu2577\/2022\/04\/galetes3-768x1024.jpg\" alt=\"Taller de galetes 3\" width=\"417\" height=\"556\" srcset=\"https:\/\/agora.xtec.cat\/cfa-vallirana\/wp-content\/uploads\/usu2577\/2022\/04\/galetes3-768x1024.jpg 768w, https:\/\/agora.xtec.cat\/cfa-vallirana\/wp-content\/uploads\/usu2577\/2022\/04\/galetes3-225x300.jpg 225w, https:\/\/agora.xtec.cat\/cfa-vallirana\/wp-content\/uploads\/usu2577\/2022\/04\/galetes3-1152x1536.jpg 1152w, https:\/\/agora.xtec.cat\/cfa-vallirana\/wp-content\/uploads\/usu2577\/2022\/04\/galetes3.jpg 1254w\" sizes=\"auto, (max-width: 417px) 100vw, 417px\" \/><\/h3>\r\n<h3><a href=\"https:\/\/agora.xtec.cat\/cfa-vallirana\/tag\/tallers\/\" target=\"_blank\" rel=\"noopener\">Clica aqu\u00ed per veure tots els tallers<\/a><\/h3>\r\n","protected":false},"excerpt":{"rendered":"<p>L&#8217;activitat acad\u00e8mica es complementa amb tallers. Aquests s\u00f3n un espai per compartir experi\u00e8ncies i on tots els alumnes hi s\u00f3n convidats. Es tracta d&#8217;una invitaci\u00f3 a con\u00e8ixer i a aprendre en com\u00fa.<\/p>\n<p><a href=\"https:\/\/agora.xtec.cat\/cfa-vallirana\/tag\/tallers\/\" target=\"_blank\" rel=\"noopener\">Clica aqu\u00ed per veure tots els tallers<\/a><\/p>\n","protected":false},"author":1,"featured_media":0,"parent":898,"menu_order":30,"comment_status":"closed","ping_status":"closed","template":"page-templates\/side-menu.php","meta":{"_bbp_topic_count":0,"_bbp_reply_count":0,"_bbp_total_topic_count":0,"_bbp_total_reply_count":0,"_bbp_voice_count":0,"_bbp_anonymous_reply_count":0,"_bbp_topic_count_hidden":0,"_bbp_reply_count_hidden":0,"_bbp_forum_subforum_count":0,"footnotes":""},"class_list":["post-855","page","type-page","status-publish","hentry"],"post_mailing_queue_ids":[],"_links":{"self":[{"href":"https:\/\/agora.xtec.cat\/cfa-vallirana\/wp-json\/wp\/v2\/pages\/855","targetHints":{"allow":["GET"]}}],"collection":[{"href":"https:\/\/agora.xtec.cat\/cfa-vallirana\/wp-json\/wp\/v2\/pages"}],"about":[{"href":"https:\/\/agora.xtec.cat\/cfa-vallirana\/wp-json\/wp\/v2\/types\/page"}],"author":[{"embeddable":true,"href":"https:\/\/agora.xtec.cat\/cfa-vallirana\/wp-json\/wp\/v2\/users\/1"}],"replies":[{"embeddable":true,"href":"https:\/\/agora.xtec.cat\/cfa-vallirana\/wp-json\/wp\/v2\/comments?post=855"}],"version-history":[{"count":4,"href":"https:\/\/agora.xtec.cat\/cfa-vallirana\/wp-json\/wp\/v2\/pages\/855\/revisions"}],"predecessor-version":[{"id":2051,"href":"https:\/\/agora.xtec.cat\/cfa-vallirana\/wp-json\/wp\/v2\/pages\/855\/revisions\/2051"}],"up":[{"embeddable":true,"href":"https:\/\/agora.xtec.cat\/cfa-vallirana\/wp-json\/wp\/v2\/pages\/898"}],"wp:attachment":[{"href":"https:\/\/agora.xtec.cat\/cfa-vallirana\/wp-json\/wp\/v2\/media?parent=855"}],"curies":[{"name":"wp","href":"https:\/\/api.w.org\/{rel}","templated":true}]}}