{"id":1036,"date":"2022-06-03T18:37:42","date_gmt":"2022-06-03T16:37:42","guid":{"rendered":"https:\/\/agora.xtec.cat\/cfa-vallirana\/?page_id=1036"},"modified":"2023-11-02T12:44:06","modified_gmt":"2023-11-02T11:44:06","slug":"diagnosi","status":"publish","type":"page","link":"https:\/\/agora.xtec.cat\/cfa-vallirana\/normes-dorganitzacio-i-funcionament\/estrategia-digital-de-centre-edc\/part-estrategica\/diagnosi\/","title":{"rendered":"Diagnosi"},"content":{"rendered":"<p>L\u2019objectiu de la diagnosi ser\u00e0 trobar aquells punts forts que el centre ja est\u00e0 fent correctament sobre l\u2019\u00fas de les tecnologies digitals i, tamb\u00e9, trobar aquells aspectes en qu\u00e8 el centre ha de millorar.<br \/>\nCada centre ha de seleccionar les eines que cregui millor segons la seva maduresa digital i segons el treball realitzat pr\u00e8viament.<\/p>\n<p><!--more--><\/p>\n<p><img decoding=\"async\" class=\"aligncenter\" src=\"https:\/\/projectes.xtec.cat\/edc-suport\/wp-content\/uploads\/usu2435\/2021\/03\/edc3-768x309.jpg\" alt=\"infog diagnosi\" \/><\/p>\n<p><a href=\"https:\/\/agora.xtec.cat\/cfa-vallirana\/wp-content\/uploads\/usu2577\/2023\/11\/diagnosi-2.png\"><img loading=\"lazy\" decoding=\"async\" class=\"aligncenter wp-image-1330\" src=\"https:\/\/agora.xtec.cat\/cfa-vallirana\/wp-content\/uploads\/usu2577\/2023\/11\/diagnosi-2.png\" alt=\"\" width=\"700\" height=\"271\" srcset=\"https:\/\/agora.xtec.cat\/cfa-vallirana\/wp-content\/uploads\/usu2577\/2023\/11\/diagnosi-2.png 512w, https:\/\/agora.xtec.cat\/cfa-vallirana\/wp-content\/uploads\/usu2577\/2023\/11\/diagnosi-2-300x116.png 300w\" sizes=\"auto, (max-width: 700px) 100vw, 700px\" \/><\/a><\/p>\n","protected":false},"excerpt":{"rendered":"<p>L\u2019objectiu de la diagnosi ser\u00e0 trobar aquells punts forts que el centre ja est\u00e0 fent correctament sobre l\u2019\u00fas de les tecnologies digitals i, tamb\u00e9, trobar aquells aspectes en qu\u00e8 el centre ha de millorar.<br \/>\nCada centre ha de seleccionar les eines que cregui millor segons la&hellip;  <a href=\"https:\/\/agora.xtec.cat\/cfa-vallirana\/normes-dorganitzacio-i-funcionament\/estrategia-digital-de-centre-edc\/part-estrategica\/diagnosi\/\" title=\"Read Diagnosi\">Llegeix m\u00e9s\u00bb<\/a><\/p>\n","protected":false},"author":1,"featured_media":0,"parent":1007,"menu_order":0,"comment_status":"closed","ping_status":"closed","template":"page-templates\/side-menu.php","meta":{"_bbp_topic_count":0,"_bbp_reply_count":0,"_bbp_total_topic_count":0,"_bbp_total_reply_count":0,"_bbp_voice_count":0,"_bbp_anonymous_reply_count":0,"_bbp_topic_count_hidden":0,"_bbp_reply_count_hidden":0,"_bbp_forum_subforum_count":0,"footnotes":""},"class_list":["post-1036","page","type-page","status-publish","hentry"],"post_mailing_queue_ids":[],"_links":{"self":[{"href":"https:\/\/agora.xtec.cat\/cfa-vallirana\/wp-json\/wp\/v2\/pages\/1036","targetHints":{"allow":["GET"]}}],"collection":[{"href":"https:\/\/agora.xtec.cat\/cfa-vallirana\/wp-json\/wp\/v2\/pages"}],"about":[{"href":"https:\/\/agora.xtec.cat\/cfa-vallirana\/wp-json\/wp\/v2\/types\/page"}],"author":[{"embeddable":true,"href":"https:\/\/agora.xtec.cat\/cfa-vallirana\/wp-json\/wp\/v2\/users\/1"}],"replies":[{"embeddable":true,"href":"https:\/\/agora.xtec.cat\/cfa-vallirana\/wp-json\/wp\/v2\/comments?post=1036"}],"version-history":[{"count":5,"href":"https:\/\/agora.xtec.cat\/cfa-vallirana\/wp-json\/wp\/v2\/pages\/1036\/revisions"}],"predecessor-version":[{"id":1332,"href":"https:\/\/agora.xtec.cat\/cfa-vallirana\/wp-json\/wp\/v2\/pages\/1036\/revisions\/1332"}],"up":[{"embeddable":true,"href":"https:\/\/agora.xtec.cat\/cfa-vallirana\/wp-json\/wp\/v2\/pages\/1007"}],"wp:attachment":[{"href":"https:\/\/agora.xtec.cat\/cfa-vallirana\/wp-json\/wp\/v2\/media?parent=1036"}],"curies":[{"name":"wp","href":"https:\/\/api.w.org\/{rel}","templated":true}]}}