{"id":27,"date":"2014-09-17T16:24:03","date_gmt":"2014-09-17T16:24:03","guid":{"rendered":"http:\/\/agora.xtec.cat\/cfa-trinitatvella\/\/?page_id=27"},"modified":"2015-03-03T00:53:21","modified_gmt":"2015-03-02T23:53:21","slug":"historia","status":"publish","type":"page","link":"https:\/\/agora.xtec.cat\/cfa-trinitatvella\/el-centre\/historia\/","title":{"rendered":"Hist\u00f2ria"},"content":{"rendered":"<p>L&#8217;Escola d&#8217;Adults a la Trinitat Vella va sorgir de la necessitat evident de comptar en el barri amb els recursos adients per millorar el nivell cultural i formatiu de les persones que hi viuen. Va comen\u00e7ar amb el treball voluntari de mestres i ve\u00efns\/es fins que va rebre reconeixement oficial amb el nomenament de quatre mestres el curs 77-78 dins la plantilla del C.N. Ramon Berenguer III.<\/p>\n<p>L&#8217;any 1978, quan es va dotar la plantilla del C.N. Ramon Berenguer III, s&#8217;inclo\u00efen places de mestres des de l&#8217;etapa infantil fins a l&#8217;educaci\u00f3 d&#8217;adults, totes juntes en un mateix equip. La lluita i la decisi\u00f3 de molts ve\u00efns i ve\u00efnes per millorar les condicions de l&#8217;ensenyament dels seus fills i filles comptava tamb\u00e9 amb una opci\u00f3 clara per l&#8217;educaci\u00f3 permanent.<\/p>\n<p>Evidentment, al llarg de tots els anys s&#8217;han produ\u00eft canvis importants (alguns d&#8217;ells no triats) a l&#8217;escola: ha passat per tres edificis diferents; s&#8217;ha format i consolidat l&#8217;associaci\u00f3 Alef per a la promoci\u00f3 de l&#8217;educaci\u00f3 permanent al barri de Trinitat Vella; el 6 de mar\u00e7 de 2000, el Diari Oficial de la Generalitat va recollir la creaci\u00f3 del Centre de Formaci\u00f3 d&#8217;Adults Trinitat Vella; i molts d&#8217;altres canvis grans i petits, personals i d&#8217;organitzaci\u00f3.<\/p>\n<p>De la mateixa manera, la societat en la que es troba l&#8217;escola s&#8217;ha anat modificant amb el pas del temps: nous ve\u00efns i ve\u00efnes arriben al barri i busquen aprendre les lleng\u00fces del nostre pa\u00eds, con\u00e8ixer l&#8217;entorn o relacionar-se; les noves tecnologies de la informaci\u00f3 i la necessitat de posar-les a l&#8217;abast de la major part de la poblaci\u00f3; la participaci\u00f3 a la societat de les persones amb discapacitats; els riscos d&#8217;exclusi\u00f3, &#8230; Un primer lloc on s&#8217;aborden aquests canvis \u00e9s l&#8217;escola d&#8217;adults. En aquest sentit intentem adaptar i flexibilitzar la programaci\u00f3 d&#8217;activitats i els criteris d&#8217;actuaci\u00f3 per tal de donar respostes \u00fatils i coherents per al dia a dia. Tamb\u00e9 cal doncs que els recursos materials i humans incorporin aquestes necessitats i reptes perqu\u00e8 es puguin atendre sense precarietat i amb els mitjans m\u00e9s adients.<\/p>\n<p>L&#8217;escola d&#8217;adults ha estat, \u00e9s i vol seguir sent un servei p\u00fablic i obert que, en la mida del possible, permet i fomenta el coneixement i relaci\u00f3 entre persones d&#8217; or\u00edgens, edats, interessos i cultures diferents. Junt amb l&#8217;associaci\u00f3 Alef, el Centre de Formaci\u00f3 d&#8217;Adults Trinitat Vella treballa per mantenir valors i actituds de respecte, solidaritat i coneixement.<\/p>\n","protected":false},"excerpt":{"rendered":"<p>L&#8217;Escola d&#8217;Adults a la Trinitat Vella va sorgir de la necessitat evident de comptar en el barri amb els recursos adients per millorar el nivell cultural i formatiu de les persones que hi viuen. Va comen\u00e7ar amb el treball voluntari de mestres i ve\u00efns\/es fins&hellip;  <a href=\"https:\/\/agora.xtec.cat\/cfa-trinitatvella\/el-centre\/historia\/\" title=\"Read Hist\u00f2ria\">Llegeix m\u00e9s\u00bb<\/a><\/p>\n","protected":false},"author":1,"featured_media":0,"parent":261,"menu_order":20,"comment_status":"closed","ping_status":"closed","template":"page-templates\/side-menu.php","meta":{"_bbp_topic_count":0,"_bbp_reply_count":0,"_bbp_total_topic_count":0,"_bbp_total_reply_count":0,"_bbp_voice_count":0,"_bbp_anonymous_reply_count":0,"_bbp_topic_count_hidden":0,"_bbp_reply_count_hidden":0,"_bbp_forum_subforum_count":0,"footnotes":""},"class_list":["post-27","page","type-page","status-publish","hentry"],"post_mailing_queue_ids":[],"_links":{"self":[{"href":"https:\/\/agora.xtec.cat\/cfa-trinitatvella\/wp-json\/wp\/v2\/pages\/27","targetHints":{"allow":["GET"]}}],"collection":[{"href":"https:\/\/agora.xtec.cat\/cfa-trinitatvella\/wp-json\/wp\/v2\/pages"}],"about":[{"href":"https:\/\/agora.xtec.cat\/cfa-trinitatvella\/wp-json\/wp\/v2\/types\/page"}],"author":[{"embeddable":true,"href":"https:\/\/agora.xtec.cat\/cfa-trinitatvella\/wp-json\/wp\/v2\/users\/1"}],"replies":[{"embeddable":true,"href":"https:\/\/agora.xtec.cat\/cfa-trinitatvella\/wp-json\/wp\/v2\/comments?post=27"}],"version-history":[{"count":3,"href":"https:\/\/agora.xtec.cat\/cfa-trinitatvella\/wp-json\/wp\/v2\/pages\/27\/revisions"}],"predecessor-version":[{"id":362,"href":"https:\/\/agora.xtec.cat\/cfa-trinitatvella\/wp-json\/wp\/v2\/pages\/27\/revisions\/362"}],"up":[{"embeddable":true,"href":"https:\/\/agora.xtec.cat\/cfa-trinitatvella\/wp-json\/wp\/v2\/pages\/261"}],"wp:attachment":[{"href":"https:\/\/agora.xtec.cat\/cfa-trinitatvella\/wp-json\/wp\/v2\/media?parent=27"}],"curies":[{"name":"wp","href":"https:\/\/api.w.org\/{rel}","templated":true}]}}