{"id":1895,"date":"2020-04-16T08:43:50","date_gmt":"2020-04-16T06:43:50","guid":{"rendered":"http:\/\/agora.xtec.cat\/cfa-trinitatvella\/?page_id=1895"},"modified":"2020-05-04T09:46:19","modified_gmt":"2020-05-04T07:46:19","slug":"catala","status":"publish","type":"page","link":"https:\/\/agora.xtec.cat\/cfa-trinitatvella\/recursos-didactics\/catala\/","title":{"rendered":"CATAL\u00c0"},"content":{"rendered":"<p><a href=\"https:\/\/agora.xtec.cat\/cfa-trinitatvella\/wp-content\/uploads\/usu254\/2020\/04\/parlem-catal\u00e0.jpg\"><img loading=\"lazy\" decoding=\"async\" class=\"alignnone wp-image-1896\" src=\"https:\/\/agora.xtec.cat\/cfa-trinitatvella\/wp-content\/uploads\/usu254\/2020\/04\/parlem-catal\u00e0.jpg\" alt=\"\" width=\"299\" height=\"231\" srcset=\"https:\/\/agora.xtec.cat\/cfa-trinitatvella\/wp-content\/uploads\/usu254\/2020\/04\/parlem-catal\u00e0.jpg 960w, https:\/\/agora.xtec.cat\/cfa-trinitatvella\/wp-content\/uploads\/usu254\/2020\/04\/parlem-catal\u00e0-300x231.jpg 300w, https:\/\/agora.xtec.cat\/cfa-trinitatvella\/wp-content\/uploads\/usu254\/2020\/04\/parlem-catal\u00e0-768x592.jpg 768w\" sizes=\"auto, (max-width: 299px) 100vw, 299px\" \/><\/a><\/p>\n<p id=\"yui_3_17_2_1_1587017325030_164\"><b>Aqu\u00ed tens recursos per practicar en qualsevol ordinador: a casa, a la biblioteca&#8230;<\/b><\/p>\n<p>&nbsp;<\/p>\n<h2>RECURSOS ONLINE<\/h2>\n<p><a href=\"https:\/\/llengua.gencat.cat\/ca\/serveis\/informacio_i_difusio\/publicacions_en_linia\/viure_a_catalunya_col\/viure_a_catalunya_vocabulari_en_imatges\/\" target=\"_blank\" rel=\"noopener noreferrer\">Vocabulari en imatges<\/a><\/p>\n<p><a href=\"https:\/\/llengua.gencat.cat\/ca\/serveis\/informacio_i_difusio\/publicacions_en_linia\/viure_a_catalunya_col\/viure_a_catalunya_vocabulari_en_imatges\/\" target=\"_blank\" rel=\"noopener noreferrer\"><img loading=\"lazy\" decoding=\"async\" class=\"alignnone wp-image-1897\" src=\"https:\/\/agora.xtec.cat\/cfa-trinitatvella\/wp-content\/uploads\/usu254\/2020\/04\/vocabulari-imatges.jpg\" alt=\"\" width=\"121\" height=\"172\" srcset=\"https:\/\/agora.xtec.cat\/cfa-trinitatvella\/wp-content\/uploads\/usu254\/2020\/04\/vocabulari-imatges.jpg 375w, https:\/\/agora.xtec.cat\/cfa-trinitatvella\/wp-content\/uploads\/usu254\/2020\/04\/vocabulari-imatges-211x300.jpg 211w\" sizes=\"auto, (max-width: 121px) 100vw, 121px\" \/><\/a><\/p>\n<p><a href=\"https:\/\/llengua.gencat.cat\/ca\/serveis\/informacio_i_difusio\/publicacions_en_linia\/viure_a_catalunya_col\/viure_a_catalunya_lamines\/\" target=\"_blank\" rel=\"noopener noreferrer\">Viure a Catalunya: l\u00e0mines<\/a><\/p>\n<p><a href=\"https:\/\/llengua.gencat.cat\/ca\/serveis\/informacio_i_difusio\/publicacions_en_linia\/viure_a_catalunya_col\/viure_a_catalunya_lamines\/\" target=\"_blank\" rel=\"noopener noreferrer\"><img loading=\"lazy\" decoding=\"async\" class=\"alignnone wp-image-1899\" src=\"https:\/\/agora.xtec.cat\/cfa-trinitatvella\/wp-content\/uploads\/usu254\/2020\/04\/la-casa.jpg\" alt=\"\" width=\"134\" height=\"95\" \/><\/a><\/p>\n<p><a href=\"https:\/\/llengua.gencat.cat\/ca\/serveis\/informacio_i_difusio\/publicacions_en_linia\/viure_a_catalunya_col\/viure_a_catalunya_comencem_a_parlar\/\" target=\"_blank\" rel=\"noopener noreferrer\">Comencem a parlar: catal\u00e0<\/a><\/p>\n<p><a href=\"https:\/\/llengua.gencat.cat\/ca\/serveis\/informacio_i_difusio\/publicacions_en_linia\/viure_a_catalunya_col\/viure_a_catalunya_comencem_a_parlar\/\" target=\"_blank\" rel=\"noopener noreferrer\"><img loading=\"lazy\" decoding=\"async\" class=\"alignnone wp-image-1901\" src=\"https:\/\/agora.xtec.cat\/cfa-trinitatvella\/wp-content\/uploads\/usu254\/2020\/04\/comencem-a-parlar-1.png\" alt=\"\" width=\"111\" height=\"157\" \/><\/a><\/p>\n<p><a class=\"\" href=\"https:\/\/llengua.gencat.cat\/ca\/serveis\/informacio_i_difusio\/publicacions_en_linia\/aprenem_catala_des_de_col\/\" target=\"_blank\" rel=\"noopener noreferrer\"><span class=\"instancename\">Comencem a parlar: angl\u00e8s, amazic, \u00e0rab, espanyol, franc\u00e8s, panjabi, roman\u00e8s, rus, urd\u00fa i xin\u00e8s<\/span><\/a><\/p>\n<p><a href=\"https:\/\/llengua.gencat.cat\/ca\/serveis\/informacio_i_difusio\/publicacions_en_linia\/aprenem_catala_des_de_col\/\" target=\"_blank\" rel=\"noopener noreferrer\"><img loading=\"lazy\" decoding=\"async\" class=\"alignnone wp-image-1902\" src=\"https:\/\/agora.xtec.cat\/cfa-trinitatvella\/wp-content\/uploads\/usu254\/2020\/04\/bafarades-aprenem-catal\u00e0-des-de.jpg\" alt=\"\" width=\"131\" height=\"120\" srcset=\"https:\/\/agora.xtec.cat\/cfa-trinitatvella\/wp-content\/uploads\/usu254\/2020\/04\/bafarades-aprenem-catal\u00e0-des-de.jpg 506w, https:\/\/agora.xtec.cat\/cfa-trinitatvella\/wp-content\/uploads\/usu254\/2020\/04\/bafarades-aprenem-catal\u00e0-des-de-300x275.jpg 300w\" sizes=\"auto, (max-width: 131px) 100vw, 131px\" \/><\/a><\/p>\n<p>&nbsp;<\/p>\n<h2>CURSOS EN L\u00cdNIA I EXERCICIS<\/h2>\n<p><a href=\"https:\/\/www.parla.cat\/pres_catalaenlinia\/AppPHP\/login\/index.php\" target=\"_blank\" rel=\"noopener noreferrer\">Parla.cat<\/a><\/p>\n<p><a href=\"https:\/\/www.parla.cat\/pres_catalaenlinia\/AppPHP\/login\/index.php\" target=\"_blank\" rel=\"noopener noreferrer\"><img loading=\"lazy\" decoding=\"async\" class=\"alignnone wp-image-1904\" src=\"https:\/\/agora.xtec.cat\/cfa-trinitatvella\/wp-content\/uploads\/usu254\/2020\/04\/parlacat-1024x316.png\" alt=\"\" width=\"188\" height=\"58\" srcset=\"https:\/\/agora.xtec.cat\/cfa-trinitatvella\/wp-content\/uploads\/usu254\/2020\/04\/parlacat-1024x316.png 1024w, https:\/\/agora.xtec.cat\/cfa-trinitatvella\/wp-content\/uploads\/usu254\/2020\/04\/parlacat-300x93.png 300w, https:\/\/agora.xtec.cat\/cfa-trinitatvella\/wp-content\/uploads\/usu254\/2020\/04\/parlacat-768x237.png 768w, https:\/\/agora.xtec.cat\/cfa-trinitatvella\/wp-content\/uploads\/usu254\/2020\/04\/parlacat.png 1529w\" sizes=\"auto, (max-width: 188px) 100vw, 188px\" \/><\/a><\/p>\n<p><a href=\"http:\/\/www.intercat.cat\/speakcat\/\" target=\"_blank\" rel=\"noopener noreferrer\">SpeakCat<\/a><\/p>\n<p><a href=\"http:\/\/www.edu365.cat\/eso\/catala\/vincles\/index.html\" target=\"_blank\" rel=\"noopener noreferrer\">Vincles<\/a><\/p>\n<p><a href=\"http:\/\/www.edu365.cat\/eso\/catala\/vincles\/index.html\" target=\"_blank\" rel=\"noopener noreferrer\"><img loading=\"lazy\" decoding=\"async\" class=\"alignnone wp-image-1905\" src=\"https:\/\/agora.xtec.cat\/cfa-trinitatvella\/wp-content\/uploads\/usu254\/2020\/04\/vincles1_img.gif\" alt=\"\" width=\"83\" height=\"120\" \/><\/a><\/p>\n<p><a href=\"http:\/\/www.xtec.cat\/~mgil2243\/material\/pascual.htm\" target=\"_blank\" rel=\"noopener noreferrer\">Comprensi\u00f3 lectora<\/a><\/p>\n<p><a href=\"https:\/\/llengua.gencat.cat\/ca\/serveis\/aprendre_catala\/a-catalunya\/aprendre-jugant\/endevina\/\" target=\"_blank\" rel=\"noopener noreferrer\">Endevina<\/a><\/p>\n<p>&nbsp;<\/p>\n<h2>V\u00cdDEOS<\/h2>\n<p><a href=\"https:\/\/www.ccma.cat\/tv3\/10cites\/\" target=\"_blank\" rel=\"noopener noreferrer\">10 cites<\/a><\/p>\n<p>S\u00e8rie de 13 cap\u00edtols, produ\u00efda conjuntament per la Direcci\u00f3 General de Pol\u00edtica Ling\u00fc\u00edstica i TV3, sobre el programa &#8220;Voluntariat per la llengua&#8221;, que mostra hist\u00f2ries de conviv\u00e8ncia entre parelles ling\u00fc\u00edstiques. Cada cap\u00edtol, d&#8217;entre 15 i 20 minuts de durada, s&#8217;estructura en diversos apartats que complementen la hist\u00f2ria central de la parella protagonista.<\/p>\n<h4>Vocabulari de la fam\u00edlia<\/h4>\n<p><iframe loading=\"lazy\" title=\"El vocabulari de la fam\u00edlia\" width=\"500\" height=\"281\" src=\"https:\/\/www.youtube.com\/embed\/NRoy7J3gt1g?feature=oembed\" frameborder=\"0\" allow=\"accelerometer; autoplay; clipboard-write; encrypted-media; gyroscope; picture-in-picture; web-share\" referrerpolicy=\"strict-origin-when-cross-origin\" allowfullscreen><\/iframe><\/p>\n<h4>Vocabulari de les accions habituals<\/h4>\n<p><iframe loading=\"lazy\" title=\"L\u00e8xic de les accions habituals\" width=\"500\" height=\"281\" src=\"https:\/\/www.youtube.com\/embed\/JPLJ50WkWao?feature=oembed\" frameborder=\"0\" allow=\"accelerometer; autoplay; clipboard-write; encrypted-media; gyroscope; picture-in-picture; web-share\" referrerpolicy=\"strict-origin-when-cross-origin\" allowfullscreen><\/iframe><\/p>\n<h4>Vocabulari dels transports<\/h4>\n<p><iframe loading=\"lazy\" title=\"3. L\u00e8xic dels transports\" width=\"500\" height=\"281\" src=\"https:\/\/www.youtube.com\/embed\/6GU7JssSKmA?feature=oembed\" frameborder=\"0\" allow=\"accelerometer; autoplay; clipboard-write; encrypted-media; gyroscope; picture-in-picture; web-share\" referrerpolicy=\"strict-origin-when-cross-origin\" allowfullscreen><\/iframe><\/p>\n<h4>La casa<\/h4>\n<p><iframe loading=\"lazy\" title=\"La casa\" width=\"500\" height=\"375\" src=\"https:\/\/www.youtube.com\/embed\/SQxeuMDvRG0?feature=oembed\" frameborder=\"0\" allow=\"accelerometer; autoplay; clipboard-write; encrypted-media; gyroscope; picture-in-picture; web-share\" referrerpolicy=\"strict-origin-when-cross-origin\" allowfullscreen><\/iframe><\/p>\n<h4>Mitjans de transport<\/h4>\n<p><iframe loading=\"lazy\" title=\"Mitjans de Transport\" width=\"500\" height=\"281\" src=\"https:\/\/www.youtube.com\/embed\/J492nPC_V5Q?feature=oembed\" frameborder=\"0\" allow=\"accelerometer; autoplay; clipboard-write; encrypted-media; gyroscope; picture-in-picture; web-share\" referrerpolicy=\"strict-origin-when-cross-origin\" allowfullscreen><\/iframe><\/p>\n<h4>El mercat &#8211; fruiteria &#8211; fruites<\/h4>\n<p><iframe loading=\"lazy\" title=\"EL MERCAT FRUITERIA\" width=\"500\" height=\"281\" src=\"https:\/\/www.youtube.com\/embed\/hBKwx8g-C8g?feature=oembed\" frameborder=\"0\" allow=\"accelerometer; autoplay; clipboard-write; encrypted-media; gyroscope; picture-in-picture; web-share\" referrerpolicy=\"strict-origin-when-cross-origin\" allowfullscreen><\/iframe><\/p>\n<h4>El Cos<\/h4>\n<p><iframe loading=\"lazy\" title=\"Vocabulari catal\u00e0. El cos\" width=\"500\" height=\"281\" src=\"https:\/\/www.youtube.com\/embed\/Dpo4UpfeLW4?feature=oembed\" frameborder=\"0\" allow=\"accelerometer; autoplay; clipboard-write; encrypted-media; gyroscope; picture-in-picture; web-share\" referrerpolicy=\"strict-origin-when-cross-origin\" allowfullscreen><\/iframe><\/p>\n<h4>Recepta del pa de pessic<\/h4>\n<p><iframe loading=\"lazy\" title=\"PA DE PESSIC | Culinaris\" width=\"500\" height=\"281\" src=\"https:\/\/www.youtube.com\/embed\/XwbNd2iKiwA?feature=oembed\" frameborder=\"0\" allow=\"accelerometer; autoplay; clipboard-write; encrypted-media; gyroscope; picture-in-picture; web-share\" referrerpolicy=\"strict-origin-when-cross-origin\" allowfullscreen><\/iframe><\/p>\n<h4>Com ens divertim a Catalunya<\/h4>\n<p><iframe loading=\"lazy\" src=\"https:\/\/www.ccma.cat\/video\/embed\/5907667\/\" width=\"500px\" height=\"281px\" frameborder=\"0\"><\/iframe><\/p>\n<h4>Ca\u00e7adors de paraules: curiositats de les paraules<\/h4>\n<p><a href=\"https:\/\/www.ccma.cat\/tv3\/alacarta\/cacadors-de-paraules\/casa\/video\/5803302\/\" target=\"_blank\" rel=\"noopener noreferrer\">https:\/\/www.ccma.cat\/tv3\/alacarta\/cacadors-de-paraules\/casa\/video\/5803302\/<\/a><\/p>\n<h2>VOCABULARI<\/h2>\n<p><a href=\"https:\/\/sites.google.com\/site\/materialdauladacollida\/home\/dossiers\/comencem-dossier-alumnat\" target=\"_blank\" rel=\"noopener noreferrer\">Vocabulari 1<\/a><\/p>\n<p><a href=\"https:\/\/sites.google.com\/site\/materialdauladacollida\/home\/dossiers\/la-n\" target=\"_blank\" rel=\"noopener noreferrer\">Vocabulari 2<\/a><\/p>\n<p>&nbsp;<\/p>\n<h2>ORTOGRAFIA<\/h2>\n<p><a href=\"http:\/\/enxaneta.info\/teoria.php\" target=\"_blank\" rel=\"noopener noreferrer\">Accentuaci\u00f3<\/a><\/p>\n<p><a href=\"http:\/\/enxaneta.info\/teoria\/accent-diacritic\/4\" target=\"_blank\" rel=\"noopener noreferrer\">Accent diacr\u00edtic<\/a><\/p>\n<p><a href=\"http:\/\/enxaneta.info\/teoria\/diftongs\/5\" target=\"_blank\" rel=\"noopener noreferrer\">Els diftongs<\/a><\/p>\n<p><a href=\"http:\/\/enxaneta.info\/teoria\/dieresi\/6\" target=\"_blank\" rel=\"noopener noreferrer\">La di\u00e8resi<\/a><\/p>\n<p><a href=\"http:\/\/enxaneta.info\/teoria\/guionet\/60\" target=\"_blank\" rel=\"noopener noreferrer\">El guionet<\/a><\/p>\n<p>&nbsp;<\/p>\n<h2>CAN\u00c7ONS<\/h2>\n<p><a href=\"https:\/\/dotsub.com\/view\/user\/nfont123\" target=\"_blank\" rel=\"noopener noreferrer\">Canta en catal\u00e0!<\/a><\/p>\n<p><a href=\"https:\/\/dotsub.com\/view\/user\/mmor\" target=\"_blank\" rel=\"noopener noreferrer\">Canta en catal\u00e0 2<\/a><\/p>\n<p>&nbsp;<\/p>\n<h2>APPS<\/h2>\n<p><a href=\"http:\/\/www.ub.edu\/guiaconversa\/index.php\" target=\"_blank\" rel=\"noopener noreferrer\">Guia de conversa universit\u00e0ria<\/a><\/p>\n<p>&nbsp;<\/p>\n<h2>DICCIONARIS<\/h2>\n<p><a href=\"https:\/\/dlc.iec.cat\/\" target=\"_blank\" rel=\"noopener noreferrer\">Diccionari de la llengua catalana de l&#8217;Institut d&#8217;Estudis Catalans<\/a><\/p>\n<p><a href=\"https:\/\/dlc.iec.cat\/\" target=\"_blank\" rel=\"noopener noreferrer\"><img loading=\"lazy\" decoding=\"async\" class=\"alignnone size-full wp-image-1906\" src=\"https:\/\/agora.xtec.cat\/cfa-trinitatvella\/wp-content\/uploads\/usu254\/2020\/04\/LOGO_IEC2.png\" alt=\"\" width=\"99\" height=\"99\" \/><\/a><\/p>\n<p><a href=\"https:\/\/www.enciclopedia.cat\/\" target=\"_blank\" rel=\"noopener noreferrer\">Enciclop\u00e8dia.cat<\/a><\/p>\n","protected":false},"excerpt":{"rendered":"<p><a href=\"https:\/\/agora.xtec.cat\/cfa-trinitatvella\/wp-content\/uploads\/usu254\/2020\/04\/parlem-catal\u00e0.jpg\"><\/a><br \/>\nAqu\u00ed tens recursos per practicar en qualsevol ordinador: a casa, a la biblioteca&#8230;<br \/>\n&nbsp;<br \/>\nRECURSOS ONLINE<br \/>\n<a href=\"https:\/\/llengua.gencat.cat\/ca\/serveis\/informacio_i_difusio\/publicacions_en_linia\/viure_a_catalunya_col\/viure_a_catalunya_vocabulari_en_imatges\/\" target=\"_blank\" rel=\"noopener noreferrer\">Vocabulari en imatges<\/a><br \/>\n<a href=\"https:\/\/llengua.gencat.cat\/ca\/serveis\/informacio_i_difusio\/publicacions_en_linia\/viure_a_catalunya_col\/viure_a_catalunya_vocabulari_en_imatges\/\" target=\"_blank\" rel=\"noopener noreferrer\"><\/a><br \/>\n<a href=\"https:\/\/llengua.gencat.cat\/ca\/serveis\/informacio_i_difusio\/publicacions_en_linia\/viure_a_catalunya_col\/viure_a_catalunya_lamines\/\" target=\"_blank\" rel=\"noopener noreferrer\">Viure a Catalunya: l\u00e0mines<\/a><br \/>\n<a href=\"https:\/\/llengua.gencat.cat\/ca\/serveis\/informacio_i_difusio\/publicacions_en_linia\/viure_a_catalunya_col\/viure_a_catalunya_lamines\/\" target=\"_blank\" rel=\"noopener noreferrer\"><\/a><br \/>\n<a href=\"https:\/\/llengua.gencat.cat\/ca\/serveis\/informacio_i_difusio\/publicacions_en_linia\/viure_a_catalunya_col\/viure_a_catalunya_comencem_a_parlar\/\" target=\"_blank\" rel=\"noopener noreferrer\">Comencem a parlar: catal\u00e0<\/a><br \/>\n<a href=\"https:\/\/llengua.gencat.cat\/ca\/serveis\/informacio_i_difusio\/publicacions_en_linia\/viure_a_catalunya_col\/viure_a_catalunya_comencem_a_parlar\/\" target=\"_blank\"&hellip;  <a href=\"https:\/\/agora.xtec.cat\/cfa-trinitatvella\/recursos-didactics\/catala\/\" title=\"Read CATAL\u00c0\">Llegeix m\u00e9s\u00bb<\/a><\/p>\n","protected":false},"author":1,"featured_media":0,"parent":1891,"menu_order":0,"comment_status":"closed","ping_status":"closed","template":"","meta":{"_bbp_topic_count":0,"_bbp_reply_count":0,"_bbp_total_topic_count":0,"_bbp_total_reply_count":0,"_bbp_voice_count":0,"_bbp_anonymous_reply_count":0,"_bbp_topic_count_hidden":0,"_bbp_reply_count_hidden":0,"_bbp_forum_subforum_count":0,"footnotes":""},"class_list":["post-1895","page","type-page","status-publish","hentry"],"post_mailing_queue_ids":[],"_links":{"self":[{"href":"https:\/\/agora.xtec.cat\/cfa-trinitatvella\/wp-json\/wp\/v2\/pages\/1895","targetHints":{"allow":["GET"]}}],"collection":[{"href":"https:\/\/agora.xtec.cat\/cfa-trinitatvella\/wp-json\/wp\/v2\/pages"}],"about":[{"href":"https:\/\/agora.xtec.cat\/cfa-trinitatvella\/wp-json\/wp\/v2\/types\/page"}],"author":[{"embeddable":true,"href":"https:\/\/agora.xtec.cat\/cfa-trinitatvella\/wp-json\/wp\/v2\/users\/1"}],"replies":[{"embeddable":true,"href":"https:\/\/agora.xtec.cat\/cfa-trinitatvella\/wp-json\/wp\/v2\/comments?post=1895"}],"version-history":[{"count":3,"href":"https:\/\/agora.xtec.cat\/cfa-trinitatvella\/wp-json\/wp\/v2\/pages\/1895\/revisions"}],"predecessor-version":[{"id":2006,"href":"https:\/\/agora.xtec.cat\/cfa-trinitatvella\/wp-json\/wp\/v2\/pages\/1895\/revisions\/2006"}],"up":[{"embeddable":true,"href":"https:\/\/agora.xtec.cat\/cfa-trinitatvella\/wp-json\/wp\/v2\/pages\/1891"}],"wp:attachment":[{"href":"https:\/\/agora.xtec.cat\/cfa-trinitatvella\/wp-json\/wp\/v2\/media?parent=1895"}],"curies":[{"name":"wp","href":"https:\/\/api.w.org\/{rel}","templated":true}]}}