{"id":1891,"date":"2020-04-16T08:10:54","date_gmt":"2020-04-16T06:10:54","guid":{"rendered":"http:\/\/agora.xtec.cat\/cfa-trinitatvella\/?page_id=1891"},"modified":"2020-04-16T09:25:19","modified_gmt":"2020-04-16T07:25:19","slug":"recursos-didactics","status":"publish","type":"page","link":"https:\/\/agora.xtec.cat\/cfa-trinitatvella\/recursos-didactics\/","title":{"rendered":"RECURSOS DID\u00c0CTICS"},"content":{"rendered":"<p>Selecci\u00f3 de recursos did\u00e0ctics agrupats per ensenyaments.<\/p>\n<p><a href=\"http:\/\/agora.xtec.cat\/cfa-trinitatvella\/recursos-didactics\/catala\/\" target=\"_blank\" rel=\"noopener noreferrer\">CATAL\u00c0<\/a><\/p>\n<p><a href=\"http:\/\/agora.xtec.cat\/cfa-trinitatvella\/recursos-didactics\/castellano\/\" target=\"_blank\" rel=\"noopener noreferrer\">CASTELLANO<\/a><\/p>\n","protected":false},"excerpt":{"rendered":"<p>Selecci\u00f3 de recursos did\u00e0ctics agrupats per ensenyaments.<br \/>\n<a href=\"http:\/\/agora.xtec.cat\/cfa-trinitatvella\/recursos-didactics\/catala\/\" target=\"_blank\" rel=\"noopener noreferrer\">CATAL\u00c0<\/a><br \/>\n<a href=\"http:\/\/agora.xtec.cat\/cfa-trinitatvella\/recursos-didactics\/castellano\/\" target=\"_blank\" rel=\"noopener noreferrer\">CASTELLANO<\/a><\/p>\n","protected":false},"author":1,"featured_media":0,"parent":0,"menu_order":0,"comment_status":"closed","ping_status":"closed","template":"","meta":{"_bbp_topic_count":0,"_bbp_reply_count":0,"_bbp_total_topic_count":0,"_bbp_total_reply_count":0,"_bbp_voice_count":0,"_bbp_anonymous_reply_count":0,"_bbp_topic_count_hidden":0,"_bbp_reply_count_hidden":0,"_bbp_forum_subforum_count":0,"footnotes":""},"class_list":["post-1891","page","type-page","status-publish","hentry"],"post_mailing_queue_ids":[],"_links":{"self":[{"href":"https:\/\/agora.xtec.cat\/cfa-trinitatvella\/wp-json\/wp\/v2\/pages\/1891","targetHints":{"allow":["GET"]}}],"collection":[{"href":"https:\/\/agora.xtec.cat\/cfa-trinitatvella\/wp-json\/wp\/v2\/pages"}],"about":[{"href":"https:\/\/agora.xtec.cat\/cfa-trinitatvella\/wp-json\/wp\/v2\/types\/page"}],"author":[{"embeddable":true,"href":"https:\/\/agora.xtec.cat\/cfa-trinitatvella\/wp-json\/wp\/v2\/users\/1"}],"replies":[{"embeddable":true,"href":"https:\/\/agora.xtec.cat\/cfa-trinitatvella\/wp-json\/wp\/v2\/comments?post=1891"}],"version-history":[{"count":3,"href":"https:\/\/agora.xtec.cat\/cfa-trinitatvella\/wp-json\/wp\/v2\/pages\/1891\/revisions"}],"predecessor-version":[{"id":1916,"href":"https:\/\/agora.xtec.cat\/cfa-trinitatvella\/wp-json\/wp\/v2\/pages\/1891\/revisions\/1916"}],"wp:attachment":[{"href":"https:\/\/agora.xtec.cat\/cfa-trinitatvella\/wp-json\/wp\/v2\/media?parent=1891"}],"curies":[{"name":"wp","href":"https:\/\/api.w.org\/{rel}","templated":true}]}}