{"id":81,"date":"2014-09-18T10:38:05","date_gmt":"2014-09-18T10:38:05","guid":{"rendered":"http:\/\/agora.xtec.cat\/cfa-tremp\/?page_id=81"},"modified":"2026-03-16T16:12:43","modified_gmt":"2026-03-16T15:12:43","slug":"secretaria","status":"publish","type":"page","link":"https:\/\/agora.xtec.cat\/cfa-tremp\/secretaria\/","title":{"rendered":"Secretaria"},"content":{"rendered":"<p><strong>Horari d&#8217;atenci\u00f3 al p\u00fablic:<\/strong><\/p>\n<p>Estimats\/des alumnes,<\/p>\n<p>us informem que el per\u00edode de matr\u00edcula \u00e9s del <strong>2 al 19 de setembre<\/strong>. Els horaris d&#8217;atenci\u00f3 el p\u00fablic s\u00f3n els seg\u00fcents:<\/p>\n<ul>\n<li><strong>Fins el dia 12 <\/strong>de setembre l&#8217;horari d&#8217;atenci\u00f3 al p\u00fablic ser\u00e0 de <strong>9h a 14h<\/strong>.<\/li>\n<li>A partir del <strong>dilluns 15<\/strong> de setembre ens trobareu en l&#8217;horari habitual, de<strong> 15h a 20h<\/strong>.<\/li>\n<\/ul>\n<p>&nbsp;<\/p>\n<ul style=\"list-style-type: circle;\">\n<li>\ud83d\udd5fL&#8217;horari d&#8217;atenci\u00f3 al p\u00fablic a partir del 22 de setembre <strong>per informaci\u00f3 i\/o tr\u00e0mits de matr\u00edcula<\/strong> \u00e9s el seg\u00fcent:<\/li>\n<\/ul>\n<table style=\"height: 93px; width: 736px; border-color: #000000; background-color: #ebd37f;\" width=\"736\">\n<tbody>\n<tr style=\"height: 31px;\">\n<td style=\"width: 146px; text-align: center; height: 31px;\"><span style=\"color: #008000;\"><strong>Dilluns<\/strong><\/span><\/td>\n<td style=\"width: 147px; text-align: center; height: 31px;\"><span style=\"color: #008000;\"><strong>Dimarts<\/strong><\/span><\/td>\n<td style=\"width: 147px; text-align: center; height: 31px;\"><span style=\"color: #008000;\"><strong>Dimecres<\/strong><\/span><\/td>\n<td style=\"width: 148px; text-align: center; height: 31px;\"><span style=\"color: #008000;\"><strong>Dijous<\/strong><\/span><\/td>\n<td style=\"width: 148px; text-align: center; height: 31px;\"><span style=\"color: #008000;\"><strong>Divendres<\/strong><\/span><\/td>\n<\/tr>\n<tr style=\"height: 31px;\">\n<td style=\"width: 146px; text-align: center; height: 31px;\"><strong>09:00 a 11:00<\/strong><\/td>\n<td style=\"width: 147px; text-align: center; height: 31px;\"><strong>09:00 a 11:00<\/strong><\/td>\n<td style=\"width: 147px; text-align: center; height: 31px;\"><strong>9:00 a 13:30<\/strong><\/td>\n<td style=\"width: 148px; text-align: center;\"><strong>09:00 a 11:00<\/strong><\/td>\n<td style=\"width: 148px; text-align: center; height: 31px;\"><strong>9:00 a 14:00<\/strong><\/td>\n<\/tr>\n<tr style=\"height: 31px;\">\n<td style=\"width: 146px; text-align: center; height: 31px;\"><strong>17:00 a 18:00<\/strong><\/td>\n<td style=\"width: 147px; text-align: center; height: 31px;\"><strong>17:00 a 18:00<\/strong><\/td>\n<td style=\"width: 147px; text-align: center; height: 31px;\"><strong>15:00 a 18:00<\/strong><\/td>\n<td style=\"width: 148px; text-align: center;\"><strong>15:00 a 18:00<\/strong><\/td>\n<td style=\"width: 148px; text-align: center; height: 31px;\"><\/td>\n<\/tr>\n<\/tbody>\n<\/table>\n<p>* Si voleu fer una consulta fora d&#8217;aquest horari us recomanem que envieu correu electr\u00f2nic a c5008984@xtec.cat.<\/p>\n<p><span class=\"\" style=\"font-family: inherit; font-size: 1em;\">\u00a0<\/span><span style=\"font-family: inherit; font-size: 1em;\">* Per peticions via correu electr\u00f2nic enviar els formularis a <strong>c5008984@xtec.cat<\/strong><\/span><\/p>\n<ul>\n<li>Tr\u00e0mits (sol\u00b7licitud de certificats&#8230;)<\/li>\n<li>Per demanar un certificat cal que feu una sol\u00b7licitud. Pots descarregar-te el formulari fent clic aqu\u00ed.<\/li>\n<li>Matr\u00edcula durant tot l&#8217;any, subjecte a les places vacants disponibles.<\/li>\n<li>Documents (autoritzaci\u00f3 de sortides, \u00fas de serveis digitals, etc.)<\/li>\n<li>Beques i ajuts<\/li>\n<li>Proves d&#8217;acc\u00e9s als cicles formatius<\/li>\n<li>etc.<\/li>\n<\/ul>\n<p>Per demanar qualsevol tipus de certificat cal fer una petici\u00f3 a trav\u00e9s d&#8217;aquest <a href=\"https:\/\/forms.gle\/S3TytWBZYSFjfK9C8\">formulari:<\/a> <a href=\"https:\/\/forms.gle\/S3TytWBZYSFjfK9C8\" target=\"_blank\" rel=\"noopener\">SECRETARIA ONLINE<\/a><\/p>\n","protected":false},"excerpt":{"rendered":"<p>Horari d&#8217;atenci\u00f3 al p\u00fablic: Estimats\/des alumnes, us informem que el per\u00edode de matr\u00edcula \u00e9s del 2 al 19 de setembre. Els horaris d&#8217;atenci\u00f3 el p\u00fablic s\u00f3n els seg\u00fcents: Fins el dia 12 de setembre l&#8217;horari d&#8217;atenci\u00f3 al p\u00fablic ser\u00e0 de 9h a 14h. A partir del dilluns 15 de setembre ens trobareu en l&#8217;horari habitual, [&hellip;]<\/p>\n","protected":false},"author":1,"featured_media":0,"parent":0,"menu_order":0,"comment_status":"closed","ping_status":"closed","template":"","meta":{"site-sidebar-layout":"default","site-content-layout":"","ast-site-content-layout":"default","site-content-style":"default","site-sidebar-style":"default","ast-global-header-display":"","ast-banner-title-visibility":"","ast-main-header-display":"","ast-hfb-above-header-display":"","ast-hfb-below-header-display":"","ast-hfb-mobile-header-display":"","site-post-title":"","ast-breadcrumbs-content":"","ast-featured-img":"","footer-sml-layout":"","theme-transparent-header-meta":"default","adv-header-id-meta":"","stick-header-meta":"","header-above-stick-meta":"","header-main-stick-meta":"","header-below-stick-meta":"","astra-migrate-meta-layouts":"set","ast-page-background-enabled":"default","ast-page-background-meta":{"desktop":{"background-color":"var(--ast-global-color-4)","background-image":"","background-repeat":"repeat","background-position":"center center","background-size":"auto","background-attachment":"scroll","background-type":"","background-media":"","overlay-type":"","overlay-color":"","overlay-opacity":"","overlay-gradient":""},"tablet":{"background-color":"","background-image":"","background-repeat":"repeat","background-position":"center center","background-size":"auto","background-attachment":"scroll","background-type":"","background-media":"","overlay-type":"","overlay-color":"","overlay-opacity":"","overlay-gradient":""},"mobile":{"background-color":"","background-image":"","background-repeat":"repeat","background-position":"center center","background-size":"auto","background-attachment":"scroll","background-type":"","background-media":"","overlay-type":"","overlay-color":"","overlay-opacity":"","overlay-gradient":""}},"ast-content-background-meta":{"desktop":{"background-color":"var(--ast-global-color-5)","background-image":"","background-repeat":"repeat","background-position":"center center","background-size":"auto","background-attachment":"scroll","background-type":"","background-media":"","overlay-type":"","overlay-color":"","overlay-opacity":"","overlay-gradient":""},"tablet":{"background-color":"var(--ast-global-color-5)","background-image":"","background-repeat":"repeat","background-position":"center center","background-size":"auto","background-attachment":"scroll","background-type":"","background-media":"","overlay-type":"","overlay-color":"","overlay-opacity":"","overlay-gradient":""},"mobile":{"background-color":"var(--ast-global-color-5)","background-image":"","background-repeat":"repeat","background-position":"center center","background-size":"auto","background-attachment":"scroll","background-type":"","background-media":"","overlay-type":"","overlay-color":"","overlay-opacity":"","overlay-gradient":""}},"footnotes":""},"class_list":["post-81","page","type-page","status-publish","hentry"],"post_mailing_queue_ids":[],"_links":{"self":[{"href":"https:\/\/agora.xtec.cat\/cfa-tremp\/wp-json\/wp\/v2\/pages\/81","targetHints":{"allow":["GET"]}}],"collection":[{"href":"https:\/\/agora.xtec.cat\/cfa-tremp\/wp-json\/wp\/v2\/pages"}],"about":[{"href":"https:\/\/agora.xtec.cat\/cfa-tremp\/wp-json\/wp\/v2\/types\/page"}],"author":[{"embeddable":true,"href":"https:\/\/agora.xtec.cat\/cfa-tremp\/wp-json\/wp\/v2\/users\/1"}],"replies":[{"embeddable":true,"href":"https:\/\/agora.xtec.cat\/cfa-tremp\/wp-json\/wp\/v2\/comments?post=81"}],"version-history":[{"count":7,"href":"https:\/\/agora.xtec.cat\/cfa-tremp\/wp-json\/wp\/v2\/pages\/81\/revisions"}],"predecessor-version":[{"id":2206,"href":"https:\/\/agora.xtec.cat\/cfa-tremp\/wp-json\/wp\/v2\/pages\/81\/revisions\/2206"}],"wp:attachment":[{"href":"https:\/\/agora.xtec.cat\/cfa-tremp\/wp-json\/wp\/v2\/media?parent=81"}],"curies":[{"name":"wp","href":"https:\/\/api.w.org\/{rel}","templated":true}]}}