{"id":57,"date":"2014-09-17T17:01:07","date_gmt":"2014-09-17T17:01:07","guid":{"rendered":"http:\/\/agora.xtec.cat\/cfa-tremp\/?page_id=57"},"modified":"2025-09-16T20:06:49","modified_gmt":"2025-09-16T18:06:49","slug":"projecte-educatiu","status":"publish","type":"page","link":"https:\/\/agora.xtec.cat\/cfa-tremp\/projecte-educatiu\/","title":{"rendered":"Documents de centre"},"content":{"rendered":"<div class=\"container-wrapper-genially\" style=\"position: relative; min-height: 400px; max-width: 100%;\">\n<header class=\"entry-header\">\n<h1 class=\"entry-title\"><\/h1>\n<table style=\"border-collapse: collapse; width: 86.2426%; height: 51px;\">\n<tbody>\n<tr>\n<td style=\"width: 18.4391%;\">\n<h1 class=\"entry-title\"><a href=\"https:\/\/agora.xtec.cat\/cfa-tremp\/wp-content\/uploads\/usu1076\/2025\/09\/Captura.png\"><img loading=\"lazy\" decoding=\"async\" class=\"wp-image-2136 alignnone\" src=\"https:\/\/agora.xtec.cat\/cfa-tremp\/wp-content\/uploads\/usu1076\/2025\/09\/Captura.png\" alt=\"\" width=\"183\" height=\"264\" srcset=\"https:\/\/agora.xtec.cat\/cfa-tremp\/wp-content\/uploads\/usu1076\/2025\/09\/Captura.png 308w, https:\/\/agora.xtec.cat\/cfa-tremp\/wp-content\/uploads\/usu1076\/2025\/09\/Captura-208x300.png 208w\" sizes=\"auto, (max-width: 183px) 100vw, 183px\" \/><\/a><\/h1>\n<\/td>\n<td style=\"width: 81.5609%;\">\n<h5 class=\"entry-title\"><a href=\"https:\/\/drive.google.com\/file\/d\/1DnG_8AvU-ypziM7Wq6sTox3yE9osP5i3\/view?usp=sharing\" target=\"_blank\" rel=\"noopener\">GUIA DE L&#8217;ALUMNE:<\/a><span style=\"font-weight: 400; font-size: 16px;\"> Document per a tot l&#8217;alumnat del centre que permet con\u00e8ixer els serveis i les normes del centre.<\/span><\/h5>\n<\/td>\n<\/tr>\n<tr>\n<td style=\"width: 18.4391%;\">\n<h1 class=\"entry-title\"><a style=\"font-size: 16px; font-style: normal; font-weight: 400; transition-property: all; color: #3a3a3a;\" href=\"https:\/\/agora.xtec.cat\/cfa-tremp\/wp-content\/uploads\/usu1076\/2025\/07\/documentacio.png\"><img loading=\"lazy\" decoding=\"async\" class=\"size-full wp-image-2043 alignleft\" src=\"https:\/\/agora.xtec.cat\/cfa-tremp\/wp-content\/uploads\/usu1076\/2025\/07\/documentacio.png\" alt=\"\" width=\"242\" height=\"287\" \/><\/a><\/h1>\n<\/td>\n<td style=\"width: 81.5609%;\">D\u2019acord amb la\u00a0<a href=\"http:\/\/www20.gencat.cat\/portal\/site\/portaljuridic\/menuitem.d15a4e5dfb99396dc366ec10b0c0e1a0\/?vgnextoid=b85297b5a87d6210VgnVCM1000000b0c1e0aRCRD&amp;vgnextchannel=b85297b5a87d6210VgnVCM1000000b0c1e0aRCRD&amp;vgnextfmt=default&amp;action=fitxa&amp;portalId=1&amp;documentId=480169&amp;newLang=ca_ES#fragment-1182442\">Llei d\u2019Ed<\/a><a href=\"http:\/\/www20.gencat.cat\/portal\/site\/portaljuridic\/menuitem.d15a4e5dfb99396dc366ec10b0c0e1a0\/?vgnextoid=b85297b5a87d6210VgnVCM1000000b0c1e0aRCRD&amp;vgnextchannel=b85297b5a87d6210VgnVCM1000000b0c1e0aRCRD&amp;vgnextfmt=default&amp;action=fitxa&amp;portalId=1&amp;documentId=480169&amp;newLang=ca_ES#fragment-1182442\">ucaci\u00f3 de Catalunya<\/a>, el projecte educatiu de centre incorpora el car\u00e0cter propi del centre i t\u00e9 el contingut seg\u00fcent:<\/p>\n<ul>\n<li>Criteris d\u2019ordenaci\u00f3 pedag\u00f2gica, prioritats i plantejaments educatius, procediments d\u2019inclusi\u00f3 i altres actuacions que caracteritzen el centre.<\/li>\n<li>Trets d&#8217;identitat i objectius de centre en base els Objectius de Desenvolupament Sostenible<\/li>\n<li>Indicadors de progr\u00e9s i proc\u00e9s<\/li>\n<li>Concreci\u00f3 i desenvolupament dels curr\u00edculums.<\/li>\n<li>Criteris que defineixen l\u2019estructura organitzativa<\/li>\n<\/ul>\n<\/td>\n<\/tr>\n<\/tbody>\n<\/table>\n<h1 class=\"entry-title\">\u00a0<span style=\"font-size: 16px;\">\u00a0<\/span><\/h1>\n<\/header>\n<div class=\"entry-content\">\n<table style=\"border-collapse: collapse; width: 100%;\">\n<tbody>\n<tr>\n<td style=\"width: 20%; text-align: center;\"><a href=\"https:\/\/drive.google.com\/file\/d\/15mAMI7S35PZ2jWw62fvdxm9yzueC9YKs\/view?usp=sharing\" target=\"_blank\" rel=\"noopener\"><strong>Projecte educatiu de centre<\/strong><\/a><\/td>\n<td style=\"width: 20%; text-align: center;\"><a href=\"https:\/\/drive.google.com\/file\/d\/10lAQeHPXrtAP4ZRvKwIoB9sLH5bugtgk\/view?usp=sharing\" target=\"_blank\" rel=\"noopener\"><strong>Normes d&#8217;organitzaci\u00f3 i funcionament<\/strong><\/a><\/td>\n<td style=\"width: 20%; text-align: center;\"><a href=\"https:\/\/drive.google.com\/file\/d\/1cVzbbnBOveoftgDdHqVfm1g3QeQTw2KQ\/view?usp=sharing\" target=\"_blank\" rel=\"noopener\"><strong>Projecte de Direcci\u00f3 25-29<\/strong><\/a><\/td>\n<td style=\"width: 20%; text-align: center;\"><a href=\"https:\/\/drive.google.com\/file\/d\/1SrAr5tbMNR9u3-jSXP74k4EBvbmbxWyQ\/view?usp=sharing\" target=\"_blank\" rel=\"noopener\"><strong>Pla de comunicaci\u00f3<\/strong><\/a><\/td>\n<td style=\"width: 20%; text-align: center;\"><a href=\"https:\/\/drive.google.com\/file\/d\/15lAyFYZ6cEBobEOCAWExgnTvmqkTk6zV\/view?usp=sharing\" target=\"_blank\" rel=\"noopener\"><strong>Projecte Ling\u00fc\u00edstic<\/strong><\/a><\/td>\n<\/tr>\n<\/tbody>\n<\/table>\n<\/div>\n<\/div>\n","protected":false},"excerpt":{"rendered":"<p>GUIA DE L&#8217;ALUMNE: Document per a tot l&#8217;alumnat del centre que permet con\u00e8ixer els serveis i les normes del centre. D\u2019acord amb la\u00a0Llei d\u2019Educaci\u00f3 de Catalunya, el projecte educatiu de centre incorpora el car\u00e0cter propi del centre i t\u00e9 el contingut seg\u00fcent: Criteris d\u2019ordenaci\u00f3 pedag\u00f2gica, prioritats i plantejaments educatius, procediments d\u2019inclusi\u00f3 i altres actuacions que [&hellip;]<\/p>\n","protected":false},"author":1,"featured_media":0,"parent":0,"menu_order":0,"comment_status":"closed","ping_status":"closed","template":"","meta":{"site-sidebar-layout":"default","site-content-layout":"","ast-site-content-layout":"default","site-content-style":"default","site-sidebar-style":"default","ast-global-header-display":"","ast-banner-title-visibility":"","ast-main-header-display":"","ast-hfb-above-header-display":"","ast-hfb-below-header-display":"","ast-hfb-mobile-header-display":"","site-post-title":"","ast-breadcrumbs-content":"","ast-featured-img":"","footer-sml-layout":"","theme-transparent-header-meta":"default","adv-header-id-meta":"","stick-header-meta":"","header-above-stick-meta":"","header-main-stick-meta":"","header-below-stick-meta":"","astra-migrate-meta-layouts":"set","ast-page-background-enabled":"default","ast-page-background-meta":{"desktop":{"background-color":"var(--ast-global-color-4)","background-image":"","background-repeat":"repeat","background-position":"center center","background-size":"auto","background-attachment":"scroll","background-type":"","background-media":"","overlay-type":"","overlay-color":"","overlay-opacity":"","overlay-gradient":""},"tablet":{"background-color":"","background-image":"","background-repeat":"repeat","background-position":"center center","background-size":"auto","background-attachment":"scroll","background-type":"","background-media":"","overlay-type":"","overlay-color":"","overlay-opacity":"","overlay-gradient":""},"mobile":{"background-color":"","background-image":"","background-repeat":"repeat","background-position":"center center","background-size":"auto","background-attachment":"scroll","background-type":"","background-media":"","overlay-type":"","overlay-color":"","overlay-opacity":"","overlay-gradient":""}},"ast-content-background-meta":{"desktop":{"background-color":"var(--ast-global-color-5)","background-image":"","background-repeat":"repeat","background-position":"center center","background-size":"auto","background-attachment":"scroll","background-type":"","background-media":"","overlay-type":"","overlay-color":"","overlay-opacity":"","overlay-gradient":""},"tablet":{"background-color":"var(--ast-global-color-5)","background-image":"","background-repeat":"repeat","background-position":"center center","background-size":"auto","background-attachment":"scroll","background-type":"","background-media":"","overlay-type":"","overlay-color":"","overlay-opacity":"","overlay-gradient":""},"mobile":{"background-color":"var(--ast-global-color-5)","background-image":"","background-repeat":"repeat","background-position":"center center","background-size":"auto","background-attachment":"scroll","background-type":"","background-media":"","overlay-type":"","overlay-color":"","overlay-opacity":"","overlay-gradient":""}},"footnotes":""},"class_list":["post-57","page","type-page","status-publish","hentry"],"post_mailing_queue_ids":[],"_links":{"self":[{"href":"https:\/\/agora.xtec.cat\/cfa-tremp\/wp-json\/wp\/v2\/pages\/57","targetHints":{"allow":["GET"]}}],"collection":[{"href":"https:\/\/agora.xtec.cat\/cfa-tremp\/wp-json\/wp\/v2\/pages"}],"about":[{"href":"https:\/\/agora.xtec.cat\/cfa-tremp\/wp-json\/wp\/v2\/types\/page"}],"author":[{"embeddable":true,"href":"https:\/\/agora.xtec.cat\/cfa-tremp\/wp-json\/wp\/v2\/users\/1"}],"replies":[{"embeddable":true,"href":"https:\/\/agora.xtec.cat\/cfa-tremp\/wp-json\/wp\/v2\/comments?post=57"}],"version-history":[{"count":6,"href":"https:\/\/agora.xtec.cat\/cfa-tremp\/wp-json\/wp\/v2\/pages\/57\/revisions"}],"predecessor-version":[{"id":2142,"href":"https:\/\/agora.xtec.cat\/cfa-tremp\/wp-json\/wp\/v2\/pages\/57\/revisions\/2142"}],"wp:attachment":[{"href":"https:\/\/agora.xtec.cat\/cfa-tremp\/wp-json\/wp\/v2\/media?parent=57"}],"curies":[{"name":"wp","href":"https:\/\/api.w.org\/{rel}","templated":true}]}}