{"id":316,"date":"2015-01-28T11:33:51","date_gmt":"2015-01-28T10:33:51","guid":{"rendered":"http:\/\/agora.xtec.cat\/cfa-tremp\/?page_id=316"},"modified":"2025-06-23T12:21:41","modified_gmt":"2025-06-23T10:21:41","slug":"competencia-digital-competic","status":"publish","type":"page","link":"https:\/\/agora.xtec.cat\/cfa-tremp\/pagines-dinici\/ensenyaments\/ensenyaments-transprofessionals\/competencia-digital-competic\/","title":{"rendered":"Inform\u00e0tica: COMPETIC"},"content":{"rendered":"<p class=\"titol\"><img loading=\"lazy\" decoding=\"async\" class=\"\" style=\"font-family: inherit; font-size: 1em;\" src=\"http:\/\/xtec.gencat.cat\/web\/.content\/curriculum\/educacioadults\/Imatges\/actic.png_2147148254.png\" alt=\"Resultat d'imatges de educaci\u00c3\u00b3 adults\" width=\"108\" height=\"108\" \/><strong style=\"font-family: inherit; font-size: 1em;\"><span class=\"Estilo17\"><img loading=\"lazy\" decoding=\"async\" class=\"\" src=\"http:\/\/agora.xtec.cat\/cfa-tremp\/wp-content\/uploads\/usu1076\/2017\/09\/ensenyament.png\" alt=\"Resultat d'imatges de educaci\u00c3\u00b3 adults\" width=\"109\" height=\"109\" \/> \u00a0 \u00a0<\/span><\/strong><span style=\"font-size: 2.75em; font-weight: bold;\">COMPETIC<a href=\"https:\/\/agora.xtec.cat\/cfa-tremp\/wp-content\/uploads\/usu1076\/2025\/06\/OFERTA-EDUCATIVA-25-26-3.png\"><img loading=\"lazy\" decoding=\"async\" class=\"aligncenter size-large wp-image-2011\" src=\"https:\/\/agora.xtec.cat\/cfa-tremp\/wp-content\/uploads\/usu1076\/2025\/06\/OFERTA-EDUCATIVA-25-26-3-1024x724.png\" alt=\"\" width=\"1024\" height=\"724\" srcset=\"https:\/\/agora.xtec.cat\/cfa-tremp\/wp-content\/uploads\/usu1076\/2025\/06\/OFERTA-EDUCATIVA-25-26-3-1024x724.png 1024w, https:\/\/agora.xtec.cat\/cfa-tremp\/wp-content\/uploads\/usu1076\/2025\/06\/OFERTA-EDUCATIVA-25-26-3-300x212.png 300w, https:\/\/agora.xtec.cat\/cfa-tremp\/wp-content\/uploads\/usu1076\/2025\/06\/OFERTA-EDUCATIVA-25-26-3-768x543.png 768w, https:\/\/agora.xtec.cat\/cfa-tremp\/wp-content\/uploads\/usu1076\/2025\/06\/OFERTA-EDUCATIVA-25-26-3-1536x1086.png 1536w, https:\/\/agora.xtec.cat\/cfa-tremp\/wp-content\/uploads\/usu1076\/2025\/06\/OFERTA-EDUCATIVA-25-26-3-2048x1448.png 2048w\" sizes=\"auto, (max-width: 1024px) 100vw, 1024px\" \/><\/a><a href=\"https:\/\/agora.xtec.cat\/cfa-tremp\/wp-content\/uploads\/usu1076\/2025\/06\/OFERTA-EDUCATIVA-25-26-4-1.png\"><img loading=\"lazy\" decoding=\"async\" class=\"aligncenter size-large wp-image-2014\" src=\"https:\/\/agora.xtec.cat\/cfa-tremp\/wp-content\/uploads\/usu1076\/2025\/06\/OFERTA-EDUCATIVA-25-26-4-1-1024x724.png\" alt=\"\" width=\"1024\" height=\"724\" srcset=\"https:\/\/agora.xtec.cat\/cfa-tremp\/wp-content\/uploads\/usu1076\/2025\/06\/OFERTA-EDUCATIVA-25-26-4-1-1024x724.png 1024w, https:\/\/agora.xtec.cat\/cfa-tremp\/wp-content\/uploads\/usu1076\/2025\/06\/OFERTA-EDUCATIVA-25-26-4-1-300x212.png 300w, https:\/\/agora.xtec.cat\/cfa-tremp\/wp-content\/uploads\/usu1076\/2025\/06\/OFERTA-EDUCATIVA-25-26-4-1-768x543.png 768w, https:\/\/agora.xtec.cat\/cfa-tremp\/wp-content\/uploads\/usu1076\/2025\/06\/OFERTA-EDUCATIVA-25-26-4-1-1536x1086.png 1536w, https:\/\/agora.xtec.cat\/cfa-tremp\/wp-content\/uploads\/usu1076\/2025\/06\/OFERTA-EDUCATIVA-25-26-4-1-2048x1448.png 2048w\" sizes=\"auto, (max-width: 1024px) 100vw, 1024px\" \/><\/a><\/span><\/p>\n<div><\/div>\n<div class=\"entry-content\">\n<p>&nbsp;<\/p>\n<p>Els ensenyaments d\u2019inform\u00e0tica a l\u2019educaci\u00f3 d\u2019adults \u2014<strong>COMPETIC<\/strong>\u2014\u00a0tenen com objectiu facilitar l\u2019adquisici\u00f3 de la\u00a0<strong>compet\u00e8ncia digital<\/strong>, entesa com la combinaci\u00f3 de coneixements, habilitats i actituds en l\u2019\u00e0mbit de les tecnologies de la informaci\u00f3 i la comunicaci\u00f3 (TIC) per desenvolupar-se en la societat actual.<\/p>\n<p>Les compet\u00e8ncies que\u00a0s\u2019hi treballen s\u00f3n les seg\u00fcents:<\/p>\n<table>\n<tbody>\n<tr>\n<td>C1: Cultura, participaci\u00f3 i civisme digital.<\/td>\n<\/tr>\n<tr>\n<td>C2: Tecnologia digital, \u00fas de l\u2019ordinador i del sistema operatiu.<\/td>\n<\/tr>\n<tr>\n<td>C3: Navegaci\u00f3 i comunicaci\u00f3 en el m\u00f3n digital.<\/td>\n<\/tr>\n<tr>\n<td>C4: Tractament de la informaci\u00f3 escrita.<\/td>\n<\/tr>\n<tr>\n<td>C5: Tractament de la informaci\u00f3 gr\u00e0fica, sonora i de la imatge en moviment.<\/td>\n<\/tr>\n<tr>\n<td>C6: Tractament de la informaci\u00f3 num\u00e8rica.<\/td>\n<\/tr>\n<tr>\n<td>C7: Tractament de les dades.<\/td>\n<\/tr>\n<tr>\n<td>C8: Presentaci\u00f3 de continguts.<\/td>\n<\/tr>\n<\/tbody>\n<\/table>\n<p>Aquests ensenyaments\u00a0s\u2019estructuren en\u00a0<strong>quatre cursos<\/strong>, als quals\u00a0s\u2019hi treballen les diferents compet\u00e8ncies d\u2019acord amb la distribuci\u00f3 seg\u00fcent:<\/p>\n<table>\n<tbody>\n<tr>\n<td style=\"width: 137px;\"><\/td>\n<td style=\"width: 38px;\"><strong>C1<\/strong><\/td>\n<td style=\"width: 38px;\"><strong>C2<\/strong><\/td>\n<td style=\"width: 38px;\"><strong>C3<\/strong><\/td>\n<td style=\"width: 38px;\"><strong>C4<\/strong><\/td>\n<td style=\"width: 38px;\"><strong>C5<\/strong><\/td>\n<td style=\"width: 38px;\"><strong>C6<\/strong><\/td>\n<td style=\"width: 38px;\"><strong>C7<\/strong><\/td>\n<td style=\"width: 38px;\"><strong>C8<\/strong><\/td>\n<\/tr>\n<tr>\n<td style=\"width: 137px;\"><strong><b>Competic<\/b> Inicial<\/strong><\/td>\n<td style=\"width: 38px;\"><\/td>\n<td style=\"width: 38px;\"><strong>\u00a0X<\/strong><\/td>\n<td style=\"width: 38px;\"><strong>\u00a0X<\/strong><\/td>\n<td style=\"width: 38px;\"><strong>X\u00a0<\/strong><\/td>\n<\/tr>\n<tr>\n<td style=\"width: 137px;\"><strong><b>Competic<\/b> 1<\/strong><\/td>\n<td style=\"width: 38px;\"><b>X<\/b><\/td>\n<td style=\"width: 38px;\"><strong>X\u00a0<\/strong><\/td>\n<td style=\"width: 38px;\"><strong>\u00a0X<\/strong><\/td>\n<\/tr>\n<tr>\n<td style=\"width: 137px;\"><strong><b>Competic<\/b> 2<\/strong><\/td>\n<td style=\"width: 38px;\"><strong>\u00a0X<\/strong><\/td>\n<td style=\"width: 38px;\"><strong>\u00a0X<\/strong><\/td>\n<td style=\"width: 38px;\"><strong>X\u00a0<\/strong><\/td>\n<td style=\"width: 38px;\"><strong>\u00a0X<\/strong><\/td>\n<td style=\"width: 38px;\"><strong>\u00a0X<\/strong><\/td>\n<td style=\"width: 38px;\"><strong>X\u00a0<\/strong><\/td>\n<td style=\"width: 38px;\"><strong>\u00a0X<\/strong><\/td>\n<td style=\"width: 38px;\"><strong>X\u00a0<\/strong><\/td>\n<\/tr>\n<tr>\n<td style=\"width: 137px;\"><strong><b>Competic<\/b> 3<\/strong><\/td>\n<td style=\"width: 38px;\"><strong>\u00a0X<\/strong><\/td>\n<td style=\"width: 38px;\"><strong>\u00a0X<\/strong><\/td>\n<td style=\"width: 38px;\"><strong>X\u00a0<\/strong><\/td>\n<td style=\"width: 38px;\"><strong>X\u00a0<\/strong><\/td>\n<td style=\"width: 38px;\"><strong>\u00a0X<\/strong><\/td>\n<\/tr>\n<\/tbody>\n<\/table>\n<\/div>\n<div class=\"entry-content\">\n<p><strong style=\"font-family: inherit; font-size: 1em; color: #222222;\">Horaris del curs\u00a0<\/strong><\/p>\n<table style=\"width: 99.5828%; height: 164px;\">\n<tbody>\n<tr style=\"height: 45px;\">\n<td style=\"width: 35.2722%; height: 45px;\"><b> Competic 1<\/b><\/td>\n<td style=\"width: 13.8259%; height: 45px;\"><b> 105 h<\/b><\/td>\n<td style=\"width: 83.7594%; height: 45px;\"><b>Dimarts i dijous:\u00a0<\/b>15:30 &#8211; 17;00<\/td>\n<\/tr>\n<tr style=\"height: 31px;\">\n<td style=\"width: 35.2722%; height: 31px;\"><b> Competic 2<\/b><\/td>\n<td style=\"width: 13.8259%; height: 31px;\"><b> 140 h<\/b><\/td>\n<td style=\"width: 83.7594%; height: 31px;\"><b>Dilluns i Dimecres:\u00a0<\/b>15:30 &#8211; 17:30<\/td>\n<\/tr>\n<tr style=\"height: 57px;\">\n<td style=\"width: 35.2722%; height: 57px;\"><b> Competic 3<\/b><\/td>\n<td style=\"width: 13.8259%; height: 57px;\"><b> 105 h<\/b><\/td>\n<td style=\"width: 83.7594%; height: 57px;\"><b>Dimarts i Dijous:\u00a0<\/b>18:30 &#8211; 20:00<\/p>\n<ul>\n<li><strong>1r. Trimestre: <\/strong> C4: Tractament de la informaci\u00f3 escrita<\/li>\n<li><strong>2n. Trimestre: <\/strong>C5: Tractament de la informaci\u00f3 gr\u00e0fica, sonora i de la imatge en moviment.<\/li>\n<li><strong>3r Trimestre:\u00a0<\/strong>C8: Presentaci\u00f3 de continguts<\/li>\n<\/ul>\n<\/td>\n<\/tr>\n<tr>\n<td style=\"width: 35.2722%;\"><b>Competic 2 i 3 telem\u00e0tic<\/b><\/td>\n<td style=\"width: 13.8259%;\"><b>140 h i 105 h respectivament<\/b><\/td>\n<td style=\"width: 83.7594%;\"><b>Cada alumne realitza les tasques a casa sense horari establert, per\u00f2 dins dels terminis que la professora estipula.<\/b><\/td>\n<\/tr>\n<\/tbody>\n<\/table>\n<p><a href=\"https:\/\/agora.xtec.cat\/cfa-tremp\/wp-content\/uploads\/usu1076\/2023\/01\/COMPETIC-3.jpg\"><img loading=\"lazy\" decoding=\"async\" class=\"aligncenter size-medium wp-image-1624\" src=\"https:\/\/agora.xtec.cat\/cfa-tremp\/wp-content\/uploads\/usu1076\/2023\/01\/COMPETIC-3-300x223.jpg\" alt=\"\" width=\"300\" height=\"223\" srcset=\"https:\/\/agora.xtec.cat\/cfa-tremp\/wp-content\/uploads\/usu1076\/2023\/01\/COMPETIC-3-300x223.jpg 300w, https:\/\/agora.xtec.cat\/cfa-tremp\/wp-content\/uploads\/usu1076\/2023\/01\/COMPETIC-3-768x570.jpg 768w, https:\/\/agora.xtec.cat\/cfa-tremp\/wp-content\/uploads\/usu1076\/2023\/01\/COMPETIC-3-200x150.jpg 200w, https:\/\/agora.xtec.cat\/cfa-tremp\/wp-content\/uploads\/usu1076\/2023\/01\/COMPETIC-3.jpg 828w\" sizes=\"auto, (max-width: 300px) 100vw, 300px\" \/><\/a><\/p>\n<p><strong style=\"font-family: inherit; font-size: 1em;\"><span class=\"Estilo17\">Ensenyaments<\/span> d&#8217;inform\u00e0tica a l&#8217;educaci\u00f3 d&#8217;adults<\/strong><\/p>\n<\/div>\n<p class=\"Estilo13\">Els ensenyaments d&#8217;inform\u00e0tica a l&#8217;educaci\u00f3 d&#8217;adults queden regulats per la <a href=\"http:\/\/www20.gencat.cat\/docs\/Educacio\/Home\/Departament\/Normativa\/Dispo%20no%20publicades\/ResolucioCOMPETIC_07_05_10.pdf\">Resoluci\u00f3<\/a><a href=\"http:\/\/www20.gencat.cat\/docs\/Educacio\/Home\/Departament\/Normativa\/Dispo%20no%20publicades\/ResolucioCOMPETIC_07_05_10.pdf\" target=\"_blank\" rel=\"noopener noreferrer\"> de 7 de maig de 2010<\/a>, que modifica la resoluci\u00f3 de 14 de maig de 2007, per la qual s\u2019estableixen els objectius i continguts dels ensenyaments inicials i b\u00e0sics i de les compet\u00e8ncies per a la societat de la informaci\u00f3, d\u2019aplicaci\u00f3 a la xarxa de centres i aules de formaci\u00f3 de persones adultes, de titularitat de la Generalitat de Catalunya.<\/p>\n<p class=\"Estilo22\">Bloc d\u2019ensenyaments inicials i b\u00e0sics de l\u2019educaci\u00f3 de persones adultes<\/p>\n<p class=\"Estilo13\">Ensenyament: <strong>Inform\u00e0tica<\/strong>. S&#8217;estructura:<\/p>\n<blockquote>\n<p class=\"Estilo21\"><a href=\"http:\/\/agora.xtec.cat\/cfa-tremp\/ensenyaments\/ensenyaments-transprofessionals\/competic-inicial\/\"><strong>Curs COMPETIC inicial<\/strong><\/a><\/p>\n<p class=\"Estilo21\"><a href=\"http:\/\/agora.xtec.cat\/cfa-tremp\/ensenyaments\/ensenyaments-transprofessionals\/competencia-digital-competic\/competic-1\/\"><strong>Curs COMPETIC 1: equival i certifica l&#8217;Actic b\u00e0sic<\/strong><\/a><\/p>\n<p class=\"Estilo21\"><a href=\"http:\/\/agora.xtec.cat\/cfa-tremp\/ensenyaments\/ensenyaments-transprofessionals\/competencia-digital-competic\/competic-2\/\"><strong><span class=\"Estilo6\">Curs COMPETIC 2: equival i certifica l&#8217;Actic mitj\u00e0<\/span><\/strong><\/a><\/p>\n<p class=\"Estilo21\"><a href=\"http:\/\/agora.xtec.cat\/cfa-tremp\/ensenyaments\/ensenyaments-transprofessionals\/competencia-digital-competic\/competic-3\/\"><strong><span class=\"Estilo6\">Curs COMPETIC 3. equival i certifica l&#8217;Actic avan\u00e7at<\/span><\/strong><\/a><\/p>\n<div class=\"entry-content\">\n<table class=\" alignright\" style=\"height: 62px; width: 22.7132%; border-collapse: collapse; background-color: #8adee6;\">\n<tbody>\n<tr style=\"height: 37px;\">\n<td style=\"width: 100%; text-align: center; height: 37px;\">\n<h4><span style=\"color: #000000;\"><a style=\"color: #000000;\" href=\"https:\/\/forms.gle\/rQZDc5s1rR3aVwH8A\"><strong>PROVA DE\u00a0NIVELL<\/strong><\/a><\/span><\/h4>\n<\/td>\n<\/tr>\n<\/tbody>\n<\/table>\n<\/div>\n<p>&nbsp;<\/p>\n<div class=\"entry-content\">\n<blockquote>\n<p class=\"Estilo21\"><span style=\"font-family: inherit; font-size: 1em; text-align: right; color: #222222;\">Per m\u00e9s informaci\u00f3. <\/span><a style=\"font-family: inherit; font-size: 1em; text-align: right;\" href=\"https:\/\/projectes.xtec.cat\/xarxadults\/nivells\/\">Xarxa adults<\/a><\/p>\n<\/blockquote>\n<p>&nbsp;<\/p>\n<\/div>\n<\/blockquote>\n<h3><strong>Normativa<\/strong><\/h3>\n<p><a href=\"http:\/\/portaldogc.gencat.cat\/utilsEADOP\/PDF\/7604\/1671287.pdf\" target=\"_blank\" rel=\"noopener noreferrer\">RESOLUCI\u00d3 ENS\/771\/2018, de 16 d\u2019abril<\/a>, per la qual es determinen els requisits que ha de tenir el professorat per impartir els ensenyaments COMPETIC en els centres de formaci\u00f3 de persones adultes del Departament d\u2019Ensenyament i s\u2019estableix el per\u00edode i el procediment d\u2019acreditaci\u00f3 d\u2019aquest professorat en el cas que no tingui les titulacions requerides.<\/p>\n<p><a href=\"http:\/\/portaldogc.gencat.cat\/utilsEADOP\/PDF\/7580\/1665556.pdf\" target=\"_blank\" rel=\"noopener noreferrer\">RESOLUCI\u00d3 ENS\/447\/2018, de 12 de mar\u00e7<\/a>,<b>\u00a0<\/b>de modificaci\u00f3 de la Resoluci\u00f3 de 23 d\u2019abril de 2014, per la qual s\u2019estableix el procediment d\u2019avaluaci\u00f3 i certificaci\u00f3 dels ensenyaments de compet\u00e8ncia digital a l\u2019educaci\u00f3 d\u2019adults.<\/p>\n<p><a href=\"http:\/\/actic.gencat.cat\/web\/.content\/01_informacio\/documents\/arxius\/O-PRE_206_2017-equival_COMPETIC.pdf\" target=\"_blank\" rel=\"nofollow noopener noreferrer\">ORDRE PRE\/206\/2017, de 4 de setembre<\/a>, de reconeixement de l\u2019equival\u00e8ncia entre els certificats de compet\u00e8ncia digital de l\u2019educaci\u00f3 de persones adultes (COMPETIC) i els certificats d\u2019acreditaci\u00f3 de compet\u00e8ncies en tecnologies de la informaci\u00f3 i la comunicaci\u00f3 (ACTIC).<\/p>\n<p><a href=\"http:\/\/educacio.gencat.cat\/documents\/IPCNormativa\/DisposicionsInternes\/Resolucio_competic.pdf\" target=\"_blank\" rel=\"nofollow noopener noreferrer\">RESOLUCI\u00d3 de 14 de juny de 2016 de modificaci\u00f3 de la Resoluci\u00f3 de 19 de juny de\u00a0 2012<\/a>,\u00a0 per\u00a0 la\u00a0 qual\u00a0 s\u2019estableixen\u00a0 els\u00a0 curr\u00edculums\u00a0 dels\u00a0 ensenyaments\u00a0 d\u2019inform\u00e0tica\u00a0 d\u2019aplicaci\u00f3 a la xarxa de centres i aules de formaci\u00f3 de persones adultes dependents del Departament d\u2019Ensenyament i els centres municipals autoritzats pel Departament.<\/p>\n<p><a href=\"http:\/\/acticweb.gencat.cat\/web\/.content\/01_informacio\/documents\/arxius\/Ordre-PRE182016.pdf\" target=\"_blank\" rel=\"nofollow noopener noreferrer\">ORDRE PRE\/18\/2016, de 8 de febrer de 2016<\/a>, per la qual es revisen i s\u2019actualitzen els continguts de les compet\u00e8ncies digitals detallats a l\u2019annex 2 del Decret 89\/2009, de 9 de juny, pel qual es regula l\u2019acreditaci\u00f3 de compet\u00e8ncies en tecnologies de la informaci\u00f3 i la comunicaci\u00f3 (ACTIC).<\/p>\n<p><a href=\"http:\/\/www20.gencat.cat\/portal\/site\/portaldogc\/menuitem.c973d2fc58aa0083e4492d92b0c0e1a0\/?vgnextoid=485946a6e5dfe210VgnVCM1000000b0c1e0aRCRD&amp;appInstanceName=default&amp;action=fitxa&amp;documentId=661212&amp;language=ca_ES\" target=\"_blank\" rel=\"nofollow noopener noreferrer\">RESOLUCI\u00d3 ENS\/924\/2014, de 23 d\u2019abril<\/a>,\u00a0per la qual s\u2019estableix el procediment d\u2019avaluaci\u00f3 i certificaci\u00f3 dels ensenyaments de compet\u00e8ncia digital a l\u2019educaci\u00f3 d\u2019adults.\u00a0(DOGC n\u00fam. 6614, de\u00a02.5.2014)<\/p>\n<p><a href=\"http:\/\/dogc.gencat.cat\/ca\/pdogc_canals_interns\/pdogc_resultats_fitxa\/?documentId=649126&amp;language=ca_ES&amp;action=fitxa\" target=\"_blank\" rel=\"nofollow noopener noreferrer\">ORDRE ENS\/290\/2013, de 12 de novembre de 2013<\/a>, per la qual s\u2019estableix l\u2019equival\u00e8ncia entre els certificats de compet\u00e8ncia digital (COMPETIC) de l\u2019educaci\u00f3 de persones adultes i els certificats de l\u2019acreditaci\u00f3 de compet\u00e8ncies en tecnologies de la informaci\u00f3 i la comunicaci\u00f3 (ACTIC)<\/p>\n<p>El curr\u00edculum de compet\u00e8ncia digital COMPETIC \u00e9s una adaptaci\u00f3 a<a href=\"http:\/\/acticweb.gencat.cat\/web\/.content\/01_informacio\/documents\/arxius\/ordre_emo_417_2012.pdf\" target=\"_blank\" rel=\"nofollow noopener noreferrer\">\u00a0l\u2019ordre EMO\/417\/2012<\/a>, de 27 de novembre, per la qual es revisen i s\u2019actualitzen els continguts de les compet\u00e8ncies digitals detallats en\u00a0<a href=\"http:\/\/ves.cat\/eufZ\" rel=\"nofollow\">l\u2019annex 2 del Decret 89\/2009<\/a>, de 9 de juny, pel qual es regula l\u2019acreditaci\u00f3 de compet\u00e8ncies en tecnologies de la informaci\u00f3 i la comunicaci\u00f3\u00a0<a href=\"http:\/\/ves.cat\/euf6\" rel=\"nofollow\">(ACTIC)<\/a>.<br \/>\nEl curr\u00edculum de compet\u00e8ncia digital COMPETIC s\u2019ha regulat mitjan\u00e7ant la\u00a0<a href=\"http:\/\/educacio.gencat.cat\/documents\/PC\/ComunicacionsCentres\/Curriculums_ensenyaments_informatica.pdf\" rel=\"nofollow\">RESOLUCI\u00d3 de 19 de juny de 2012<\/a>, per la qual s\u2019estableixen els curr\u00edculums dels ensenyaments d\u2019inform\u00e0tica d\u2019aplicaci\u00f3 als centres i aules de formaci\u00f3 de persones adultes,\u00a0que depenen del Departament d\u2019Ensenyament.<\/p>\n","protected":false},"excerpt":{"rendered":"<p>\u00a0 \u00a0COMPETIC &nbsp; Els ensenyaments d\u2019inform\u00e0tica a l\u2019educaci\u00f3 d\u2019adults \u2014COMPETIC\u2014\u00a0tenen com objectiu facilitar l\u2019adquisici\u00f3 de la\u00a0compet\u00e8ncia digital, entesa com la combinaci\u00f3 de coneixements, habilitats i actituds en l\u2019\u00e0mbit de les tecnologies de la informaci\u00f3 i la comunicaci\u00f3 (TIC) per desenvolupar-se en la societat actual. Les compet\u00e8ncies que\u00a0s\u2019hi treballen s\u00f3n les seg\u00fcents: C1: Cultura, participaci\u00f3 i [&hellip;]<\/p>\n","protected":false},"author":1,"featured_media":0,"parent":286,"menu_order":0,"comment_status":"closed","ping_status":"closed","template":"","meta":{"site-sidebar-layout":"default","site-content-layout":"","ast-site-content-layout":"default","site-content-style":"default","site-sidebar-style":"default","ast-global-header-display":"","ast-banner-title-visibility":"","ast-main-header-display":"","ast-hfb-above-header-display":"","ast-hfb-below-header-display":"","ast-hfb-mobile-header-display":"","site-post-title":"","ast-breadcrumbs-content":"","ast-featured-img":"","footer-sml-layout":"","theme-transparent-header-meta":"default","adv-header-id-meta":"","stick-header-meta":"","header-above-stick-meta":"","header-main-stick-meta":"","header-below-stick-meta":"","astra-migrate-meta-layouts":"set","ast-page-background-enabled":"default","ast-page-background-meta":{"desktop":{"background-color":"var(--ast-global-color-4)","background-image":"","background-repeat":"repeat","background-position":"center center","background-size":"auto","background-attachment":"scroll","background-type":"","background-media":"","overlay-type":"","overlay-color":"","overlay-opacity":"","overlay-gradient":""},"tablet":{"background-color":"","background-image":"","background-repeat":"repeat","background-position":"center center","background-size":"auto","background-attachment":"scroll","background-type":"","background-media":"","overlay-type":"","overlay-color":"","overlay-opacity":"","overlay-gradient":""},"mobile":{"background-color":"","background-image":"","background-repeat":"repeat","background-position":"center center","background-size":"auto","background-attachment":"scroll","background-type":"","background-media":"","overlay-type":"","overlay-color":"","overlay-opacity":"","overlay-gradient":""}},"ast-content-background-meta":{"desktop":{"background-color":"var(--ast-global-color-5)","background-image":"","background-repeat":"repeat","background-position":"center center","background-size":"auto","background-attachment":"scroll","background-type":"","background-media":"","overlay-type":"","overlay-color":"","overlay-opacity":"","overlay-gradient":""},"tablet":{"background-color":"var(--ast-global-color-5)","background-image":"","background-repeat":"repeat","background-position":"center center","background-size":"auto","background-attachment":"scroll","background-type":"","background-media":"","overlay-type":"","overlay-color":"","overlay-opacity":"","overlay-gradient":""},"mobile":{"background-color":"var(--ast-global-color-5)","background-image":"","background-repeat":"repeat","background-position":"center center","background-size":"auto","background-attachment":"scroll","background-type":"","background-media":"","overlay-type":"","overlay-color":"","overlay-opacity":"","overlay-gradient":""}},"footnotes":""},"class_list":["post-316","page","type-page","status-publish","hentry"],"post_mailing_queue_ids":[],"_links":{"self":[{"href":"https:\/\/agora.xtec.cat\/cfa-tremp\/wp-json\/wp\/v2\/pages\/316","targetHints":{"allow":["GET"]}}],"collection":[{"href":"https:\/\/agora.xtec.cat\/cfa-tremp\/wp-json\/wp\/v2\/pages"}],"about":[{"href":"https:\/\/agora.xtec.cat\/cfa-tremp\/wp-json\/wp\/v2\/types\/page"}],"author":[{"embeddable":true,"href":"https:\/\/agora.xtec.cat\/cfa-tremp\/wp-json\/wp\/v2\/users\/1"}],"replies":[{"embeddable":true,"href":"https:\/\/agora.xtec.cat\/cfa-tremp\/wp-json\/wp\/v2\/comments?post=316"}],"version-history":[{"count":6,"href":"https:\/\/agora.xtec.cat\/cfa-tremp\/wp-json\/wp\/v2\/pages\/316\/revisions"}],"predecessor-version":[{"id":2015,"href":"https:\/\/agora.xtec.cat\/cfa-tremp\/wp-json\/wp\/v2\/pages\/316\/revisions\/2015"}],"up":[{"embeddable":true,"href":"https:\/\/agora.xtec.cat\/cfa-tremp\/wp-json\/wp\/v2\/pages\/286"}],"wp:attachment":[{"href":"https:\/\/agora.xtec.cat\/cfa-tremp\/wp-json\/wp\/v2\/media?parent=316"}],"curies":[{"name":"wp","href":"https:\/\/api.w.org\/{rel}","templated":true}]}}