{"id":312,"date":"2015-01-28T11:32:38","date_gmt":"2015-01-28T10:32:38","guid":{"rendered":"http:\/\/agora.xtec.cat\/cfa-tremp\/?page_id=312"},"modified":"2025-09-16T17:43:10","modified_gmt":"2025-09-16T15:43:10","slug":"llengua-anglesa","status":"publish","type":"page","link":"https:\/\/agora.xtec.cat\/cfa-tremp\/pagines-dinici\/ensenyaments\/ensenyaments-transprofessionals\/llengua-anglesa\/","title":{"rendered":"Llengua anglesa"},"content":{"rendered":"<p><a href=\"https:\/\/agora.xtec.cat\/cfa-tremp\/wp-content\/uploads\/usu1076\/2025\/06\/OFERTA-EDUCATIVA-25-26-5.png\"><img loading=\"lazy\" decoding=\"async\" class=\"aligncenter size-large wp-image-2016\" src=\"https:\/\/agora.xtec.cat\/cfa-tremp\/wp-content\/uploads\/usu1076\/2025\/06\/OFERTA-EDUCATIVA-25-26-5-1024x724.png\" alt=\"\" width=\"1024\" height=\"724\" srcset=\"https:\/\/agora.xtec.cat\/cfa-tremp\/wp-content\/uploads\/usu1076\/2025\/06\/OFERTA-EDUCATIVA-25-26-5-1024x724.png 1024w, https:\/\/agora.xtec.cat\/cfa-tremp\/wp-content\/uploads\/usu1076\/2025\/06\/OFERTA-EDUCATIVA-25-26-5-300x212.png 300w, https:\/\/agora.xtec.cat\/cfa-tremp\/wp-content\/uploads\/usu1076\/2025\/06\/OFERTA-EDUCATIVA-25-26-5-768x543.png 768w, https:\/\/agora.xtec.cat\/cfa-tremp\/wp-content\/uploads\/usu1076\/2025\/06\/OFERTA-EDUCATIVA-25-26-5-1536x1086.png 1536w, https:\/\/agora.xtec.cat\/cfa-tremp\/wp-content\/uploads\/usu1076\/2025\/06\/OFERTA-EDUCATIVA-25-26-5-2048x1448.png 2048w\" sizes=\"auto, (max-width: 1024px) 100vw, 1024px\" \/><\/a><\/p>\n<table style=\"border-collapse: collapse; width: 100%;\">\n<tbody>\n<tr>\n<td style=\"width: 100%;\"><\/td>\n<\/tr>\n<\/tbody>\n<\/table>\n<p>Aquests estudis permeten que les persones adultes assoleixin un grau de compet\u00e8ncia comunicativa b\u00e0sica en angl\u00e8s.<\/p>\n<p>Els ensenyaments estan distribu\u00efts en tres<strong>\u00a0nivells<\/strong> (angl\u00e8s1, angl\u00e8s 2 i angl\u00e8s 3), que es corresponen amb els nivells A1, A2.1 i A2.2 respectivament, del MECR-Marc Europeu Com\u00fa de Refer\u00e8ncia per a les Lleng\u00fces.<\/p>\n<p>Poden accedir a aquests estudis totes les persones que tenen m\u00e9s de 18 anys o b\u00e9 els compleixen durant l&#8217;any natural en qu\u00e8 inicien la formaci\u00f3.<\/p>\n<p><strong>La superaci\u00f3 del nivell 3<\/strong> (A2.2) permet l&#8217;acc\u00e9s a 3r de l&#8217;Escola Oficial d&#8217;Idiomes sense necessitat de fer prova d&#8217;acc\u00e9s.<\/p>\n<table class=\" alignright\" style=\"height: 73px; width: 17.7872%; border-collapse: collapse; background-color: #91e7ed;\">\n<tbody>\n<tr>\n<td style=\"width: 176.012px; text-align: center;\">\n<h5><a href=\"https:\/\/forms.gle\/6sCbf9FMNM3ztDwp7\" target=\"_blank\" rel=\"noopener\">PROVA DE NIVELL<\/a><\/h5>\n<\/td>\n<\/tr>\n<\/tbody>\n<\/table>\n<p>&nbsp;<\/p>\n<p>Espai web de recursos audiovisuals: <a href=\"https:\/\/sites.google.com\/xtec.cat\/english-reading-books\/p%C3%A0gina-principal\">llibres de lectura des de nivell A1 fins B2.\u00a0<\/a><\/p>\n","protected":false},"excerpt":{"rendered":"<p>Aquests estudis permeten que les persones adultes assoleixin un grau de compet\u00e8ncia comunicativa b\u00e0sica en angl\u00e8s. Els ensenyaments estan distribu\u00efts en tres\u00a0nivells (angl\u00e8s1, angl\u00e8s 2 i angl\u00e8s 3), que es corresponen amb els nivells A1, A2.1 i A2.2 respectivament, del MECR-Marc Europeu Com\u00fa de Refer\u00e8ncia per a les Lleng\u00fces. Poden accedir a aquests estudis totes [&hellip;]<\/p>\n","protected":false},"author":1,"featured_media":0,"parent":286,"menu_order":0,"comment_status":"closed","ping_status":"closed","template":"","meta":{"site-sidebar-layout":"default","site-content-layout":"","ast-site-content-layout":"default","site-content-style":"default","site-sidebar-style":"default","ast-global-header-display":"","ast-banner-title-visibility":"","ast-main-header-display":"","ast-hfb-above-header-display":"","ast-hfb-below-header-display":"","ast-hfb-mobile-header-display":"","site-post-title":"","ast-breadcrumbs-content":"","ast-featured-img":"","footer-sml-layout":"","theme-transparent-header-meta":"default","adv-header-id-meta":"","stick-header-meta":"","header-above-stick-meta":"","header-main-stick-meta":"","header-below-stick-meta":"","astra-migrate-meta-layouts":"set","ast-page-background-enabled":"default","ast-page-background-meta":{"desktop":{"background-color":"var(--ast-global-color-4)","background-image":"","background-repeat":"repeat","background-position":"center center","background-size":"auto","background-attachment":"scroll","background-type":"","background-media":"","overlay-type":"","overlay-color":"","overlay-opacity":"","overlay-gradient":""},"tablet":{"background-color":"","background-image":"","background-repeat":"repeat","background-position":"center center","background-size":"auto","background-attachment":"scroll","background-type":"","background-media":"","overlay-type":"","overlay-color":"","overlay-opacity":"","overlay-gradient":""},"mobile":{"background-color":"","background-image":"","background-repeat":"repeat","background-position":"center center","background-size":"auto","background-attachment":"scroll","background-type":"","background-media":"","overlay-type":"","overlay-color":"","overlay-opacity":"","overlay-gradient":""}},"ast-content-background-meta":{"desktop":{"background-color":"var(--ast-global-color-5)","background-image":"","background-repeat":"repeat","background-position":"center center","background-size":"auto","background-attachment":"scroll","background-type":"","background-media":"","overlay-type":"","overlay-color":"","overlay-opacity":"","overlay-gradient":""},"tablet":{"background-color":"var(--ast-global-color-5)","background-image":"","background-repeat":"repeat","background-position":"center center","background-size":"auto","background-attachment":"scroll","background-type":"","background-media":"","overlay-type":"","overlay-color":"","overlay-opacity":"","overlay-gradient":""},"mobile":{"background-color":"var(--ast-global-color-5)","background-image":"","background-repeat":"repeat","background-position":"center center","background-size":"auto","background-attachment":"scroll","background-type":"","background-media":"","overlay-type":"","overlay-color":"","overlay-opacity":"","overlay-gradient":""}},"footnotes":""},"class_list":["post-312","page","type-page","status-publish","hentry"],"post_mailing_queue_ids":[],"_links":{"self":[{"href":"https:\/\/agora.xtec.cat\/cfa-tremp\/wp-json\/wp\/v2\/pages\/312","targetHints":{"allow":["GET"]}}],"collection":[{"href":"https:\/\/agora.xtec.cat\/cfa-tremp\/wp-json\/wp\/v2\/pages"}],"about":[{"href":"https:\/\/agora.xtec.cat\/cfa-tremp\/wp-json\/wp\/v2\/types\/page"}],"author":[{"embeddable":true,"href":"https:\/\/agora.xtec.cat\/cfa-tremp\/wp-json\/wp\/v2\/users\/1"}],"replies":[{"embeddable":true,"href":"https:\/\/agora.xtec.cat\/cfa-tremp\/wp-json\/wp\/v2\/comments?post=312"}],"version-history":[{"count":8,"href":"https:\/\/agora.xtec.cat\/cfa-tremp\/wp-json\/wp\/v2\/pages\/312\/revisions"}],"predecessor-version":[{"id":2140,"href":"https:\/\/agora.xtec.cat\/cfa-tremp\/wp-json\/wp\/v2\/pages\/312\/revisions\/2140"}],"up":[{"embeddable":true,"href":"https:\/\/agora.xtec.cat\/cfa-tremp\/wp-json\/wp\/v2\/pages\/286"}],"wp:attachment":[{"href":"https:\/\/agora.xtec.cat\/cfa-tremp\/wp-json\/wp\/v2\/media?parent=312"}],"curies":[{"name":"wp","href":"https:\/\/api.w.org\/{rel}","templated":true}]}}