{"id":27,"date":"2014-09-17T16:24:03","date_gmt":"2014-09-17T16:24:03","guid":{"rendered":"http:\/\/agora.xtec.cat\/cfa-tremp\/?page_id=27"},"modified":"2020-06-16T12:14:40","modified_gmt":"2020-06-16T10:14:40","slug":"historia","status":"publish","type":"page","link":"https:\/\/agora.xtec.cat\/cfa-tremp\/historia\/","title":{"rendered":"Hist\u00f2ria i tipologia de centre"},"content":{"rendered":"<p dir=\"ltr\">El CFA \u00e9s de titularitat del Departament d\u2019Ensenyament per\u00f2 l\u2019edifici \u00e9s de propietat de l\u2019Ajuntament de Tremp. Est\u00e0 ubicat en un dels equipaments municipals i comparteix edifici amb altres entitats p\u00fabliques de la poblaci\u00f3. L\u2019escola est\u00e0 ubicada al segon pis de l\u2019edifici El Cub i est\u00e0 formada per tres aules, un despatx, un lavabo d\u2019home i de dones i una sala gran d\u2019entrada.<\/p>\n<p dir=\"ltr\">Va ser inaugurat l\u2019any 2009 i des de llavors ha anat creixent en nombre de matr\u00edcules I d\u2019oferta educativa.<\/p>\n<p>\u00c9s un centre de formaci\u00f3 d\u2019adults petit que t\u00e9 3 places per a professorat. Segons els ensenyaments que s\u2019ofereixen les places docents que es necessiten s\u00f3n:<\/p>\n<ul>\n<li>1 mestra prim\u00e0ria. PRI<\/li>\n<li>1 mestra prim\u00e0ria angl\u00e8s. PAN<\/li>\n<li>1 professora secund\u00e0ria de matem\u00e0tiques o ci\u00e8ncies. SMC<\/li>\n<\/ul>\n","protected":false},"excerpt":{"rendered":"<p>El CFA \u00e9s de titularitat del Departament d\u2019Ensenyament per\u00f2 l\u2019edifici \u00e9s de propietat de l\u2019Ajuntament de Tremp. Est\u00e0 ubicat en un dels equipaments municipals i comparteix edifici amb altres entitats p\u00fabliques de la poblaci\u00f3. L\u2019escola est\u00e0 ubicada al segon pis de l\u2019edifici El Cub i est\u00e0 formada per tres aules, un despatx, un lavabo d\u2019home [&hellip;]<\/p>\n","protected":false},"author":1,"featured_media":0,"parent":0,"menu_order":20,"comment_status":"closed","ping_status":"closed","template":"page-templates\/side-menu.php","meta":{"site-sidebar-layout":"default","site-content-layout":"","ast-site-content-layout":"","site-content-style":"default","site-sidebar-style":"default","ast-global-header-display":"","ast-banner-title-visibility":"","ast-main-header-display":"","ast-hfb-above-header-display":"","ast-hfb-below-header-display":"","ast-hfb-mobile-header-display":"","site-post-title":"","ast-breadcrumbs-content":"","ast-featured-img":"","footer-sml-layout":"","theme-transparent-header-meta":"","adv-header-id-meta":"","stick-header-meta":"","header-above-stick-meta":"","header-main-stick-meta":"","header-below-stick-meta":"","astra-migrate-meta-layouts":"default","ast-page-background-enabled":"default","ast-page-background-meta":{"desktop":{"background-color":"var(--ast-global-color-4)","background-image":"","background-repeat":"repeat","background-position":"center center","background-size":"auto","background-attachment":"scroll","background-type":"","background-media":"","overlay-type":"","overlay-color":"","overlay-opacity":"","overlay-gradient":""},"tablet":{"background-color":"","background-image":"","background-repeat":"repeat","background-position":"center center","background-size":"auto","background-attachment":"scroll","background-type":"","background-media":"","overlay-type":"","overlay-color":"","overlay-opacity":"","overlay-gradient":""},"mobile":{"background-color":"","background-image":"","background-repeat":"repeat","background-position":"center center","background-size":"auto","background-attachment":"scroll","background-type":"","background-media":"","overlay-type":"","overlay-color":"","overlay-opacity":"","overlay-gradient":""}},"ast-content-background-meta":{"desktop":{"background-color":"var(--ast-global-color-5)","background-image":"","background-repeat":"repeat","background-position":"center center","background-size":"auto","background-attachment":"scroll","background-type":"","background-media":"","overlay-type":"","overlay-color":"","overlay-opacity":"","overlay-gradient":""},"tablet":{"background-color":"var(--ast-global-color-5)","background-image":"","background-repeat":"repeat","background-position":"center center","background-size":"auto","background-attachment":"scroll","background-type":"","background-media":"","overlay-type":"","overlay-color":"","overlay-opacity":"","overlay-gradient":""},"mobile":{"background-color":"var(--ast-global-color-5)","background-image":"","background-repeat":"repeat","background-position":"center center","background-size":"auto","background-attachment":"scroll","background-type":"","background-media":"","overlay-type":"","overlay-color":"","overlay-opacity":"","overlay-gradient":""}},"footnotes":""},"class_list":["post-27","page","type-page","status-publish","hentry"],"post_mailing_queue_ids":[],"_links":{"self":[{"href":"https:\/\/agora.xtec.cat\/cfa-tremp\/wp-json\/wp\/v2\/pages\/27","targetHints":{"allow":["GET"]}}],"collection":[{"href":"https:\/\/agora.xtec.cat\/cfa-tremp\/wp-json\/wp\/v2\/pages"}],"about":[{"href":"https:\/\/agora.xtec.cat\/cfa-tremp\/wp-json\/wp\/v2\/types\/page"}],"author":[{"embeddable":true,"href":"https:\/\/agora.xtec.cat\/cfa-tremp\/wp-json\/wp\/v2\/users\/1"}],"replies":[{"embeddable":true,"href":"https:\/\/agora.xtec.cat\/cfa-tremp\/wp-json\/wp\/v2\/comments?post=27"}],"version-history":[{"count":3,"href":"https:\/\/agora.xtec.cat\/cfa-tremp\/wp-json\/wp\/v2\/pages\/27\/revisions"}],"predecessor-version":[{"id":1085,"href":"https:\/\/agora.xtec.cat\/cfa-tremp\/wp-json\/wp\/v2\/pages\/27\/revisions\/1085"}],"wp:attachment":[{"href":"https:\/\/agora.xtec.cat\/cfa-tremp\/wp-json\/wp\/v2\/media?parent=27"}],"curies":[{"name":"wp","href":"https:\/\/api.w.org\/{rel}","templated":true}]}}